{"id":5611,"date":"2018-06-20T14:30:20","date_gmt":"2018-06-20T12:30:20","guid":{"rendered":"https:\/\/www.dfh-ufa.org\/fr\/christophe-beck"},"modified":"2022-07-05T09:48:02","modified_gmt":"2022-07-05T07:48:02","slug":"christophe-beck","status":"publish","type":"page","link":"https:\/\/www.dfh-ufa.org\/fr\/vous-etes\/entreprises\/prix-dexcellence\/laureats-depuis-2005\/christophe-beck","title":{"rendered":"PEX 2010 : Christophe Beck"},"content":{"rendered":"<div class=\"row content-row-main\">\n<section class=\"col-md-9\">\n<div class=\"main-content\">\n<div id=\"c19770\" class=\"csc-default\">\n<div class=\"csc-textpic csc-textpic-intext-right-nowrap\">\n<div class=\"row\">\n<div class=\"col-sm-9 col-sm-pull-3\">\n<div class=\"csc-textpicHeader csc-textpicHeader-25\">\n<div class=\"csc-header csc-header-n1\">\n<p class=\"csc-firstHeader\"><strong>Le franco-allemand, comme une \u00e9vidence<\/strong><\/p>\n<\/div>\n<\/div>\n<p>&nbsp;<\/p>\n<p>Poss\u00e9dant la double-nationalit\u00e9, Christophe Beck s\u2019est naturellement engag\u00e9 dans un cursus binational entre Metz et Sarrebruck. Son excellent m\u00e9moire de fin d\u2019\u00e9tudes lui a valu non seulement le prix d\u2019excellence de l\u2019Universit\u00e9 franco-allemande mais \u00e9galement un contrat de charg\u00e9 de projets\u00a0 au Luxembourg.<\/p>\n<p>&nbsp;<\/p>\n<p>N\u00e9 \u00e0 Sarrebruck d\u2019une m\u00e8re allemande et d\u2019un p\u00e8re fran\u00e7ais, Christophe Beck est rest\u00e9 fid\u00e8le au m\u00e9lange des cultures inh\u00e9rent \u00e0 cette r\u00e9gion frontali\u00e8re. Apr\u00e8s avoir fr\u00e9quent\u00e9 des \u00e9coles dans les deux pays, Christophe a voulu \u00ab\u00a0<i>continuer sur cet avantage<\/i>\u00a0\u00bb et s\u2019est donc engag\u00e9 pour un cursus franco-allemand entre l\u2019universit\u00e9 de Metz et la <i>Hochschule f\u00fcr Technik und Wirtschaft des Saarlandes<\/i> \u00e0 Sarrebruck. \u00ab <i>C\u2019est vrai que les cours en France sont plus th\u00e9oriques alors qu\u2019ils sont plus orient\u00e9s sur la pratique en Allemagne<\/i>, explique-t-il, <i>mais je me sens tr\u00e8s bien dans les deux syst\u00e8mes.<\/i>\u00a0\u00bb<\/p>\n<p>&nbsp;<\/p>\n<p>Christophe continue sur sa lanc\u00e9e en effectuant un double Master intitul\u00e9 Master of Engineering and Management. \u00ab\u00a0<i>Apr\u00e8s avoir suivi un cursus de m\u00e9canique pur, je voulais profiter du Master pour ouvrir un peu mes possibilit\u00e9s et d\u00e9couvrir \u00e9galement le management.<\/i>\u00a0\u00bb C\u2019est pendant ce master franco-allemand qu\u2019il effectuera son projet de fin d\u2019\u00e9tudes au Luxembourg au sein de l\u2019entreprise canadienne Husky Injection Molding Systems. Il y r\u00e9dige son m\u00e9moire sur l\u2019injection plastique de pr\u00e9formes, une premi\u00e8re \u00e9tape dans la fabrication des bouteilles en plastiques, un travail qui ne lui vaudra rien de moins que la note de 20 sur 20.<\/p>\n<p>&nbsp;<\/p>\n<p>Mais avant de se lancer dans le grand bain, Christophe pr\u00e9f\u00e8re approfondir ses connaissances de la culture nord-am\u00e9ricaine. Il se rend alors pour quelques mois aux Etats-Unis, pour un stage pr\u00e8s de Chicago. \u00ab\u00a0<i>Cette exp\u00e9rience \u00e9tait pour moi quelque chose de compl\u00e9mentaire et utile car nous travaillons \u00e9galement en anglais au sein de l\u2019entreprise<\/i>\u00a0\u00bb, raconte-il. La soci\u00e9t\u00e9 Husky le rappelle alors pour lui proposer un C.D.I. et Christophe devient donc en octobre chef de projets, en charge d\u2019analyser des technologies d\u2019emballages plastiques.<\/p>\n<p>&nbsp;<\/p>\n<p>Son excellent parcours est donc r\u00e9compens\u00e9 par l\u2019Universit\u00e9 franco-allemande par le prix d\u2019excellence dont la F\u00e9d\u00e9ration g\u00e9n\u00e9rale de l\u2019industrie allemande du b\u00e2timent est partenaire. \u00ab\u00a0<i>A l\u2019heure actuelle, il est n\u00e9cessaire d\u2019agir \u00e0 l\u2019\u00e9chelle europ\u00e9enne<\/i>, explique Iris Grundmann, repr\u00e9sentante de cette f\u00e9d\u00e9ration. <i>Notre f\u00e9d\u00e9ration soutient donc les \u00e9tudiants des m\u00e9tiers de l\u2019ing\u00e9nierie qui se distinguent particuli\u00e8rement et ont fait preuve de comp\u00e9tences interculturelles.<\/i>\u00bb<\/p>\n<p>&nbsp;<\/p>\n<p>&nbsp;<\/p>\n<p><a href=\"https:\/\/www.dfh-ufa.org\/fr\/actualites\/communiques-de-presse\/afficher-les-communiques-de-presse\/news\/les-laureats-du-prix-dexcellence-2010\/\" target=\"_blank\" rel=\"noopener noreferrer\">\u00bb Lire le communiqu\u00e9 de presse<\/a><\/p>\n<p><a href=\"http:\/\/www.facebook.com\/album.php?aid=253250&amp;id=207332462512&amp;fbid=477416547512&amp;ref=mf\" target=\"_blank\" rel=\"noopener noreferrer\">\u00bb Voir les photos<\/a><\/p>\n<p><a href=\"https:\/\/www.dfh-ufa.org\/uploads\/media\/ufa_2010-12-06_dossier_de_presse_prix_d__excellence_2010_01.pdf\">\u00bb Consulter le dossier de presse<\/a><\/p>\n<\/div>\n<\/div>\n<\/div>\n<\/div>\n<\/div>\n<\/section>\n<\/div>\n","protected":false},"excerpt":{"rendered":"<p>Le franco-allemand, comme une \u00e9vidence &nbsp; Poss\u00e9dant la double-nationalit\u00e9, Christophe Beck s\u2019est naturellement engag\u00e9 dans un cursus binational entre Metz et Sarrebruck. Son excellent m\u00e9moire de fin d\u2019\u00e9tudes lui a valu non seulement le prix d\u2019excellence de l\u2019Universit\u00e9 franco-allemande mais \u00e9galement un contrat de charg\u00e9 de projets\u00a0 au Luxembourg. &nbsp; N\u00e9 \u00e0 Sarrebruck d\u2019une m\u00e8re [&hellip;]<\/p>\n","protected":false},"author":6,"featured_media":0,"parent":87037,"menu_order":0,"comment_status":"closed","ping_status":"closed","template":"","meta":{"_bbp_topic_count":0,"_bbp_reply_count":0,"_bbp_total_topic_count":0,"_bbp_total_reply_count":0,"_bbp_voice_count":0,"_bbp_anonymous_reply_count":0,"_bbp_topic_count_hidden":0,"_bbp_reply_count_hidden":0,"_bbp_forum_subforum_count":0,"inline_featured_image":false},"acf":[],"_links":{"self":[{"href":"https:\/\/www.dfh-ufa.org\/fr\/wp-json\/wp\/v2\/pages\/5611"}],"collection":[{"href":"https:\/\/www.dfh-ufa.org\/fr\/wp-json\/wp\/v2\/pages"}],"about":[{"href":"https:\/\/www.dfh-ufa.org\/fr\/wp-json\/wp\/v2\/types\/page"}],"author":[{"embeddable":true,"href":"https:\/\/www.dfh-ufa.org\/fr\/wp-json\/wp\/v2\/users\/6"}],"replies":[{"embeddable":true,"href":"https:\/\/www.dfh-ufa.org\/fr\/wp-json\/wp\/v2\/comments?post=5611"}],"version-history":[{"count":4,"href":"https:\/\/www.dfh-ufa.org\/fr\/wp-json\/wp\/v2\/pages\/5611\/revisions"}],"predecessor-version":[{"id":1273024,"href":"https:\/\/www.dfh-ufa.org\/fr\/wp-json\/wp\/v2\/pages\/5611\/revisions\/1273024"}],"up":[{"embeddable":true,"href":"https:\/\/www.dfh-ufa.org\/fr\/wp-json\/wp\/v2\/pages\/87037"}],"wp:attachment":[{"href":"https:\/\/www.dfh-ufa.org\/fr\/wp-json\/wp\/v2\/media?parent=5611"}],"curies":[{"name":"wp","href":"https:\/\/api.w.org\/{rel}","templated":true}]}}