{"id":5612,"date":"2018-06-20T14:14:51","date_gmt":"2018-06-20T12:14:51","guid":{"rendered":"https:\/\/www.dfh-ufa.org\/fr\/melanie-clerc"},"modified":"2022-07-05T09:51:51","modified_gmt":"2022-07-05T07:51:51","slug":"melanie-clerc","status":"publish","type":"page","link":"https:\/\/www.dfh-ufa.org\/fr\/vous-etes\/entreprises\/prix-dexcellence\/laureats-depuis-2005\/melanie-clerc","title":{"rendered":"PEX 2010 : M\u00e9lanie Clerc"},"content":{"rendered":"<div class=\"col-sm-9 col-sm-pull-3\">\n<div class=\"csc-textpicHeader csc-textpicHeader-25\">\n<div class=\"csc-header csc-header-n1\">\n<h2 class=\"csc-firstHeader\">Sur la voie franco-allemande<\/h2>\n<\/div>\n<\/div>\n<p>&nbsp;<\/p>\n<p>Laur\u00e9ate du Prix d\u2019excellence 2010, M\u00e9lanie Clerc a d\u00e9j\u00e0 un contrat en poche chez Bombardier, l\u2019entreprise pour laquelle elle voulait absolument travailler. L\u2019exp\u00e9rience acquise lors de son double dipl\u00f4me lui permet de mieux appr\u00e9hender les discussions franco-allemandes dans sa fonction actuelle.<\/p>\n<p>&nbsp;<\/p>\n<p>\u00ab <i>Je voulais absolument travailler dans les transports en commun, dans le ferroviaire. Cela me motive d\u2019aider les gens \u00e0 pouvoir se d\u00e9placer<\/i>. \u00bb Gr\u00e2ce aux diff\u00e9rentes exp\u00e9riences professionnelles effectu\u00e9es lors de son cursus franco-allemand, M\u00e9lanie Clerc, \u00e2g\u00e9e de 23 ans, sait exactement ce qu\u2019elle veut. L\u2019id\u00e9e d\u2019effectuer un double dipl\u00f4me lui est venue apr\u00e8s sa classe pr\u00e9paratoire int\u00e9gr\u00e9e \u00e0 l\u2019\u00e9cole d\u2019ing\u00e9nieurs de l\u2019INSA \u00e0 Lyon. Elle choisit alors le d\u00e9partement de G\u00e9nie M\u00e9canique, notamment en vue d\u2019effectuer une partie de ses \u00e9tudes dans l\u2019universit\u00e9 partenaire, \u00e0 Karlsruhe. \u00ab <i>Il s\u2019agit surtout d\u2019un choix professionnel mais cela m\u2019a beaucoup aid\u00e9 dans la d\u00e9cision d\u2019avoir d\u00e9j\u00e0 des contacts en Allemagne<\/i>. \u00bb En effet, M\u00e9lanie a d\u00e9j\u00e0 effectu\u00e9 une section europ\u00e9enne en coll\u00e8ge et en lyc\u00e9e.<\/p>\n<p>&nbsp;<\/p>\n<p>Suivent donc trois semestres \u00e0 Lyon et trois semestres \u00e0 Karlsruhe conclus par un autre stage de six mois \u00e0 Mannheim chez le constructeur de trains et d\u2019avions Bombardier. C\u2019est l\u00e0-bas qu\u2019elle a effectu\u00e9 son projet de fin d\u2019\u00e9tudes sur le \u00ab d\u00e9veloppement d\u2019un syst\u00e8me de gestion des connaissances int\u00e9gr\u00e9 \u00bb. Un m\u00e9moire de fin d\u2019\u00e9tudes qui lui vaudra la note parfaite de \u00ab\u00a01,0\u00a0\u00bb.<\/p>\n<p>&nbsp;<\/p>\n<p>Un travail\u00a0 qui ne passe pas inaper\u00e7u puisque, \u00e0 peine le temps de prendre quelques vacances, et M\u00e9lanie est d\u00e9j\u00e0 embauch\u00e9e pour un <i>Trainee-Programm<\/i> qui se d\u00e9roule dans un premier temps sur le site de Hennigsdorf. Pr\u00e8s de Berlin, une ville qu\u2019elle trouve \u00ab <i>incroyable et qui offre de tr\u00e8s nombreuses possibilit\u00e9s culturelles<\/i> \u00bb, elle s\u2019occupe d\u00e9sormais de commandes de nouveaux trains TER pour plusieurs r\u00e9gions fran\u00e7aises. Son exp\u00e9rience interculturelle lui est donc \u00e9videmment tr\u00e8s utile entre \u00ab <i>des clients fran\u00e7ais, la construction qui se passe en Allemagne, mais aussi en Chine et \u00e9galement des ing\u00e9nieurs su\u00e9dois.<\/i> \u00bb Toujours aussi motiv\u00e9e, M\u00e9lanie a l\u2019intention de revenir sur le site berlinois une fois son programme de formation termin\u00e9.<\/p>\n<p>&nbsp;<\/p>\n<p>Ce prix d\u2019excellence est parrain\u00e9 par le Groupe EDF. \u00ab Le prix d\u2019excellence permet \u00e0 EDF d\u2019honorer le travail d\u2019un \u00e9tudiant prometteur que nous souhaitons encourager \u00bb explique ainsi Barbara Fischer, adjointe au Directeur Allemagne du groupe EDF. \u00ab Les activit\u00e9s de l\u2019Universit\u00e9 franco-allemande s\u2019alignent avec nos engagements au d\u00e9veloppement de nouveaux talents. \u00bb<\/p>\n<p>&nbsp;<\/p>\n<p>&nbsp;<\/p>\n<p><a href=\"https:\/\/www.dfh-ufa.org\/fr\/actualites\/communiques-de-presse\/afficher-les-communiques-de-presse\/news\/les-laureats-du-prix-dexcellence-2010\/\" target=\"_blank\" rel=\"noopener noreferrer\">\u00bb Lire le communiqu\u00e9 de presse<\/a><\/p>\n<p><a href=\"http:\/\/www.facebook.com\/album.php?aid=253250&amp;id=207332462512&amp;fbid=477416547512&amp;ref=mf\" target=\"_blank\" rel=\"noopener noreferrer\">\u00bb Voir les photos<\/a><\/p>\n<\/div>\n","protected":false},"excerpt":{"rendered":"<p>Sur la voie franco-allemande &nbsp; Laur\u00e9ate du Prix d\u2019excellence 2010, M\u00e9lanie Clerc a d\u00e9j\u00e0 un contrat en poche chez Bombardier, l\u2019entreprise pour laquelle elle voulait absolument travailler. L\u2019exp\u00e9rience acquise lors de son double dipl\u00f4me lui permet de mieux appr\u00e9hender les discussions franco-allemandes dans sa fonction actuelle. &nbsp; \u00ab Je voulais absolument travailler dans les transports [&hellip;]<\/p>\n","protected":false},"author":6,"featured_media":0,"parent":87037,"menu_order":0,"comment_status":"closed","ping_status":"closed","template":"","meta":{"_bbp_topic_count":0,"_bbp_reply_count":0,"_bbp_total_topic_count":0,"_bbp_total_reply_count":0,"_bbp_voice_count":0,"_bbp_anonymous_reply_count":0,"_bbp_topic_count_hidden":0,"_bbp_reply_count_hidden":0,"_bbp_forum_subforum_count":0,"inline_featured_image":false},"acf":[],"_links":{"self":[{"href":"https:\/\/www.dfh-ufa.org\/fr\/wp-json\/wp\/v2\/pages\/5612"}],"collection":[{"href":"https:\/\/www.dfh-ufa.org\/fr\/wp-json\/wp\/v2\/pages"}],"about":[{"href":"https:\/\/www.dfh-ufa.org\/fr\/wp-json\/wp\/v2\/types\/page"}],"author":[{"embeddable":true,"href":"https:\/\/www.dfh-ufa.org\/fr\/wp-json\/wp\/v2\/users\/6"}],"replies":[{"embeddable":true,"href":"https:\/\/www.dfh-ufa.org\/fr\/wp-json\/wp\/v2\/comments?post=5612"}],"version-history":[{"count":3,"href":"https:\/\/www.dfh-ufa.org\/fr\/wp-json\/wp\/v2\/pages\/5612\/revisions"}],"predecessor-version":[{"id":1273028,"href":"https:\/\/www.dfh-ufa.org\/fr\/wp-json\/wp\/v2\/pages\/5612\/revisions\/1273028"}],"up":[{"embeddable":true,"href":"https:\/\/www.dfh-ufa.org\/fr\/wp-json\/wp\/v2\/pages\/87037"}],"wp:attachment":[{"href":"https:\/\/www.dfh-ufa.org\/fr\/wp-json\/wp\/v2\/media?parent=5612"}],"curies":[{"name":"wp","href":"https:\/\/api.w.org\/{rel}","templated":true}]}}