{"id":5619,"date":"2018-06-20T14:17:07","date_gmt":"2018-06-20T12:17:07","guid":{"rendered":"https:\/\/www.dfh-ufa.org\/fr\/martin-rahn"},"modified":"2022-07-05T09:51:14","modified_gmt":"2022-07-05T07:51:14","slug":"martin-rahn","status":"publish","type":"page","link":"https:\/\/www.dfh-ufa.org\/fr\/vous-etes\/entreprises\/prix-dexcellence\/laureats-depuis-2005\/martin-rahn","title":{"rendered":"PEX 2010 : Martin Rahn"},"content":{"rendered":"<div class=\"row content-row-main\">\n<section class=\"col-md-9\">\n<div class=\"main-content\">\n<div id=\"c19829\" class=\"csc-default\">\n<div class=\"csc-textpic csc-textpic-intext-right-nowrap\">\n<div class=\"row\">\n<div class=\"col-sm-9 col-sm-pull-3\">\n<div class=\"csc-textpicHeader csc-textpicHeader-25\">\n<div class=\"csc-header csc-header-n1\">\n<h2 class=\"csc-firstHeader\">Bel et balle \u00e0 Paris<\/h2>\n<\/div>\n<\/div>\n<p>&nbsp;<\/p>\n<p>\u00ab\u00a0<i>Je voulais suivre des \u00e9tudes permettant une r\u00e9elle exp\u00e9rience \u00e0 l\u2019\u00e9tranger<\/i>\u00a0\u00bb, raconte Martin Rahn \u00e0 propos de sa recherche de cursus en gestion d\u2019entreprise. Il trouve son bonheur \u00e0 Br\u00eame o\u00f9 le cursus franco-allemand l\u2019embarque de Br\u00eame \u00e0 Berlin, o\u00f9 il fait un stage \u00e0 la Deutsche Bahn, puis vers Marseille pour presque deux ans d\u2019\u00e9tudes, et enfin \u00e0 Paris pour un second stage, dans la maison m\u00e8re des \u00ab\u00a0Fromageries Bel\u00a0\u00bb.<\/p>\n<p>&nbsp;<\/p>\n<p>Voulant axer sur la pratique son travail de fin de bachelor, il combine un encadrement fran\u00e7ais \u00e0 une entreprise allemande pour un m\u00e9moire sur l\u2019\u00ab\u00a0optimisation des flux de clics sur sites Internet par variation de l\u2019ergonomie ou du design, \u00e0 l\u2019exemple du site Internet de la Deutsche Bahn\u00a0\u00bb. Il a par exemple mis en avant le r\u00f4le majeur des images ainsi que l\u2019influence particuli\u00e8re du nombre de possibilit\u00e9s propos\u00e9es. Son travail est r\u00e9compens\u00e9 par le prix d\u2019excellence conjoint de l\u2019UFA et du Club des Affaires Saar-Lorraine. \u00ab\u00a0<i>Le curriculum vitae et les \u00e9tudes de Martin Rahn m\u2019ont beaucoup impressionn\u00e9. C\u2019est un \u00e9tudiant extr\u00eamement brillant \u2013 je n\u2019ai pas h\u00e9sit\u00e9 lors de la s\u00e9lection<\/i>\u00a0\u00bb, indique Jacques Renard, vice-pr\u00e9sident du Club \u00e9conomique franco-allemand, soulignant l\u2019interculturalit\u00e9, l\u2019engagement et la qualit\u00e9 du m\u00e9moire de l\u2019\u00e9tudiant.<\/p>\n<p>&nbsp;<\/p>\n<p>Les apports majeurs de ses \u00e9tudes? \u00ab\u00a0<i>L\u2018ouverture d\u2019esprit<\/i>, r\u00e9pond le laur\u00e9at, <i>la curiosit\u00e9 envers d\u2019autres cultures, la capacit\u00e9 d\u2019adaptation et l\u2019autonomie<\/i>\u00a0\u00bb Il dit \u00e9galement avoir d\u00e9couvert deux syst\u00e8mes d\u2019enseignement sup\u00e9rieur tr\u00e8s diff\u00e9rents. Tandis que les \u00e9tudes allemandes \u00e9taient plut\u00f4t th\u00e9oriques, il fallait en France pr\u00e9parer des travaux de groupe, r\u00e9diger des dissertations, pr\u00e9senter des expos\u00e9s. \u00ab\u00a0<i>Mais c\u2019\u00e9tait une p\u00e9riode passionnante que j\u2019ai beaucoup appr\u00e9ci\u00e9e<\/i>.\u00a0\u00bb Rencontrer des gens int\u00e9ressants venus du monde entier et vivre de nombreuses exp\u00e9riences humainement tr\u00e8s positives ont \u00e9t\u00e9, selon lui, des sources d\u2019enrichissement. \u00c0 c\u00f4t\u00e9 de cela, Martin Rahn a particip\u00e9 \u00e0 l\u2019organisation de diff\u00e9rents projets \u00e9tudiants et pratiqu\u00e9 le water-polo, et ce en Allemagne jusqu\u2019en 2<sup>\u00e8me<\/sup> division nationale.<\/p>\n<p>&nbsp;<\/p>\n<p>\u00c0 pr\u00e9sent, il pr\u00e9pare un master professionnel Ressources humaines en alternance \u00e0 Paris. Les \u00ab\u00a0Fromageries Bel\u00a0\u00bb lui propos\u00e8rent pour cela un poste ad\u00e9quat \u00e0 l\u2019issue de son stage. \u00ab\u00a0<i>Je me plais beaucoup ici<\/i>\u00a0\u00bb, explique l\u2019\u00e9tudiant parisien, \u00ab\u00a0<i>Je fais m\u00eame partie de l\u2019\u00e9quipe parisienne de water-polo.<\/i>\u00a0\u00bb<\/p>\n<p>&nbsp;<\/p>\n<p>&nbsp;<\/p>\n<p><a href=\"https:\/\/www.dfh-ufa.org\/fr\/actualites\/communiques-de-presse\/afficher-les-communiques-de-presse\/news\/les-laureats-du-prix-dexcellence-2010\/\" target=\"_blank\" rel=\"noopener noreferrer\">\u00bb Lire le communiqu\u00e9 de presse<\/a><\/p>\n<p><a href=\"http:\/\/www.facebook.com\/album.php?aid=253250&amp;id=207332462512&amp;fbid=477416547512&amp;ref=mf\" target=\"_blank\" rel=\"noopener noreferrer\">\u00bb Voir les photos<\/a><\/p>\n<p><a href=\"https:\/\/www.dfh-ufa.org\/uploads\/media\/ufa_2010-12-06_dossier_de_presse_prix_d__excellence_2010_01.pdf\">\u00bb Consulter le dossier de presse<\/a><\/p>\n<\/div>\n<\/div>\n<\/div>\n<\/div>\n<\/div>\n<\/section>\n<\/div>\n","protected":false},"excerpt":{"rendered":"<p>Bel et balle \u00e0 Paris &nbsp; \u00ab\u00a0Je voulais suivre des \u00e9tudes permettant une r\u00e9elle exp\u00e9rience \u00e0 l\u2019\u00e9tranger\u00a0\u00bb, raconte Martin Rahn \u00e0 propos de sa recherche de cursus en gestion d\u2019entreprise. Il trouve son bonheur \u00e0 Br\u00eame o\u00f9 le cursus franco-allemand l\u2019embarque de Br\u00eame \u00e0 Berlin, o\u00f9 il fait un stage \u00e0 la Deutsche Bahn, puis [&hellip;]<\/p>\n","protected":false},"author":6,"featured_media":0,"parent":87037,"menu_order":0,"comment_status":"closed","ping_status":"closed","template":"","meta":{"_bbp_topic_count":0,"_bbp_reply_count":0,"_bbp_total_topic_count":0,"_bbp_total_reply_count":0,"_bbp_voice_count":0,"_bbp_anonymous_reply_count":0,"_bbp_topic_count_hidden":0,"_bbp_reply_count_hidden":0,"_bbp_forum_subforum_count":0,"inline_featured_image":false},"acf":[],"_links":{"self":[{"href":"https:\/\/www.dfh-ufa.org\/fr\/wp-json\/wp\/v2\/pages\/5619"}],"collection":[{"href":"https:\/\/www.dfh-ufa.org\/fr\/wp-json\/wp\/v2\/pages"}],"about":[{"href":"https:\/\/www.dfh-ufa.org\/fr\/wp-json\/wp\/v2\/types\/page"}],"author":[{"embeddable":true,"href":"https:\/\/www.dfh-ufa.org\/fr\/wp-json\/wp\/v2\/users\/6"}],"replies":[{"embeddable":true,"href":"https:\/\/www.dfh-ufa.org\/fr\/wp-json\/wp\/v2\/comments?post=5619"}],"version-history":[{"count":3,"href":"https:\/\/www.dfh-ufa.org\/fr\/wp-json\/wp\/v2\/pages\/5619\/revisions"}],"predecessor-version":[{"id":1273027,"href":"https:\/\/www.dfh-ufa.org\/fr\/wp-json\/wp\/v2\/pages\/5619\/revisions\/1273027"}],"up":[{"embeddable":true,"href":"https:\/\/www.dfh-ufa.org\/fr\/wp-json\/wp\/v2\/pages\/87037"}],"wp:attachment":[{"href":"https:\/\/www.dfh-ufa.org\/fr\/wp-json\/wp\/v2\/media?parent=5619"}],"curies":[{"name":"wp","href":"https:\/\/api.w.org\/{rel}","templated":true}]}}