{"id":5623,"date":"2018-06-20T14:30:58","date_gmt":"2018-06-20T12:30:58","guid":{"rendered":"https:\/\/www.dfh-ufa.org\/fr\/dominica-goldyn"},"modified":"2022-07-05T09:45:27","modified_gmt":"2022-07-05T07:45:27","slug":"dominica-goldyn","status":"publish","type":"page","link":"https:\/\/www.dfh-ufa.org\/fr\/vous-etes\/entreprises\/prix-dexcellence\/laureats-depuis-2005\/dominica-goldyn","title":{"rendered":"PEX 2009 : Dominica Goldyn"},"content":{"rendered":"<div class=\"col-sm-9 col-sm-pull-3\">\n<div class=\"csc-textpicHeader csc-textpicHeader-25\">\n<div class=\"csc-header csc-header-n1\">\n<h2 class=\"csc-firstHeader\">Avec l\u2019UFA, plongez dans l\u2019interculturalit\u00e9 !<\/h2>\n<\/div>\n<\/div>\n<p>&nbsp;<\/p>\n<p><strong>\u00ab Il faut \u00eatre pr\u00eat \u00e0 se jeter \u00e0 l\u2019eau, c\u2019est comme \u00e7a qu\u2019on apprend \u00e0 nager ! \u00bb. C\u2019est en ces mots que Dominica Goldyn, jeune dipl\u00f4m\u00e9e en gestion d\u2019entreprises avec sp\u00e9cialisation en interculturalit\u00e9, parle aujourd\u2019hui de ses \u00e9tudes binationales.<\/strong><br \/>\nEt en mati\u00e8re de natation interculturelle, Dominica \u00e9volue dans le grand bassin. Ses \u00e9tudes entre l\u2019Universit\u00e4t Mannheim et l\u2019ESSEC Business School Paris viennent ainsi d\u2019\u00eatre r\u00e9compens\u00e9es par le prix d\u2019Excellence de l\u2019Universit\u00e9 franco-allemande, sponsoris\u00e9 \u00e0 hauteur de 1 500 euros par Saint Gobain PAM Deutschland Gmbh et Co-KG.<\/p>\n<p>Dominica travaille aujourd\u2019hui en Allemagne pour une grande entreprise cosm\u00e9tique fran\u00e7aise, aux yeux de qui son double dipl\u00f4me franco-allemand a constitu\u00e9 un atout majeur \u00e0 l\u2019embauche. Son poste fait appelle \u00e0 son exp\u00e9rience pratique des m\u00e9thodes de travail allemandes et fran\u00e7aise, \u00e0 ses comp\u00e9tences indispensables en communication interculturelle ainsi qu\u2019en gestion de projets en \u00e9quipe, en particulier parce qu\u2019il s\u2019agit pour elle de travailler quotidiennement avec des collaborateurs aux nationalit\u00e9s vari\u00e9es.<\/p>\n<p>A travers son double cursus, c&rsquo;est-\u00e0-dire son s\u00e9jour en France et son lien durable avec une langue et une culture \u00e9trang\u00e8res, elle a appris \u00e0 se mettre \u00e0 la place de l\u2019autre et \u00e0 mieux prendre en compte les pens\u00e9es et les modes de vies diff\u00e9rents. Cet acquis interculturel est pour elle la valeur ajout\u00e9e de son parcours, qu\u2019elle recommande avec enthousiasme. Ouverture d\u2019esprit et courage sont de mise, afin de surmonter les al\u00e9as de l\u2019aventure tels que les difficult\u00e9s linguistiques initiales. \u00ab Il ne faut pas se contenter de regarder droit devant, mais penser aussi \u00e0 jeter un coup d\u2019oeil \u00e0 droite et \u00e0 gauche ! \u00bb conseille Dominica \u00e0 tous ceux qui voudraient s\u2019engager sur le chemin de l\u2019interculturalit\u00e9.<\/p>\n<p>Elle est loin d\u2019avoir touch\u00e9 au bout de sa trajectoire interculturelle. Elle envisage plus tard de travailler \u00e0 l\u2019\u00e9tranger, en France comme \u00e0 l\u2019autre bout de la plan\u00e8te.<\/p>\n<\/div>\n","protected":false},"excerpt":{"rendered":"<p>Avec l\u2019UFA, plongez dans l\u2019interculturalit\u00e9 ! &nbsp; \u00ab Il faut \u00eatre pr\u00eat \u00e0 se jeter \u00e0 l\u2019eau, c\u2019est comme \u00e7a qu\u2019on apprend \u00e0 nager ! \u00bb. C\u2019est en ces mots que Dominica Goldyn, jeune dipl\u00f4m\u00e9e en gestion d\u2019entreprises avec sp\u00e9cialisation en interculturalit\u00e9, parle aujourd\u2019hui de ses \u00e9tudes binationales. Et en mati\u00e8re de natation interculturelle, Dominica [&hellip;]<\/p>\n","protected":false},"author":6,"featured_media":0,"parent":87037,"menu_order":0,"comment_status":"closed","ping_status":"closed","template":"","meta":{"_bbp_topic_count":0,"_bbp_reply_count":0,"_bbp_total_topic_count":0,"_bbp_total_reply_count":0,"_bbp_voice_count":0,"_bbp_anonymous_reply_count":0,"_bbp_topic_count_hidden":0,"_bbp_reply_count_hidden":0,"_bbp_forum_subforum_count":0,"inline_featured_image":false},"acf":[],"_links":{"self":[{"href":"https:\/\/www.dfh-ufa.org\/fr\/wp-json\/wp\/v2\/pages\/5623"}],"collection":[{"href":"https:\/\/www.dfh-ufa.org\/fr\/wp-json\/wp\/v2\/pages"}],"about":[{"href":"https:\/\/www.dfh-ufa.org\/fr\/wp-json\/wp\/v2\/types\/page"}],"author":[{"embeddable":true,"href":"https:\/\/www.dfh-ufa.org\/fr\/wp-json\/wp\/v2\/users\/6"}],"replies":[{"embeddable":true,"href":"https:\/\/www.dfh-ufa.org\/fr\/wp-json\/wp\/v2\/comments?post=5623"}],"version-history":[{"count":3,"href":"https:\/\/www.dfh-ufa.org\/fr\/wp-json\/wp\/v2\/pages\/5623\/revisions"}],"predecessor-version":[{"id":1273018,"href":"https:\/\/www.dfh-ufa.org\/fr\/wp-json\/wp\/v2\/pages\/5623\/revisions\/1273018"}],"up":[{"embeddable":true,"href":"https:\/\/www.dfh-ufa.org\/fr\/wp-json\/wp\/v2\/pages\/87037"}],"wp:attachment":[{"href":"https:\/\/www.dfh-ufa.org\/fr\/wp-json\/wp\/v2\/media?parent=5623"}],"curies":[{"name":"wp","href":"https:\/\/api.w.org\/{rel}","templated":true}]}}