{"id":5624,"date":"2018-06-20T14:31:23","date_gmt":"2018-06-20T12:31:23","guid":{"rendered":"https:\/\/www.dfh-ufa.org\/fr\/dr-florent-gougou"},"modified":"2022-07-04T13:58:17","modified_gmt":"2022-07-04T11:58:17","slug":"dr-florent-gougou","status":"publish","type":"page","link":"https:\/\/www.dfh-ufa.org\/fr\/vous-etes\/entreprises\/prix-de-la-meilleure-these\/laureats-depuis-2008\/dr-florent-gougou","title":{"rendered":"PMT 2013 : Florent Gougou"},"content":{"rendered":"<blockquote><p>\u00ab Comprendre les mutations du vote des ouvriers.<br \/>\nVote de classe, transformation des clivages et changement \u00e9lectoral en France et en Allemagne depuis 1945 \u00bb<\/p><\/blockquote>\n<p>&nbsp;<\/p>\n<p>Cette th\u00e8se de science politique porte sur les mutations du vote des ouvriers en France et en Allemagne depuis 1945 et leurs cons\u00e9quences sur le changement des rapports de force \u00e9lectoraux dans les deux pays. Inscrite dans le champ des \u00e9tudes \u00e9lectorales, utilisant des donn\u00e9es d\u2019enqu\u00eate par sondage et des r\u00e9sultats \u00e9lectoraux, elle vise \u00e0 progresser dans la compr\u00e9hension des transformations du paysage politique dans les d\u00e9mocraties occidentales en se focalisant sur les \u00e9volutions du vote du groupe social qui a longtemps constitu\u00e9 le noyau \u00e9lectoral des partis de gauche: les ouvriers. [\u2026] Le premier r\u00e9sultat important concerne la forme du changement du vote des ouvriers : en France comme en Allemagne, le recul du \u00ab vote de classe ouvrier \u00bb en faveur de la gauche est progressif et ant\u00e9rieur \u00e0 l\u2019arriv\u00e9e au pouvoir du PS et du SPD. Il d\u00e9bute \u00e0 la fin des ann\u00e9es 1950 en Allemagne et \u00e0 la fin des ann\u00e9es 1970 en France. Mais il est plus marqu\u00e9 qu\u2019en Allemagne : depuis le milieu des ann\u00e9es 1990, les ouvriers fran\u00e7ais n\u2019accordent plus aucun avantage \u00e0 la gauche. Le deuxi\u00e8me ensemble de r\u00e9sultats est li\u00e9 au moteur du changement. En France comme en Allemagne, les \u00e9volutions du vote des ouvriers passent par l\u2019arriv\u00e9e de nouvelles cohortes dans le corps \u00e9lectoral. Le troisi\u00e8me ensemble de r\u00e9sultats est li\u00e9 aux nouvelles sp\u00e9cificit\u00e9s du vote des ouvriers. Le d\u00e9salignement des ouvriers a conduit \u00e0 une forme de droitisation, mais pas seulement. En Allemagne, c\u2019est l\u2019abstention qui a \u00e9t\u00e9 favoris\u00e9e. En France, il y a aussi eu un retrait du jeu \u00e9lectoral, mais le d\u00e9salignement s\u2019est avant tout combin\u00e9 \u00e0 une dynamique de r\u00e9alignement vers l\u2019extr\u00eame droite \u00e0 partir de 1984.<\/p>\n<p><strong>Florent Gougou<\/strong>, n\u00e9 en 1982, a \u00e9tudi\u00e9 \u00e0 Sciences Po Paris, et s\u2019est sp\u00e9cialis\u00e9 au cours de son cursus dans les \u00e9tudes \u00e9lectorales et la politique compar\u00e9e. Apr\u00e8s un master recherche en sociologie politique obtenu en 2005, il s\u2019est consacr\u00e9 \u00e0 travers diff\u00e9rents articles et programmes de recherche, aux ph\u00e9nom\u00e8nes \u00e9lectoraux en France et en Allemagne. Apr\u00e8s avoir particip\u00e9 aux activit\u00e9s du coll\u00e8ge doctoral franco-allemand Codese, (Sciences Po Bordeaux et Universit\u00e9 de Stuttgart) il a achev\u00e9 en 2012 sa th\u00e8se de doctorat, en collaboration avec le coll\u00e8ge doctoral franco-allemand, pour laquelle il obtient la mention Tr\u00e8s honorable avec f\u00e9licitations. Il est actuellement Post-doctoral Research fellow \u00e0 l\u2019universit\u00e9 d\u2019Oxford, et chercheur associ\u00e9 au Centre d\u2019\u00c9tudes Europ\u00e9ennes de Sciences Po.<\/p>\n","protected":false},"excerpt":{"rendered":"<p>\u00ab Comprendre les mutations du vote des ouvriers. Vote de classe, transformation des clivages et changement \u00e9lectoral en France et en Allemagne depuis 1945 \u00bb &nbsp; Cette th\u00e8se de science politique porte sur les mutations du vote des ouvriers en France et en Allemagne depuis 1945 et leurs cons\u00e9quences sur le changement des rapports de [&hellip;]<\/p>\n","protected":false},"author":6,"featured_media":0,"parent":1036270,"menu_order":0,"comment_status":"closed","ping_status":"closed","template":"","meta":{"_bbp_topic_count":0,"_bbp_reply_count":0,"_bbp_total_topic_count":0,"_bbp_total_reply_count":0,"_bbp_voice_count":0,"_bbp_anonymous_reply_count":0,"_bbp_topic_count_hidden":0,"_bbp_reply_count_hidden":0,"_bbp_forum_subforum_count":0,"inline_featured_image":false},"acf":[],"_links":{"self":[{"href":"https:\/\/www.dfh-ufa.org\/fr\/wp-json\/wp\/v2\/pages\/5624"}],"collection":[{"href":"https:\/\/www.dfh-ufa.org\/fr\/wp-json\/wp\/v2\/pages"}],"about":[{"href":"https:\/\/www.dfh-ufa.org\/fr\/wp-json\/wp\/v2\/types\/page"}],"author":[{"embeddable":true,"href":"https:\/\/www.dfh-ufa.org\/fr\/wp-json\/wp\/v2\/users\/6"}],"replies":[{"embeddable":true,"href":"https:\/\/www.dfh-ufa.org\/fr\/wp-json\/wp\/v2\/comments?post=5624"}],"version-history":[{"count":2,"href":"https:\/\/www.dfh-ufa.org\/fr\/wp-json\/wp\/v2\/pages\/5624\/revisions"}],"predecessor-version":[{"id":1272244,"href":"https:\/\/www.dfh-ufa.org\/fr\/wp-json\/wp\/v2\/pages\/5624\/revisions\/1272244"}],"up":[{"embeddable":true,"href":"https:\/\/www.dfh-ufa.org\/fr\/wp-json\/wp\/v2\/pages\/1036270"}],"wp:attachment":[{"href":"https:\/\/www.dfh-ufa.org\/fr\/wp-json\/wp\/v2\/media?parent=5624"}],"curies":[{"name":"wp","href":"https:\/\/api.w.org\/{rel}","templated":true}]}}