{"id":5625,"date":"2018-06-20T14:29:35","date_gmt":"2018-06-20T12:29:35","guid":{"rendered":"https:\/\/www.dfh-ufa.org\/fr\/dr-johanna-heinen"},"modified":"2022-07-04T14:00:27","modified_gmt":"2022-07-04T12:00:27","slug":"dr-johanna-heinen","status":"publish","type":"page","link":"https:\/\/www.dfh-ufa.org\/fr\/vous-etes\/entreprises\/prix-de-la-meilleure-these\/laureats-depuis-2008\/dr-johanna-heinen","title":{"rendered":"PMT 2013 : Johanna Heinen"},"content":{"rendered":"<blockquote><p>\u00ab Un m\u00e9c\u00e9nat \u00ab juif \u00bb pour l\u2019art moderne fran\u00e7ais ? \u00c9tude de cas sur la Galerie nationale de Berlin sous l\u2019\u00e8re wilhelmienne (1882-1911) \u00bb<\/p><\/blockquote>\n<p>&nbsp;<\/p>\n<p>\u00c0 l\u2019heure actuelle, il existe de nombreuses publications sur Hugo von Tschudi, l\u2019ancien directeur de la Galerie nationale, qui d\u00e9fia la doctrine artistique de l\u2019empereur Guillaume II en achetant d\u00e8s 1896 des \u0153uvres d\u2019art avant-gardistes, provenant de surcro\u00eet de l\u2019ennemie jur\u00e9e : la France. Jusqu\u2019\u00e0 la fin de son mandat en 1908, qui s\u2019acheva par une d\u00e9mission \u00ab forc\u00e9e \u00bb, Tschudi r\u00e9ussit \u00e0 pourvoir le mus\u00e9e d\u2019une collection de chefs d\u2019oeuvre de l\u2019impressionnisme et du r\u00e9alisme. La Galerie nationale berlinoise joua ainsi le r\u00f4le de pr\u00e9curseur dans l\u2019institutionnalisation de l\u2019art moderne fran\u00e7ais \u2013 pas seulement en Allemagne, mais aussi en France. Mais qui ont \u00e9t\u00e9 les m\u00e9c\u00e8nes pr\u00eats \u00e0 soutenir ces achats audacieux et quels \u00e9taient leurs motifs ? Les publications en histoire de l\u2019art se concentrent presque exclusivement sur les m\u00e9c\u00e8nes et collectionneurs \u00ab juifs \u00bb allemands, et expliquent leur engagement par des valeurs telles que le cosmopolitisme et la modernit\u00e9, qui seraient particuli\u00e8rement propres \u00e0 ce \u00ab groupe \u00bb. S\u2019y ajoute la th\u00e8se d\u2019un affront politique de la part d\u2019une bourgeoisie bien \u00e9tablie et s\u00fbre d\u2019elle \u00e0 l\u2019encontre du r\u00e9gime wilhelmien. Le fait que certains des m\u00e9c\u00e8nes aient \u00e9t\u00e9 des \u00ab Kaiserjuden \u00bb, c\u2019est-\u00e0-dire des juifs proches de Guillaume II, et que d\u2019autres aient \u00e9t\u00e9 baptis\u00e9s depuis plusieurs g\u00e9n\u00e9rations, conduit cependant \u00e0 une remise en question de la validit\u00e9 de ces approches. Le sujet de cette th\u00e8se se trouve \u00e0 un point d\u2019intersection de l\u2019histoire culturelle franco-allemande. Le premier objectif de cette th\u00e8se \u00e9tait de comprendre la motivation des m\u00e9c\u00e8nes berlinois, dont la majorit\u00e9 est membre de l\u2019\u00e9lite \u00e9conomique, \u00e0 promouvoir un art fortement politis\u00e9 et contest\u00e9. Les r\u00e9sultats de cette analyse, appuy\u00e9s sur une vaste documentation d\u2019archives, permettent de livrer une relecture compl\u00e8te des motifs du m\u00e9c\u00e9nat d\u2019art moderne fran\u00e7ais pour la Galerie nationale de Berlin.<\/p>\n<p><b>Johanna Heinen<\/b>, n\u00e9e en 1980, a \u00e9tudi\u00e9 les Frankreichwissenschaften &#8211; la litt\u00e9rature et la linguistique fran\u00e7aises, avec option histoire de l\u2019art, droit, et sciences politiques \u00e0 l\u2019Universit\u00e9 libre de Berlin, puis elle a effectu\u00e9 un master 1 en histoire de l\u2019art en 2005 \u00e0 l\u2019Universit\u00e9 Paris I Panth\u00e9on-Sorbonne, et un master 2 d\u2019histoire \u00e0 l\u2019\u00c9cole des hautes \u00e9tudes en sciences sociales (EHESS) de Paris en 2006. Elle a fond\u00e9 et dirig\u00e9 la revue franco-allemande en ligne rencontres.de, dont elle a \u00e9t\u00e9 la r\u00e9dactrice en chef pendant sept ans, avant de se consacrer en 2012 \u00e0 la r\u00e9daction de son doctorat d\u2019histoire en cotutelle entre l\u2019\u00c9cole des hautes \u00e9tudes en sciences sociales et l\u2019Universit\u00e9 libre de Berlin, qu\u2019elle obtient avec la mention Tr\u00e8s honorable avec f\u00e9licitations du jury.<\/p>\n","protected":false},"excerpt":{"rendered":"<p>\u00ab Un m\u00e9c\u00e9nat \u00ab juif \u00bb pour l\u2019art moderne fran\u00e7ais ? \u00c9tude de cas sur la Galerie nationale de Berlin sous l\u2019\u00e8re wilhelmienne (1882-1911) \u00bb &nbsp; \u00c0 l\u2019heure actuelle, il existe de nombreuses publications sur Hugo von Tschudi, l\u2019ancien directeur de la Galerie nationale, qui d\u00e9fia la doctrine artistique de l\u2019empereur Guillaume II en achetant [&hellip;]<\/p>\n","protected":false},"author":6,"featured_media":0,"parent":1036270,"menu_order":0,"comment_status":"closed","ping_status":"closed","template":"","meta":{"_bbp_topic_count":0,"_bbp_reply_count":0,"_bbp_total_topic_count":0,"_bbp_total_reply_count":0,"_bbp_voice_count":0,"_bbp_anonymous_reply_count":0,"_bbp_topic_count_hidden":0,"_bbp_reply_count_hidden":0,"_bbp_forum_subforum_count":0,"inline_featured_image":false},"acf":[],"_links":{"self":[{"href":"https:\/\/www.dfh-ufa.org\/fr\/wp-json\/wp\/v2\/pages\/5625"}],"collection":[{"href":"https:\/\/www.dfh-ufa.org\/fr\/wp-json\/wp\/v2\/pages"}],"about":[{"href":"https:\/\/www.dfh-ufa.org\/fr\/wp-json\/wp\/v2\/types\/page"}],"author":[{"embeddable":true,"href":"https:\/\/www.dfh-ufa.org\/fr\/wp-json\/wp\/v2\/users\/6"}],"replies":[{"embeddable":true,"href":"https:\/\/www.dfh-ufa.org\/fr\/wp-json\/wp\/v2\/comments?post=5625"}],"version-history":[{"count":3,"href":"https:\/\/www.dfh-ufa.org\/fr\/wp-json\/wp\/v2\/pages\/5625\/revisions"}],"predecessor-version":[{"id":1272249,"href":"https:\/\/www.dfh-ufa.org\/fr\/wp-json\/wp\/v2\/pages\/5625\/revisions\/1272249"}],"up":[{"embeddable":true,"href":"https:\/\/www.dfh-ufa.org\/fr\/wp-json\/wp\/v2\/pages\/1036270"}],"wp:attachment":[{"href":"https:\/\/www.dfh-ufa.org\/fr\/wp-json\/wp\/v2\/media?parent=5625"}],"curies":[{"name":"wp","href":"https:\/\/api.w.org\/{rel}","templated":true}]}}