{"id":5626,"date":"2018-06-20T14:10:37","date_gmt":"2018-06-20T12:10:37","guid":{"rendered":"https:\/\/www.dfh-ufa.org\/fr\/thomas-weiss"},"modified":"2022-07-04T14:00:01","modified_gmt":"2022-07-04T12:00:01","slug":"thomas-weiss","status":"publish","type":"page","link":"https:\/\/www.dfh-ufa.org\/fr\/vous-etes\/entreprises\/prix-de-la-meilleure-these\/laureats-depuis-2008\/thomas-weiss","title":{"rendered":"PMT 2013 : Thomas Weiss"},"content":{"rendered":"<div class=\"container main-container\">\n<div class=\"row content-row-main\">\n<section class=\"col-md-9\">\n<div class=\"main-content\">\n<div id=\"c24523\" class=\"csc-default\">\n<div class=\"csc-textpic csc-textpic-intext-right-nowrap\">\n<div class=\"row\">\n<div class=\"col-sm-9 col-sm-pull-3\">\n<blockquote><p>\u00ab Calcul des propri\u00e9t\u00e9s optiques de nanostructures par la matrice de diffraction utilisant des m\u00e9thodes num\u00e9riques avanc\u00e9es et semi-analytiques \u00bb<strong><br \/>\n<\/strong><\/p><\/blockquote>\n<p>&nbsp;<\/p>\n<p>Gr\u00e2ce \u00e0 l&rsquo;am\u00e9lioration des techniques de fabrication des nanostructures, il a \u00e9t\u00e9 possible ces derni\u00e8res ann\u00e9es de cr\u00e9er des syst\u00e8mes optiques pr\u00e9sentant des propri\u00e9t\u00e9s extraordinaires et nouvelles. Les guides d&rsquo;ondes en cristaux photoniques et les capes d&rsquo;invisibilit\u00e9 en sont quelques exemples \u00e9minents. Pour ces syst\u00e8mes, il est important de d\u00e9finir exactement la forme, la taille et la configuration des nanostructures. La fabrication de ces objets \u00e9tant complexe et co\u00fbteuse, on a besoin de m\u00e9thodes num\u00e9riques pour l&rsquo;optimisation des param\u00e8tres des structures et pour l&rsquo;ajustement des propri\u00e9t\u00e9s optiques. Or, le calcul num\u00e9rique se r\u00e9v\u00e8le tr\u00e8s compliqu\u00e9 pour les nanostructures, en particulier dans le cas des structures m\u00e9tallo-di\u00e9lectriques qui comportent des r\u00e9sonances plasmoniques. C&rsquo;est pourquoi des m\u00e9thodes num\u00e9riques avanc\u00e9es et des mod\u00e8les semi-analytiques sont n\u00e9cessaires. Il appara\u00eet dans cette th\u00e8se que le formalisme de la matrice de diffraction peut satisfaire ces deux aspects. [\u2026] Gr\u00e2ce \u00e0 ce travail, il est donc possible de mieux comprendre les propri\u00e9t\u00e9s optiques de nanostructures et de les optimiser pour des applications particuli\u00e8res. On peut non seulement analyser des syst\u00e8mes de la science fondamentale, comme des objets photoniques et quantiques coupl\u00e9s [\u2026], mais aussi leur trouver des applications : par exemple de nouveaux capteurs, qui peuvent d\u00e9tecter efficacement des contaminations chimiques dans des syst\u00e8mes st\u00e9riles.<\/p>\n<p><strong>Thomas Weiss<\/strong>, n\u00e9 en 1981, a \u00e9tudi\u00e9 la physique \u00e0 l\u2019Universit\u00e9 de Stuttgart, et \u00e0 l\u2019Universit\u00e9 Blaise Pascal de Clermont-Ferrand, o\u00f9 il r\u00e9dige sa th\u00e8se de doctorat en cotutelle. De 2011 \u00e0 2013, il \u00e9tait post-doctorant \u00e0 l\u2019Institut Max-Planck de physique de la lumi\u00e8re \u00e0 Erlangen. Il occupe depuis 2013 un poste de professeur assistant \u00e0 l\u2019Universit\u00e9 de Stuttgart.<\/p>\n<\/div>\n<\/div>\n<\/div>\n<\/div>\n<\/div>\n<\/section>\n<\/div>\n<div class=\"row hidden-print\">\n<div class=\"col-xs-12 col-md-9 col-md-push-3\">\n<div class=\"shariff-outer\">\n<div id=\"c30921\" class=\"csc-default\">\n<div class=\"shariff\" data-lang=\"fr\" data-mail-url=\"mailto:\" data-orientation=\"horizontal\" data-theme=\"standard\" data-services=\"[&quot;facebook&quot;,&quot;xing&quot;,&quot;linkedin&quot;,&quot;googleplus&quot;,&quot;twitter&quot;]\"><\/div>\n<\/div>\n<\/div>\n<\/div>\n<\/div>\n<\/div>\n<footer id=\"footer\">\n<div class=\"footer-content hidden-xs\">\n<div class=\"container\">\n<div class=\"row\">\n<div class=\"col-xs-12 col-sm-6 col-md-3\"><\/div>\n<div class=\"col-xs-12 col-sm-6 col-md-3\"><\/div>\n<\/div>\n<\/div>\n<\/div>\n<\/footer>\n","protected":false},"excerpt":{"rendered":"<p>\u00ab Calcul des propri\u00e9t\u00e9s optiques de nanostructures par la matrice de diffraction utilisant des m\u00e9thodes num\u00e9riques avanc\u00e9es et semi-analytiques \u00bb &nbsp; Gr\u00e2ce \u00e0 l&rsquo;am\u00e9lioration des techniques de fabrication des nanostructures, il a \u00e9t\u00e9 possible ces derni\u00e8res ann\u00e9es de cr\u00e9er des syst\u00e8mes optiques pr\u00e9sentant des propri\u00e9t\u00e9s extraordinaires et nouvelles. Les guides d&rsquo;ondes en cristaux photoniques et [&hellip;]<\/p>\n","protected":false},"author":6,"featured_media":0,"parent":1036270,"menu_order":0,"comment_status":"closed","ping_status":"closed","template":"","meta":{"_bbp_topic_count":0,"_bbp_reply_count":0,"_bbp_total_topic_count":0,"_bbp_total_reply_count":0,"_bbp_voice_count":0,"_bbp_anonymous_reply_count":0,"_bbp_topic_count_hidden":0,"_bbp_reply_count_hidden":0,"_bbp_forum_subforum_count":0,"inline_featured_image":false},"acf":[],"_links":{"self":[{"href":"https:\/\/www.dfh-ufa.org\/fr\/wp-json\/wp\/v2\/pages\/5626"}],"collection":[{"href":"https:\/\/www.dfh-ufa.org\/fr\/wp-json\/wp\/v2\/pages"}],"about":[{"href":"https:\/\/www.dfh-ufa.org\/fr\/wp-json\/wp\/v2\/types\/page"}],"author":[{"embeddable":true,"href":"https:\/\/www.dfh-ufa.org\/fr\/wp-json\/wp\/v2\/users\/6"}],"replies":[{"embeddable":true,"href":"https:\/\/www.dfh-ufa.org\/fr\/wp-json\/wp\/v2\/comments?post=5626"}],"version-history":[{"count":3,"href":"https:\/\/www.dfh-ufa.org\/fr\/wp-json\/wp\/v2\/pages\/5626\/revisions"}],"predecessor-version":[{"id":1272248,"href":"https:\/\/www.dfh-ufa.org\/fr\/wp-json\/wp\/v2\/pages\/5626\/revisions\/1272248"}],"up":[{"embeddable":true,"href":"https:\/\/www.dfh-ufa.org\/fr\/wp-json\/wp\/v2\/pages\/1036270"}],"wp:attachment":[{"href":"https:\/\/www.dfh-ufa.org\/fr\/wp-json\/wp\/v2\/media?parent=5626"}],"curies":[{"name":"wp","href":"https:\/\/api.w.org\/{rel}","templated":true}]}}