{"id":5627,"date":"2018-06-20T14:24:57","date_gmt":"2018-06-20T12:24:57","guid":{"rendered":"https:\/\/www.dfh-ufa.org\/fr\/johanna-probst"},"modified":"2022-07-04T13:59:34","modified_gmt":"2022-07-04T11:59:34","slug":"johanna-probst","status":"publish","type":"page","link":"https:\/\/www.dfh-ufa.org\/fr\/vous-etes\/entreprises\/prix-de-la-meilleure-these\/laureats-depuis-2008\/johanna-probst","title":{"rendered":"PMT 2013 : Johanna Probst"},"content":{"rendered":"<blockquote><p>\u00ab Instruire la demande d\u2019asile.<br \/>\n\u00c9tude comparative du processus d\u00e9cisionnel au sein de l\u2019administration allemande et fran\u00e7aise \u00bb<\/p><\/blockquote>\n<p>&nbsp;<\/p>\n<p>Cette \u00e9tude sociologique pr\u00e9sente une analyse comparative des offices, fran\u00e7ais et allemand, charg\u00e9 de l\u2019instruction des demandes d\u2019asile, \u00e0 savoir l\u2019OFPRA et le BAMF. Gr\u00e2ce \u00e0 une enqu\u00eate r\u00e9alis\u00e9e au sein des deux offices, les pratiques administratives r\u00e9gissant les processus d\u00e9cisionnels ont pu \u00eatre d\u00e9crites de mani\u00e8re d\u00e9taill\u00e9e. Les mat\u00e9riaux empiriques comprennent des entretiens semi-directifs, des observations directes ainsi que des donn\u00e9es statistiques et des documents d\u2019archives. Le travail d\u2019analyse ne se focalise pas seulement sur les d\u00e9fis administratifs qu\u2019implique la demande d\u2019asile pour les pays de destination. Au moyen de la comparaison binationale, la dimension europ\u00e9enne de la probl\u00e9matique d\u2019asile a \u00e9galement pu \u00eatre appr\u00e9hend\u00e9e, surtout \u00e0 l\u2019\u00e9gard de l\u2019harmonisation des politiques d\u2019asile en Europe. Des diff\u00e9rences fondamentales se constatent concernant tant le profil socioprofessionnel des agents instruisant la demande d\u2019asile que l\u2019attitude g\u00e9n\u00e9rale qu\u2019ils d\u00e9ploient face aux probl\u00e9matiques trait\u00e9es. L\u2019\u00e9tat actuel de la proc\u00e9dure d\u2019asile doit \u00eatre compris comme le r\u00e9sultat d\u2019une mont\u00e9e aux ench\u00e8res des tentatives de contr\u00f4le et de v\u00e9rification administratives d\u2019un c\u00f4t\u00e9, et, de l\u2019autre, des strat\u00e9gies d\u00e9velopp\u00e9es par les demandeurs d\u2019asile afin de contourner ces obstacles. Ce que les repr\u00e9sentants institutionnels per\u00e7oivent comme du mensonge, de la fraude et de l\u2019abus du droit d\u2019asile s\u2019av\u00e8re \u2013 au travers l\u2019analyse sociologique de la relation administrative \u2013 \u00eatre un moyen pour surmonter des barri\u00e8res proc\u00e9durales et pour adapter la pr\u00e9sentation de soi aux exigences bureaucratiques. En effet, les cat\u00e9gories juridiques couramment employ\u00e9es apparaissent finalement comme mal adapt\u00e9es \u00e0 la r\u00e9alit\u00e9 des mouvements migratoires contemporains et forment, par cons\u00e9quent, un probl\u00e8me fondamental des dispositifs d\u2019asile allemand et fran\u00e7ais.<\/p>\n<p><strong>Johanna Probst<\/strong>, n\u00e9e en 1984,\u00a0 a effectu\u00e9 de 2006 \u00e0 2009 un master en sociologie \u00e0 l\u2019Universit\u00e9 de Strasbourg, o\u00f9 elle a ensuite conduit un projet de recherche sur la proc\u00e9dure d\u2019asile en France et en Allemagne, en contrat doctoral avec la mission d\u2019enseignement au Laboratoire Cultures et Soci\u00e9t\u00e9s en Europe \u00e0 la Facult\u00e9 des sciences sociales. Elle a obtenu en 2012 un doctorat de sociologie, en cotutelle entre l\u2019Universit\u00e9 de Strasbourg et la Philipps-Universit\u00e4t Marburg. Elle se consacre depuis 2012 \u00e0 l\u2019enseignement, en tant qu\u2019attach\u00e9e d\u2019enseignement et de recherche \u00e0 la Facult\u00e9 des sciences sociales de l\u2019Universit\u00e9 de Strasbourg.<\/p>\n<h1><\/h1>\n","protected":false},"excerpt":{"rendered":"<p>\u00ab Instruire la demande d\u2019asile. \u00c9tude comparative du processus d\u00e9cisionnel au sein de l\u2019administration allemande et fran\u00e7aise \u00bb &nbsp; Cette \u00e9tude sociologique pr\u00e9sente une analyse comparative des offices, fran\u00e7ais et allemand, charg\u00e9 de l\u2019instruction des demandes d\u2019asile, \u00e0 savoir l\u2019OFPRA et le BAMF. Gr\u00e2ce \u00e0 une enqu\u00eate r\u00e9alis\u00e9e au sein des deux offices, les pratiques [&hellip;]<\/p>\n","protected":false},"author":6,"featured_media":0,"parent":1036270,"menu_order":0,"comment_status":"closed","ping_status":"closed","template":"","meta":{"_bbp_topic_count":0,"_bbp_reply_count":0,"_bbp_total_topic_count":0,"_bbp_total_reply_count":0,"_bbp_voice_count":0,"_bbp_anonymous_reply_count":0,"_bbp_topic_count_hidden":0,"_bbp_reply_count_hidden":0,"_bbp_forum_subforum_count":0,"inline_featured_image":false},"acf":[],"_links":{"self":[{"href":"https:\/\/www.dfh-ufa.org\/fr\/wp-json\/wp\/v2\/pages\/5627"}],"collection":[{"href":"https:\/\/www.dfh-ufa.org\/fr\/wp-json\/wp\/v2\/pages"}],"about":[{"href":"https:\/\/www.dfh-ufa.org\/fr\/wp-json\/wp\/v2\/types\/page"}],"author":[{"embeddable":true,"href":"https:\/\/www.dfh-ufa.org\/fr\/wp-json\/wp\/v2\/users\/6"}],"replies":[{"embeddable":true,"href":"https:\/\/www.dfh-ufa.org\/fr\/wp-json\/wp\/v2\/comments?post=5627"}],"version-history":[{"count":2,"href":"https:\/\/www.dfh-ufa.org\/fr\/wp-json\/wp\/v2\/pages\/5627\/revisions"}],"predecessor-version":[{"id":1272247,"href":"https:\/\/www.dfh-ufa.org\/fr\/wp-json\/wp\/v2\/pages\/5627\/revisions\/1272247"}],"up":[{"embeddable":true,"href":"https:\/\/www.dfh-ufa.org\/fr\/wp-json\/wp\/v2\/pages\/1036270"}],"wp:attachment":[{"href":"https:\/\/www.dfh-ufa.org\/fr\/wp-json\/wp\/v2\/media?parent=5627"}],"curies":[{"name":"wp","href":"https:\/\/api.w.org\/{rel}","templated":true}]}}