{"id":5628,"date":"2018-06-20T14:25:44","date_gmt":"2018-06-20T12:25:44","guid":{"rendered":"https:\/\/www.dfh-ufa.org\/fr\/isabelle-guinaudeau"},"modified":"2022-07-04T13:56:26","modified_gmt":"2022-07-04T11:56:26","slug":"isabelle-guinaudeau","status":"publish","type":"page","link":"https:\/\/www.dfh-ufa.org\/fr\/vous-etes\/entreprises\/prix-de-la-meilleure-these\/laureats-depuis-2008\/isabelle-guinaudeau","title":{"rendered":"PMT 2012 : Isabelle Guinaudeau"},"content":{"rendered":"<div class=\"row content-row-main\">\n<section class=\"col-md-9\">\n<div class=\"main-content\">\n<div id=\"c22171\" class=\"csc-default\">\n<div class=\"csc-textpic csc-textpic-intext-right-nowrap\">\n<div class=\"row\">\n<div class=\"col-sm-9 col-sm-pull-3\">\n<blockquote><p>\u00ab\u00a0L&rsquo;europ\u00e9anisation de la comp\u00e9tition \u00e9lectorale en France, en Allemagne et au Royaume-Uni (1986-2009)\u00a0\u00bb<\/p><\/blockquote>\n<p><i>Partis politiques, jeu d\u00e9mocratique et int\u00e9gration europ\u00e9enne de l&rsquo;Acte unique \u00e0 la crise de l&rsquo;euro<\/i><\/p>\n<p>&nbsp;<\/p>\n<p>Depuis le milieu des ann\u00e9es 1980, la construction europ\u00e9enne est entr\u00e9e dans une phase d\u2019acc\u00e9l\u00e9ration qui voit l\u2019affirmation de l\u2019Union europ\u00e9enne comme un espace de d\u00e9cision politique \u00e0 part enti\u00e8re, dont les pr\u00e9rogatives deviennent toujours plus palpables au niveau national. Cette th\u00e8se explore les cons\u00e9quences de ce processus sur la comp\u00e9tition \u00e9lectorale, en examinant en particulier les effets de l\u2019europ\u00e9anisation des politiques publiques et de la politisation de nouveaux enjeux li\u00e9s \u00e0 l\u2019int\u00e9gration. L\u2019\u00e9tude empirique montre les opportunit\u00e9s et les contraintes qui d\u00e9coulent de l\u2019int\u00e9gration pour chaque parti, avant de rendre compte des r\u00e9ponses apport\u00e9es par les acteurs partisans \u00e0 diff\u00e9rents niveaux. Elle s\u2019appuie pour cela sur l\u2019analyse d\u2019un vaste corpus de documents, notamment sur la couverture m\u00e9diatique des questions europ\u00e9ennes, l\u2019\u00e9volution du climat d\u2019opinion, l\u2019europ\u00e9anisation des politiques publiques, les congr\u00e8s des partis sociaux-d\u00e9mocrates et les programmes \u00e9lectoraux des diff\u00e9rents partis. La th\u00e8se met en \u00e9vidence une europ\u00e9anisation diff\u00e9renci\u00e9e, mais significative, de la structure d\u2019opportunit\u00e9s des partis. En raison des r\u00e9sistances d\u00e9ploy\u00e9es par les acteurs partisans qui dominent la comp\u00e9tition inter- et intra-partisane, cette tendance n\u2019affecte les dynamiques de comp\u00e9tition \u00e9lectorale qu\u2019\u00e0 la marge.<\/p>\n<p>&nbsp;<\/p>\n<p>&nbsp;<\/p>\n<p>N\u00e9e le 13 mars 1983, <strong>Isabelle Guinaudeau<\/strong> est aujourd\u2019hui charg\u00e9e de recherche au CNRS, laboratoire Pacte (Sciences Po Grenoble). De septembre 2011 \u00e0 ao\u00fbt 2012, elle a occup\u00e9 une fonction de post-doctorante au sein du programme interdisciplinaire Max Weber, \u00e0 l\u2019Institut universitaire europ\u00e9en (Florence, Italie). C\u2019est \u00e9galement en 2011 qu\u2019elle soutient sa th\u00e8se et effectue son doctorat dans le cadre du coll\u00e8ge doctoral franco-allemand <i>Comparing Democratic Societies in Europe<\/i>, qui allie Sciences Po Bordeaux \u00e0 l\u2019Universit\u00e9 de Stuttgart.<\/p>\n<\/div>\n<\/div>\n<\/div>\n<\/div>\n<\/div>\n<\/section>\n<\/div>\n","protected":false},"excerpt":{"rendered":"<p>\u00ab\u00a0L&rsquo;europ\u00e9anisation de la comp\u00e9tition \u00e9lectorale en France, en Allemagne et au Royaume-Uni (1986-2009)\u00a0\u00bb Partis politiques, jeu d\u00e9mocratique et int\u00e9gration europ\u00e9enne de l&rsquo;Acte unique \u00e0 la crise de l&rsquo;euro &nbsp; Depuis le milieu des ann\u00e9es 1980, la construction europ\u00e9enne est entr\u00e9e dans une phase d\u2019acc\u00e9l\u00e9ration qui voit l\u2019affirmation de l\u2019Union europ\u00e9enne comme un espace de d\u00e9cision [&hellip;]<\/p>\n","protected":false},"author":6,"featured_media":0,"parent":1036270,"menu_order":0,"comment_status":"closed","ping_status":"closed","template":"","meta":{"_bbp_topic_count":0,"_bbp_reply_count":0,"_bbp_total_topic_count":0,"_bbp_total_reply_count":0,"_bbp_voice_count":0,"_bbp_anonymous_reply_count":0,"_bbp_topic_count_hidden":0,"_bbp_reply_count_hidden":0,"_bbp_forum_subforum_count":0,"inline_featured_image":false},"acf":[],"_links":{"self":[{"href":"https:\/\/www.dfh-ufa.org\/fr\/wp-json\/wp\/v2\/pages\/5628"}],"collection":[{"href":"https:\/\/www.dfh-ufa.org\/fr\/wp-json\/wp\/v2\/pages"}],"about":[{"href":"https:\/\/www.dfh-ufa.org\/fr\/wp-json\/wp\/v2\/types\/page"}],"author":[{"embeddable":true,"href":"https:\/\/www.dfh-ufa.org\/fr\/wp-json\/wp\/v2\/users\/6"}],"replies":[{"embeddable":true,"href":"https:\/\/www.dfh-ufa.org\/fr\/wp-json\/wp\/v2\/comments?post=5628"}],"version-history":[{"count":2,"href":"https:\/\/www.dfh-ufa.org\/fr\/wp-json\/wp\/v2\/pages\/5628\/revisions"}],"predecessor-version":[{"id":1272241,"href":"https:\/\/www.dfh-ufa.org\/fr\/wp-json\/wp\/v2\/pages\/5628\/revisions\/1272241"}],"up":[{"embeddable":true,"href":"https:\/\/www.dfh-ufa.org\/fr\/wp-json\/wp\/v2\/pages\/1036270"}],"wp:attachment":[{"href":"https:\/\/www.dfh-ufa.org\/fr\/wp-json\/wp\/v2\/media?parent=5628"}],"curies":[{"name":"wp","href":"https:\/\/api.w.org\/{rel}","templated":true}]}}