{"id":5630,"date":"2018-06-20T14:09:49","date_gmt":"2018-06-20T12:09:49","guid":{"rendered":"https:\/\/www.dfh-ufa.org\/fr\/volker-leinweber"},"modified":"2022-07-04T13:56:00","modified_gmt":"2022-07-04T11:56:00","slug":"volker-leinweber","status":"publish","type":"page","link":"https:\/\/www.dfh-ufa.org\/fr\/vous-etes\/entreprises\/prix-de-la-meilleure-these\/laureats-depuis-2008\/volker-leinweber","title":{"rendered":"PMT 2012 : Volker Leinweber"},"content":{"rendered":"<blockquote><p>\u00ab Etude g\u00e9ophysique des marges conjugu\u00e9es de l\u2019Afrique de l\u2019est et l\u2019Antarctique de l\u2019est \u00bb<\/p>\n<p>Comme collaborateur scientifique de l\u2019Institut Alfred Wegener de Bremerhaven, Volker Leinweber a pris part \u00e0 six exp\u00e9ditions de recherche g\u00e9oscientifique en Antarctique, Arctique et autour de l\u2019Afrique du Sud. Dans le cadre de son doctorat, il a men\u00e9 une \u00e9tude de g\u00e9ophysique sur les marges conjugu\u00e9es de l\u2019Afrique et de l\u2019Antarctique et a \u00e9tudi\u00e9 la nature de la cro\u00fbte terrestre pr\u00e8s des c\u00f4tes en utilisant des m\u00e9thodes sismiques grand angle et de vastes mesures des champs magn\u00e9tiques et gravim\u00e9triques terrestres. Il a ainsi reconstruit le d\u00e9roulement de la s\u00e9paration de ces deux continents il y a environ 180 millions d\u2019ann\u00e9es, et a ajust\u00e9 les mod\u00e8les de l\u2019ouverture du supercontinent Gondwana. La th\u00e8se fournit des informations importantes pour des \u00e9tudes scientifiques g\u00e9ologiques, biologiques et climatiques de la Terre.<\/p>\n<p>Volker Leinweber, n\u00e9 en 1978, a fait des \u00e9tudes de physique technique et de g\u00e9ophysique \u00e0 Graz. De 2008 \u00e0 2011, il a pr\u00e9par\u00e9 un doctorat en cotutelle entre les universit\u00e9s de Br\u00eame et de Bretagne occidentale, incluant une p\u00e9riode de recherche de pr\u00e8s d\u2019un an \u00e0 l\u2019Ifremer de Brest.<\/p><\/blockquote>\n","protected":false},"excerpt":{"rendered":"<p>\u00ab Etude g\u00e9ophysique des marges conjugu\u00e9es de l\u2019Afrique de l\u2019est et l\u2019Antarctique de l\u2019est \u00bb Comme collaborateur scientifique de l\u2019Institut Alfred Wegener de Bremerhaven, Volker Leinweber a pris part \u00e0 six exp\u00e9ditions de recherche g\u00e9oscientifique en Antarctique, Arctique et autour de l\u2019Afrique du Sud. Dans le cadre de son doctorat, il a men\u00e9 une \u00e9tude [&hellip;]<\/p>\n","protected":false},"author":6,"featured_media":0,"parent":1036270,"menu_order":0,"comment_status":"closed","ping_status":"closed","template":"","meta":{"_bbp_topic_count":0,"_bbp_reply_count":0,"_bbp_total_topic_count":0,"_bbp_total_reply_count":0,"_bbp_voice_count":0,"_bbp_anonymous_reply_count":0,"_bbp_topic_count_hidden":0,"_bbp_reply_count_hidden":0,"_bbp_forum_subforum_count":0,"inline_featured_image":false},"acf":[],"_links":{"self":[{"href":"https:\/\/www.dfh-ufa.org\/fr\/wp-json\/wp\/v2\/pages\/5630"}],"collection":[{"href":"https:\/\/www.dfh-ufa.org\/fr\/wp-json\/wp\/v2\/pages"}],"about":[{"href":"https:\/\/www.dfh-ufa.org\/fr\/wp-json\/wp\/v2\/types\/page"}],"author":[{"embeddable":true,"href":"https:\/\/www.dfh-ufa.org\/fr\/wp-json\/wp\/v2\/users\/6"}],"replies":[{"embeddable":true,"href":"https:\/\/www.dfh-ufa.org\/fr\/wp-json\/wp\/v2\/comments?post=5630"}],"version-history":[{"count":2,"href":"https:\/\/www.dfh-ufa.org\/fr\/wp-json\/wp\/v2\/pages\/5630\/revisions"}],"predecessor-version":[{"id":1272240,"href":"https:\/\/www.dfh-ufa.org\/fr\/wp-json\/wp\/v2\/pages\/5630\/revisions\/1272240"}],"up":[{"embeddable":true,"href":"https:\/\/www.dfh-ufa.org\/fr\/wp-json\/wp\/v2\/pages\/1036270"}],"wp:attachment":[{"href":"https:\/\/www.dfh-ufa.org\/fr\/wp-json\/wp\/v2\/media?parent=5630"}],"curies":[{"name":"wp","href":"https:\/\/api.w.org\/{rel}","templated":true}]}}