{"id":5631,"date":"2018-06-20T14:16:28","date_gmt":"2018-06-20T12:16:28","guid":{"rendered":"https:\/\/www.dfh-ufa.org\/fr\/martin-zwickel"},"modified":"2022-07-04T13:57:03","modified_gmt":"2022-07-04T11:57:03","slug":"martin-zwickel","status":"publish","type":"page","link":"https:\/\/www.dfh-ufa.org\/fr\/vous-etes\/entreprises\/prix-de-la-meilleure-these\/laureats-depuis-2008\/martin-zwickel","title":{"rendered":"PMT 2012 : Martin Zwickel"},"content":{"rendered":"<blockquote><p>\u00ab\u00a0Une justice de proximit\u00e9 : regard allemand sur la juridiction de proximit\u00e9 fran\u00e7aise &#8211; Contribution \u00e0 la d\u00e9finition d&rsquo;un mod\u00e8le g\u00e9n\u00e9ral de justice de proximit\u00e9\u00a0\u00bb<\/p><\/blockquote>\n<p>&nbsp;<\/p>\n<p>Pour rapprocher davantage la justice des justiciables, les juridictions de proximit\u00e9 ont \u00e9t\u00e9 cr\u00e9\u00e9es en France par la loi du 9 septembre 2002. Les juridictions de proximit\u00e9 sont exclusivement compos\u00e9es de juges non professionnels qui statuent sur certains litiges en premier et en dernier ressort. Le l\u00e9gislateur fran\u00e7ais d\u00e9finit la juridiction de proximit\u00e9 comme une \u00ab justice de proximit\u00e9 \u00bb. En partant de l\u2019objectif de la cr\u00e9ation d\u2019une justice plus proche du citoyen, la th\u00e8se d\u00e9finit d\u00b4abord la notion \u00ab justice de proximit\u00e9 \u00bb. Cette d\u00e9finition permet de faire ressortir les divers \u00e9l\u00e9ments de la justice de proximit\u00e9 qui servent comme termes g\u00e9n\u00e9riques de la comparaison entre l\u2019approche fran\u00e7aise et l\u2019approche allemande de cr\u00e9ation d\u2019une justice de proximit\u00e9. Dans une premi\u00e8re partie de la th\u00e8se, les approches allemandes et fran\u00e7aises de cr\u00e9ation d\u2019une justice de proximit\u00e9 sont analys\u00e9es. Ces \u00e9l\u00e9ments d\u2019une justice de proximit\u00e9 sont compar\u00e9s, dans la deuxi\u00e8me partie, avec la juridiction de proximit\u00e9. Ceci permet \u00e0 la fois d\u2019\u00e9valuer la juridiction de proximit\u00e9 du point de vue d\u00b4un observateur externe et de faire appara\u00eetre les n\u00e9cessit\u00e9s d\u00b4un mod\u00e8le g\u00e9n\u00e9ral d\u2019une justice civile de proximit\u00e9.<\/p>\n<p>&nbsp;<\/p>\n<p>N\u00e9 en 1978, <strong>Martin Zwickel<\/strong> est docteur en droit. Il a r\u00e9alis\u00e9 des \u00e9tudes de droit europ\u00e9en et droit fran\u00e7ais \u00e0 l\u2019universit\u00e9 d\u2019Erlangen-Nuremberg, de Rennes et de Lyon. En 2001-2002, il poursuit une Ma\u00eetrise de droit europ\u00e9en \u00e0 l\u00b4Universit\u00e9 de Rennes I. Il soutient sa th\u00e8se en 2010, pour laquelle il obtient divers r\u00e9compenses\u00a0: prix de th\u00e8se, prix de la facult\u00e9 de droit pour la meilleure th\u00e8se 2010, prix de la fondation Schmitz-N\u00fcchterlein, prix de th\u00e8se Staedtler. Depuis 2011, il est enseignant-chercheur. En 2013, Martin Zwickel a pour projet d\u2019ouvrir un atelier de recherche franco-allemand pour jeunes chercheurs \u00e0 l\u00b4Universit\u00e9 d\u2019Erlangen- Nuremberg. Il est \u00e9galement vice-pr\u00e9sident de l\u00b4association des dipl\u00f4m\u00e9s en droit de l\u2019Universit\u00e9 d\u2019Erlangen-Nuremberg.<\/p>\n","protected":false},"excerpt":{"rendered":"<p>\u00ab\u00a0Une justice de proximit\u00e9 : regard allemand sur la juridiction de proximit\u00e9 fran\u00e7aise &#8211; Contribution \u00e0 la d\u00e9finition d&rsquo;un mod\u00e8le g\u00e9n\u00e9ral de justice de proximit\u00e9\u00a0\u00bb &nbsp; Pour rapprocher davantage la justice des justiciables, les juridictions de proximit\u00e9 ont \u00e9t\u00e9 cr\u00e9\u00e9es en France par la loi du 9 septembre 2002. Les juridictions de proximit\u00e9 sont exclusivement [&hellip;]<\/p>\n","protected":false},"author":6,"featured_media":0,"parent":1036270,"menu_order":0,"comment_status":"closed","ping_status":"closed","template":"","meta":{"_bbp_topic_count":0,"_bbp_reply_count":0,"_bbp_total_topic_count":0,"_bbp_total_reply_count":0,"_bbp_voice_count":0,"_bbp_anonymous_reply_count":0,"_bbp_topic_count_hidden":0,"_bbp_reply_count_hidden":0,"_bbp_forum_subforum_count":0,"inline_featured_image":false},"acf":[],"_links":{"self":[{"href":"https:\/\/www.dfh-ufa.org\/fr\/wp-json\/wp\/v2\/pages\/5631"}],"collection":[{"href":"https:\/\/www.dfh-ufa.org\/fr\/wp-json\/wp\/v2\/pages"}],"about":[{"href":"https:\/\/www.dfh-ufa.org\/fr\/wp-json\/wp\/v2\/types\/page"}],"author":[{"embeddable":true,"href":"https:\/\/www.dfh-ufa.org\/fr\/wp-json\/wp\/v2\/users\/6"}],"replies":[{"embeddable":true,"href":"https:\/\/www.dfh-ufa.org\/fr\/wp-json\/wp\/v2\/comments?post=5631"}],"version-history":[{"count":2,"href":"https:\/\/www.dfh-ufa.org\/fr\/wp-json\/wp\/v2\/pages\/5631\/revisions"}],"predecessor-version":[{"id":1272242,"href":"https:\/\/www.dfh-ufa.org\/fr\/wp-json\/wp\/v2\/pages\/5631\/revisions\/1272242"}],"up":[{"embeddable":true,"href":"https:\/\/www.dfh-ufa.org\/fr\/wp-json\/wp\/v2\/pages\/1036270"}],"wp:attachment":[{"href":"https:\/\/www.dfh-ufa.org\/fr\/wp-json\/wp\/v2\/media?parent=5631"}],"curies":[{"name":"wp","href":"https:\/\/api.w.org\/{rel}","templated":true}]}}