{"id":5632,"date":"2018-06-20T14:03:44","date_gmt":"2018-06-20T12:03:44","guid":{"rendered":"https:\/\/www.dfh-ufa.org\/fr\/remise-du-prix-de-la-meilleure-these-franco-allemande-ufa-apec"},"modified":"2022-07-04T11:29:27","modified_gmt":"2022-07-04T09:29:27","slug":"remise-du-prix-de-la-meilleure-these-franco-allemande-ufa-apec","status":"publish","type":"page","link":"https:\/\/www.dfh-ufa.org\/fr\/vous-etes\/entreprises\/prix-de-la-meilleure-these\/laureats-depuis-2008\/remise-du-prix-de-la-meilleure-these-franco-allemande-ufa-apec","title":{"rendered":"Remise du Prix de la meilleure th\u00e8se franco-allemande UFA-Apec"},"content":{"rendered":"<blockquote><p><strong><span lang=\"FR\">Le Prix de la meilleure th\u00e8se 2010 de l\u2019Universit\u00e9 franco-allemande (UFA) et de l\u2019Association pour l\u2019emploi des cadres (Apec) a \u00e9t\u00e9 d\u00e9cern\u00e9 lors de la 2\u00e8me \u00e9dition du Salon des carri\u00e8res de la recherche \u00ab\u00a0Research\u00a0\u00bb, le vendredi 19 novembre 2010, \u00e0 M. Armin Azarian pour sa th\u00e8se en sciences de l\u2019ing\u00e9nieur intitul\u00e9e\u00a0: \u00ab\u00a0<i>Contribution au diagnostic automatique des d\u00e9faillances, des causes et des effets, application au domaine automobile<\/i>\u00a0\u00bb. Le Prix sp\u00e9cial du jury a \u00e9t\u00e9 attribu\u00e9 \u00e0 Mme Eva Oberloskamp pour sa th\u00e8se en histoire intitul\u00e9e \u00ab\u00a0<i>Vers de nouveaux mondes inconnus. La perception de l\u2019Union sovi\u00e9tique dans les r\u00e9cits de voyage d\u2019intellectuels de gauche allemands et fran\u00e7ais entre les deux Guerres mondiales<\/i>\u00bb.<\/span><\/strong><\/p><\/blockquote>\n<p><span lang=\"FR\">\u00a0<\/span><\/p>\n<p>&nbsp;<\/p>\n<p><b><\/b><b><span lang=\"FR\">Doubles atouts pour l\u2019ing\u00e9nieur musicien<\/span><\/b><\/p>\n<p><span lang=\"FR\">\u00a0<\/span><\/p>\n<p><span lang=\"FR\">En 2006, alors jeune ing\u00e9nieur en g\u00e9nie m\u00e9canique chez Siemens, <b>Armin Azarian <\/b>d\u00e9cide de s\u2019inscrire en \u00e9tudes doctorales. Il en profite pour combiner plusieurs avantages li\u00e9s \u00e0 un parcours entre l\u2019universit\u00e9 et l\u2019industrie et entre la France et l\u2019Allemagne. Il obtient la mention \u00ab tr\u00e8s honorable \u00bb et un prototype fonctionnel de l\u2019objet d\u2019\u00e9tude \u00e0 l\u2019issue de son doctorat obtenu en 2009 entre l\u2019ENSAM de Metz et l\u2019Universit\u00e9 de Karlsruhe et financ\u00e9 par Siemens et l\u2019UFA.<\/span><\/p>\n<p><b><span lang=\"FR\">\u00a0<\/span><\/b><\/p>\n<p><span lang=\"FR\">\u00a0<\/span>\u00ab <i>Autrefois, au garage<\/i> \u00bb, explique-t-il \u00ab <i>on d\u00e9montait des pi\u00e8ces pour trouver les probl\u00e8mes des automobiles \u2013 aujourd\u2019hui c\u2019est un ordinateur branch\u00e9 \u00e0 la voiture qui se charge du diagnostic<\/i> \u00bb. A l\u2019avenir, cette m\u00e9thode sera encore plus performante, rapide et moins co\u00fbteuse gr\u00e2ce, entre autres, au doctorat d\u2019Armin Azarian qui a perfectionn\u00e9 l\u2019outil existant chez Siemens par des travaux algorithmiques et informatiques rendant le syst\u00e8me capable d\u2019int\u00e9grer le langage humain, lui permettant d\u2019am\u00e9liorer le diagnostic et facilitant le retour d\u2019exp\u00e9rience par les garages utilisant l\u2019outil.<\/p>\n<p><span lang=\"FR\">\u00a0<\/span><\/p>\n<p><span lang=\"FR\">\u00ab <i>La cotutelle<\/i> \u00bb, se souvient le jeune docteur \u00ab <i>m\u2019a permis de profiter des diff\u00e9rences m\u00e9thodologiques entre les Fran\u00e7ais et les Allemands pour solutionner des probl\u00e8mes scientifiques<\/i> \u00bb. Plus de 170 heures d\u2019enseignement et une dizaine de publications viennent compl\u00e9ter ces brillants travaux.\u00a0 <\/span><\/p>\n<p><span lang=\"FR\">\u00a0<\/span><\/p>\n<p><span lang=\"FR\">Actuellement, Armin Azarian travaille sur deux projets innovants qu\u2019il a mont\u00e9s de toutes pi\u00e8ces. L\u2019une de ces entreprises lui permet d\u2019allier ses comp\u00e9tences techniques et sa passion pour la musique en d\u00e9veloppant, avec son \u00e9quipe, un portail web pour musiciens amateurs. \u00ab <i>Toutes les bonnes id\u00e9es partent d\u2019une passion<\/i> \u00bb conclut le docteur-musicien. <\/span><\/p>\n<p><span lang=\"FR\">\u00a0<\/span><\/p>\n<p><span lang=\"FR\">\u00a0<\/span><\/p>\n<p><b><\/b><b><span lang=\"FR\">Un Prix sp\u00e9cial du jury <\/span><\/b><\/p>\n<p><span lang=\"FR\">\u00a0<\/span><\/p>\n<p><span lang=\"FR\">Le Prix sp\u00e9cial du jury, dot\u00e9 de 500 euros, a \u00e9t\u00e9 attribu\u00e9 par l\u2019Apec \u00e0 Mme <b>Eva Oberloskamp <\/b>pour sa th\u00e8se intitul\u00e9e \u00ab\u00a0<i>Vers de nouveaux mondes inconnus. La perception de l\u2019Union sovi\u00e9tique dans les r\u00e9cits de voyage d\u2019intellectuels de gauche allemands et fran\u00e7ais entre les deux Guerres mondiales<\/i>\u00bb, dans le cadre d\u2019une cotutelle entre l\u2019universit\u00e9 Paris IV-Sorbonne et la <i>Ludwig-Maximilians-Universit\u00e4t<\/i>. <\/span><\/p>\n<p><span lang=\"FR\">\u00a0<\/span><\/p>\n<p><span lang=\"FR\">\u00ab <i>Mon travail porte sur la perception et le jugement de l\u2019Union sovi\u00e9tique par les voyageurs. J\u2019ai essay\u00e9 de comprendre d\u2019o\u00f9 venaient leurs prises de positions majoritairement positives<\/i> \u00bb, explique Eva Oberloskamp pour r\u00e9sumer son travail ayant b\u00e9n\u00e9fici\u00e9 de la mention \u00ab tr\u00e8s honorable avec f\u00e9licitations du jury \u00bb et s\u2019int\u00e9grant dans un projet de recherche sur l\u2019instabilit\u00e9 de la R\u00e9publique de Weimar et de la troisi\u00e8me R\u00e9publique fran\u00e7aise.<\/span><\/p>\n<p><span lang=\"FR\">\u00a0<\/span><\/p>\n<p><span lang=\"FR\">D\u00e8s la fin de sa th\u00e8se, Eva Oberloskamp a pu obtenir un post-doc \u00e0 l\u2019Institut f\u00fcr Zeitgeschichte de Munich. Dans ce cadre, elle conduit une \u00e9tude sur la lutte anti-terroriste dans les ann\u00e9es 1970-1980 en Allemagne, en France et en Italie \u2013 un sujet\u00a0 <\/span>toujours aussi fortement marqu\u00e9 d\u2019une dimension interculturelle.<\/p>\n","protected":false},"excerpt":{"rendered":"<p>Le Prix de la meilleure th\u00e8se 2010 de l\u2019Universit\u00e9 franco-allemande (UFA) et de l\u2019Association pour l\u2019emploi des cadres (Apec) a \u00e9t\u00e9 d\u00e9cern\u00e9 lors de la 2\u00e8me \u00e9dition du Salon des carri\u00e8res de la recherche \u00ab\u00a0Research\u00a0\u00bb, le vendredi 19 novembre 2010, \u00e0 M. Armin Azarian pour sa th\u00e8se en sciences de l\u2019ing\u00e9nieur intitul\u00e9e\u00a0: \u00ab\u00a0Contribution au diagnostic [&hellip;]<\/p>\n","protected":false},"author":6,"featured_media":0,"parent":1036270,"menu_order":0,"comment_status":"closed","ping_status":"closed","template":"","meta":{"_bbp_topic_count":0,"_bbp_reply_count":0,"_bbp_total_topic_count":0,"_bbp_total_reply_count":0,"_bbp_voice_count":0,"_bbp_anonymous_reply_count":0,"_bbp_topic_count_hidden":0,"_bbp_reply_count_hidden":0,"_bbp_forum_subforum_count":0,"inline_featured_image":false},"acf":[],"_links":{"self":[{"href":"https:\/\/www.dfh-ufa.org\/fr\/wp-json\/wp\/v2\/pages\/5632"}],"collection":[{"href":"https:\/\/www.dfh-ufa.org\/fr\/wp-json\/wp\/v2\/pages"}],"about":[{"href":"https:\/\/www.dfh-ufa.org\/fr\/wp-json\/wp\/v2\/types\/page"}],"author":[{"embeddable":true,"href":"https:\/\/www.dfh-ufa.org\/fr\/wp-json\/wp\/v2\/users\/6"}],"replies":[{"embeddable":true,"href":"https:\/\/www.dfh-ufa.org\/fr\/wp-json\/wp\/v2\/comments?post=5632"}],"version-history":[{"count":1,"href":"https:\/\/www.dfh-ufa.org\/fr\/wp-json\/wp\/v2\/pages\/5632\/revisions"}],"predecessor-version":[{"id":5633,"href":"https:\/\/www.dfh-ufa.org\/fr\/wp-json\/wp\/v2\/pages\/5632\/revisions\/5633"}],"up":[{"embeddable":true,"href":"https:\/\/www.dfh-ufa.org\/fr\/wp-json\/wp\/v2\/pages\/1036270"}],"wp:attachment":[{"href":"https:\/\/www.dfh-ufa.org\/fr\/wp-json\/wp\/v2\/media?parent=5632"}],"curies":[{"name":"wp","href":"https:\/\/api.w.org\/{rel}","templated":true}]}}