{"id":5822,"date":"2018-06-20T17:30:42","date_gmt":"2018-06-20T15:30:42","guid":{"rendered":"https:\/\/www.dfh-ufa.org\/fr\/stephanie-bjarnason"},"modified":"2022-07-05T09:47:33","modified_gmt":"2022-07-05T07:47:33","slug":"stephanie-bjarnason","status":"publish","type":"page","link":"https:\/\/www.dfh-ufa.org\/fr\/vous-etes\/entreprises\/prix-dexcellence\/laureats-depuis-2005\/stephanie-bjarnason","title":{"rendered":"PEX 2009 : St\u00e9phanie Bjarnason"},"content":{"rendered":"<div class=\"col-sm-9 col-sm-pull-3\">\n<div class=\"csc-textpicHeader csc-textpicHeader-25\">\n<div class=\"csc-header csc-header-n1\">\n<h2 class=\"csc-firstHeader\">\u00ab J\u2019ai toujours envi\u00e9 mes amis bilingues, et je me suis dit: finalement, il n\u2019est pas trop tard pour essayer de les rattraper. \u00bb<\/h2>\n<\/div>\n<\/div>\n<p>&nbsp;<\/p>\n<p><strong>St\u00e9phanie Bjarnason est laur\u00e9ate du Prix sp\u00e9cial du jury 2009 de l\u2019Universit\u00e9 franco-allemande. Aujourd\u2019hui install\u00e9e \u00e0 Munich, elle explique pourtant que rien ne la pr\u00e9destinait \u00e0 partir \u00e9tudier en Allemagne.<\/strong><\/p>\n<p>D\u2019origine franco-islandaise, St\u00e9phanie choisit l\u2019allemand comme premi\u00e8re langue en classe de sixi\u00e8me. Rapidement, elle envisage de devenir ing\u00e9nieure et se met \u00e0 r\u00eaver d\u2019une carri\u00e8re internationale. Mais pour cela, il lui faut acqu\u00e9rir une bonne ma\u00eetrise de la langue de Goethe. Loin d\u2019\u00eatre d\u00e9courag\u00e9e par la c\u00f4te \u00e0 gravir, ni par l\u2019aisance linguistique de certains de ses camarades, elle se lance dans l\u2019aventure avec pour meilleure alli\u00e9e une motivation \u00e0 toute \u00e9preuve. \u00ab J\u2019ai toujours envi\u00e9 mes amis bilingues, et je me suis dit: finalement, il n\u2019est pas trop tard pour les rattraper\u00bb explique-t-elle.<\/p>\n<p>Dans le cadre de son cursus d\u2019ing\u00e9nieur en production et automatisation en-tre l\u2019EPF Ecole d\u2019ing\u00e9nieurs de Sceaux et la Fachhochschule M\u00fcnchen, St\u00e9phanie part en Allemagne d\u00e8s sa deuxi\u00e8me ann\u00e9e d\u2019\u00e9tudes. Stagiaire chez BMW, elle d\u00e9couvre alors la langue, la culture et le monde de l\u2019entreprise outre Rhin en immersion totale,\u00a0 en allemand\u2026 et en bavarois !<\/p>\n<p>Tr\u00e8s engag\u00e9e dans la promotion du franco-allemand, St\u00e9phanie a \u00e9t\u00e9 repr\u00e9sentante des \u00e9tudiants en sciences de l\u2019ing\u00e9nieur du r\u00e9seau UFA pendant deux ans, et fut \u00e9galement animatrice de centres de vacances pour adolescents du Bureau International de Liaison et de Documentation. Elle est confiante en l\u2019avenir du franco-allemand, estimant qu\u2019il existe d\u00e9sormais une bonne synergie entre tous les acteurs impliqu\u00e9s.<\/p>\n<p>Elle veut rassurer les lyc\u00e9ens et les \u00e9tudiants inquiets quant aux exigences linguistiques des double-cursus : \u00ab apr\u00e8s le bac, m\u00eame en ayant de bonnes notes en cours et en s\u2019investissant, on ne parle pas allemand. C\u2019est sur place qu\u2019on apprend vraiment \u00bb. Et pour progresser rapidement, il faut oser aller \u00e0 la rencontre des autres \u00e9tudiants, de ses voisins.<\/p>\n<p>Dipl\u00f4m\u00e9e en juin, St\u00e9phanie sait que son exp\u00e9rience allemande est loin d\u2019avoir trouv\u00e9 sa conclusion. \u00ab Je ne suis pas pr\u00eate \u00e0 rentrer en France aujourd&rsquo;hui, j&rsquo;aurais trop peur de perdre le contact avec l&rsquo;Allemagne au fil du temps. Et puis je suis tomb\u00e9e amoureuse de Munich !\u00bb, explique-t-elle.<\/p>\n<p>&nbsp;<\/p>\n<p><a href=\"http:\/\/www.youtube.com\/watch?v=GJui5iglsH8&amp;feature=channel\" target=\"_blank\" rel=\"noopener noreferrer\">&gt; Voir la vid\u00e9o de la remise du prix<\/a><\/p>\n<\/div>\n","protected":false},"excerpt":{"rendered":"<p>\u00ab J\u2019ai toujours envi\u00e9 mes amis bilingues, et je me suis dit: finalement, il n\u2019est pas trop tard pour essayer de les rattraper. \u00bb &nbsp; St\u00e9phanie Bjarnason est laur\u00e9ate du Prix sp\u00e9cial du jury 2009 de l\u2019Universit\u00e9 franco-allemande. Aujourd\u2019hui install\u00e9e \u00e0 Munich, elle explique pourtant que rien ne la pr\u00e9destinait \u00e0 partir \u00e9tudier en Allemagne. [&hellip;]<\/p>\n","protected":false},"author":6,"featured_media":0,"parent":87037,"menu_order":0,"comment_status":"closed","ping_status":"closed","template":"","meta":{"_bbp_topic_count":0,"_bbp_reply_count":0,"_bbp_total_topic_count":0,"_bbp_total_reply_count":0,"_bbp_voice_count":0,"_bbp_anonymous_reply_count":0,"_bbp_topic_count_hidden":0,"_bbp_reply_count_hidden":0,"_bbp_forum_subforum_count":0,"inline_featured_image":false},"acf":[],"_links":{"self":[{"href":"https:\/\/www.dfh-ufa.org\/fr\/wp-json\/wp\/v2\/pages\/5822"}],"collection":[{"href":"https:\/\/www.dfh-ufa.org\/fr\/wp-json\/wp\/v2\/pages"}],"about":[{"href":"https:\/\/www.dfh-ufa.org\/fr\/wp-json\/wp\/v2\/types\/page"}],"author":[{"embeddable":true,"href":"https:\/\/www.dfh-ufa.org\/fr\/wp-json\/wp\/v2\/users\/6"}],"replies":[{"embeddable":true,"href":"https:\/\/www.dfh-ufa.org\/fr\/wp-json\/wp\/v2\/comments?post=5822"}],"version-history":[{"count":4,"href":"https:\/\/www.dfh-ufa.org\/fr\/wp-json\/wp\/v2\/pages\/5822\/revisions"}],"predecessor-version":[{"id":1273022,"href":"https:\/\/www.dfh-ufa.org\/fr\/wp-json\/wp\/v2\/pages\/5822\/revisions\/1273022"}],"up":[{"embeddable":true,"href":"https:\/\/www.dfh-ufa.org\/fr\/wp-json\/wp\/v2\/pages\/87037"}],"wp:attachment":[{"href":"https:\/\/www.dfh-ufa.org\/fr\/wp-json\/wp\/v2\/media?parent=5822"}],"curies":[{"name":"wp","href":"https:\/\/api.w.org\/{rel}","templated":true}]}}