{"id":5843,"date":"2018-06-20T17:00:37","date_gmt":"2018-06-20T15:00:37","guid":{"rendered":"https:\/\/www.dfh-ufa.org\/fr\/remise-des-prix-dexcellence-et-de-la-meilleure-these-de-lufa-2017"},"modified":"2022-07-04T11:52:57","modified_gmt":"2022-07-04T09:52:57","slug":"remise-des-prix-dexcellence-et-de-la-meilleure-these-de-lufa-2017","status":"publish","type":"page","link":"https:\/\/www.dfh-ufa.org\/fr\/vous-etes\/entreprises\/prix-dexcellence\/laureats-depuis-2005\/remise-des-prix-dexcellence-et-de-la-meilleure-these-de-lufa-2017","title":{"rendered":"Remise des Prix d&rsquo;Excellence et de la Meilleure Th\u00e8se de l&rsquo;UFA 2017"},"content":{"rendered":"<div id=\"pl-5843\"  class=\"panel-layout\" ><div id=\"pg-5843-0\"  class=\"panel-grid panel-no-style\" ><div id=\"pgc-5843-0-0\"  class=\"panel-grid-cell\" ><div id=\"panel-5843-0-0-0\" class=\"so-panel widget widget_sow-editor panel-first-child panel-last-child\" data-index=\"0\" ><div class=\"so-widget-sow-editor so-widget-sow-editor-base\"><h2 class=\"widget-title\">Discours de remerciement du laur\u00e9at Theo M\u00fcller<\/h2>\n<div class=\"siteorigin-widget-tinymce textwidget\">\n\t<div id=\"c38515\" class=\"csc-default\">\n<div class=\"csc-textpic-text\">\n<p>Distingu\u00e9 pour son dipl\u00f4me en <span lang=\"FR\">\u00ab\u00a0Sciences sociales, mention histoire\u00a0\u00bb \u00e0 <\/span>la Ruprecht-Karls-Universit\u00e4t Heidelberg et l'\u00c9cole des Hautes \u00c9tudes en Sciences Sociales, Th\u00e9o M\u00fcller a prononc\u00e9 un discours de remerciement \u00e0 la fin de la c\u00e9r\u00e9monie de remise des prix au nom des 13 laur\u00e9ats des Prix d'Excellence et de la Meilleure Th\u00e8se (il s'agit d'une traduction de son discours tenu en langue allemande).<\/p>\n<\/div>\n<\/div>\n<\/div>\n<\/div><\/div><\/div><\/div><div id=\"pg-5843-1\"  class=\"panel-grid panel-no-style\" ><div id=\"pgc-5843-1-0\"  class=\"panel-grid-cell\" ><div id=\"panel-5843-1-0-0\" class=\"so-panel widget widget_text panel-first-child panel-last-child\" data-index=\"1\" >\t\t\t<div class=\"textwidget\"><p><span lang=\"FR\">\u00ab <\/span>Monsieur l&rsquo;Ambassadeur, Madame la Pr\u00e9sidente,<br \/>\nMesdames, Messieurs, chers camarades \u00e9tudiants,<\/p>\n<p><i>Tout d\u2019abord : Je suis vraiment d\u00e9sol\u00e9 que je vais parler en allemand ; on m\u2019a dit que la plupart d\u2019entre vous avait l\u2019allemand comme langue maternelle. Vous ne ratez rien \u2013 c\u2019est juste la version plus longue d\u2019un grand merci \u00e0 tout le monde (NdT : ces deux premi\u00e8res phrases ont \u00e9t\u00e9 prononc\u00e9es en fran\u00e7ais par l&rsquo;orateur). <\/i><\/p>\n<p>J&rsquo;ai donc \u00e9t\u00e9 d\u00e9sign\u00e9 pour vous adresser quelques mots de remerciement mais dans un premier temps, je souhaite pr\u00e9ciser que je m&rsquo;exprime bien entendu au nom de tous les laur\u00e9ats et toutes les laur\u00e9ates. Nous vous remercions tr\u00e8s chaleureusement pour cette c\u00e9r\u00e9monie de remise des Prix d&rsquo;Excellence de l\u2019Universit\u00e9 franco-allemande. Nos remerciements vont naturellement \u00e0 l&rsquo;UFA elle-m\u00eame, mais aussi aux membres du jury et aux entreprises ayant financ\u00e9 les diff\u00e9rents prix. Nous vous en sommes tous tr\u00e8s reconnaissants. Merci beaucoup.<\/p>\n<p>Lorsqu&rsquo;on se voit remettre un tel \u00ab Prix d&rsquo;Excellence \u00bb, on est tent\u00e9 de se demander dans quelle mesure le propre parcours universitaire et l&rsquo;exp\u00e9rience interculturelle acquise durant ce dernier m\u00e9ritent r\u00e9ellement d&rsquo;\u00eatre qualifi\u00e9s d&rsquo;excellents. En effet, si nous avons probablement tous obtenu de bons dipl\u00f4mes de fin d&rsquo;\u00e9tudes dans deux, voire trois pays, nous sommes en droit de nous interroger si cela suffit \u00e0 nous consid\u00e9rer comme \u00ab excellents \u00bb ? Cette question m\u00e9rite d&rsquo;\u00eatre pos\u00e9e car entre temps, il se trouve que certaines per-sonnes qualifient un s\u00e9jour en Allemagne ou en France d&rsquo;\u00ab ennuyeux \u00bb ou tout du moins de \u00ab banal \u00bb. Je pense par exemple \u00e0 cette dame qui, l&rsquo;air effar\u00e9, rapportait \u00e0 une de ses amies dans le RER parisien que ses enfants avaient maintenant des cours d&rsquo;allemand \u00e0 l&rsquo;\u00e9cole \u2013 comme si on avait besoin d&rsquo;apprendre cette langue. Inversement, certains de mes amis m&rsquo;ont demand\u00e9 s&rsquo;il ne serait pas plus important de parfaire mes connaissances en anglais.<\/p>\n<p>Ce sont des r\u00e9flexions que j&rsquo;ai entendues \u00e0 plusieurs reprises, mais que je n&rsquo;ai jamais v\u00e9ritablement comprises.<\/p>\n<p>En effet, je me souviens encore parfaitement du jour o\u00f9 je suis parti pour la premi\u00e8re fois \u00e0 Paris en voyage de classe. C&rsquo;\u00e9tait il y a 14 ans, au cours d&rsquo;un \u00e9t\u00e9 anormalement chaud, et nous avions quitt\u00e9 notre petite ville du Nord de l&rsquo;Allemagne. Dans le car, nous avions les yeux riv\u00e9s sur l&rsquo;\u00e9cran de nos t\u00e9l\u00e9phones portables (\u00e0 l&rsquo;\u00e9poque, il n&rsquo;y avait pas encore de smartphones) que nous nous \u00e9tions empress\u00e9s d&rsquo;\u00e9teindre apr\u00e8s avoir franchi la fronti\u00e8re, par crainte de devoir payer les frais d&rsquo;itin\u00e9rance exorbitants. Apr\u00e8s avoir visit\u00e9 la capitale fran\u00e7aise au pas de course et avoir fait les photos obligatoires devant la Tour Eiffel, je me rappelle surtout que nous n&rsquo;en finissions pas de nous \u00e9tonner. Nous \u00e9tions en quelque sorte subjugu\u00e9s par la France et les Fran\u00e7ais, et naturellement aussi par cette multitude d&rsquo;impressions pour nous enti\u00e8rement nouvelles. Surtout pour ceux et celles d&rsquo;entre nous dont la famille n&rsquo;\u00e9tait pas en mesure de s&rsquo;offrir des vacances \u00e0 l&rsquo;\u00e9tranger, ce voyage constituait une des plus grandes aventures que nous avions v\u00e9cues jusque-l\u00e0.<\/p>\n<p>\u00c0 l&rsquo;\u00e9poque, je ne pouvais pas encore savoir que j&rsquo;aurais un jour l&rsquo;occasion, dans le cadre d&rsquo;un cursus soutenu par l&rsquo;UFA, de vivre et de travailler \u00e0 Paris et dans sa banlieue pendant plusieurs mois ou m\u00eame plusieurs ann\u00e9es. Aujourd&rsquo;hui, ce r\u00eave est devenu r\u00e9alit\u00e9 \u2013 m\u00eame si pour moi, vivre en France demeure en quelque sorte encore une aventure. Certes, je me suis habitu\u00e9 \u00e0 la plupart des situations de la vie quotidienne mais il m&rsquo;arrive encore fr\u00e9quemment d&rsquo;\u00eatre tout aussi \u00e9tonn\u00e9 qu&rsquo;\u00e0 l&rsquo;\u00e9poque de mon voyage de classe. Lorsque je vais faire mes courses dans un supermarch\u00e9 fran\u00e7ais, je continue \u00e0 percevoir comme une v\u00e9ritable lib\u00e9ration le fait de ne plus devoir r\u00e9fl\u00e9chir si la consigne de mes bouteilles vides se monte \u00e0 8, \u00e0 15 ou \u00e0 25 centimes. Et je ne peux m&#8217;emp\u00eacher de sourire \u00e0 chaque fois qu&rsquo;\u00e0 la caisse, un Fran\u00e7ais d&rsquo;\u00e2ge m\u00fbr sort avec le plus grand naturel son carnet de ch\u00e8ques de sa poche pour payer.<\/p>\n<p>Je crois que seul un s\u00e9jour prolong\u00e9 dans le pays partenaire, comme il nous est permis de l&rsquo;effectuer dans le cadre de nos \u00e9tudes, est en mesure d&rsquo;aiguiser v\u00e9ritablement le regard que l&rsquo;on porte sur l&rsquo;autre pays, au-del\u00e0 des diff\u00e9rences existant bien entendu dans la vie de tous les jours, dans l&rsquo;administration et dans le syst\u00e8me universitaire. J&rsquo;avais un certain nombre d&rsquo;id\u00e9es pr\u00e9con\u00e7ues sur la France lorsque j&rsquo;ai d\u00e9but\u00e9 ce cursus. Certaines se sont trouv\u00e9es confirm\u00e9es, d&rsquo;autres non. Lorsque l&rsquo;on s&rsquo;immerge dans la langue, la culture, le syst\u00e8me universitaire et la politique du pays d&rsquo;accueil, on est in\u00e9vitablement amen\u00e9 \u00e0 se remettre sans cesse en question, et on apprend finalement presque plus sur soi-m\u00eame que sur l&rsquo;autre pays.<\/p>\n<p>Ce que je trouve de formidable dans ce type d&rsquo;exp\u00e9rience, c&rsquo;est que les diff\u00e9rences existantes n&rsquo;ont pas besoin d&rsquo;\u00eatre aplanies mais que l&rsquo;on peut, surtout en tant que jeune \u00e9tudiant, en tirer parti de mani\u00e8re productive. En effet, je suis persuad\u00e9 que de bonnes \u00e9tudes et a fortiori un cursus franco-allemand peuvent \u00eatre beaucoup plus que la simple somme des notes et des points de cr\u00e9dit accumul\u00e9s \u2013 m\u00eame si le quotidien universitaire semble parfois ne pas tenir compte de ce constat. Or, c&rsquo;est justement l\u00e0 que r\u00e9side \u00e0 mes yeux la \u00ab plus-value interculturelle \u00bb : en tant que citoyens europ\u00e9ens, nous avons non seu-lement le privil\u00e8ge de pouvoir vivre, faire des \u00e9tudes et peut-\u00eatre m\u00eame travailler ult\u00e9rieu-rement dans un autre pays mais en plus, la plupart d&rsquo;entre nous y lient de nouvelles amiti\u00e9s. Certains tombent m\u00eame amoureux dans le pays d&rsquo;accueil.<\/p>\n<p>Lorsque l&rsquo;on jouit pendant un certain temps des agr\u00e9ments que constitue un parcours universitaire dans deux pays, il peut \u00eatre tentant de consid\u00e9rer ces agr\u00e9ments comme allant de soi, ce qui, bien entendu, n\u2019est pas le cas. Le supposer serait peut-\u00eatre m\u00eame quelque peu dangereux. En effet, si nous avons la possibilit\u00e9 de faire des \u00e9tudes \u00e0 l&rsquo;international, c&rsquo;est d&rsquo;une part gr\u00e2ce \u00e0 des d\u00e9cisions politiques intelligentes prises par le pass\u00e9 et d&rsquo;autre part, gr\u00e2ce aux contribuables fran\u00e7ais et allemands qui participent de mani\u00e8re non n\u00e9gligeable au financement de nos belles aventures. Cette participation des contribuables est un privil\u00e8ge qui m\u00e9rite notre respect et notre gratitude.<\/p>\n<p>Je pense qu&rsquo;il n&rsquo;est pas n\u00e9cessaire d&rsquo;avoir fait des \u00e9tudes en sciences humaines pour avoir conscience des menaces qui p\u00e8sent actuellement sur notre monde. Car il serait affreux de se r\u00e9veiller un jour et de constater que le sentiment d&rsquo;enthousiasme face \u00e0 l&rsquo;Europe et \u00e0 l&rsquo;amiti\u00e9 franco-allemande qui nous anime tous ce soir dans cette salle, n&rsquo;est plus partag\u00e9 que par une petite minorit\u00e9 de nos concitoyens. Naturellement, l&rsquo;histoire ne se r\u00e9p\u00e8te pas. Toutefois, c&rsquo;est pr\u00e9cis\u00e9ment parce que nous ne pouvons pas pr\u00e9sager de la direction que pourrait prendre un jour la situation politique de nos deux pays qu&rsquo;il est crucial de mettre en exergue, de d\u00e9fendre et d&rsquo;expliquer l&rsquo;importance et les avantages de la coop\u00e9ration internationale et plus particuli\u00e8rement, de la coop\u00e9ration franco-allemande.<\/p>\n<p>Peut-\u00eatre est-ce \u00e0 mettre sur le compte d&rsquo;une d\u00e9formation professionnelle de l&rsquo;historien en devenir que je suis, mais il me semble important de rappeler de temps \u00e0 autre que le XXIe si\u00e8cle pourrait \u00eatre le premier depuis longtemps \u00e0 ne pas voir s&rsquo;affronter Fran\u00e7ais et Allemands dans le cadre d&rsquo;un conflit arm\u00e9.<\/p>\n<p>R\u00e9affirmer notre propre grandeur et laisser en m\u00eame temps se d\u00e9liter les liens qui unissent nos deux pays ne saurait donc repr\u00e9senter une option acceptable. Qui, sinon nous, pourrait prendre le contre-pied de cette \u00e9volution ? Qui, sinon nous, pourrait t\u00e9moigner des avantages tr\u00e8s concrets que constitue l&rsquo;Europe et tout particuli\u00e8rement, la coop\u00e9ration franco-allemande ? Qui, sinon nous, enfin serait en mesure d&rsquo;affirmer haut et fort et de mani\u00e8re cr\u00e9dible que tout ceci ne correspond pas uniquement au projet d&rsquo;une \u00e9lite quelconque agissant depuis Paris et Berlin.<\/p>\n<p>Il nous a \u00e9t\u00e9 donn\u00e9 de faire l&rsquo;exp\u00e9rience tr\u00e8s concr\u00e8te des nombreux avantages que l&rsquo;Europe et tout sp\u00e9cialement la coop\u00e9ration franco-allemande peuvent nous apporter aujourd&rsquo;hui et pourraient encore continuer \u00e0 apporter \u00e0 beaucoup d&rsquo;autres personnes \u00e0 l&rsquo;avenir. Voil\u00e0 pourquoi nous devons \u00e9galement \u00eatre les premiers \u00e0 prendre la d\u00e9fense de la coop\u00e9ration universitaire, culturelle, politique et \u00e9conomique, et \u00e0 combattre l&rsquo;\u00e9mergence de tout nouveau nationalisme. En ce sens, un cursus international ou franco-allemand constitue le meilleur antidote contre toute la haine et l&rsquo;intol\u00e9rance dont certaines personnes tentent ces derniers temps de nous abreuver.<\/p>\n<p>Ce qui pourrait advenir de plus triste aux relations qui unissent nos deux pays serait assur\u00e9ment que les Fran\u00e7ais et les Allemands d\u00e9sapprennent \u00e0 \u00eatre curieux les uns des autres et \u00e0 s&rsquo;\u00e9tonner de leurs diff\u00e9rences. Ensemble, \u0153uvrons pour que ceci ne se produise jamais !<\/p>\n<p>Merci beaucoup !<span lang=\"FR\"> \u00bb<\/span><\/p>\n<\/div>\n\t\t<\/div><\/div><div id=\"pgc-5843-1-1\"  class=\"panel-grid-cell\" ><div id=\"panel-5843-1-1-0\" class=\"so-panel widget widget_text panel-first-child panel-last-child\" data-index=\"2\" >\t\t\t<div class=\"textwidget\"><div class=\"col-sm-3 col-sm-push-9\">\n<div class=\"csc-textpic-imagewrap\">\n<div class=\"row\">\n<div class=\"csc-textpic-imagerow\">\n<div class=\"csc-textpic-imagecolumn col-xs-12\">\n<p><a href=\"https:\/\/www.dfh-ufa.org\/app\/uploads\/2018\/06\/csm_DFH260117120_8da4a12398.jpg\"><img decoding=\"async\" loading=\"lazy\" class=\"alignnone size-medium wp-image-5849\" src=\"https:\/\/www.dfh-ufa.org\/app\/uploads\/2018\/06\/csm_DFH260117120_8da4a12398-300x200.jpg\" alt=\"\" width=\"300\" height=\"200\" srcset=\"https:\/\/www.dfh-ufa.org\/app\/uploads\/2018\/06\/csm_DFH260117120_8da4a12398-300x200.jpg 300w, https:\/\/www.dfh-ufa.org\/app\/uploads\/2018\/06\/csm_DFH260117120_8da4a12398-768x512.jpg 768w, https:\/\/www.dfh-ufa.org\/app\/uploads\/2018\/06\/csm_DFH260117120_8da4a12398.jpg 900w\" sizes=\"(max-width: 300px) 100vw, 300px\" \/><\/a><\/p>\n<p><a href=\"https:\/\/www.dfh-ufa.org\/app\/uploads\/2018\/06\/csm_DFH260117123_2e4dfbe360.jpg\"><img decoding=\"async\" loading=\"lazy\" class=\"alignnone size-medium wp-image-5847\" src=\"https:\/\/www.dfh-ufa.org\/app\/uploads\/2018\/06\/csm_DFH260117123_2e4dfbe360-300x200.jpg\" alt=\"\" width=\"300\" height=\"200\" srcset=\"https:\/\/www.dfh-ufa.org\/app\/uploads\/2018\/06\/csm_DFH260117123_2e4dfbe360-300x200.jpg 300w, https:\/\/www.dfh-ufa.org\/app\/uploads\/2018\/06\/csm_DFH260117123_2e4dfbe360-768x513.jpg 768w, https:\/\/www.dfh-ufa.org\/app\/uploads\/2018\/06\/csm_DFH260117123_2e4dfbe360.jpg 899w\" sizes=\"(max-width: 300px) 100vw, 300px\" \/><\/a><\/p>\n<p><a href=\"https:\/\/www.dfh-ufa.org\/app\/uploads\/2018\/06\/csm_DFH260117125_2_110810eda7.jpg\"><img decoding=\"async\" loading=\"lazy\" class=\"alignnone size-medium wp-image-5848\" src=\"https:\/\/www.dfh-ufa.org\/app\/uploads\/2018\/06\/csm_DFH260117125_2_110810eda7-300x200.jpg\" alt=\"\" width=\"300\" height=\"200\" srcset=\"https:\/\/www.dfh-ufa.org\/app\/uploads\/2018\/06\/csm_DFH260117125_2_110810eda7-300x200.jpg 300w, https:\/\/www.dfh-ufa.org\/app\/uploads\/2018\/06\/csm_DFH260117125_2_110810eda7-768x513.jpg 768w, https:\/\/www.dfh-ufa.org\/app\/uploads\/2018\/06\/csm_DFH260117125_2_110810eda7.jpg 899w\" sizes=\"(max-width: 300px) 100vw, 300px\" \/><\/a><\/p>\n<p>&nbsp;<\/p>\n<p>\u00a9 DFH-UFA<\/p>\n<figure class=\"csc-textpic-image csc-textpic-last\"><a href=\"https:\/\/www.dfh-ufa.org\/app\/uploads\/2018\/06\/csm_Logos_PEX_2017_a31d775e5f.jpg\"><img decoding=\"async\" loading=\"lazy\" class=\"alignnone size-medium wp-image-5566\" src=\"https:\/\/www.dfh-ufa.org\/app\/uploads\/2018\/06\/csm_Logos_PEX_2017_a31d775e5f-141x300.jpg\" alt=\"\" width=\"141\" height=\"300\" srcset=\"https:\/\/www.dfh-ufa.org\/app\/uploads\/2018\/06\/csm_Logos_PEX_2017_a31d775e5f-141x300.jpg 141w, https:\/\/www.dfh-ufa.org\/app\/uploads\/2018\/06\/csm_Logos_PEX_2017_a31d775e5f.jpg 281w\" sizes=\"(max-width: 141px) 100vw, 141px\" \/><\/a><\/figure>\n<div class=\"row\">\n<div class=\"csc-textpic-imagerow\">\n<div class=\"csc-textpic-imagecolumn col-xs-12\"><\/div>\n<\/div>\n<\/div>\n<div class=\"row\">\n<div class=\"csc-textpic-imagerow\">\n<div class=\"csc-textpic-imagecolumn col-xs-12\">\n<figure class=\"csc-textpic-image csc-textpic-last\"><figcaption class=\"csc-textpic-caption\">Partenaires des Prix d&rsquo;Excellence de l&rsquo;UFA 2017<\/figcaption><\/figure>\n<\/div>\n<\/div>\n<\/div>\n<figure class=\"csc-textpic-image csc-textpic-last\"><a href=\"https:\/\/www.dfh-ufa.org\/app\/uploads\/2018\/06\/csm_Logos_PMT_2015_1b8692b425.jpg\"><img decoding=\"async\" loading=\"lazy\" class=\"alignnone size-medium wp-image-6331\" src=\"https:\/\/www.dfh-ufa.org\/app\/uploads\/2018\/06\/csm_Logos_PMT_2015_1b8692b425-223x300.jpg\" alt=\"\" width=\"223\" height=\"300\" \/><\/a><\/figure>\n<div class=\"csc-textpic-imagerow csc-textpic-imagerow-last\">\n<div class=\"csc-textpic-imagecolumn col-xs-12\">\n<figure class=\"csc-textpic-image csc-textpic-last\"><figcaption class=\"csc-textpic-caption\">Partenaires des Prix de la Meilleure Th\u00e8se de l&rsquo;UFA 2017<\/figcaption><\/figure>\n<\/div>\n<\/div>\n<\/div>\n<\/div>\n<\/div>\n<\/div>\n<\/div>\n<\/div>\n\t\t<\/div><\/div><\/div><\/div>","protected":false},"excerpt":{"rendered":"<p>Distingu\u00e9 pour son dipl\u00f4me en \u00ab\u00a0Sciences sociales, mention histoire\u00a0\u00bb \u00e0 la Ruprecht-Karls-Universit\u00e4t Heidelberg et l&rsquo;\u00c9cole des Hautes \u00c9tudes en Sciences Sociales, Th\u00e9o M\u00fcller a prononc\u00e9 un discours de remerciement \u00e0 la fin de la c\u00e9r\u00e9monie de remise des prix au nom des 13 laur\u00e9ats des Prix d&rsquo;Excellence et de la Meilleure Th\u00e8se (il s&rsquo;agit d&rsquo;une [&hellip;]<\/p>\n","protected":false},"author":6,"featured_media":0,"parent":87037,"menu_order":0,"comment_status":"closed","ping_status":"closed","template":"","meta":{"_bbp_topic_count":0,"_bbp_reply_count":0,"_bbp_total_topic_count":0,"_bbp_total_reply_count":0,"_bbp_voice_count":0,"_bbp_anonymous_reply_count":0,"_bbp_topic_count_hidden":0,"_bbp_reply_count_hidden":0,"_bbp_forum_subforum_count":0,"inline_featured_image":false},"acf":[],"_links":{"self":[{"href":"https:\/\/www.dfh-ufa.org\/fr\/wp-json\/wp\/v2\/pages\/5843"}],"collection":[{"href":"https:\/\/www.dfh-ufa.org\/fr\/wp-json\/wp\/v2\/pages"}],"about":[{"href":"https:\/\/www.dfh-ufa.org\/fr\/wp-json\/wp\/v2\/types\/page"}],"author":[{"embeddable":true,"href":"https:\/\/www.dfh-ufa.org\/fr\/wp-json\/wp\/v2\/users\/6"}],"replies":[{"embeddable":true,"href":"https:\/\/www.dfh-ufa.org\/fr\/wp-json\/wp\/v2\/comments?post=5843"}],"version-history":[{"count":7,"href":"https:\/\/www.dfh-ufa.org\/fr\/wp-json\/wp\/v2\/pages\/5843\/revisions"}],"predecessor-version":[{"id":1263327,"href":"https:\/\/www.dfh-ufa.org\/fr\/wp-json\/wp\/v2\/pages\/5843\/revisions\/1263327"}],"up":[{"embeddable":true,"href":"https:\/\/www.dfh-ufa.org\/fr\/wp-json\/wp\/v2\/pages\/87037"}],"wp:attachment":[{"href":"https:\/\/www.dfh-ufa.org\/fr\/wp-json\/wp\/v2\/media?parent=5843"}],"curies":[{"name":"wp","href":"https:\/\/api.w.org\/{rel}","templated":true}]}}