{"id":6064,"date":"2018-06-25T13:50:16","date_gmt":"2018-06-25T11:50:16","guid":{"rendered":"https:\/\/www.dfh-ufa.org\/fr\/les-representants-des-etablissements-membres-au-conseil-duniversite-de-lufa"},"modified":"2025-12-18T08:20:00","modified_gmt":"2025-12-18T07:20:00","slug":"les-representants-des-etablissements-membres-au-conseil-duniversite-de-lufa","status":"publish","type":"page","link":"https:\/\/www.dfh-ufa.org\/fr\/lufa\/lufa-en-bref\/organisation\/organes\/le-conseil-duniversite\/les-representants-des-etablissements-membres-au-conseil-duniversite-de-lufa","title":{"rendered":"Les repr\u00e9sentant\u00b7es des \u00e9tablissements membres au conseil d\u2019universit\u00e9 de l\u2019UFA"},"content":{"rendered":"<div id=\"c45109\" class=\"csc-default\">\n<p>Les quatre repr\u00e9sentant\u00b7es des \u00e9tablissements membres au conseil d\u2019universit\u00e9 sont des enseignant\u00b7es-chercheur\u00b7euses \u00e9lu\u00b7es par l\u2019assembl\u00e9e des \u00e9tablissements membres, conform\u00e9ment \u00e0 l\u2019art. 6 de l\u2019accord de Weimar. La dur\u00e9e du mandat des repr\u00e9sentant\u00b7es au conseil d\u2019universit\u00e9 est de quatre ans, renouvelable une fois.<\/p>\n<p>Repr\u00e9sentant les int\u00e9r\u00eats des \u00e9tablissements membres au sein du conseil d\u2019universit\u00e9, ils\u00b7elles sont les interlocuteur\u00b7trices d\u00e9sign\u00e9\u00b7es pour r\u00e9pondre aux attentes et aux besoins des \u00e9tablissements membres et partenaires du r\u00e9seau de l\u2019Universit\u00e9 franco-allemande. N\u2019h\u00e9sitez pas \u00e0 faire part de vos demandes et suggestions. Les quatre repr\u00e9sentant\u00b7es \u00e9lu\u00b7es des \u00e9tablissements membres peuvent \u00eatre contact\u00e9\u00b7es \u00e0 l\u2019adresse suivante : <a href=\"http:\/\/mitglieder-membres(at)dfh-ufa.org\">mitglieder-membres(at)dfh-ufa.org<\/a><\/p>\n<p>&nbsp;<\/p>\n<\/div>\n<div id=\"c45105\" class=\"csc-default\">\n<div class=\"csc-header csc-header-n2\">\n<h2>Vos repr\u00e9sentant\u00b7es (2025-2028)<\/h2>\n<p>&nbsp;<\/p>\n<\/div>\n<div class=\"table-responsive\">\n<table class=\"contenttable contenttable-0 table\" style=\"width: 795px\">\n<tbody>\n<tr class=\"tr-even tr-0\">\n<td class=\"td-0\" style=\"width: 409px\"><strong>Carola H\u00e4hnel-Mesnard<br \/>\n<\/strong><\/td>\n<td class=\"td-last td-1\" style=\"width: 386px\">\u00a0\u00a0 Universit\u00e9 de Lille<\/td>\n<\/tr>\n<tr class=\"tr-odd tr-1\">\n<td class=\"td-0\" style=\"width: 409px\"><strong>Andrea von H\u00fclsen-Esch<\/strong><\/td>\n<td class=\"td-last td-1\" style=\"width: 386px\">\u00a0\u00a0 Heinrich-Heine-Universit\u00e4t D\u00fcsseldorf<\/td>\n<\/tr>\n<tr class=\"tr-odd tr-last\">\n<td class=\"td-0\" style=\"width: 409px\"><strong>Christina Stange-Fayos<\/strong><\/td>\n<td class=\"td-last td-1\" style=\"width: 386px\">\u00a0\u00a0 Universit\u00e9 Toulouse Jean Jaur\u00e8s<\/td>\n<\/tr>\n<tr class=\"tr-odd tr-last\">\n<td class=\"td-0\" style=\"width: 409px\"><strong>Isabella von Treskow<br \/>\n<\/strong><\/td>\n<td class=\"td-last td-1\" style=\"width: 386px\">\u00a0\u00a0 Universit\u00e4t Regensburg<\/td>\n<\/tr>\n<\/tbody>\n<\/table>\n<\/div>\n<\/div>\n<p>&nbsp;<\/p>\n<h3>Informations destin\u00e9es aux \u00e9tablissements membres<\/h3>\n<p>Les repr\u00e9sentant\u00b7es des \u00e9tablissements membres transmettent r\u00e9guli\u00e8rement des informations \u00e0 l\u2019attention des responsables de programmes, des coordonnateur\u00b7trices et des services des relations internationales des \u00e9tablissements membres.<\/p>\n<p>Celles-ci peuvent \u00eatre t\u00e9l\u00e9charg\u00e9es sur la <a href=\"https:\/\/www.dfh-ufa.org\/fr\/lufa\/lufa-en-bref\/organisation\/organes\/le-conseil-duniversite\/les-representants-des-etablissements-membres-au-conseil-duniversite-de-lufa\/contact-representants-des-etablissements-membres\/\">page \u00ab\u00a0Contact\u00a0\u00bb<\/a>.<\/p>\n<p>Code d\u2019acc\u00e8s oubli\u00e9 ? Dans ce cas, veuillez contacter <a href=\"http:\/\/mitglieder-membres(at)dfh-ufa.org\">mitglieder-membres(at)dfh-ufa.org<\/a>.<\/p>\n","protected":false},"excerpt":{"rendered":"<p>Les quatre repr\u00e9sentant\u00b7es des \u00e9tablissements membres au conseil d\u2019universit\u00e9 sont des enseignant\u00b7es-chercheur\u00b7euses \u00e9lu\u00b7es par l\u2019assembl\u00e9e des \u00e9tablissements membres, conform\u00e9ment \u00e0 l\u2019art. 6 de l\u2019accord de Weimar. La dur\u00e9e du mandat des repr\u00e9sentant\u00b7es au conseil d\u2019universit\u00e9 est de quatre ans, renouvelable une fois. Repr\u00e9sentant les int\u00e9r\u00eats des \u00e9tablissements membres au sein du conseil d\u2019universit\u00e9, ils\u00b7elles sont [&hellip;]<\/p>\n","protected":false},"author":2,"featured_media":0,"parent":795,"menu_order":117,"comment_status":"closed","ping_status":"closed","template":"","meta":{"_bbp_topic_count":0,"_bbp_reply_count":0,"_bbp_total_topic_count":0,"_bbp_total_reply_count":0,"_bbp_voice_count":0,"_bbp_anonymous_reply_count":0,"_bbp_topic_count_hidden":0,"_bbp_reply_count_hidden":0,"_bbp_forum_subforum_count":0,"inline_featured_image":false},"acf":[],"_links":{"self":[{"href":"https:\/\/www.dfh-ufa.org\/fr\/wp-json\/wp\/v2\/pages\/6064"}],"collection":[{"href":"https:\/\/www.dfh-ufa.org\/fr\/wp-json\/wp\/v2\/pages"}],"about":[{"href":"https:\/\/www.dfh-ufa.org\/fr\/wp-json\/wp\/v2\/types\/page"}],"author":[{"embeddable":true,"href":"https:\/\/www.dfh-ufa.org\/fr\/wp-json\/wp\/v2\/users\/2"}],"replies":[{"embeddable":true,"href":"https:\/\/www.dfh-ufa.org\/fr\/wp-json\/wp\/v2\/comments?post=6064"}],"version-history":[{"count":29,"href":"https:\/\/www.dfh-ufa.org\/fr\/wp-json\/wp\/v2\/pages\/6064\/revisions"}],"predecessor-version":[{"id":1962393,"href":"https:\/\/www.dfh-ufa.org\/fr\/wp-json\/wp\/v2\/pages\/6064\/revisions\/1962393"}],"up":[{"embeddable":true,"href":"https:\/\/www.dfh-ufa.org\/fr\/wp-json\/wp\/v2\/pages\/795"}],"wp:attachment":[{"href":"https:\/\/www.dfh-ufa.org\/fr\/wp-json\/wp\/v2\/media?parent=6064"}],"curies":[{"name":"wp","href":"https:\/\/api.w.org\/{rel}","templated":true}]}}