{"id":626026,"date":"2021-03-08T14:18:39","date_gmt":"2021-03-08T13:18:39","guid":{"rendered":"https:\/\/www.dfh-ufa.org\/fr\/?page_id=626026"},"modified":"2021-03-08T14:23:43","modified_gmt":"2021-03-08T13:23:43","slug":"descriptif-de-projet","status":"publish","type":"page","link":"https:\/\/www.dfh-ufa.org\/fr\/vous-etes\/diplome\/associations-de-diplomes-dans-le-reseau-de-lufa\/soutien-financier-1\/descriptif-de-projet","title":{"rendered":"Description du projet"},"content":{"rendered":"<script type=\"text\/javascript\">var gform;gform||(document.addEventListener(\"gform_main_scripts_loaded\",function(){gform.scriptsLoaded=!0}),window.addEventListener(\"DOMContentLoaded\",function(){gform.domLoaded=!0}),gform={domLoaded:!1,scriptsLoaded:!1,initializeOnLoaded:function(o){gform.domLoaded&&gform.scriptsLoaded?o():!gform.domLoaded&&gform.scriptsLoaded?window.addEventListener(\"DOMContentLoaded\",o):document.addEventListener(\"gform_main_scripts_loaded\",o)},hooks:{action:{},filter:{}},addAction:function(o,n,r,t){gform.addHook(\"action\",o,n,r,t)},addFilter:function(o,n,r,t){gform.addHook(\"filter\",o,n,r,t)},doAction:function(o){gform.doHook(\"action\",o,arguments)},applyFilters:function(o){return gform.doHook(\"filter\",o,arguments)},removeAction:function(o,n){gform.removeHook(\"action\",o,n)},removeFilter:function(o,n,r){gform.removeHook(\"filter\",o,n,r)},addHook:function(o,n,r,t,i){null==gform.hooks[o][n]&&(gform.hooks[o][n]=[]);var e=gform.hooks[o][n];null==i&&(i=n+\"_\"+e.length),gform.hooks[o][n].push({tag:i,callable:r,priority:t=null==t?10:t})},doHook:function(n,o,r){var t;if(r=Array.prototype.slice.call(r,1),null!=gform.hooks[n][o]&&((o=gform.hooks[n][o]).sort(function(o,n){return o.priority-n.priority}),o.forEach(function(o){\"function\"!=typeof(t=o.callable)&&(t=window[t]),\"action\"==n?t.apply(null,r):r[0]=t.apply(null,r)})),\"filter\"==n)return r[0]},removeHook:function(o,n,t,i){var r;null!=gform.hooks[o][n]&&(r=(r=gform.hooks[o][n]).filter(function(o,n,r){return!!(null!=i&&i!=o.tag||null!=t&&t!=o.priority)}),gform.hooks[o][n]=r)}});<\/script>\n                <div class='gf_browser_gecko gform_wrapper gform_legacy_markup_wrapper' id='gform_wrapper_46' ><form method='post' enctype='multipart\/form-data'  id='gform_46'  action='\/fr\/wp-json\/wp\/v2\/pages\/626026' novalidate>\n                        <div class='gform_body gform-body'><ul id='gform_fields_46' class='gform_fields top_label form_sublabel_below description_below'><li id=\"field_46_1\"  class=\"gfield gfield_contains_required field_sublabel_below field_description_below gfield_visibility_visible\"  data-js-reload=\"field_46_1\"><label class='gfield_label' for='input_46_1' >Titre du projet<span class=\"gfield_required\"><span class=\"gfield_required gfield_required_asterisk\">*<\/span><\/span><\/label><div class='ginput_container ginput_container_text'><input name='input_1' id='input_46_1' type='text' value='' class='medium'     aria-required=\"true\" aria-invalid=\"false\"   \/> <\/div><\/li><li id=\"field_46_4\"  class=\"gfield gfield_contains_required field_sublabel_below field_description_below gfield_visibility_visible\"  data-js-reload=\"field_46_4\"><label class='gfield_label' for='input_46_4' >Combien de descriptions de projets votre association a-t-elle soumise cette ann\u00e9e (y compris la pr\u00e9sente description) ?<span class=\"gfield_required\"><span class=\"gfield_required gfield_required_asterisk\">*<\/span><\/span><\/label><div class='ginput_container ginput_container_number'><input name='input_4' id='input_46_4' type='number' step='any' min='1' max='999' value='' class='small'     aria-required=\"true\" aria-invalid=\"false\" aria-describedby=\"gfield_instruction_46_4\" \/><div class='instruction ' id='gfield_instruction_46_4'>Veuillez saisir un nombre entre <strong>1<\/strong> et <strong>999<\/strong>.<\/div><\/div><\/li><li id=\"field_46_3\"  class=\"gfield gfield_contains_required field_sublabel_below field_description_below gfield_visibility_visible\"  data-js-reload=\"field_46_3\"><label class='gfield_label' for='input_46_3' >Nom de l&#039;association<span class=\"gfield_required\"><span class=\"gfield_required gfield_required_asterisk\">*<\/span><\/span><\/label><div class='ginput_container ginput_container_text'><input name='input_3' id='input_46_3' type='text' value='' class='medium'     aria-required=\"true\" aria-invalid=\"false\"   \/> <\/div><\/li><li id=\"field_46_16\"  class=\"gfield gfield_contains_required field_sublabel_below field_description_below gfield_visibility_visible\"  data-js-reload=\"field_46_16\"><label class='gfield_label' for='input_46_16' >Num\u00e9ro de dossier<span class=\"gfield_required\"><span class=\"gfield_required gfield_required_asterisk\">*<\/span><\/span><\/label><div class='ginput_container ginput_container_text'><input name='input_16' id='input_46_16' type='text' value='' class='medium'    placeholder='AL_XXXX_2026 (voir convention d&#039;allocation)' aria-required=\"true\" aria-invalid=\"false\"   \/> <\/div><\/li><li id=\"field_46_6\"  class=\"gfield gfield_contains_required field_sublabel_below field_description_below gfield_visibility_visible\"  data-js-reload=\"field_46_6\"><label class='gfield_label gfield_label_before_complex'  >Interlocuteur\u00b7trice pour le projet<span class=\"gfield_required\"><span class=\"gfield_required gfield_required_asterisk\">*<\/span><\/span><\/label><div class='ginput_complex ginput_container no_prefix has_first_name no_middle_name has_last_name no_suffix gf_name_has_2 ginput_container_name' id='input_46_6'>\n                            \n                            <span id='input_46_6_3_container' class='name_first' >\n                                                    <input type='text' name='input_6.3' id='input_46_6_3' value=''   aria-required='true'   placeholder='Pr\u00e9nom'  \/>\n                                                    <label for='input_46_6_3' >Pr\u00e9nom<\/label>\n                                                <\/span>\n                            \n                            <span id='input_46_6_6_container' class='name_last' >\n                                                    <input type='text' name='input_6.6' id='input_46_6_6' value=''   aria-required='true'   placeholder='Nom'  \/>\n                                                    <label for='input_46_6_6' >Nom<\/label>\n                                                <\/span>\n                            \n                        <\/div><\/li><li id=\"field_46_19\"  class=\"gfield gfield_contains_required field_sublabel_below field_description_below gfield_visibility_visible\"  data-js-reload=\"field_46_19\"><label class='gfield_label' for='input_46_19' >Email de l&#039;interlocuteur\u00b7trice<span class=\"gfield_required\"><span class=\"gfield_required gfield_required_asterisk\">*<\/span><\/span><\/label><div class='ginput_container ginput_container_email'>\n                            <input name='input_19' id='input_46_19' type='email' value='' class='medium'    aria-required=\"true\" aria-invalid=\"false\"  \/>\n                        <\/div><\/li><li id=\"field_46_17\"  class=\"gfield gfield_contains_required field_sublabel_below field_description_below gfield_visibility_visible\"  data-js-reload=\"field_46_17\"><label class='gfield_label' for='input_46_17' >Fonction de l&#039;interlocuteur\u00b7trice au sein de l&#039;association<span class=\"gfield_required\"><span class=\"gfield_required gfield_required_asterisk\">*<\/span><\/span><\/label><div class='ginput_container ginput_container_text'><input name='input_17' id='input_46_17' type='text' value='' class='medium'     aria-required=\"true\" aria-invalid=\"false\"   \/> <\/div><\/li><li id=\"field_46_20\"  class=\"gfield gfield_contains_required field_sublabel_below field_description_below gfield_visibility_visible\"  data-js-reload=\"field_46_20\"><label class='gfield_label' for='input_46_20' >N\u00b0 de t\u00e9l\u00e9phone de l&#039;interlocuteur\u00b7trice<span class=\"gfield_required\"><span class=\"gfield_required gfield_required_asterisk\">*<\/span><\/span><\/label><div class='ginput_container ginput_container_text'><input name='input_20' id='input_46_20' type='text' value='' class='medium'     aria-required=\"true\" aria-invalid=\"false\"   \/> <\/div><\/li><li id=\"field_46_14\"  class=\"gfield gsection field_sublabel_below field_description_below gfield_visibility_visible\"  data-js-reload=\"field_46_14\"><h2 class=\"gsection_title\">Informations sur le projet<\/h2><\/li><li id=\"field_46_21\"  class=\"gfield gfield_contains_required field_sublabel_below field_description_below gfield_visibility_visible\"  data-js-reload=\"field_46_21\"><label class='gfield_label'  >Date de l&#039;\u00e9v\u00e8nement OU de la fin du projet<span class=\"gfield_required\"><span class=\"gfield_required gfield_required_asterisk\">*<\/span><\/span><\/label><div id='input_46_21' class='ginput_container ginput_complex'><div class=\"clear-multi\"><div class='gfield_date_dropdown_day ginput_container ginput_container_date' id='input_46_21_2_container'><select name='input_21[]' id='input_46_21_2'   aria-required='true'  ><option value=''>Jour<\/option><option value='1' >1<\/option><option value='2' >2<\/option><option value='3' >3<\/option><option value='4' >4<\/option><option value='5' >5<\/option><option value='6' >6<\/option><option value='7' >7<\/option><option value='8' >8<\/option><option value='9' >9<\/option><option value='10' >10<\/option><option value='11' >11<\/option><option value='12' >12<\/option><option value='13' >13<\/option><option value='14' >14<\/option><option value='15' >15<\/option><option value='16' >16<\/option><option value='17' >17<\/option><option value='18' >18<\/option><option value='19' >19<\/option><option value='20' >20<\/option><option value='21' >21<\/option><option value='22' >22<\/option><option value='23' >23<\/option><option value='24' >24<\/option><option value='25' >25<\/option><option value='26' >26<\/option><option value='27' >27<\/option><option value='28' >28<\/option><option value='29' >29<\/option><option value='30' >30<\/option><option value='31' >31<\/option><\/select><\/div><div class='gfield_date_dropdown_month ginput_container ginput_container_date' id='input_46_21_1_container'><select name='input_21[]' id='input_46_21_1'   aria-required='true'  ><option value=''>Mois<\/option><option value='1' >1<\/option><option value='2' >2<\/option><option value='3' >3<\/option><option value='4' >4<\/option><option value='5' >5<\/option><option value='6' >6<\/option><option value='7' >7<\/option><option value='8' >8<\/option><option value='9' >9<\/option><option value='10' >10<\/option><option value='11' >11<\/option><option value='12' >12<\/option><\/select><\/div><div class='gfield_date_dropdown_year ginput_container ginput_container_date' id='input_46_21_3_container'><select name='input_21[]' id='input_46_21_3'   aria-required='true'  ><option value=''>Ann\u00e9e<\/option><option value='2027' >2027<\/option><option value='2026' >2026<\/option><option value='2025' >2025<\/option><option value='2024' >2024<\/option><option value='2023' >2023<\/option><option value='2022' >2022<\/option><option value='2021' >2021<\/option><option value='2020' >2020<\/option><option value='2019' >2019<\/option><option value='2018' >2018<\/option><option value='2017' >2017<\/option><option value='2016' >2016<\/option><option value='2015' >2015<\/option><option value='2014' >2014<\/option><option value='2013' >2013<\/option><option value='2012' >2012<\/option><option value='2011' >2011<\/option><option value='2010' >2010<\/option><option value='2009' >2009<\/option><option value='2008' >2008<\/option><option value='2007' >2007<\/option><option value='2006' >2006<\/option><option value='2005' >2005<\/option><option value='2004' >2004<\/option><option value='2003' >2003<\/option><option value='2002' >2002<\/option><option value='2001' >2001<\/option><option value='2000' >2000<\/option><option value='1999' >1999<\/option><option value='1998' >1998<\/option><option value='1997' >1997<\/option><option value='1996' >1996<\/option><option value='1995' >1995<\/option><option value='1994' >1994<\/option><option value='1993' >1993<\/option><option value='1992' >1992<\/option><option value='1991' >1991<\/option><option value='1990' >1990<\/option><option value='1989' >1989<\/option><option value='1988' >1988<\/option><option value='1987' >1987<\/option><option value='1986' >1986<\/option><option value='1985' >1985<\/option><option value='1984' >1984<\/option><option value='1983' >1983<\/option><option value='1982' >1982<\/option><option value='1981' >1981<\/option><option value='1980' >1980<\/option><option value='1979' >1979<\/option><option value='1978' >1978<\/option><option value='1977' >1977<\/option><option value='1976' >1976<\/option><option value='1975' >1975<\/option><option value='1974' >1974<\/option><option value='1973' >1973<\/option><option value='1972' >1972<\/option><option value='1971' >1971<\/option><option value='1970' >1970<\/option><option value='1969' >1969<\/option><option value='1968' >1968<\/option><option value='1967' >1967<\/option><option value='1966' >1966<\/option><option value='1965' >1965<\/option><option value='1964' >1964<\/option><option value='1963' >1963<\/option><option value='1962' >1962<\/option><option value='1961' >1961<\/option><option value='1960' >1960<\/option><option value='1959' >1959<\/option><option value='1958' >1958<\/option><option value='1957' >1957<\/option><option value='1956' >1956<\/option><option value='1955' >1955<\/option><option value='1954' >1954<\/option><option value='1953' >1953<\/option><option value='1952' >1952<\/option><option value='1951' >1951<\/option><option value='1950' >1950<\/option><option value='1949' >1949<\/option><option value='1948' >1948<\/option><option value='1947' >1947<\/option><option value='1946' >1946<\/option><option value='1945' >1945<\/option><option value='1944' >1944<\/option><option value='1943' >1943<\/option><option value='1942' >1942<\/option><option value='1941' >1941<\/option><option value='1940' >1940<\/option><option value='1939' >1939<\/option><option value='1938' >1938<\/option><option value='1937' >1937<\/option><option value='1936' >1936<\/option><option value='1935' >1935<\/option><option value='1934' >1934<\/option><option value='1933' >1933<\/option><option value='1932' >1932<\/option><option value='1931' >1931<\/option><option value='1930' >1930<\/option><option value='1929' >1929<\/option><option value='1928' >1928<\/option><option value='1927' >1927<\/option><option value='1926' >1926<\/option><option value='1925' >1925<\/option><option value='1924' >1924<\/option><option value='1923' >1923<\/option><option value='1922' >1922<\/option><option value='1921' >1921<\/option><option value='1920' >1920<\/option><\/select><\/div><\/div><\/div><\/li><li id=\"field_46_22\"  class=\"gfield field_sublabel_below field_description_below gfield_visibility_visible\"  data-js-reload=\"field_46_22\"><label class='gfield_label' for='input_46_22' >Lieu(x) de l&#039;\u00e9v\u00e8nement (le cas \u00e9ch\u00e9ant)<\/label><div class='ginput_container ginput_container_text'><input name='input_22' id='input_46_22' type='text' value='' class='small'      aria-invalid=\"false\"   \/> <\/div><\/li><li id=\"field_46_33\"  class=\"gfield gfield_contains_required field_sublabel_below field_description_below gfield_visibility_visible\"  data-js-reload=\"field_46_33\"><label class='gfield_label' for='input_46_33' >Objectifs du projet<span class=\"gfield_required\"><span class=\"gfield_required gfield_required_asterisk\">*<\/span><\/span><\/label><div class='ginput_container ginput_container_textarea'><textarea name='input_33' id='input_46_33' class='textarea medium'     aria-required=\"true\" aria-invalid=\"false\"   rows='10' cols='50'><\/textarea><\/div><\/li><li id=\"field_46_34\"  class=\"gfield gfield_contains_required field_sublabel_below field_description_below gfield_visibility_visible\"  data-js-reload=\"field_46_34\"><label class='gfield_label' for='input_46_34' >Groupe cible \/ Nature des participant\u00b7es\/intervenant\u00b7es<span class=\"gfield_required\"><span class=\"gfield_required gfield_required_asterisk\">*<\/span><\/span><\/label><div class='ginput_container ginput_container_textarea'><textarea name='input_34' id='input_46_34' class='textarea medium'     aria-required=\"true\" aria-invalid=\"false\"   rows='10' cols='50'><\/textarea><\/div><\/li><li id=\"field_46_25\"  class=\"gfield gfield_contains_required field_sublabel_below field_description_below gfield_visibility_visible\"  data-js-reload=\"field_46_25\"><label class='gfield_label' for='input_46_25' >Nombre de participant\u00b7es<span class=\"gfield_required\"><span class=\"gfield_required gfield_required_asterisk\">*<\/span><\/span><\/label><div class='ginput_container ginput_container_text'><input name='input_25' id='input_46_25' type='text' value='' class='small'     aria-required=\"true\" aria-invalid=\"false\"   \/> <\/div><\/li><li id=\"field_46_35\"  class=\"gfield gfield_contains_required field_sublabel_below field_description_below gfield_visibility_visible\"  data-js-reload=\"field_46_35\"><label class='gfield_label' for='input_46_35' >Programme ou planning du projet<span class=\"gfield_required\"><span class=\"gfield_required gfield_required_asterisk\">*<\/span><\/span><\/label><div class='ginput_container ginput_container_textarea'><textarea name='input_35' id='input_46_35' class='textarea medium'     aria-required=\"true\" aria-invalid=\"false\"   rows='10' cols='50'><\/textarea><\/div><\/li><li id=\"field_46_28\"  class=\"gfield gfield_contains_required field_sublabel_below field_description_below gfield_visibility_visible\"  data-js-reload=\"field_46_28\"><label class='gfield_label' for='input_46_28' >Budget pr\u00e9visionnel<span class=\"gfield_required\"><span class=\"gfield_required gfield_required_asterisk\">*<\/span><\/span><\/label><div class='ginput_container ginput_container_text'><input name='input_28' id='input_46_28' type='text' value='' class='small'     aria-required=\"true\" aria-invalid=\"false\"   \/> <\/div><\/li><li id=\"field_46_36\"  class=\"gfield gfield_contains_required field_sublabel_below field_description_below gfield_visibility_visible\"  data-js-reload=\"field_46_36\"><label class='gfield_label' for='input_46_36' >R\u00e9partition des co\u00fbts<span class=\"gfield_required\"><span class=\"gfield_required gfield_required_asterisk\">*<\/span><\/span><\/label><div class='ginput_container ginput_container_textarea'><textarea name='input_36' id='input_46_36' class='textarea medium'    placeholder='Merci de d\u00e9tailler les d\u00e9penses pr\u00e9vues et leur montant respectif, par ex. Frais de d\u00e9placement : 100\u20ac ; ....' aria-required=\"true\" aria-invalid=\"false\"   rows='10' cols='50'><\/textarea><\/div><\/li><li id=\"field_46_37\"  class=\"gfield gfield_contains_required field_sublabel_below field_description_below gfield_visibility_visible\"  data-js-reload=\"field_46_37\"><label class='gfield_label' for='input_46_37' >Autres financements pr\u00e9vus pour ce projet<span class=\"gfield_required\"><span class=\"gfield_required gfield_required_asterisk\">*<\/span><\/span><\/label><div class='ginput_container ginput_container_textarea'><textarea name='input_37' id='input_46_37' class='textarea medium'    placeholder='Merci de d\u00e9tailler chaque financeur, le montant de leur aide, l&#039;usage qui en est pr\u00e9vu. Par ex. Office Franco-Allemand pour la Jeunesse : 500 \u20ac d\u00e9di\u00e9s aux frais de d\u00e9placement ; ...' aria-required=\"true\" aria-invalid=\"false\"   rows='10' cols='50'><\/textarea><\/div><\/li><li id=\"field_46_38\"  class=\"gfield gfield_contains_required field_sublabel_below field_description_below gfield_visibility_visible\"  data-js-reload=\"field_46_38\"><label class='gfield_label' for='input_46_38' >Quand et comment est-il fait r\u00e9f\u00e9rence au financement de l&#039;UFA ?<span class=\"gfield_required\"><span class=\"gfield_required gfield_required_asterisk\">*<\/span><\/span><\/label><div class='ginput_container ginput_container_textarea'><textarea name='input_38' id='input_46_38' class='textarea medium'    placeholder='Par ex. Logo de l&#039;UFA sur des brochures, sur un site internet, des r\u00e9seaux sociaux, pr\u00e9sentation de l&#039;UFA sur place ; ...' aria-required=\"true\" aria-invalid=\"false\"   rows='10' cols='50'><\/textarea><\/div><\/li><li id=\"field_46_32\"  class=\"gfield gfield_contains_required field_sublabel_below field_description_below gfield_visibility_visible\"  data-js-reload=\"field_46_32\"><label class='gfield_label gfield_label_before_complex'  >Protection des donn\u00e9es personnelles<span class=\"gfield_required\"><span class=\"gfield_required gfield_required_asterisk\">*<\/span><\/span><\/label><div class='ginput_container ginput_container_consent'><input name='input_32.1' id='input_46_32_1' type='checkbox' value='1'   aria-required=\"true\" aria-invalid=\"false\"   \/> <label class=\"gfield_consent_label\" for='input_46_32_1' >Je d\u00e9clare avoir pris connaissance de la <a href=\"https:\/\/www.dfh-ufa.org\/fr\/charte-de-confidentialite\">d\u00e9claration sur la protection des donn\u00e9es de l'UFA<\/a> et donne mon accord pour le traitement des donn\u00e9es saisies ci-dessus. Par l'envoi de votre demande, vous nous autorisez \u00e0 traiter les donn\u00e9es que vous avez renseign\u00e9es. Ces donn\u00e9es seront stock\u00e9es par nos soins jusqu'au remboursement des allocations non utilis\u00e9es en fin d'ann\u00e9e, puis supprim\u00e9es l'ann\u00e9e suivante. Vous confirmez que toute \u00e9ventuelle tierce personne (autres membres du bureau indiqu\u00e9s par vos soins, par ex.) est inform\u00e9e de votre pr\u00e9sente demande.<\/label><input type='hidden' name='input_32.2' value='Je d\u00e9clare avoir pris connaissance de la &lt;a href=&quot;https:\/\/www.dfh-ufa.org\/fr\/charte-de-confidentialite&quot;&gt;d\u00e9claration sur la protection des donn\u00e9es de l&#039;UFA&lt;\/a&gt; et donne mon accord pour le traitement des donn\u00e9es saisies ci-dessus. Par l&#039;envoi de votre demande, vous nous autorisez \u00e0 traiter les donn\u00e9es que vous avez renseign\u00e9es. Ces donn\u00e9es seront stock\u00e9es par nos soins jusqu&#039;au remboursement des allocations non utilis\u00e9es en fin d&#039;ann\u00e9e, puis supprim\u00e9es l&#039;ann\u00e9e suivante. Vous confirmez que toute \u00e9ventuelle tierce personne (autres membres du bureau indiqu\u00e9s par vos soins, par ex.) est inform\u00e9e de votre pr\u00e9sente demande.' class='gform_hidden' \/><input type='hidden' name='input_32.3' value='2' class='gform_hidden' \/><\/div><\/li><li id=\"field_46_39\"  class=\"gfield gsection field_sublabel_below field_description_below gfield_visibility_visible\"  data-js-reload=\"field_46_39\"><h2 class=\"gsection_title\"><\/h2><\/li><\/ul><\/div>\n        <div class='gform_footer top_label'> <input type='submit' id='gform_submit_button_46' class='gform_button button' value='Envoyer'  onclick='if(window[\"gf_submitting_46\"]){return false;}  if( !jQuery(\"#gform_46\")[0].checkValidity || jQuery(\"#gform_46\")[0].checkValidity()){window[\"gf_submitting_46\"]=true;}  ' onkeypress='if( event.keyCode == 13 ){ if(window[\"gf_submitting_46\"]){return false;} if( !jQuery(\"#gform_46\")[0].checkValidity || jQuery(\"#gform_46\")[0].checkValidity()){window[\"gf_submitting_46\"]=true;}  jQuery(\"#gform_46\").trigger(\"submit\",[true]); }' \/> \n            <input type='hidden' class='gform_hidden' name='is_submit_46' value='1' \/>\n            <input type='hidden' class='gform_hidden' name='gform_submit' value='46' \/>\n            \n            <input type='hidden' class='gform_hidden' name='gform_unique_id' value='' \/>\n            <input type='hidden' class='gform_hidden' name='state_46' value='WyJ7XCIzMi4xXCI6XCI1ZDMwN2E3MmRiOGNlNDlkYWZkNTFmNzVhMmQ3MDY2Y1wiLFwiMzIuMlwiOlwiMjlkM2VhY2QyZGI2ZjZlYjk5NjVjZjBkNTU5NjNjZjFcIixcIjMyLjNcIjpcIjE2MGNmZDg4OWIyODI1NzgxNmRlYTBlMjMyODNlYTAzXCJ9IiwiMjVkZTI5M2QxMjQ5Y2I1ZmE3NmZkYzYwYzg1NDhlY2EiXQ==' \/>\n            <input type='hidden' class='gform_hidden' name='gform_target_page_number_46' id='gform_target_page_number_46' value='0' \/>\n            <input type='hidden' class='gform_hidden' name='gform_source_page_number_46' id='gform_source_page_number_46' value='1' \/>\n            <input type='hidden' name='gform_field_values' value='' \/>\n            \n        <\/div>\n                        <\/form>\n                        <\/div>\n","protected":false},"excerpt":{"rendered":"","protected":false},"author":21,"featured_media":0,"parent":4434,"menu_order":49,"comment_status":"closed","ping_status":"closed","template":"","meta":{"_bbp_topic_count":0,"_bbp_reply_count":0,"_bbp_total_topic_count":0,"_bbp_total_reply_count":0,"_bbp_voice_count":0,"_bbp_anonymous_reply_count":0,"_bbp_topic_count_hidden":0,"_bbp_reply_count_hidden":0,"_bbp_forum_subforum_count":0,"inline_featured_image":false},"acf":[],"_links":{"self":[{"href":"https:\/\/www.dfh-ufa.org\/fr\/wp-json\/wp\/v2\/pages\/626026"}],"collection":[{"href":"https:\/\/www.dfh-ufa.org\/fr\/wp-json\/wp\/v2\/pages"}],"about":[{"href":"https:\/\/www.dfh-ufa.org\/fr\/wp-json\/wp\/v2\/types\/page"}],"author":[{"embeddable":true,"href":"https:\/\/www.dfh-ufa.org\/fr\/wp-json\/wp\/v2\/users\/21"}],"replies":[{"embeddable":true,"href":"https:\/\/www.dfh-ufa.org\/fr\/wp-json\/wp\/v2\/comments?post=626026"}],"version-history":[{"count":3,"href":"https:\/\/www.dfh-ufa.org\/fr\/wp-json\/wp\/v2\/pages\/626026\/revisions"}],"predecessor-version":[{"id":626029,"href":"https:\/\/www.dfh-ufa.org\/fr\/wp-json\/wp\/v2\/pages\/626026\/revisions\/626029"}],"up":[{"embeddable":true,"href":"https:\/\/www.dfh-ufa.org\/fr\/wp-json\/wp\/v2\/pages\/4434"}],"wp:attachment":[{"href":"https:\/\/www.dfh-ufa.org\/fr\/wp-json\/wp\/v2\/media?parent=626026"}],"curies":[{"name":"wp","href":"https:\/\/api.w.org\/{rel}","templated":true}]}}