{"id":676660,"date":"2021-05-25T10:07:03","date_gmt":"2021-05-25T08:07:03","guid":{"rendered":"https:\/\/www.dfh-ufa.org\/fr\/?page_id=676660"},"modified":"2021-09-09T15:08:40","modified_gmt":"2021-09-09T13:08:40","slug":"accompagnement-numerique-de-la-mobilite-franco-allemande","status":"publish","type":"page","link":"https:\/\/www.dfh-ufa.org\/fr\/actualites\/news\/accompagnement-numerique-de-la-mobilite-franco-allemande","title":{"rendered":"Accompagnement num\u00e9rique de la mobilit\u00e9 franco-allemande"},"content":{"rendered":"<p><strong><u>Appel \u00e0 projets 2021<\/u><\/strong><strong><u><br \/>\n<\/u><\/strong><\/p>\n<p><strong><a href=\"https:\/\/www.dfh-ufa.org\/app\/uploads\/2021\/06\/2021-04_appel_a_projets_numerique_final_FR.pdf\" target=\"_blank\" rel=\"noopener noreferrer\">\u00ab Accompagnement num\u00e9rique de la mobilit\u00e9 franco-allemande \u00bb<\/a><\/strong><\/p>\n<p><strong>\u00c0 remplir en ligne jusqu&rsquo;au 30.09.2021, 12h00 <\/strong><\/p>\n<p class=\"gsection_title\">Les candidatures doivent \u00eatre r\u00e9dig\u00e9es soit en fran\u00e7ais, soit en allemand. Il ne peut \u00eatre transmis qu\u2019un formulaire par candidature. En cas de transmission renouvel\u00e9e ou multiple, seule la derni\u00e8re transmission en date \u00e0 l\u2019\u00e9ch\u00e9ance sera prise en compte.<\/p>\n<p><strong>\u00c0 NOTER :<br \/>\n<\/strong>Nous vous recommandons donc de saisir l\u2019ensemble des informations demand\u00e9es dans les champs correspondants du formulaire \u2013 et en particulier de v\u00e9rifier que figurent bien les trois parties constituant le dossier de candidature \u2013<span lang=\"fr-FR\">, <\/span>apr\u00e8s les avoir r\u00e9dig\u00e9<span lang=\"fr-FR\">e<\/span>s au pr\u00e9alable sous format Word. Seuls les formulaires int\u00e9gralement remplis peuvent \u00eatre enregistr\u00e9s.<\/p>\n<p><strong>Les informations signal\u00e9es par une ast\u00e9risque * sont \u00e0 renseigner obligatoirement.<\/strong><\/p>\n<p>&nbsp;<\/p>\n\n","protected":false},"excerpt":{"rendered":"<p>Appel \u00e0 projets 2021 \u00ab Accompagnement num\u00e9rique de la mobilit\u00e9 franco-allemande \u00bb \u00c0 remplir en ligne jusqu&rsquo;au 30.09.2021, 12h00 Les candidatures doivent \u00eatre r\u00e9dig\u00e9es soit en fran\u00e7ais, soit en allemand. Il ne peut \u00eatre transmis qu\u2019un formulaire par candidature. En cas de transmission renouvel\u00e9e ou multiple, seule la derni\u00e8re transmission en date \u00e0 l\u2019\u00e9ch\u00e9ance sera [&hellip;]<\/p>\n","protected":false},"author":2,"featured_media":0,"parent":869,"menu_order":38,"comment_status":"closed","ping_status":"closed","template":"","meta":{"_bbp_topic_count":0,"_bbp_reply_count":0,"_bbp_total_topic_count":0,"_bbp_total_reply_count":0,"_bbp_voice_count":0,"_bbp_anonymous_reply_count":0,"_bbp_topic_count_hidden":0,"_bbp_reply_count_hidden":0,"_bbp_forum_subforum_count":0,"inline_featured_image":false},"acf":[],"_links":{"self":[{"href":"https:\/\/www.dfh-ufa.org\/fr\/wp-json\/wp\/v2\/pages\/676660"}],"collection":[{"href":"https:\/\/www.dfh-ufa.org\/fr\/wp-json\/wp\/v2\/pages"}],"about":[{"href":"https:\/\/www.dfh-ufa.org\/fr\/wp-json\/wp\/v2\/types\/page"}],"author":[{"embeddable":true,"href":"https:\/\/www.dfh-ufa.org\/fr\/wp-json\/wp\/v2\/users\/2"}],"replies":[{"embeddable":true,"href":"https:\/\/www.dfh-ufa.org\/fr\/wp-json\/wp\/v2\/comments?post=676660"}],"version-history":[{"count":23,"href":"https:\/\/www.dfh-ufa.org\/fr\/wp-json\/wp\/v2\/pages\/676660\/revisions"}],"predecessor-version":[{"id":834273,"href":"https:\/\/www.dfh-ufa.org\/fr\/wp-json\/wp\/v2\/pages\/676660\/revisions\/834273"}],"up":[{"embeddable":true,"href":"https:\/\/www.dfh-ufa.org\/fr\/wp-json\/wp\/v2\/pages\/869"}],"wp:attachment":[{"href":"https:\/\/www.dfh-ufa.org\/fr\/wp-json\/wp\/v2\/media?parent=676660"}],"curies":[{"name":"wp","href":"https:\/\/api.w.org\/{rel}","templated":true}]}}