{"id":6928,"date":"2018-07-06T10:44:12","date_gmt":"2018-07-06T08:44:12","guid":{"rendered":"https:\/\/www.dfh-ufa.org\/fr\/vous-etes\/etudiant-doctorant-diplome\/doctorant\/manifestations-scientifiques-pour-jeunes-chercheurs\/manifestations-scientifiques-consacrees-a-la-thematique-du-numerique\/"},"modified":"2018-07-06T10:44:28","modified_gmt":"2018-07-06T08:44:28","slug":"manifestations-scientifiques-consacrees-a-la-thematique-du-numerique","status":"publish","type":"page","link":"https:\/\/www.dfh-ufa.org\/fr\/vous-etes\/doctorant\/manifestations-scientifiques-pour-jeunes-chercheurs\/manifestations-scientifiques-consacrees-a-la-thematique-du-numerique","title":{"rendered":"Manifestations scientifiques consacr\u00e9es \u00e0 la th\u00e9matique du num\u00e9rique"},"content":{"rendered":"","protected":false},"excerpt":{"rendered":"","protected":false},"author":19,"featured_media":0,"parent":831,"menu_order":115,"comment_status":"closed","ping_status":"closed","template":"","meta":{"_bbp_topic_count":0,"_bbp_reply_count":0,"_bbp_total_topic_count":0,"_bbp_total_reply_count":0,"_bbp_voice_count":0,"_bbp_anonymous_reply_count":0,"_bbp_topic_count_hidden":0,"_bbp_reply_count_hidden":0,"_bbp_forum_subforum_count":0,"inline_featured_image":false},"acf":[],"_links":{"self":[{"href":"https:\/\/www.dfh-ufa.org\/fr\/wp-json\/wp\/v2\/pages\/6928"}],"collection":[{"href":"https:\/\/www.dfh-ufa.org\/fr\/wp-json\/wp\/v2\/pages"}],"about":[{"href":"https:\/\/www.dfh-ufa.org\/fr\/wp-json\/wp\/v2\/types\/page"}],"author":[{"embeddable":true,"href":"https:\/\/www.dfh-ufa.org\/fr\/wp-json\/wp\/v2\/users\/19"}],"replies":[{"embeddable":true,"href":"https:\/\/www.dfh-ufa.org\/fr\/wp-json\/wp\/v2\/comments?post=6928"}],"version-history":[{"count":1,"href":"https:\/\/www.dfh-ufa.org\/fr\/wp-json\/wp\/v2\/pages\/6928\/revisions"}],"predecessor-version":[{"id":6929,"href":"https:\/\/www.dfh-ufa.org\/fr\/wp-json\/wp\/v2\/pages\/6928\/revisions\/6929"}],"up":[{"embeddable":true,"href":"https:\/\/www.dfh-ufa.org\/fr\/wp-json\/wp\/v2\/pages\/831"}],"wp:attachment":[{"href":"https:\/\/www.dfh-ufa.org\/fr\/wp-json\/wp\/v2\/media?parent=6928"}],"curies":[{"name":"wp","href":"https:\/\/api.w.org\/{rel}","templated":true}]}}