{"id":7257,"date":"2018-07-09T15:38:26","date_gmt":"2018-07-09T13:38:26","guid":{"rendered":"https:\/\/www.dfh-ufa.org\/fr\/vous-etes\/entreprises\/manifestations\/dialogue-avec-le-monde-economique-le-13-novembre-2017-a-partir-de-18-heures-dans-les-locaux-de-lindustrie-club-dusseldorf\/"},"modified":"2022-05-05T10:46:26","modified_gmt":"2022-05-05T08:46:26","slug":"dialogue-avec-le-monde-economique-le-13-novembre-2017-a-partir-de-18-heures-dans-les-locaux-de-lindustrie-club-dusseldorf","status":"publish","type":"page","link":"https:\/\/www.dfh-ufa.org\/fr\/vous-etes\/entreprises\/manifestations\/dialogue-avec-le-monde-economique-le-13-novembre-2017-a-partir-de-18-heures-dans-les-locaux-de-lindustrie-club-dusseldorf","title":{"rendered":"\u00ab Dialogue avec le monde \u00e9conomique \u00bb le 13 novembre 2017 \u00e0 partir de 18 heures dans les locaux de l\u2019Industrie-Club D\u00fcsseldorf"},"content":{"rendered":"<p><img decoding=\"async\" loading=\"lazy\" class=\"wp-image-7265 size-large aligncenter\" src=\"https:\/\/www.dfh-ufa.org\/app\/uploads\/2018\/07\/Logos_DmdW_2017-4-1024x162.jpg\" alt=\"\" width=\"1024\" height=\"162\" srcset=\"https:\/\/www.dfh-ufa.org\/app\/uploads\/2018\/07\/Logos_DmdW_2017-4-1024x162.jpg 1024w, https:\/\/www.dfh-ufa.org\/app\/uploads\/2018\/07\/Logos_DmdW_2017-4-300x48.jpg 300w, https:\/\/www.dfh-ufa.org\/app\/uploads\/2018\/07\/Logos_DmdW_2017-4-768x122.jpg 768w\" sizes=\"(max-width: 1024px) 100vw, 1024px\" \/><\/p>\n<div id=\"c40858\" class=\"csc-default\">\n<div class=\"csc-textpic-text\">\n<p><strong>Manifestation de l&rsquo;Universit\u00e9 franco-allemande (UFA) en coop\u00e9ration avec le Cercle franco-allemand de D\u00fcsseldorf, Business France en Allemagne et les Conseillers du Commerce Ext\u00e9rieur de la France en Allemagne (CCEF)<\/strong><\/p>\n<p>L\u2019objectif de cette manifestation \u00e9tait de renforcer les \u00e9changes entre enseignement sup\u00e9rieur, \u00e9tudiant*es et monde \u00e9conomique. Parall\u00e8lement \u00e0 la mise en r\u00e9seau et aux \u00e9changes ont \u00e9t\u00e9 abord\u00e9s des th\u00e8mes comme la plus-value des parcours universitaires et scientifiques internationaux, l\u2019insertion professionnelle et l\u2019optimisation des parcours professionnels.<\/p>\n<p>Apr\u00e8s un discours de M. Gerhard Cromme, une table ronde accueillant des repr\u00e9sentant*es du monde \u00e9conomique et du r\u00e9seau UFA s&rsquo;est concentr\u00e9e sur les besoins en personnel qualifi\u00e9 des entreprises. A l\u2019issue de cette manifestation, les participant*es avaient l&rsquo;occasion d&rsquo;\u00e9changer de mani\u00e8re plus informelle lors d\u2019un cocktail.<\/p>\n<\/div>\n<\/div>\n<p>&nbsp;<\/p>\n<div id=\"c40915\" class=\"csc-default\">\n<div class=\"csc-header csc-header-n4\">\n<p><strong>Programme :<\/strong><\/p>\n<p>&nbsp;<\/p>\n<\/div>\n<div class=\"table-responsive\">\n<table class=\"contenttable contenttable-0 table\">\n<tbody>\n<tr class=\"tr-even tr-0\">\n<td class=\"td-0\">17h30<\/td>\n<td class=\"td-last td-1\">Inscription<\/td>\n<\/tr>\n<tr class=\"tr-odd tr-1\">\n<td class=\"td-0\">18h00<\/td>\n<td class=\"td-last td-1\">Allocutions de bienvenue<\/td>\n<\/tr>\n<tr class=\"tr-even tr-2\">\n<td class=\"td-0\"><\/td>\n<td class=\"td-last td-1\">&#8211; Joachim F. Scheele, Pr\u00e9sident de l&rsquo;Industrie-Club D\u00fcsseldorf<\/td>\n<\/tr>\n<tr class=\"tr-odd tr-3\">\n<td class=\"td-0\"><\/td>\n<td class=\"td-last td-1\">&#8211; Cornelis Canenbley, Pr\u00e9sident du Cercle franco-allemand de D\u00fcsseldorf<\/td>\n<\/tr>\n<tr class=\"tr-even tr-4\">\n<td class=\"td-0\"><\/td>\n<td class=\"td-last td-1\">&#8211; Patricia Oster-Stierle, Pr\u00e9sidente de l&rsquo;UFA<\/td>\n<\/tr>\n<tr class=\"tr-odd tr-5\">\n<td class=\"td-0\">18h20<\/td>\n<td class=\"td-last td-1\">Keynote speach de Gerhard Cromme : \u00ab Cr\u00e9er une nouvelle \u00e8re de la coop\u00e9ration franco-allemande \u00bb<\/td>\n<\/tr>\n<tr class=\"tr-even tr-6\">\n<td class=\"td-0\">18h45<\/td>\n<td class=\"td-last td-1\">Table ronde anim\u00e9e par Patricia Oster-Stierle, Pr\u00e9sidente de l&rsquo;UFA, et Cornelis Canenbley, Pr\u00e9sident du Cercle franco-allemand de D\u00fcsseldorf : \u00ab Les cursus binationaux de l\u2018UFA \u2013 un billet d\u2019entr\u00e9e pour le march\u00e9 du travail international\u00a0? Quelles sont les attentes des employeurs\u00a0? Que propose l\u2019UFA au monde \u00e9conomique\u00a0?\u00a0\u00bb<\/td>\n<\/tr>\n<tr class=\"tr-odd tr-7\">\n<td class=\"td-0\"><\/td>\n<td class=\"td-last td-1\">Intervenant*es :<\/td>\n<\/tr>\n<tr class=\"tr-even tr-8\">\n<td class=\"td-0\"><\/td>\n<td class=\"td-last td-1\">&#8211; Didier Boulogne, Directeur g\u00e9n\u00e9ral de Business France Allemagne<\/td>\n<\/tr>\n<tr class=\"tr-odd tr-9\">\n<td class=\"td-0\"><\/td>\n<td class=\"td-last td-1\">&#8211; Thomas Kremer, membre du commit\u00e9 de direction de la Deutsche Telekom AG<\/td>\n<\/tr>\n<tr class=\"tr-even tr-10\">\n<td class=\"td-0\"><\/td>\n<td class=\"td-last td-1\">&#8211; Christian R\u00e4tsch, CEO de Saatchi &amp; Saatchi Allemagne<\/td>\n<\/tr>\n<tr class=\"tr-odd tr-11\">\n<td class=\"td-0\"><\/td>\n<td class=\"td-last td-1\">&#8211; Daniela Weber-Rey, avocate, membre du conseil d&rsquo;administration HSBC Trinkaus &amp; Burkhardt<\/td>\n<\/tr>\n<tr class=\"tr-even tr-12\">\n<td class=\"td-0\"><\/td>\n<td class=\"td-last td-1\">&#8211; Lydie Gohin, dipl\u00f4m\u00e9e du cursus int\u00e9gr\u00e9 \u00ab European Management Studies \u00bb entre l&rsquo;ESB Business School \/ Hochschule Reutlingen et l&rsquo;EM Business School \/ Universit\u00e9 de Strasbourg<\/td>\n<\/tr>\n<tr class=\"tr-odd tr-13\">\n<td class=\"td-0\"><\/td>\n<td class=\"td-last td-1\">Questions et \u00e9change avec les participants<\/td>\n<\/tr>\n<tr class=\"tr-even tr-14\">\n<td class=\"td-0\">19h45<\/td>\n<td class=\"td-last td-1\">Mot de cl\u00f4ture de Pamela Stenzel, CCEF, Office K61, avocate<\/td>\n<\/tr>\n<tr class=\"tr-odd tr-last\">\n<td class=\"td-0\">20h00<\/td>\n<td class=\"td-last td-1\">Cocktail d\u00eenatoire<\/td>\n<\/tr>\n<\/tbody>\n<\/table>\n<\/div>\n<\/div>\n","protected":false},"excerpt":{"rendered":"<p>Manifestation de l&rsquo;Universit\u00e9 franco-allemande (UFA) en coop\u00e9ration avec le Cercle franco-allemand de D\u00fcsseldorf, Business France en Allemagne et les Conseillers du Commerce Ext\u00e9rieur de la France en Allemagne (CCEF) L\u2019objectif de cette manifestation \u00e9tait de renforcer les \u00e9changes entre enseignement sup\u00e9rieur, \u00e9tudiant*es et monde \u00e9conomique. Parall\u00e8lement \u00e0 la mise en r\u00e9seau et aux \u00e9changes ont [&hellip;]<\/p>\n","protected":false},"author":19,"featured_media":0,"parent":864,"menu_order":113,"comment_status":"closed","ping_status":"closed","template":"","meta":{"_bbp_topic_count":0,"_bbp_reply_count":0,"_bbp_total_topic_count":0,"_bbp_total_reply_count":0,"_bbp_voice_count":0,"_bbp_anonymous_reply_count":0,"_bbp_topic_count_hidden":0,"_bbp_reply_count_hidden":0,"_bbp_forum_subforum_count":0,"inline_featured_image":false},"acf":[],"_links":{"self":[{"href":"https:\/\/www.dfh-ufa.org\/fr\/wp-json\/wp\/v2\/pages\/7257"}],"collection":[{"href":"https:\/\/www.dfh-ufa.org\/fr\/wp-json\/wp\/v2\/pages"}],"about":[{"href":"https:\/\/www.dfh-ufa.org\/fr\/wp-json\/wp\/v2\/types\/page"}],"author":[{"embeddable":true,"href":"https:\/\/www.dfh-ufa.org\/fr\/wp-json\/wp\/v2\/users\/19"}],"replies":[{"embeddable":true,"href":"https:\/\/www.dfh-ufa.org\/fr\/wp-json\/wp\/v2\/comments?post=7257"}],"version-history":[{"count":8,"href":"https:\/\/www.dfh-ufa.org\/fr\/wp-json\/wp\/v2\/pages\/7257\/revisions"}],"predecessor-version":[{"id":1182291,"href":"https:\/\/www.dfh-ufa.org\/fr\/wp-json\/wp\/v2\/pages\/7257\/revisions\/1182291"}],"up":[{"embeddable":true,"href":"https:\/\/www.dfh-ufa.org\/fr\/wp-json\/wp\/v2\/pages\/864"}],"wp:attachment":[{"href":"https:\/\/www.dfh-ufa.org\/fr\/wp-json\/wp\/v2\/media?parent=7257"}],"curies":[{"name":"wp","href":"https:\/\/api.w.org\/{rel}","templated":true}]}}