{"id":7258,"date":"2018-07-09T15:38:26","date_gmt":"2018-07-09T13:38:26","guid":{"rendered":"https:\/\/www.dfh-ufa.org\/fr\/vous-etes\/entreprises\/manifestations\/business-speed-dating-pour-les-etudiants-et-diplomes-de-lufa\/"},"modified":"2022-05-05T10:55:22","modified_gmt":"2022-05-05T08:55:22","slug":"business-speed-dating-pour-les-etudiants-et-diplomes-de-lufa","status":"publish","type":"page","link":"https:\/\/www.dfh-ufa.org\/fr\/vous-etes\/entreprises\/manifestations\/business-speed-dating-pour-les-etudiants-et-diplomes-de-lufa","title":{"rendered":"Business speed dating pour les \u00e9tudiants et dipl\u00f4m\u00e9s de l&rsquo;UFA"},"content":{"rendered":"<div id=\"c37340\" class=\"csc-default\">\n<div class=\"csc-textpic-text\">\n<figure id=\"attachment_7283\" aria-describedby=\"caption-attachment-7283\" style=\"width: 227px\" class=\"wp-caption alignright\"><img decoding=\"async\" loading=\"lazy\" class=\"wp-image-7283 size-full\" title=\"Partenaires\" src=\"https:\/\/www.dfh-ufa.org\/app\/uploads\/2018\/07\/Logos_Speed_Dating.jpg\" alt=\"\" width=\"227\" height=\"720\" srcset=\"https:\/\/www.dfh-ufa.org\/app\/uploads\/2018\/07\/Logos_Speed_Dating.jpg 227w, https:\/\/www.dfh-ufa.org\/app\/uploads\/2018\/07\/Logos_Speed_Dating-95x300.jpg 95w\" sizes=\"(max-width: 227px) 100vw, 227px\" \/><figcaption id=\"caption-attachment-7283\" class=\"wp-caption-text\">PARTENAIRES<\/figcaption><\/figure>\n<div id=\"c37340\" class=\"csc-default\">\n<div class=\"csc-textpic-text\">\n<p><strong>Le 26 janvier 2017, l\u2019UFA a propos\u00e9 \u00e0 ses \u00e9tudiant*es et dipl\u00f4m\u00e9*es un speed dating \u00e0 l\u2019Ambassade de France \u00e0 Berlin.\u00a0<\/strong><\/p>\n<p>Dix entreprises \u00e9taient au rendez-vous pour passer des\u00a0<strong>entretiens d\u2019une quinzaine de minutes<\/strong> avec des \u00e9tudiant*es et dipl\u00f4m\u00e9*es de l\u2019UFA. Parmi les partenaires pr\u00e9sents figuraient la maison d&rsquo;\u00e9dition Axel Springer, BASF, BNP Paribas, Bosch, Daimler, EY, Hutchinson, Mazars, Michelin et la SaarLB.<\/p>\n<p>Ces entretiens ont permis aux participant*es d\u2019\u00e9changer directement avec des <strong>recruteurs de grands groupes<\/strong>\u00a0et de leur pr\u00e9senter la plus-value de leur parcours binational, voire trinational en vue d\u2019un \u00e9ventuel stage ou emploi.<\/p>\n<p>Parall\u00e8lement \u00e0 la\u00a0<strong>mise en r\u00e9seau<\/strong> avec des professionnels, les participant*es avaient \u00e9galement l\u2019occasion d\u2019y rencontrer de nombreux \u00e9tudiant*es et dipl\u00f4m\u00e9*es de l\u2019UFA issus d\u2019autres cursus et <strong>d\u2019agrandir ainsi leur carnet d\u2019adresses<\/strong>. Car l\u2019UFA, c\u2019est un r\u00e9seau de 175 cursus de licence et de master dans un large \u00e9ventail de disciplines rassemblant un vivier de talents riche et vari\u00e9.<\/p>\n<p>Le speed dating a commenc\u00e9 \u00e0 14 heures et a \u00e9t\u00e9 inaugur\u00e9 officiellement par la ministre-conseill\u00e8re pour les affaires \u00e9conomiques, Madame Anne-Laure de Coincy.<\/p>\n<p>Le speed dating a \u00e9t\u00e9 suivi de la\u00a0<strong>remise annuelle de nos Prix d\u2019Excellence<\/strong>\u00a0\u00e0 laquelle ont particip\u00e9 le Ministre conseiller \u00e0 l\u2019Ambassade de France en Allemagne, Monsieur Jean-Claude Tribolet (en remplacement de Monsieur l\u2019Ambassadeur de France en Allemagne, Philippe Etienne), et de nombreuses personnalit\u00e9s des mondes politique, \u00e9conomique et universitaire.<\/p>\n<\/div>\n<\/div>\n<div id=\"c37963\" class=\"csc-default\">\n<div class=\"csc-textpicHeader csc-textpicHeader-2\">\n<div class=\"csc-header csc-header-n2\">\n<h4>Ouverture officielle de 14h \u00e0 14h30<\/h4>\n<\/div>\n<\/div>\n<div class=\"csc-textpic-text\">\n<p>Mot de bienvenue de la Ministre-conseill\u00e8re pour les affaires \u00e9conomiques, Madame Anne-Laure de Coincy<\/p>\n<p>Mot de bienvenue de la Pr\u00e9sidente de l\u2019UFA, Madame Patricia Oster-Stierle<\/p>\n<p><img decoding=\"async\" loading=\"lazy\" class=\"size-medium wp-image-7285 alignright\" src=\"https:\/\/www.dfh-ufa.org\/app\/uploads\/2018\/07\/AHK_Frankreich__mit_Schriftzug_-300x60.jpg\" alt=\"\" width=\"300\" height=\"60\" srcset=\"https:\/\/www.dfh-ufa.org\/app\/uploads\/2018\/07\/AHK_Frankreich__mit_Schriftzug_-300x60.jpg 300w, https:\/\/www.dfh-ufa.org\/app\/uploads\/2018\/07\/AHK_Frankreich__mit_Schriftzug_.jpg 400w\" sizes=\"(max-width: 300px) 100vw, 300px\" \/>Br\u00e8ve pr\u00e9sentation de la plateforme franco-allemande \u00ab \u00c9coles \u2013 Entreprises \u00bb par Madame Margarete Riegler-Poyet, directrice du service Formations de la Chambre Franco-Allemande de Commerce et d\u2019Industrie en France<\/p>\n<p>Remise d&rsquo;une \u00ab bourse Hutchinson-UFA \u00bb<\/p>\n<\/div>\n<\/div>\n<\/div>\n<\/div>\n<div id=\"c37963\" class=\"csc-default\">\n<div class=\"csc-textpic-text\">\n<h4>Plan d\u2019acc\u00e8s \u00e0 l\u2019Ambassade de France<\/h4>\n<\/div>\n<\/div>\n<div id=\"c37981\" class=\"csc-default\">\n<div class=\"csc-header csc-header-n3\">\n<p><a href=\"https:\/\/www.dfh-ufa.org\/app\/uploads\/2018\/07\/Wegbeschreibung_Botschaft-1.pdf\" target=\"_blank\" rel=\"noopener\">Plan d&rsquo;acc\u00e8s Ambassade<\/a><\/p>\n<\/div>\n<\/div>\n","protected":false},"excerpt":{"rendered":"<p>Le 26 janvier 2017, l\u2019UFA a propos\u00e9 \u00e0 ses \u00e9tudiant*es et dipl\u00f4m\u00e9*es un speed dating \u00e0 l\u2019Ambassade de France \u00e0 Berlin.\u00a0 Dix entreprises \u00e9taient au rendez-vous pour passer des\u00a0entretiens d\u2019une quinzaine de minutes avec des \u00e9tudiant*es et dipl\u00f4m\u00e9*es de l\u2019UFA. Parmi les partenaires pr\u00e9sents figuraient la maison d&rsquo;\u00e9dition Axel Springer, BASF, BNP Paribas, Bosch, Daimler, [&hellip;]<\/p>\n","protected":false},"author":19,"featured_media":0,"parent":864,"menu_order":118,"comment_status":"closed","ping_status":"closed","template":"","meta":{"_bbp_topic_count":0,"_bbp_reply_count":0,"_bbp_total_topic_count":0,"_bbp_total_reply_count":0,"_bbp_voice_count":0,"_bbp_anonymous_reply_count":0,"_bbp_topic_count_hidden":0,"_bbp_reply_count_hidden":0,"_bbp_forum_subforum_count":0,"inline_featured_image":false},"acf":[],"_links":{"self":[{"href":"https:\/\/www.dfh-ufa.org\/fr\/wp-json\/wp\/v2\/pages\/7258"}],"collection":[{"href":"https:\/\/www.dfh-ufa.org\/fr\/wp-json\/wp\/v2\/pages"}],"about":[{"href":"https:\/\/www.dfh-ufa.org\/fr\/wp-json\/wp\/v2\/types\/page"}],"author":[{"embeddable":true,"href":"https:\/\/www.dfh-ufa.org\/fr\/wp-json\/wp\/v2\/users\/19"}],"replies":[{"embeddable":true,"href":"https:\/\/www.dfh-ufa.org\/fr\/wp-json\/wp\/v2\/comments?post=7258"}],"version-history":[{"count":17,"href":"https:\/\/www.dfh-ufa.org\/fr\/wp-json\/wp\/v2\/pages\/7258\/revisions"}],"predecessor-version":[{"id":1182296,"href":"https:\/\/www.dfh-ufa.org\/fr\/wp-json\/wp\/v2\/pages\/7258\/revisions\/1182296"}],"up":[{"embeddable":true,"href":"https:\/\/www.dfh-ufa.org\/fr\/wp-json\/wp\/v2\/pages\/864"}],"wp:attachment":[{"href":"https:\/\/www.dfh-ufa.org\/fr\/wp-json\/wp\/v2\/media?parent=7258"}],"curies":[{"name":"wp","href":"https:\/\/api.w.org\/{rel}","templated":true}]}}