{"id":7259,"date":"2018-07-09T15:38:26","date_gmt":"2018-07-09T13:38:26","guid":{"rendered":"https:\/\/www.dfh-ufa.org\/fr\/vous-etes\/entreprises\/manifestations\/luniversite-franco-allemande-un-acteur-de-lenseignement-superieur-un-passeport-pour-lemploi\/"},"modified":"2022-05-05T10:56:54","modified_gmt":"2022-05-05T08:56:54","slug":"luniversite-franco-allemande-un-acteur-de-lenseignement-superieur-un-passeport-pour-lemploi","status":"publish","type":"page","link":"https:\/\/www.dfh-ufa.org\/fr\/vous-etes\/entreprises\/manifestations\/luniversite-franco-allemande-un-acteur-de-lenseignement-superieur-un-passeport-pour-lemploi","title":{"rendered":"\u00ab L&rsquo;Universit\u00e9 franco-allemande : un acteur de l&rsquo;enseignement sup\u00e9rieur \u2013 un passeport pour l&#8217;emploi \u00bb"},"content":{"rendered":"<p><img decoding=\"async\" loading=\"lazy\" class=\"wp-image-7248 size-large aligncenter\" src=\"https:\/\/www.dfh-ufa.org\/app\/uploads\/2018\/07\/Logos_Nice_1er_juin2-1024x146.jpg\" alt=\"\" width=\"1024\" height=\"146\" srcset=\"https:\/\/www.dfh-ufa.org\/app\/uploads\/2018\/07\/Logos_Nice_1er_juin2-1024x146.jpg 1024w, https:\/\/www.dfh-ufa.org\/app\/uploads\/2018\/07\/Logos_Nice_1er_juin2-300x43.jpg 300w, https:\/\/www.dfh-ufa.org\/app\/uploads\/2018\/07\/Logos_Nice_1er_juin2-768x110.jpg 768w, https:\/\/www.dfh-ufa.org\/app\/uploads\/2018\/07\/Logos_Nice_1er_juin2.jpg 2000w\" sizes=\"(max-width: 1024px) 100vw, 1024px\" \/><\/p>\n<p><strong>le 1er juin 2016 au Ch\u00e2teau de Valrose \u00e0 Nice<br \/>\n<\/strong><strong>\u00e0 partir de 16 heures<\/strong><\/p>\n<p>A l\u2019occasion de sa prochaine assembl\u00e9e g\u00e9n\u00e9rale \u00e0 Nice, l&rsquo;Universit\u00e9 franco-allemande organise le 1er juin 2016 une manifestation d\u2019information et d\u2019\u00e9change en direction des repr\u00e9sentant*es \u00e9conomiques, politiques, scolaires et universitaires de la r\u00e9gion PACA. L\u2019objectif de cette rencontre est de faire mieux conna\u00eetre les activit\u00e9s de l&rsquo;UFA, de pr\u00e9senter ses cursus d\u2019\u00e9tudes franco-allemands, d\u2019aborder des th\u00e8mes comme la plus-value de l\u2019apprentissage de l\u2019allemand en mati\u00e8re de poursuite d&rsquo;\u00e9tudes sup\u00e9rieures et de perspectives professionnelles et, enfin, de favoriser la mise en r\u00e9seau des diff\u00e9rents acteurs pr\u00e9sents.<\/p>\n<p>La table ronde rassemblera des repr\u00e9sentant*es du monde \u00e9conomique et politique ainsi que des ancien*nes \u00e9tudiant*es de l&rsquo;UFA qui t\u00e9moigneront de leurs exp\u00e9riences au sein d\u2019un cursus binational et de leur insertion professionnelle. Il s\u2019agira \u00e9galement d\u2019\u00eatre \u00e0 l\u2019\u00e9coute des besoins des entreprises en termes de ressources humaines et de leurs attentes vis-\u00e0-vis de l\u2019enseignement sup\u00e9rieur, notamment dans un cadre franco-allemand.<\/p>\n<p>Parall\u00e8lement, les participant*es auront la possibilit\u00e9 de s\u2019informer directement aupr\u00e8s de diff\u00e9rents stands d\u2019information pr\u00e9sentant par discipline les cursus int\u00e9gr\u00e9s franco-allemands et de nouer des contacts avec les responsables de ces programmes. L\u2019Office Franco-Allemand pour la Jeunesse, le Secr\u00e9tariat Franco-Allemand pour les \u00c9changes en Formation Professionnelle et Business France y pr\u00e9senteront \u00e9galement leurs activit\u00e9s.<\/p>\n<p>Cette manifestation sera cl\u00f4tur\u00e9e par une r\u00e9ception \u00e0 l\u2019invitation de la Mairie de Nice \u00e0 la Villa Mass\u00e9na dans le cadre de laquelle sera \u00e9galement c\u00e9l\u00e9br\u00e9e l\u2019ouverture officielle du Centre Culturel Franco-Allemand de Nice.<\/p>\n<p>&nbsp;<\/p>\n","protected":false},"excerpt":{"rendered":"<p>le 1er juin 2016 au Ch\u00e2teau de Valrose \u00e0 Nice \u00e0 partir de 16 heures A l\u2019occasion de sa prochaine assembl\u00e9e g\u00e9n\u00e9rale \u00e0 Nice, l&rsquo;Universit\u00e9 franco-allemande organise le 1er juin 2016 une manifestation d\u2019information et d\u2019\u00e9change en direction des repr\u00e9sentant*es \u00e9conomiques, politiques, scolaires et universitaires de la r\u00e9gion PACA. L\u2019objectif de cette rencontre est de [&hellip;]<\/p>\n","protected":false},"author":19,"featured_media":0,"parent":864,"menu_order":120,"comment_status":"closed","ping_status":"closed","template":"","meta":{"_bbp_topic_count":0,"_bbp_reply_count":0,"_bbp_total_topic_count":0,"_bbp_total_reply_count":0,"_bbp_voice_count":0,"_bbp_anonymous_reply_count":0,"_bbp_topic_count_hidden":0,"_bbp_reply_count_hidden":0,"_bbp_forum_subforum_count":0,"inline_featured_image":false},"acf":[],"_links":{"self":[{"href":"https:\/\/www.dfh-ufa.org\/fr\/wp-json\/wp\/v2\/pages\/7259"}],"collection":[{"href":"https:\/\/www.dfh-ufa.org\/fr\/wp-json\/wp\/v2\/pages"}],"about":[{"href":"https:\/\/www.dfh-ufa.org\/fr\/wp-json\/wp\/v2\/types\/page"}],"author":[{"embeddable":true,"href":"https:\/\/www.dfh-ufa.org\/fr\/wp-json\/wp\/v2\/users\/19"}],"replies":[{"embeddable":true,"href":"https:\/\/www.dfh-ufa.org\/fr\/wp-json\/wp\/v2\/comments?post=7259"}],"version-history":[{"count":3,"href":"https:\/\/www.dfh-ufa.org\/fr\/wp-json\/wp\/v2\/pages\/7259\/revisions"}],"predecessor-version":[{"id":1182297,"href":"https:\/\/www.dfh-ufa.org\/fr\/wp-json\/wp\/v2\/pages\/7259\/revisions\/1182297"}],"up":[{"embeddable":true,"href":"https:\/\/www.dfh-ufa.org\/fr\/wp-json\/wp\/v2\/pages\/864"}],"wp:attachment":[{"href":"https:\/\/www.dfh-ufa.org\/fr\/wp-json\/wp\/v2\/media?parent=7259"}],"curies":[{"name":"wp","href":"https:\/\/api.w.org\/{rel}","templated":true}]}}