{"id":7260,"date":"2018-07-09T15:38:26","date_gmt":"2018-07-09T13:38:26","guid":{"rendered":"https:\/\/www.dfh-ufa.org\/fr\/vous-etes\/entreprises\/manifestations\/recherche-innovation-carrieres-internationales-rencontre-dechanges-de-luniversite-franco-allemande-ufa\/"},"modified":"2018-07-09T16:39:46","modified_gmt":"2018-07-09T14:39:46","slug":"recherche-innovation-carrieres-internationales-rencontre-dechanges-de-luniversite-franco-allemande-ufa","status":"publish","type":"page","link":"https:\/\/www.dfh-ufa.org\/fr\/vous-etes\/entreprises\/manifestations\/recherche-innovation-carrieres-internationales-rencontre-dechanges-de-luniversite-franco-allemande-ufa","title":{"rendered":"\u00ab Recherche \u2013 Innovation \u2013 Carri\u00e8res internationales \u00bb Rencontre d&rsquo;\u00e9changes de l\u2019Universit\u00e9 franco-allemande (UFA)"},"content":{"rendered":"<p>Le 19 avril 2013, l\u2019UFA a organis\u00e9 \u00e0 l\u2019Ambassade d\u2019Allemagne en France \u00e0 Paris une rencontre d\u2019\u00e9changes dans le cadre de la \u00ab\u00a0Semaine franco-allemande de la science et des alumnis\u00a0\u00bb, projet qui a b\u00e9n\u00e9fici\u00e9 du label du cinquantenaire du Trait\u00e9 de l\u2019Elys\u00e9e. L\u2019objectif de cette manifestation de l\u2019UFA \u00e9tait de renforcer la mise en r\u00e9seau et les \u00e9changes entre ses \u00e9tudiants, doctorants, dipl\u00f4m\u00e9s, jeunes chercheurs et chercheurs confirm\u00e9s d\u2019une part et les repr\u00e9sentants \u00e9conomiques d\u2019autre part. Parall\u00e8lement \u00e0 la mise en r\u00e9seau et aux \u00e9changes, ont \u00e9t\u00e9 abord\u00e9s des th\u00e8mes comme la plus-value des parcours universitaires et scientifiques internationaux, l\u2019insertion professionnelle et l\u2019optimisation des parcours professionnels. Il s\u2019agissait \u00e9galement d\u2019\u00eatre \u00e0 l\u2019\u00e9coute des entreprises quant \u00e0 leurs besoins en termes de ressources humaines.<\/p>\n<p>Apr\u00e8s le discours de bienvenue de son Excellence, Madame l\u2019Ambassadeur d\u2019Allemagne, Susanne Wasum-Reiner, et le Pr\u00e9sident de l\u2019UFA, Monsieur Patrice Neau, le Directeur g\u00e9n\u00e9ral d\u00e9l\u00e9gu\u00e9 Technologie et Innovation d\u2019EADS, Monsieur Jean Botti, a soulign\u00e9 l\u2019importance de personnel qualifi\u00e9 franco-allemand pour les entreprises de mani\u00e8re g\u00e9n\u00e9rale et pour EADS en particulier. Son intervention intitul\u00e9e \u00ab\u00a0Comment les doctorants cr\u00e9ent l&rsquo;innovation chez EADS : France &#8211; Allemagne les diff\u00e9rences principales pour les doctorants \u00bb a \u00e9t\u00e9 suivie d\u2019une table ronde sur \u00ab Le leadership au 21e si\u00e8cle \u2013 quelles sont les comp\u00e9tences cl\u00e9s des futurs cadres internationaux ? \u00bb qui a accueilli les repr\u00e9sentants du monde \u00e9conomique et de l\u2019enseignement sup\u00e9rieur suivants\u00a0: Patrice P\u00e9lissier (MEA AG), Yves Marmiesse (ESCE &#8211; Ecole Sup\u00e9rieure du Commerce Ext\u00e9rieur), Pamela Stenzel (Office K61, avocate et coach interculturel) et St\u00e9phanie Bjarnason (dipl\u00f4m\u00e9e de l\u2019UFA). La table ronde a \u00e9t\u00e9 mod\u00e9r\u00e9e par le journaliste Jean-Claude Lewandowski.<\/p>\n<p><a href=\"https:\/\/www.dfh-ufa.org\/app\/uploads\/2018\/07\/UFA_19Avril.mov\" target=\"_blank\" rel=\"noopener\"><strong><em>&gt;&gt; Voir la vid\u00e9o<\/em><\/strong><\/a><\/p>\n","protected":false},"excerpt":{"rendered":"<p>Le 19 avril 2013, l\u2019UFA a organis\u00e9 \u00e0 l\u2019Ambassade d\u2019Allemagne en France \u00e0 Paris une rencontre d\u2019\u00e9changes dans le cadre de la \u00ab\u00a0Semaine franco-allemande de la science et des alumnis\u00a0\u00bb, projet qui a b\u00e9n\u00e9fici\u00e9 du label du cinquantenaire du Trait\u00e9 de l\u2019Elys\u00e9e. L\u2019objectif de cette manifestation de l\u2019UFA \u00e9tait de renforcer la mise en r\u00e9seau [&hellip;]<\/p>\n","protected":false},"author":19,"featured_media":0,"parent":864,"menu_order":123,"comment_status":"closed","ping_status":"closed","template":"","meta":{"_bbp_topic_count":0,"_bbp_reply_count":0,"_bbp_total_topic_count":0,"_bbp_total_reply_count":0,"_bbp_voice_count":0,"_bbp_anonymous_reply_count":0,"_bbp_topic_count_hidden":0,"_bbp_reply_count_hidden":0,"_bbp_forum_subforum_count":0,"inline_featured_image":false},"acf":[],"_links":{"self":[{"href":"https:\/\/www.dfh-ufa.org\/fr\/wp-json\/wp\/v2\/pages\/7260"}],"collection":[{"href":"https:\/\/www.dfh-ufa.org\/fr\/wp-json\/wp\/v2\/pages"}],"about":[{"href":"https:\/\/www.dfh-ufa.org\/fr\/wp-json\/wp\/v2\/types\/page"}],"author":[{"embeddable":true,"href":"https:\/\/www.dfh-ufa.org\/fr\/wp-json\/wp\/v2\/users\/19"}],"replies":[{"embeddable":true,"href":"https:\/\/www.dfh-ufa.org\/fr\/wp-json\/wp\/v2\/comments?post=7260"}],"version-history":[{"count":2,"href":"https:\/\/www.dfh-ufa.org\/fr\/wp-json\/wp\/v2\/pages\/7260\/revisions"}],"predecessor-version":[{"id":7292,"href":"https:\/\/www.dfh-ufa.org\/fr\/wp-json\/wp\/v2\/pages\/7260\/revisions\/7292"}],"up":[{"embeddable":true,"href":"https:\/\/www.dfh-ufa.org\/fr\/wp-json\/wp\/v2\/pages\/864"}],"wp:attachment":[{"href":"https:\/\/www.dfh-ufa.org\/fr\/wp-json\/wp\/v2\/media?parent=7260"}],"curies":[{"name":"wp","href":"https:\/\/api.w.org\/{rel}","templated":true}]}}