{"id":743,"date":"2018-04-24T09:03:12","date_gmt":"2018-04-24T07:03:12","guid":{"rendered":"https:\/\/www.dfh-ufa.org\/fr\/programmes"},"modified":"2026-01-20T10:01:00","modified_gmt":"2026-01-20T09:01:00","slug":"programmes","status":"publish","type":"page","link":"https:\/\/www.dfh-ufa.org\/fr\/programmes","title":{"rendered":"Programmes"},"content":{"rendered":"<p>Les \u00e9tudiant\u00b7es et doctorant\u00b7es de l&rsquo;UFA b\u00e9n\u00e9ficient non seulement d&rsquo;une excellente formation dans leur discipline, mais acqui\u00e8rent \u00e9galement des comp\u00e9tences linguistiques et interculturelles ; gr\u00e2ce \u00e0 leurs s\u00e9jours dans le pays partenaire, ils apprennent aussi \u00e0 conna\u00eetre le syst\u00e8me d\u2019enseignement sup\u00e9rieur de l&rsquo;autre pays aussi bien que le leur.<\/p>\n<p>Chaque <a href=\"https:\/\/www.dfh-ufa.org\/fr\/vous-etes\/etablissements\/appels-a-projets\/cursus\/?noredirect=fr_FR\">cursus<\/a>, <a href=\"https:\/\/www.dfh-ufa.org\/fr\/vous-etes\/etudiant-doctorant-diplome\/doctorant\/colleges-doctoraux-franco-allemands\/?noredirect=fr_FR\">coll\u00e8ge doctoral <\/a>et <a href=\"https:\/\/www.dfh-ufa.org\/fr\/vous-etes\/etudiant-doctorant-diplome\/doctorant\/programmes-de-phd-track-franco-allemands\/?noredirect=fr_FR\">programme de PhD-Track<\/a> mis en \u0153uvre sous l&rsquo;\u00e9gide de l&rsquo;UFA est port\u00e9 par deux \u00e9tablissements d\u2019enseignement sup\u00e9rieur, l&rsquo;un fran\u00e7ais et l&rsquo;autre allemand, auxquels peut s&rsquo;associer un partenaire d&rsquo;un pays tiers. Pour obtenir un soutien, les \u00e9tablissements doivent d\u00e9poser un dossier de demande aupr\u00e8s de l&rsquo;UFA avant le 31 octobre de l&rsquo;ann\u00e9e en cours, apr\u00e8s lui avoir pr\u00e9alablement transmis une lettre d&rsquo;intention le 30 juin au plus tard. Les doctorant\u00b7es souhaitant effectuer une <a href=\"https:\/\/www.dfh-ufa.org\/fr\/vous-etes\/etudiant-doctorant-diplome\/doctorant\/cotutelle-de-these\/?noredirect=fr_FR\">cotutelle de th\u00e8se<\/a> peuvent postuler d\u00e8s que leur convention de cotutelle a \u00e9t\u00e9 sign\u00e9e.<\/p>\n<p>L&rsquo;UFA soutient par ailleurs l&rsquo;organisation de <a href=\"https:\/\/www.dfh-ufa.org\/fr\/vous-etes\/etudiant-doctorant-diplome\/doctorant\/manifestations-scientifiques-pour-jeunes-chercheurs\/\">manifestations scientifiques <\/a>\u00e0 l&rsquo;attention des jeunes chercheur\u00b7euses, dans l&rsquo;objectif de favoriser la mise en r\u00e9seau de ces dernier\u00b7\u00e8res et de renforcer le dialogue scientifique franco-allemand. Ce programme de soutien s\u2019adresse aux \u00e9tablissements d\u2019enseignement sup\u00e9rieur ou organismes de recherche fran\u00e7ais et allemands, un pays tiers pouvant \u00eatre \u00e9galement impliqu\u00e9. Plusieurs campagnes de soutien sont organis\u00e9es chaque ann\u00e9e, les dates limites de d\u00e9p\u00f4t des projets sont annonc\u00e9es en d\u00e9but d&rsquo;ann\u00e9e sur le site internet de l&rsquo;UFA.<\/p>\n","protected":false},"excerpt":{"rendered":"<p>Les \u00e9tudiant\u00b7es et doctorant\u00b7es de l&rsquo;UFA b\u00e9n\u00e9ficient non seulement d&rsquo;une excellente formation dans leur discipline, mais acqui\u00e8rent \u00e9galement des comp\u00e9tences linguistiques et interculturelles ; gr\u00e2ce \u00e0 leurs s\u00e9jours dans le pays partenaire, ils apprennent aussi \u00e0 conna\u00eetre le syst\u00e8me d\u2019enseignement sup\u00e9rieur de l&rsquo;autre pays aussi bien que le leur. Chaque cursus, coll\u00e8ge doctoral et programme [&hellip;]<\/p>\n","protected":false},"author":1,"featured_media":0,"parent":0,"menu_order":185,"comment_status":"closed","ping_status":"closed","template":"","meta":{"_bbp_topic_count":0,"_bbp_reply_count":0,"_bbp_total_topic_count":0,"_bbp_total_reply_count":0,"_bbp_voice_count":0,"_bbp_anonymous_reply_count":0,"_bbp_topic_count_hidden":0,"_bbp_reply_count_hidden":0,"_bbp_forum_subforum_count":0,"inline_featured_image":false},"acf":[],"_links":{"self":[{"href":"https:\/\/www.dfh-ufa.org\/fr\/wp-json\/wp\/v2\/pages\/743"}],"collection":[{"href":"https:\/\/www.dfh-ufa.org\/fr\/wp-json\/wp\/v2\/pages"}],"about":[{"href":"https:\/\/www.dfh-ufa.org\/fr\/wp-json\/wp\/v2\/types\/page"}],"author":[{"embeddable":true,"href":"https:\/\/www.dfh-ufa.org\/fr\/wp-json\/wp\/v2\/users\/1"}],"replies":[{"embeddable":true,"href":"https:\/\/www.dfh-ufa.org\/fr\/wp-json\/wp\/v2\/comments?post=743"}],"version-history":[{"count":7,"href":"https:\/\/www.dfh-ufa.org\/fr\/wp-json\/wp\/v2\/pages\/743\/revisions"}],"predecessor-version":[{"id":1962861,"href":"https:\/\/www.dfh-ufa.org\/fr\/wp-json\/wp\/v2\/pages\/743\/revisions\/1962861"}],"wp:attachment":[{"href":"https:\/\/www.dfh-ufa.org\/fr\/wp-json\/wp\/v2\/media?parent=743"}],"curies":[{"name":"wp","href":"https:\/\/api.w.org\/{rel}","templated":true}]}}