{"id":7464,"date":"2018-07-24T10:12:32","date_gmt":"2018-07-24T08:12:32","guid":{"rendered":"https:\/\/www.dfh-ufa.org\/fr\/?page_id=7464"},"modified":"2025-12-15T15:41:42","modified_gmt":"2025-12-15T14:41:42","slug":"curriculum-vitae-presidente","status":"publish","type":"page","link":"https:\/\/www.dfh-ufa.org\/fr\/lufa\/lequipe-de-lufa\/direction\/curriculum-vitae-presidente","title":{"rendered":"Curriculum vitae &#8211; Pr\u00e9sidente"},"content":{"rendered":"<h2><b>Eva Martha Eckkrammer<\/b><\/h2>\n<p>est pr\u00e9sidente de l\u2019Universit\u00e9 franco-allemande depuis janvier 2024 et pr\u00e9sidente de l&rsquo;Universit\u00e9 de Tr\u00e8ves depuis septembre 2023. Elle est titulaire de la chaire de langues romanes et m\u00e9dias \u00e0 l\u2019Universit\u00e9 de Mannheim. Elle est famili\u00e8re du fonctionnement de l\u2019UFA, ayant assum\u00e9 entre 2017 et 2021 la charge de repr\u00e9sentante des \u00e9tablissements membres au conseil d\u2019universit\u00e9 de l\u2019UFA. Par le pass\u00e9, Mme Eckkrammer a d\u00e9j\u00e0 occup\u00e9 diff\u00e9rentes fonctions scientifiques et acad\u00e9miques qu\u2019elle pourra mettre \u00e0 profit dans le cadre de son mandat au sein de la pr\u00e9sidence de l\u2019UFA : pr\u00e9sidente de l\u2019Association Allemande d\u2019\u00c9tudes romanes, membre fondateur et directrice acad\u00e9mique de l\u2019Institut fran\u00e7ais Mannheim, vice-pr\u00e9sidente de l\u2019Universit\u00e9 de Mannheim et pr\u00e9sidente du Conseil universitaire de l\u2019Universit\u00e9 des Sciences Appliqu\u00e9es Mannheim. Son exp\u00e9rience en tant qu\u2019experte internationale aupr\u00e8s du Haut Conseil de l\u2019\u00e9valuation de la recherche et de l\u2019enseignement sup\u00e9rieur (HCERES) \u00e0 Paris ne fait que souligner sa grande connaissance du paysage universitaire fran\u00e7ais. Mme Eckkrammer a r\u00e9dig\u00e9 et publi\u00e9 de nombreux ouvrages et articles consacr\u00e9s \u00e0 diverses questions internationales et europ\u00e9ennes.<\/p>\n<p>&nbsp;<\/p>\n<p>&nbsp;<\/p>\n<p>&nbsp;<\/p>\n","protected":false},"excerpt":{"rendered":"<p>Eva Martha Eckkrammer est pr\u00e9sidente de l\u2019Universit\u00e9 franco-allemande depuis janvier 2024 et pr\u00e9sidente de l&rsquo;Universit\u00e9 de Tr\u00e8ves depuis septembre 2023. Elle est titulaire de la chaire de langues romanes et m\u00e9dias \u00e0 l\u2019Universit\u00e9 de Mannheim. Elle est famili\u00e8re du fonctionnement de l\u2019UFA, ayant assum\u00e9 entre 2017 et 2021 la charge de repr\u00e9sentante des \u00e9tablissements membres [&hellip;]<\/p>\n","protected":false},"author":26,"featured_media":0,"parent":803,"menu_order":3,"comment_status":"closed","ping_status":"closed","template":"","meta":{"_bbp_topic_count":0,"_bbp_reply_count":0,"_bbp_total_topic_count":0,"_bbp_total_reply_count":0,"_bbp_voice_count":0,"_bbp_anonymous_reply_count":0,"_bbp_topic_count_hidden":0,"_bbp_reply_count_hidden":0,"_bbp_forum_subforum_count":0,"inline_featured_image":false},"acf":[],"_links":{"self":[{"href":"https:\/\/www.dfh-ufa.org\/fr\/wp-json\/wp\/v2\/pages\/7464"}],"collection":[{"href":"https:\/\/www.dfh-ufa.org\/fr\/wp-json\/wp\/v2\/pages"}],"about":[{"href":"https:\/\/www.dfh-ufa.org\/fr\/wp-json\/wp\/v2\/types\/page"}],"author":[{"embeddable":true,"href":"https:\/\/www.dfh-ufa.org\/fr\/wp-json\/wp\/v2\/users\/26"}],"replies":[{"embeddable":true,"href":"https:\/\/www.dfh-ufa.org\/fr\/wp-json\/wp\/v2\/comments?post=7464"}],"version-history":[{"count":19,"href":"https:\/\/www.dfh-ufa.org\/fr\/wp-json\/wp\/v2\/pages\/7464\/revisions"}],"predecessor-version":[{"id":1953619,"href":"https:\/\/www.dfh-ufa.org\/fr\/wp-json\/wp\/v2\/pages\/7464\/revisions\/1953619"}],"up":[{"embeddable":true,"href":"https:\/\/www.dfh-ufa.org\/fr\/wp-json\/wp\/v2\/pages\/803"}],"wp:attachment":[{"href":"https:\/\/www.dfh-ufa.org\/fr\/wp-json\/wp\/v2\/media?parent=7464"}],"curies":[{"name":"wp","href":"https:\/\/api.w.org\/{rel}","templated":true}]}}