{"id":759730,"date":"2021-07-20T13:48:26","date_gmt":"2021-07-20T11:48:26","guid":{"rendered":"https:\/\/www.dfh-ufa.org\/fr\/?page_id=759730"},"modified":"2025-06-06T11:43:14","modified_gmt":"2025-06-06T09:43:14","slug":"questionnaire-ra","status":"publish","type":"page","link":"https:\/\/www.dfh-ufa.org\/fr\/actualites\/questionnaire-ra","title":{"rendered":"Rapport d&rsquo;activit\u00e9 2024"},"content":{"rendered":"<script type=\"text\/javascript\">var gform;gform||(document.addEventListener(\"gform_main_scripts_loaded\",function(){gform.scriptsLoaded=!0}),window.addEventListener(\"DOMContentLoaded\",function(){gform.domLoaded=!0}),gform={domLoaded:!1,scriptsLoaded:!1,initializeOnLoaded:function(o){gform.domLoaded&&gform.scriptsLoaded?o():!gform.domLoaded&&gform.scriptsLoaded?window.addEventListener(\"DOMContentLoaded\",o):document.addEventListener(\"gform_main_scripts_loaded\",o)},hooks:{action:{},filter:{}},addAction:function(o,n,r,t){gform.addHook(\"action\",o,n,r,t)},addFilter:function(o,n,r,t){gform.addHook(\"filter\",o,n,r,t)},doAction:function(o){gform.doHook(\"action\",o,arguments)},applyFilters:function(o){return gform.doHook(\"filter\",o,arguments)},removeAction:function(o,n){gform.removeHook(\"action\",o,n)},removeFilter:function(o,n,r){gform.removeHook(\"filter\",o,n,r)},addHook:function(o,n,r,t,i){null==gform.hooks[o][n]&&(gform.hooks[o][n]=[]);var e=gform.hooks[o][n];null==i&&(i=n+\"_\"+e.length),gform.hooks[o][n].push({tag:i,callable:r,priority:t=null==t?10:t})},doHook:function(n,o,r){var t;if(r=Array.prototype.slice.call(r,1),null!=gform.hooks[n][o]&&((o=gform.hooks[n][o]).sort(function(o,n){return o.priority-n.priority}),o.forEach(function(o){\"function\"!=typeof(t=o.callable)&&(t=window[t]),\"action\"==n?t.apply(null,r):r[0]=t.apply(null,r)})),\"filter\"==n)return r[0]},removeHook:function(o,n,t,i){var r;null!=gform.hooks[o][n]&&(r=(r=gform.hooks[o][n]).filter(function(o,n,r){return!!(null!=i&&i!=o.tag||null!=t&&t!=o.priority)}),gform.hooks[o][n]=r)}});<\/script>\n                <div class='gf_browser_gecko gform_wrapper gform_legacy_markup_wrapper' id='gform_wrapper_38' ><form method='post' enctype='multipart\/form-data'  id='gform_38'  action='\/fr\/wp-json\/wp\/v2\/pages\/759730' novalidate>\n                        <div class='gform_body gform-body'><ul id='gform_fields_38' class='gform_fields top_label form_sublabel_below description_below'><li id=\"field_38_1\"  class=\"gfield gfield_html gfield_html_formatted gfield_no_follows_desc field_sublabel_below field_description_below gfield_visibility_visible\"  data-js-reload=\"field_38_1\">\nVous trouverez la version num\u00e9rique du rapport annuel 2024\n<a href=\"https:\/\/www.dfh-ufa.org\/app\/uploads\/2025\/05\/DFH_Jahresbericht_28042025_fr_web.pdf\">ici.<\/a>\n<h4>Souhaitez-vous nous faire part d'\u00e9ventuelles modifications ?<\/h4><\/li><li id=\"field_38_2\"  class=\"gfield field_sublabel_below field_description_below gfield_visibility_visible\"  data-js-reload=\"field_38_2\"><label class='gfield_label' for='input_38_2' >L&#039;interlocuteur*trice a chang\u00e9 :<\/label><div class='ginput_container ginput_container_text'><input name='input_2' id='input_38_2' type='text' value='' class='medium'      aria-invalid=\"false\"   \/> <\/div><\/li><li id=\"field_38_3\"  class=\"gfield field_sublabel_below field_description_below gfield_visibility_visible\"  data-js-reload=\"field_38_3\"><label class='gfield_label' for='input_38_3' >Mon adresse postale a chang\u00e9 :<\/label><div class='ginput_container ginput_container_textarea'><textarea name='input_3' id='input_38_3' class='textarea medium'      aria-invalid=\"false\"   rows='10' cols='50'><\/textarea><\/div><\/li><li id=\"field_38_4\"  class=\"gfield field_sublabel_below field_description_below gfield_visibility_visible\"  data-js-reload=\"field_38_4\"><label class='gfield_label' for='input_38_4' >Pour des raisons environnementales, je vous remercie de bien vouloir m&#039;envoyer le rapport annuel \u00e0 l&#039;avenir en version \u00e9lectronique \u00e0 l&#039;adresse mail suivante :<\/label><div class='ginput_container ginput_container_text'><input name='input_4' id='input_38_4' type='text' value='' class='medium'      aria-invalid=\"false\"   \/> <\/div><\/li><li id=\"field_38_5\"  class=\"gfield field_sublabel_below field_description_below gfield_visibility_visible\"  data-js-reload=\"field_38_5\"><label class='gfield_label' for='input_38_5' >Remarques :<\/label><div class='ginput_container ginput_container_textarea'><textarea name='input_5' id='input_38_5' class='textarea medium'      aria-invalid=\"false\"   rows='10' cols='50'><\/textarea><\/div><\/li><\/ul><\/div>\n        <div class='gform_footer top_label'> <input type='submit' id='gform_submit_button_38' class='gform_button button' value='Envoyer'  onclick='if(window[\"gf_submitting_38\"]){return false;}  if( !jQuery(\"#gform_38\")[0].checkValidity || jQuery(\"#gform_38\")[0].checkValidity()){window[\"gf_submitting_38\"]=true;}  ' onkeypress='if( event.keyCode == 13 ){ if(window[\"gf_submitting_38\"]){return false;} if( !jQuery(\"#gform_38\")[0].checkValidity || jQuery(\"#gform_38\")[0].checkValidity()){window[\"gf_submitting_38\"]=true;}  jQuery(\"#gform_38\").trigger(\"submit\",[true]); }' \/> \n            <input type='hidden' class='gform_hidden' name='is_submit_38' value='1' \/>\n            <input type='hidden' class='gform_hidden' name='gform_submit' value='38' \/>\n            \n            <input type='hidden' class='gform_hidden' name='gform_unique_id' value='' \/>\n            <input type='hidden' class='gform_hidden' name='state_38' value='WyJbXSIsIjAwYmQ1ZTQ3NWM2ZjliNjBhNGE1ZWJkNWNkYWI1YmNjIl0=' \/>\n            <input type='hidden' class='gform_hidden' name='gform_target_page_number_38' id='gform_target_page_number_38' value='0' \/>\n            <input type='hidden' class='gform_hidden' name='gform_source_page_number_38' id='gform_source_page_number_38' value='1' \/>\n            <input type='hidden' name='gform_field_values' value='' \/>\n            \n        <\/div>\n                        <\/form>\n                        <\/div>\n","protected":false},"excerpt":{"rendered":"","protected":false},"author":2,"featured_media":0,"parent":868,"menu_order":0,"comment_status":"closed","ping_status":"closed","template":"","meta":{"_bbp_topic_count":0,"_bbp_reply_count":0,"_bbp_total_topic_count":0,"_bbp_total_reply_count":0,"_bbp_voice_count":0,"_bbp_anonymous_reply_count":0,"_bbp_topic_count_hidden":0,"_bbp_reply_count_hidden":0,"_bbp_forum_subforum_count":0,"inline_featured_image":false},"acf":[],"_links":{"self":[{"href":"https:\/\/www.dfh-ufa.org\/fr\/wp-json\/wp\/v2\/pages\/759730"}],"collection":[{"href":"https:\/\/www.dfh-ufa.org\/fr\/wp-json\/wp\/v2\/pages"}],"about":[{"href":"https:\/\/www.dfh-ufa.org\/fr\/wp-json\/wp\/v2\/types\/page"}],"author":[{"embeddable":true,"href":"https:\/\/www.dfh-ufa.org\/fr\/wp-json\/wp\/v2\/users\/2"}],"replies":[{"embeddable":true,"href":"https:\/\/www.dfh-ufa.org\/fr\/wp-json\/wp\/v2\/comments?post=759730"}],"version-history":[{"count":6,"href":"https:\/\/www.dfh-ufa.org\/fr\/wp-json\/wp\/v2\/pages\/759730\/revisions"}],"predecessor-version":[{"id":1960421,"href":"https:\/\/www.dfh-ufa.org\/fr\/wp-json\/wp\/v2\/pages\/759730\/revisions\/1960421"}],"up":[{"embeddable":true,"href":"https:\/\/www.dfh-ufa.org\/fr\/wp-json\/wp\/v2\/pages\/868"}],"wp:attachment":[{"href":"https:\/\/www.dfh-ufa.org\/fr\/wp-json\/wp\/v2\/media?parent=759730"}],"curies":[{"name":"wp","href":"https:\/\/api.w.org\/{rel}","templated":true}]}}