{"id":766,"date":"2018-04-24T09:03:13","date_gmt":"2018-04-24T07:03:13","guid":{"rendered":"https:\/\/www.dfh-ufa.org\/fr\/mathematiques-informatique-sciences-de-lingenieur-sciences-et-architecture"},"modified":"2022-11-21T08:06:35","modified_gmt":"2022-11-21T07:06:35","slug":"mathematiques-informatique-sciences-de-lingenieur-sciences-et-architecture","status":"publish","type":"page","link":"https:\/\/www.dfh-ufa.org\/fr\/programmes\/mathematiques-informatique-sciences-de-lingenieur-sciences-et-architecture","title":{"rendered":"Math\u00e9matiques &#8211; Informatique, Sciences de l&rsquo;ing\u00e9nieur, Sciences et Architecture"},"content":{"rendered":"\r\n        <div class=\"grid-x grid-margin-x grid-margin-y\">\r\n            <div class=\"cell small-12 medium-8\">\r\n\t\t\t\t<div class=\"pagination\">Seiten:<span class=\"pagination-items\"><span aria-current=\"page\" class=\"page-numbers current\">1<\/span>\n<a class=\"page-numbers\" href=\"https:\/\/www.dfh-ufa.org\/fr\/wp-json\/wp\/v2\/pages\/766\/page\/2#studie-filter\">2<\/a>\n<a class=\"page-numbers\" href=\"https:\/\/www.dfh-ufa.org\/fr\/wp-json\/wp\/v2\/pages\/766\/page\/3#studie-filter\">3<\/a>\n<a class=\"next page-numbers\" href=\"https:\/\/www.dfh-ufa.org\/fr\/wp-json\/wp\/v2\/pages\/766\/page\/2#studie-filter\">><\/a><\/span><\/div>            <\/div>\r\n            <div class=\"cell small-12\">\r\n\r\n                <div class=\"grid-x grid-padding-x align-end studie-archive-header\">\r\n                    <div class=\"cell small-12 medium-6\">\r\n\t\t\t\t\t\t\u00c9tablissement                    <\/div>\r\n                    <div class=\"cell small-12 medium-6\">\r\n\t\t\t\t\t\t\u00c9tablissement partenaire                    <\/div>\r\n                <\/div>\r\n\t\t\t\t<div class=\"grid-x grid-padding-x align-end studie-archive-item\">\n    <div class=\"cell small-12 medium-6\">\n        <a class=\"\" href=\"https:\/\/www.dfh-ufa.org\/fr\/programmes\/guide-des-etudes\/advanced-methods-in-particle-physics-1\">\n\t\t\t<p class=\"studie-title\">Advanced Methods in Particle Physics<\/p>        <\/a>\n\n\t\t<p class=\"studi-uni\">U Clermont Auvergne<\/p>    <\/div>\n\n    <div class=\"cell small-12 medium-6\">\n        <p class=\"studi-uni\">\n\t\t\t<p class=\"studi-uni\">TU Dortmund<\/p><p class=\"studi-uni\">U Bologna<\/p>        <\/p>\n        <a class=\"studi-icon\" href=\"https:\/\/www.dfh-ufa.org\/fr\/programmes\/guide-des-etudes\/advanced-methods-in-particle-physics-1\">\n            <span class=\"icon arrow-right\">\n                <img src=\"https:\/\/www.dfh-ufa.org\/app\/themes\/fbo-dfh\/assets\/img\/arrow-right.svg\" width=\"38\" height=\"34\">\n            <\/span>\n        <\/a>\n    <\/div>\n<\/div><div class=\"grid-x grid-padding-x align-end studie-archive-item\">\n    <div class=\"cell small-12 medium-6\">\n        <a class=\"\" href=\"https:\/\/www.dfh-ufa.org\/fr\/programmes\/guide-des-etudes\/biologie-moleculaire-et-cellulaire\">\n\t\t\t<p class=\"studie-title\">Biologie mol\u00e9culaire et cellulaire<\/p>        <\/a>\n\n\t\t<p class=\"studi-uni\">U Strasbourg<\/p>    <\/div>\n\n    <div class=\"cell small-12 medium-6\">\n        <p class=\"studi-uni\">\n\t\t\t<p class=\"studi-uni\">U des Saarlandes<\/p>        <\/p>\n        <a class=\"studi-icon\" href=\"https:\/\/www.dfh-ufa.org\/fr\/programmes\/guide-des-etudes\/biologie-moleculaire-et-cellulaire\">\n            <span class=\"icon arrow-right\">\n                <img src=\"https:\/\/www.dfh-ufa.org\/app\/themes\/fbo-dfh\/assets\/img\/arrow-right.svg\" width=\"38\" height=\"34\">\n            <\/span>\n        <\/a>\n    <\/div>\n<\/div><div class=\"grid-x grid-padding-x align-end studie-archive-item\">\n    <div class=\"cell small-12 medium-6\">\n        <a class=\"\" href=\"https:\/\/www.dfh-ufa.org\/fr\/programmes\/guide-des-etudes\/biophysicochimie\">\n\t\t\t<p class=\"studie-title\">Biophysicochimie<\/p>        <\/a>\n\n\t\t<p class=\"studi-uni\">U Strasbourg<\/p>    <\/div>\n\n    <div class=\"cell small-12 medium-6\">\n        <p class=\"studi-uni\">\n\t\t\t<p class=\"studi-uni\">U Freiburg<\/p>        <\/p>\n        <a class=\"studi-icon\" href=\"https:\/\/www.dfh-ufa.org\/fr\/programmes\/guide-des-etudes\/biophysicochimie\">\n            <span class=\"icon arrow-right\">\n                <img src=\"https:\/\/www.dfh-ufa.org\/app\/themes\/fbo-dfh\/assets\/img\/arrow-right.svg\" width=\"38\" height=\"34\">\n            <\/span>\n        <\/a>\n    <\/div>\n<\/div><div class=\"grid-x grid-padding-x align-end studie-archive-item\">\n    <div class=\"cell small-12 medium-6\">\n        <a class=\"\" href=\"https:\/\/www.dfh-ufa.org\/fr\/programmes\/guide-des-etudes\/chimie-2\">\n\t\t\t<p class=\"studie-title\">Chimie<\/p>        <\/a>\n\n\t\t<p class=\"studi-uni\">U Paris Cit\u00e9<\/p>    <\/div>\n\n    <div class=\"cell small-12 medium-6\">\n        <p class=\"studi-uni\">\n\t\t\t<p class=\"studi-uni\">U Bielefeld<\/p>        <\/p>\n        <a class=\"studi-icon\" href=\"https:\/\/www.dfh-ufa.org\/fr\/programmes\/guide-des-etudes\/chimie-2\">\n            <span class=\"icon arrow-right\">\n                <img src=\"https:\/\/www.dfh-ufa.org\/app\/themes\/fbo-dfh\/assets\/img\/arrow-right.svg\" width=\"38\" height=\"34\">\n            <\/span>\n        <\/a>\n    <\/div>\n<\/div><div class=\"grid-x grid-padding-x align-end studie-archive-item\">\n    <div class=\"cell small-12 medium-6\">\n        <a class=\"\" href=\"https:\/\/www.dfh-ufa.org\/fr\/programmes\/guide-des-etudes\/chimie\">\n\t\t\t<p class=\"studie-title\">Chimie<\/p>        <\/a>\n\n\t\t<p class=\"studi-uni\">U Strasbourg<\/p>    <\/div>\n\n    <div class=\"cell small-12 medium-6\">\n        <p class=\"studi-uni\">\n\t\t\t<p class=\"studi-uni\">U Stuttgart<\/p><p class=\"studi-uni\">U des Saarlandes<\/p><p class=\"studi-uni\">TU Dresden<\/p><p class=\"studi-uni\">ENSC Rennes<\/p>        <\/p>\n        <a class=\"studi-icon\" href=\"https:\/\/www.dfh-ufa.org\/fr\/programmes\/guide-des-etudes\/chimie\">\n            <span class=\"icon arrow-right\">\n                <img src=\"https:\/\/www.dfh-ufa.org\/app\/themes\/fbo-dfh\/assets\/img\/arrow-right.svg\" width=\"38\" height=\"34\">\n            <\/span>\n        <\/a>\n    <\/div>\n<\/div><div class=\"grid-x grid-padding-x align-end studie-archive-item\">\n    <div class=\"cell small-12 medium-6\">\n        <a class=\"\" href=\"https:\/\/www.dfh-ufa.org\/fr\/programmes\/guide-des-etudes\/chimie-regio-chimica\">\n\t\t\t<p class=\"studie-title\">Chimie (Regio Chimica)<\/p>        <\/a>\n\n\t\t<p class=\"studi-uni\">UHA Mulhouse<\/p>    <\/div>\n\n    <div class=\"cell small-12 medium-6\">\n        <p class=\"studi-uni\">\n\t\t\t<p class=\"studi-uni\">U Freiburg<\/p>        <\/p>\n        <a class=\"studi-icon\" href=\"https:\/\/www.dfh-ufa.org\/fr\/programmes\/guide-des-etudes\/chimie-regio-chimica\">\n            <span class=\"icon arrow-right\">\n                <img src=\"https:\/\/www.dfh-ufa.org\/app\/themes\/fbo-dfh\/assets\/img\/arrow-right.svg\" width=\"38\" height=\"34\">\n            <\/span>\n        <\/a>\n    <\/div>\n<\/div><div class=\"grid-x grid-padding-x align-end studie-archive-item\">\n    <div class=\"cell small-12 medium-6\">\n        <a class=\"\" href=\"https:\/\/www.dfh-ufa.org\/fr\/programmes\/guide-des-etudes\/chimie-et-genie-des-procedes\">\n\t\t\t<p class=\"studie-title\">Chimie et G\u00e9nie des Proc\u00e9d\u00e9s<\/p>        <\/a>\n\n\t\t<p class=\"studi-uni\">CPE Lyon<\/p>    <\/div>\n\n    <div class=\"cell small-12 medium-6\">\n        <p class=\"studi-uni\">\n\t\t\t<p class=\"studi-uni\">U W\u00fcrzburg<\/p>        <\/p>\n        <a class=\"studi-icon\" href=\"https:\/\/www.dfh-ufa.org\/fr\/programmes\/guide-des-etudes\/chimie-et-genie-des-procedes\">\n            <span class=\"icon arrow-right\">\n                <img src=\"https:\/\/www.dfh-ufa.org\/app\/themes\/fbo-dfh\/assets\/img\/arrow-right.svg\" width=\"38\" height=\"34\">\n            <\/span>\n        <\/a>\n    <\/div>\n<\/div><div class=\"grid-x grid-padding-x align-end studie-archive-item\">\n    <div class=\"cell small-12 medium-6\">\n        <a class=\"\" href=\"https:\/\/www.dfh-ufa.org\/fr\/programmes\/guide-des-etudes\/diplome-dingenieur-en-informatique\">\n\t\t\t<p class=\"studie-title\">Diplome d&rsquo;ing\u00e9nieur en informatique<\/p>        <\/a>\n\n\t\t<p class=\"studi-uni\">ENSIIE<\/p>    <\/div>\n\n    <div class=\"cell small-12 medium-6\">\n        <p class=\"studi-uni\">\n\t\t\t<p class=\"studi-uni\">U Passau<\/p>        <\/p>\n        <a class=\"studi-icon\" href=\"https:\/\/www.dfh-ufa.org\/fr\/programmes\/guide-des-etudes\/diplome-dingenieur-en-informatique\">\n            <span class=\"icon arrow-right\">\n                <img src=\"https:\/\/www.dfh-ufa.org\/app\/themes\/fbo-dfh\/assets\/img\/arrow-right.svg\" width=\"38\" height=\"34\">\n            <\/span>\n        <\/a>\n    <\/div>\n<\/div><div class=\"grid-x grid-padding-x align-end studie-archive-item\">\n    <div class=\"cell small-12 medium-6\">\n        <a class=\"\" href=\"https:\/\/www.dfh-ufa.org\/fr\/programmes\/guide-des-etudes\/double-diplome-dingenieur-en-informatique-master-dse\">\n\t\t\t<p class=\"studie-title\">Double Dipl\u00f4me d&rsquo;ing\u00e9nieur en Informatique\/ Master DSE<\/p>        <\/a>\n\n\t\t<p class=\"studi-uni\">INSA Rennes<\/p>    <\/div>\n\n    <div class=\"cell small-12 medium-6\">\n        <p class=\"studi-uni\">\n\t\t\t<p class=\"studi-uni\">TU Dresden<\/p>        <\/p>\n        <a class=\"studi-icon\" href=\"https:\/\/www.dfh-ufa.org\/fr\/programmes\/guide-des-etudes\/double-diplome-dingenieur-en-informatique-master-dse\">\n            <span class=\"icon arrow-right\">\n                <img src=\"https:\/\/www.dfh-ufa.org\/app\/themes\/fbo-dfh\/assets\/img\/arrow-right.svg\" width=\"38\" height=\"34\">\n            <\/span>\n        <\/a>\n    <\/div>\n<\/div><div class=\"grid-x grid-padding-x align-end studie-archive-item\">\n    <div class=\"cell small-12 medium-6\">\n        <a class=\"\" href=\"https:\/\/www.dfh-ufa.org\/fr\/programmes\/guide-des-etudes\/euromaster-vinifera\">\n\t\t\t<p class=\"studie-title\">Euromaster Vinifera<\/p>        <\/a>\n\n\t\t<p class=\"studi-uni\">Institut Agro<\/p>    <\/div>\n\n    <div class=\"cell small-12 medium-6\">\n        <p class=\"studi-uni\">\n\t\t\t<p class=\"studi-uni\">HGU Geisenheim<\/p>        <\/p>\n        <a class=\"studi-icon\" href=\"https:\/\/www.dfh-ufa.org\/fr\/programmes\/guide-des-etudes\/euromaster-vinifera\">\n            <span class=\"icon arrow-right\">\n                <img src=\"https:\/\/www.dfh-ufa.org\/app\/themes\/fbo-dfh\/assets\/img\/arrow-right.svg\" width=\"38\" height=\"34\">\n            <\/span>\n        <\/a>\n    <\/div>\n<\/div>            <\/div>\r\n\r\n            <div class=\"cell small-12 medium-8\">\r\n\t\t\t\t<div class=\"pagination\">Seiten:<span class=\"pagination-items\"><span aria-current=\"page\" class=\"page-numbers current\">1<\/span>\n<a class=\"page-numbers\" href=\"https:\/\/www.dfh-ufa.org\/fr\/wp-json\/wp\/v2\/pages\/766\/page\/2#studie-filter\">2<\/a>\n<a class=\"page-numbers\" href=\"https:\/\/www.dfh-ufa.org\/fr\/wp-json\/wp\/v2\/pages\/766\/page\/3#studie-filter\">3<\/a>\n<a class=\"next page-numbers\" href=\"https:\/\/www.dfh-ufa.org\/fr\/wp-json\/wp\/v2\/pages\/766\/page\/2#studie-filter\">><\/a><\/span><\/div>            <\/div>\r\n        <\/div>\r\n\t\t\n","protected":false},"excerpt":{"rendered":"","protected":false},"author":1,"featured_media":0,"parent":743,"menu_order":385,"comment_status":"closed","ping_status":"closed","template":"","meta":{"_bbp_topic_count":0,"_bbp_reply_count":0,"_bbp_total_topic_count":0,"_bbp_total_reply_count":0,"_bbp_voice_count":0,"_bbp_anonymous_reply_count":0,"_bbp_topic_count_hidden":0,"_bbp_reply_count_hidden":0,"_bbp_forum_subforum_count":0,"inline_featured_image":false},"acf":[],"_links":{"self":[{"href":"https:\/\/www.dfh-ufa.org\/fr\/wp-json\/wp\/v2\/pages\/766"}],"collection":[{"href":"https:\/\/www.dfh-ufa.org\/fr\/wp-json\/wp\/v2\/pages"}],"about":[{"href":"https:\/\/www.dfh-ufa.org\/fr\/wp-json\/wp\/v2\/types\/page"}],"author":[{"embeddable":true,"href":"https:\/\/www.dfh-ufa.org\/fr\/wp-json\/wp\/v2\/users\/1"}],"replies":[{"embeddable":true,"href":"https:\/\/www.dfh-ufa.org\/fr\/wp-json\/wp\/v2\/comments?post=766"}],"version-history":[{"count":6,"href":"https:\/\/www.dfh-ufa.org\/fr\/wp-json\/wp\/v2\/pages\/766\/revisions"}],"predecessor-version":[{"id":29499,"href":"https:\/\/www.dfh-ufa.org\/fr\/wp-json\/wp\/v2\/pages\/766\/revisions\/29499"}],"up":[{"embeddable":true,"href":"https:\/\/www.dfh-ufa.org\/fr\/wp-json\/wp\/v2\/pages\/743"}],"wp:attachment":[{"href":"https:\/\/www.dfh-ufa.org\/fr\/wp-json\/wp\/v2\/media?parent=766"}],"curies":[{"name":"wp","href":"https:\/\/api.w.org\/{rel}","templated":true}]}}