{"id":777,"date":"2018-04-24T09:03:13","date_gmt":"2018-04-24T07:03:13","guid":{"rendered":"https:\/\/www.dfh-ufa.org\/fr\/formation-des-enseignants"},"modified":"2021-02-03T10:47:50","modified_gmt":"2021-02-03T09:47:50","slug":"formation-des-enseignants","status":"publish","type":"page","link":"https:\/\/www.dfh-ufa.org\/fr\/programmes\/formation-des-enseignants","title":{"rendered":"Formation des enseignants"},"content":{"rendered":"\r\n        <div class=\"grid-x grid-margin-x grid-margin-y\">\r\n            <div class=\"cell small-12 medium-8\">\r\n\t\t\t\t            <\/div>\r\n            <div class=\"cell small-12\">\r\n\r\n                <div class=\"grid-x grid-padding-x align-end studie-archive-header\">\r\n                    <div class=\"cell small-12 medium-6\">\r\n\t\t\t\t\t\t\u00c9tablissement                    <\/div>\r\n                    <div class=\"cell small-12 medium-6\">\r\n\t\t\t\t\t\t\u00c9tablissement partenaire                    <\/div>\r\n                <\/div>\r\n\t\t\t\t<div class=\"grid-x grid-padding-x align-end studie-archive-item\">\n    <div class=\"cell small-12 medium-6\">\n        <a class=\"\" href=\"https:\/\/www.dfh-ufa.org\/fr\/programmes\/guide-des-etudes\/cursus-integre-formation-transfrontalire-denseignants\">\n\t\t\t<p class=\"studie-title\">Cursus Int\u00e9gr\u00e9 Formation Transfrontali\u00e8re d&rsquo;Enseignants<\/p>        <\/a>\n\n\t\t<p class=\"studi-uni\">UHA Mulhouse<\/p>    <\/div>\n\n    <div class=\"cell small-12 medium-6\">\n        <p class=\"studi-uni\">\n\t\t\t<p class=\"studi-uni\">PH Freiburg<\/p>        <\/p>\n        <a class=\"studi-icon\" href=\"https:\/\/www.dfh-ufa.org\/fr\/programmes\/guide-des-etudes\/cursus-integre-formation-transfrontalire-denseignants\">\n            <span class=\"icon arrow-right\">\n                <img src=\"https:\/\/www.dfh-ufa.org\/app\/themes\/fbo-dfh\/assets\/img\/arrow-right.svg\" width=\"38\" height=\"34\">\n            <\/span>\n        <\/a>\n    <\/div>\n<\/div><div class=\"grid-x grid-padding-x align-end studie-archive-item\">\n    <div class=\"cell small-12 medium-6\">\n        <a class=\"\" href=\"https:\/\/www.dfh-ufa.org\/fr\/programmes\/guide-des-etudes\/langues-lettres-philosophie-et-sciences-humaines-avec-option-formation-des-enseignants\">\n\t\t\t<p class=\"studie-title\">Langues, Lettres, Philosophie et Sciences Humaines avec option formation des enseignants<\/p>        <\/a>\n\n\t\t<p class=\"studi-uni\">U Bourgogne<\/p>    <\/div>\n\n    <div class=\"cell small-12 medium-6\">\n        <p class=\"studi-uni\">\n\t\t\t<p class=\"studi-uni\">U Mainz<\/p>        <\/p>\n        <a class=\"studi-icon\" href=\"https:\/\/www.dfh-ufa.org\/fr\/programmes\/guide-des-etudes\/langues-lettres-philosophie-et-sciences-humaines-avec-option-formation-des-enseignants\">\n            <span class=\"icon arrow-right\">\n                <img src=\"https:\/\/www.dfh-ufa.org\/app\/themes\/fbo-dfh\/assets\/img\/arrow-right.svg\" width=\"38\" height=\"34\">\n            <\/span>\n        <\/a>\n    <\/div>\n<\/div><div class=\"grid-x grid-padding-x align-end studie-archive-item\">\n    <div class=\"cell small-12 medium-6\">\n        <a class=\"\" href=\"https:\/\/www.dfh-ufa.org\/fr\/programmes\/guide-des-etudes\/licence-biculturelle-franco-allemande-lyon-leipzig\">\n\t\t\t<p class=\"studie-title\">Licence biculturelle franco-allemande Lyon Leipzig<\/p>        <\/a>\n\n\t\t<p class=\"studi-uni\">U Lyon 2<\/p>    <\/div>\n\n    <div class=\"cell small-12 medium-6\">\n        <p class=\"studi-uni\">\n\t\t\t<p class=\"studi-uni\">U Leipzig<\/p>        <\/p>\n        <a class=\"studi-icon\" href=\"https:\/\/www.dfh-ufa.org\/fr\/programmes\/guide-des-etudes\/licence-biculturelle-franco-allemande-lyon-leipzig\">\n            <span class=\"icon arrow-right\">\n                <img src=\"https:\/\/www.dfh-ufa.org\/app\/themes\/fbo-dfh\/assets\/img\/arrow-right.svg\" width=\"38\" height=\"34\">\n            <\/span>\n        <\/a>\n    <\/div>\n<\/div><div class=\"grid-x grid-padding-x align-end studie-archive-item\">\n    <div class=\"cell small-12 medium-6\">\n        <a class=\"\" href=\"https:\/\/www.dfh-ufa.org\/fr\/programmes\/guide-des-etudes\/licence-binationale-option-enseignement\">\n\t\t\t<p class=\"studie-title\">Licence binationale option &lsquo;enseignement&rsquo;<\/p>        <\/a>\n\n\t\t<p class=\"studi-uni\">U C\u00f4te d'Azur<\/p>    <\/div>\n\n    <div class=\"cell small-12 medium-6\">\n        <p class=\"studi-uni\">\n\t\t\t<p class=\"studi-uni\">PH Freiburg<\/p>        <\/p>\n        <a class=\"studi-icon\" href=\"https:\/\/www.dfh-ufa.org\/fr\/programmes\/guide-des-etudes\/licence-binationale-option-enseignement\">\n            <span class=\"icon arrow-right\">\n                <img src=\"https:\/\/www.dfh-ufa.org\/app\/themes\/fbo-dfh\/assets\/img\/arrow-right.svg\" width=\"38\" height=\"34\">\n            <\/span>\n        <\/a>\n    <\/div>\n<\/div><div class=\"grid-x grid-padding-x align-end studie-archive-item\">\n    <div class=\"cell small-12 medium-6\">\n        <a class=\"\" href=\"https:\/\/www.dfh-ufa.org\/fr\/programmes\/guide-des-etudes\/licence-internationale-metiers-de-lenseignement-allemand-francais\">\n\t\t\t<p class=\"studie-title\">Licence internationale m\u00e9tiers de l\u2019enseignement allemand-fran\u00e7ais<\/p>        <\/a>\n\n\t\t<p class=\"studi-uni\">U Paris 3<\/p>    <\/div>\n\n    <div class=\"cell small-12 medium-6\">\n        <p class=\"studi-uni\">\n\t\t\t<p class=\"studi-uni\">RPTU Kaiserslautern-Landau<\/p>        <\/p>\n        <a class=\"studi-icon\" href=\"https:\/\/www.dfh-ufa.org\/fr\/programmes\/guide-des-etudes\/licence-internationale-metiers-de-lenseignement-allemand-francais\">\n            <span class=\"icon arrow-right\">\n                <img src=\"https:\/\/www.dfh-ufa.org\/app\/themes\/fbo-dfh\/assets\/img\/arrow-right.svg\" width=\"38\" height=\"34\">\n            <\/span>\n        <\/a>\n    <\/div>\n<\/div><div class=\"grid-x grid-padding-x align-end studie-archive-item\">\n    <div class=\"cell small-12 medium-6\">\n        <a class=\"\" href=\"https:\/\/www.dfh-ufa.org\/fr\/programmes\/guide-des-etudes\/master-2-meef\">\n\t\t\t<p class=\"studie-title\">Master 2 MEEF<\/p>        <\/a>\n\n\t\t<p class=\"studi-uni\">U Paris 3<\/p>    <\/div>\n\n    <div class=\"cell small-12 medium-6\">\n        <p class=\"studi-uni\">\n\t\t\t<p class=\"studi-uni\">RPTU Kaiserslautern-Landau<\/p>        <\/p>\n        <a class=\"studi-icon\" href=\"https:\/\/www.dfh-ufa.org\/fr\/programmes\/guide-des-etudes\/master-2-meef\">\n            <span class=\"icon arrow-right\">\n                <img src=\"https:\/\/www.dfh-ufa.org\/app\/themes\/fbo-dfh\/assets\/img\/arrow-right.svg\" width=\"38\" height=\"34\">\n            <\/span>\n        <\/a>\n    <\/div>\n<\/div><div class=\"grid-x grid-padding-x align-end studie-archive-item\">\n    <div class=\"cell small-12 medium-6\">\n        <a class=\"\" href=\"https:\/\/www.dfh-ufa.org\/fr\/programmes\/guide-des-etudes\/master-integre-franco-allemand-enseignement-second-degre\">\n\t\t\t<p class=\"studie-title\">Master int\u00e9gr\u00e9 franco-allemand Enseignement second degr\u00e9<\/p>        <\/a>\n\n\t\t<p class=\"studi-uni\">U Bourgogne<\/p>    <\/div>\n\n    <div class=\"cell small-12 medium-6\">\n        <p class=\"studi-uni\">\n\t\t\t<p class=\"studi-uni\">U Mainz<\/p>        <\/p>\n        <a class=\"studi-icon\" href=\"https:\/\/www.dfh-ufa.org\/fr\/programmes\/guide-des-etudes\/master-integre-franco-allemand-enseignement-second-degre\">\n            <span class=\"icon arrow-right\">\n                <img src=\"https:\/\/www.dfh-ufa.org\/app\/themes\/fbo-dfh\/assets\/img\/arrow-right.svg\" width=\"38\" height=\"34\">\n            <\/span>\n        <\/a>\n    <\/div>\n<\/div><div class=\"grid-x grid-padding-x align-end studie-archive-item\">\n    <div class=\"cell small-12 medium-6\">\n        <a class=\"\" href=\"https:\/\/www.dfh-ufa.org\/fr\/programmes\/guide-des-etudes\/meef-parcours-binational-enseigner-lallemand-et-le-francais-au-second-degre\">\n\t\t\t<p class=\"studie-title\">MEEF parcours binational &#8211; Enseigner l\u2018allemand et le fran\u00e7ais au second degr\u00e9<\/p>        <\/a>\n\n\t\t<p class=\"studi-uni\">U Strasbourg<\/p>    <\/div>\n\n    <div class=\"cell small-12 medium-6\">\n        <p class=\"studi-uni\">\n\t\t\t<p class=\"studi-uni\">PH Freiburg<\/p>        <\/p>\n        <a class=\"studi-icon\" href=\"https:\/\/www.dfh-ufa.org\/fr\/programmes\/guide-des-etudes\/meef-parcours-binational-enseigner-lallemand-et-le-francais-au-second-degre\">\n            <span class=\"icon arrow-right\">\n                <img src=\"https:\/\/www.dfh-ufa.org\/app\/themes\/fbo-dfh\/assets\/img\/arrow-right.svg\" width=\"38\" height=\"34\">\n            <\/span>\n        <\/a>\n    <\/div>\n<\/div><div class=\"grid-x grid-padding-x align-end studie-archive-item\">\n    <div class=\"cell small-12 medium-6\">\n        <a class=\"\" href=\"https:\/\/www.dfh-ufa.org\/fr\/programmes\/guide-des-etudes\/parcours-integre-quotenseignement-dans-le-primaire-en-allemagne-etou-en-francequot-du-master-meef\">\n\t\t\t<p class=\"studie-title\">Parcours Int\u00e9gr\u00e9 \u00ab\u00a0Enseignement dans le primaire en Allemagne et\/ou en France\u00a0\u00bb du Master MEEF<\/p>        <\/a>\n\n\t\t<p class=\"studi-uni\">U Strasbourg<\/p>    <\/div>\n\n    <div class=\"cell small-12 medium-6\">\n        <p class=\"studi-uni\">\n\t\t\t<p class=\"studi-uni\">PH Freiburg<\/p>        <\/p>\n        <a class=\"studi-icon\" href=\"https:\/\/www.dfh-ufa.org\/fr\/programmes\/guide-des-etudes\/parcours-integre-quotenseignement-dans-le-primaire-en-allemagne-etou-en-francequot-du-master-meef\">\n            <span class=\"icon arrow-right\">\n                <img src=\"https:\/\/www.dfh-ufa.org\/app\/themes\/fbo-dfh\/assets\/img\/arrow-right.svg\" width=\"38\" height=\"34\">\n            <\/span>\n        <\/a>\n    <\/div>\n<\/div>            <\/div>\r\n\r\n            <div class=\"cell small-12 medium-8\">\r\n\t\t\t\t            <\/div>\r\n        <\/div>\r\n\t\t\n","protected":false},"excerpt":{"rendered":"","protected":false},"author":1,"featured_media":0,"parent":743,"menu_order":495,"comment_status":"closed","ping_status":"closed","template":"","meta":{"_bbp_topic_count":0,"_bbp_reply_count":0,"_bbp_total_topic_count":0,"_bbp_total_reply_count":0,"_bbp_voice_count":0,"_bbp_anonymous_reply_count":0,"_bbp_topic_count_hidden":0,"_bbp_reply_count_hidden":0,"_bbp_forum_subforum_count":0,"inline_featured_image":false},"acf":[],"_links":{"self":[{"href":"https:\/\/www.dfh-ufa.org\/fr\/wp-json\/wp\/v2\/pages\/777"}],"collection":[{"href":"https:\/\/www.dfh-ufa.org\/fr\/wp-json\/wp\/v2\/pages"}],"about":[{"href":"https:\/\/www.dfh-ufa.org\/fr\/wp-json\/wp\/v2\/types\/page"}],"author":[{"embeddable":true,"href":"https:\/\/www.dfh-ufa.org\/fr\/wp-json\/wp\/v2\/users\/1"}],"replies":[{"embeddable":true,"href":"https:\/\/www.dfh-ufa.org\/fr\/wp-json\/wp\/v2\/comments?post=777"}],"version-history":[{"count":2,"href":"https:\/\/www.dfh-ufa.org\/fr\/wp-json\/wp\/v2\/pages\/777\/revisions"}],"predecessor-version":[{"id":5151,"href":"https:\/\/www.dfh-ufa.org\/fr\/wp-json\/wp\/v2\/pages\/777\/revisions\/5151"}],"up":[{"embeddable":true,"href":"https:\/\/www.dfh-ufa.org\/fr\/wp-json\/wp\/v2\/pages\/743"}],"wp:attachment":[{"href":"https:\/\/www.dfh-ufa.org\/fr\/wp-json\/wp\/v2\/media?parent=777"}],"curies":[{"name":"wp","href":"https:\/\/api.w.org\/{rel}","templated":true}]}}