{"id":780,"date":"2018-04-24T09:03:13","date_gmt":"2018-04-24T07:03:13","guid":{"rendered":"https:\/\/www.dfh-ufa.org\/fr\/droit"},"modified":"2021-02-03T10:48:15","modified_gmt":"2021-02-03T09:48:15","slug":"droit","status":"publish","type":"page","link":"https:\/\/www.dfh-ufa.org\/fr\/programmes\/droit","title":{"rendered":"Droit"},"content":{"rendered":"\r\n        <div class=\"grid-x grid-margin-x grid-margin-y\">\r\n            <div class=\"cell small-12 medium-8\">\r\n\t\t\t\t<div class=\"pagination\">Seiten:<span class=\"pagination-items\"><span aria-current=\"page\" class=\"page-numbers current\">1<\/span>\n<a class=\"page-numbers\" href=\"https:\/\/www.dfh-ufa.org\/fr\/wp-json\/wp\/v2\/pages\/780\/page\/2#studie-filter\">2<\/a>\n<a class=\"page-numbers\" href=\"https:\/\/www.dfh-ufa.org\/fr\/wp-json\/wp\/v2\/pages\/780\/page\/3#studie-filter\">3<\/a>\n<a class=\"next page-numbers\" href=\"https:\/\/www.dfh-ufa.org\/fr\/wp-json\/wp\/v2\/pages\/780\/page\/2#studie-filter\">><\/a><\/span><\/div>            <\/div>\r\n            <div class=\"cell small-12\">\r\n\r\n                <div class=\"grid-x grid-padding-x align-end studie-archive-header\">\r\n                    <div class=\"cell small-12 medium-6\">\r\n\t\t\t\t\t\t\u00c9tablissement                    <\/div>\r\n                    <div class=\"cell small-12 medium-6\">\r\n\t\t\t\t\t\t\u00c9tablissement partenaire                    <\/div>\r\n                <\/div>\r\n\t\t\t\t<div class=\"grid-x grid-padding-x align-end studie-archive-item\">\n    <div class=\"cell small-12 medium-6\">\n        <a class=\"\" href=\"https:\/\/www.dfh-ufa.org\/fr\/programmes\/guide-des-etudes\/cursus-detudes-integrees-en-droits-francais-et-allemand-paris-sarrebruck\">\n\t\t\t<p class=\"studie-title\">Cursus d&rsquo;\u00e9tudes int\u00e9gr\u00e9es en droits fran\u00e7ais et allemand, Paris Sarrebruck<\/p>        <\/a>\n\n\t\t<p class=\"studi-uni\">U Paris-Panth\u00e9on-Assas<\/p>    <\/div>\n\n    <div class=\"cell small-12 medium-6\">\n        <p class=\"studi-uni\">\n\t\t\t<p class=\"studi-uni\">U des Saarlandes<\/p>        <\/p>\n        <a class=\"studi-icon\" href=\"https:\/\/www.dfh-ufa.org\/fr\/programmes\/guide-des-etudes\/cursus-detudes-integrees-en-droits-francais-et-allemand-paris-sarrebruck\">\n            <span class=\"icon arrow-right\">\n                <img src=\"https:\/\/www.dfh-ufa.org\/app\/themes\/fbo-dfh\/assets\/img\/arrow-right.svg\" width=\"38\" height=\"34\">\n            <\/span>\n        <\/a>\n    <\/div>\n<\/div><div class=\"grid-x grid-padding-x align-end studie-archive-item\">\n    <div class=\"cell small-12 medium-6\">\n        <a class=\"\" href=\"https:\/\/www.dfh-ufa.org\/fr\/programmes\/guide-des-etudes\/double-cursus-juridique-franco-allemand-licence-llb\">\n\t\t\t<p class=\"studie-title\">Double cursus juridique franco-allemand (Licence-LL.B.)<\/p>        <\/a>\n\n\t\t<p class=\"studi-uni\">U Lyon 2<\/p>    <\/div>\n\n    <div class=\"cell small-12 medium-6\">\n        <p class=\"studi-uni\">\n\t\t\t<p class=\"studi-uni\">U des Saarlandes<\/p>        <\/p>\n        <a class=\"studi-icon\" href=\"https:\/\/www.dfh-ufa.org\/fr\/programmes\/guide-des-etudes\/double-cursus-juridique-franco-allemand-licence-llb\">\n            <span class=\"icon arrow-right\">\n                <img src=\"https:\/\/www.dfh-ufa.org\/app\/themes\/fbo-dfh\/assets\/img\/arrow-right.svg\" width=\"38\" height=\"34\">\n            <\/span>\n        <\/a>\n    <\/div>\n<\/div><div class=\"grid-x grid-padding-x align-end studie-archive-item\">\n    <div class=\"cell small-12 medium-6\">\n        <a class=\"\" href=\"https:\/\/www.dfh-ufa.org\/fr\/programmes\/guide-des-etudes\/double-diplome-en-droit-franco-allemand\">\n\t\t\t<p class=\"studie-title\">Double dipl\u00f4me en droit franco-allemand<\/p>        <\/a>\n\n\t\t<p class=\"studi-uni\">U Strasbourg<\/p>    <\/div>\n\n    <div class=\"cell small-12 medium-6\">\n        <p class=\"studi-uni\">\n\t\t\t<p class=\"studi-uni\">U Freiburg<\/p>        <\/p>\n        <a class=\"studi-icon\" href=\"https:\/\/www.dfh-ufa.org\/fr\/programmes\/guide-des-etudes\/double-diplome-en-droit-franco-allemand\">\n            <span class=\"icon arrow-right\">\n                <img src=\"https:\/\/www.dfh-ufa.org\/app\/themes\/fbo-dfh\/assets\/img\/arrow-right.svg\" width=\"38\" height=\"34\">\n            <\/span>\n        <\/a>\n    <\/div>\n<\/div><div class=\"grid-x grid-padding-x align-end studie-archive-item\">\n    <div class=\"cell small-12 medium-6\">\n        <a class=\"\" href=\"https:\/\/www.dfh-ufa.org\/fr\/programmes\/guide-des-etudes\/double-parcours-integre-franco-allemand-en-droit\">\n\t\t\t<p class=\"studie-title\">Double parcours int\u00e9gr\u00e9 franco-allemand en droit<\/p>        <\/a>\n\n\t\t<p class=\"studi-uni\">U C\u00f4te d'Azur<\/p>    <\/div>\n\n    <div class=\"cell small-12 medium-6\">\n        <p class=\"studi-uni\">\n\t\t\t<p class=\"studi-uni\">U des Saarlandes<\/p>        <\/p>\n        <a class=\"studi-icon\" href=\"https:\/\/www.dfh-ufa.org\/fr\/programmes\/guide-des-etudes\/double-parcours-integre-franco-allemand-en-droit\">\n            <span class=\"icon arrow-right\">\n                <img src=\"https:\/\/www.dfh-ufa.org\/app\/themes\/fbo-dfh\/assets\/img\/arrow-right.svg\" width=\"38\" height=\"34\">\n            <\/span>\n        <\/a>\n    <\/div>\n<\/div><div class=\"grid-x grid-padding-x align-end studie-archive-item\">\n    <div class=\"cell small-12 medium-6\">\n        <a class=\"\" href=\"https:\/\/www.dfh-ufa.org\/fr\/programmes\/guide-des-etudes\/droit-1\">\n\t\t\t<p class=\"studie-title\">Droit<\/p>        <\/a>\n\n\t\t<p class=\"studi-uni\">U de Tours<\/p>    <\/div>\n\n    <div class=\"cell small-12 medium-6\">\n        <p class=\"studi-uni\">\n\t\t\t<p class=\"studi-uni\">U Bochum<\/p>        <\/p>\n        <a class=\"studi-icon\" href=\"https:\/\/www.dfh-ufa.org\/fr\/programmes\/guide-des-etudes\/droit-1\">\n            <span class=\"icon arrow-right\">\n                <img src=\"https:\/\/www.dfh-ufa.org\/app\/themes\/fbo-dfh\/assets\/img\/arrow-right.svg\" width=\"38\" height=\"34\">\n            <\/span>\n        <\/a>\n    <\/div>\n<\/div><div class=\"grid-x grid-padding-x align-end studie-archive-item\">\n    <div class=\"cell small-12 medium-6\">\n        <a class=\"\" href=\"https:\/\/www.dfh-ufa.org\/fr\/programmes\/guide-des-etudes\/droit\">\n\t\t\t<p class=\"studie-title\">Droit<\/p>        <\/a>\n\n\t\t<p class=\"studi-uni\">U CY Cergy Paris<\/p>    <\/div>\n\n    <div class=\"cell small-12 medium-6\">\n        <p class=\"studi-uni\">\n\t\t\t<p class=\"studi-uni\">U D\u00fcsseldorf<\/p>        <\/p>\n        <a class=\"studi-icon\" href=\"https:\/\/www.dfh-ufa.org\/fr\/programmes\/guide-des-etudes\/droit\">\n            <span class=\"icon arrow-right\">\n                <img src=\"https:\/\/www.dfh-ufa.org\/app\/themes\/fbo-dfh\/assets\/img\/arrow-right.svg\" width=\"38\" height=\"34\">\n            <\/span>\n        <\/a>\n    <\/div>\n<\/div><div class=\"grid-x grid-padding-x align-end studie-archive-item\">\n    <div class=\"cell small-12 medium-6\">\n        <a class=\"\" href=\"https:\/\/www.dfh-ufa.org\/fr\/programmes\/guide-des-etudes\/droit-programme-bermupa\">\n\t\t\t<p class=\"studie-title\">Droit (Programme BerMuPa)<\/p>        <\/a>\n\n\t\t<p class=\"studi-uni\">U Paris-Panth\u00e9on-Assas<\/p>    <\/div>\n\n    <div class=\"cell small-12 medium-6\">\n        <p class=\"studi-uni\">\n\t\t\t<p class=\"studi-uni\">LMU M\u00fcnchen<\/p>        <\/p>\n        <a class=\"studi-icon\" href=\"https:\/\/www.dfh-ufa.org\/fr\/programmes\/guide-des-etudes\/droit-programme-bermupa\">\n            <span class=\"icon arrow-right\">\n                <img src=\"https:\/\/www.dfh-ufa.org\/app\/themes\/fbo-dfh\/assets\/img\/arrow-right.svg\" width=\"38\" height=\"34\">\n            <\/span>\n        <\/a>\n    <\/div>\n<\/div><div class=\"grid-x grid-padding-x align-end studie-archive-item\">\n    <div class=\"cell small-12 medium-6\">\n        <a class=\"\" href=\"https:\/\/www.dfh-ufa.org\/fr\/programmes\/guide-des-etudes\/droit-programme-bermupa-1\">\n\t\t\t<p class=\"studie-title\">Droit (Programme BerMuPa)<\/p>        <\/a>\n\n\t\t<p class=\"studi-uni\">U Paris-Panth\u00e9on-Assas<\/p>    <\/div>\n\n    <div class=\"cell small-12 medium-6\">\n        <p class=\"studi-uni\">\n\t\t\t<p class=\"studi-uni\">HU Berlin<\/p>        <\/p>\n        <a class=\"studi-icon\" href=\"https:\/\/www.dfh-ufa.org\/fr\/programmes\/guide-des-etudes\/droit-programme-bermupa-1\">\n            <span class=\"icon arrow-right\">\n                <img src=\"https:\/\/www.dfh-ufa.org\/app\/themes\/fbo-dfh\/assets\/img\/arrow-right.svg\" width=\"38\" height=\"34\">\n            <\/span>\n        <\/a>\n    <\/div>\n<\/div><div class=\"grid-x grid-padding-x align-end studie-archive-item\">\n    <div class=\"cell small-12 medium-6\">\n        <a class=\"\" href=\"https:\/\/www.dfh-ufa.org\/fr\/programmes\/guide-des-etudes\/droit-economique-et-social\">\n\t\t\t<p class=\"studie-title\">Droit \u00e9conomique et social<\/p>        <\/a>\n\n\t\t<p class=\"studi-uni\">U CY Cergy Paris<\/p>    <\/div>\n\n    <div class=\"cell small-12 medium-6\">\n        <p class=\"studi-uni\">\n\t\t\t<p class=\"studi-uni\">U D\u00fcsseldorf<\/p>        <\/p>\n        <a class=\"studi-icon\" href=\"https:\/\/www.dfh-ufa.org\/fr\/programmes\/guide-des-etudes\/droit-economique-et-social\">\n            <span class=\"icon arrow-right\">\n                <img src=\"https:\/\/www.dfh-ufa.org\/app\/themes\/fbo-dfh\/assets\/img\/arrow-right.svg\" width=\"38\" height=\"34\">\n            <\/span>\n        <\/a>\n    <\/div>\n<\/div><div class=\"grid-x grid-padding-x align-end studie-archive-item\">\n    <div class=\"cell small-12 medium-6\">\n        <a class=\"\" href=\"https:\/\/www.dfh-ufa.org\/fr\/programmes\/guide-des-etudes\/droit-francais-droit-allemand\">\n\t\t\t<p class=\"studie-title\">Droit francais \/ Droit allemand<\/p>        <\/a>\n\n\t\t<p class=\"studi-uni\">U de Tours<\/p>    <\/div>\n\n    <div class=\"cell small-12 medium-6\">\n        <p class=\"studi-uni\">\n\t\t\t<p class=\"studi-uni\">U Bochum<\/p>        <\/p>\n        <a class=\"studi-icon\" href=\"https:\/\/www.dfh-ufa.org\/fr\/programmes\/guide-des-etudes\/droit-francais-droit-allemand\">\n            <span class=\"icon arrow-right\">\n                <img src=\"https:\/\/www.dfh-ufa.org\/app\/themes\/fbo-dfh\/assets\/img\/arrow-right.svg\" width=\"38\" height=\"34\">\n            <\/span>\n        <\/a>\n    <\/div>\n<\/div>            <\/div>\r\n\r\n            <div class=\"cell small-12 medium-8\">\r\n\t\t\t\t<div class=\"pagination\">Seiten:<span class=\"pagination-items\"><span aria-current=\"page\" class=\"page-numbers current\">1<\/span>\n<a class=\"page-numbers\" href=\"https:\/\/www.dfh-ufa.org\/fr\/wp-json\/wp\/v2\/pages\/780\/page\/2#studie-filter\">2<\/a>\n<a class=\"page-numbers\" href=\"https:\/\/www.dfh-ufa.org\/fr\/wp-json\/wp\/v2\/pages\/780\/page\/3#studie-filter\">3<\/a>\n<a class=\"next page-numbers\" href=\"https:\/\/www.dfh-ufa.org\/fr\/wp-json\/wp\/v2\/pages\/780\/page\/2#studie-filter\">><\/a><\/span><\/div>            <\/div>\r\n        <\/div>\r\n\t\t\n","protected":false},"excerpt":{"rendered":"","protected":false},"author":1,"featured_media":0,"parent":743,"menu_order":525,"comment_status":"closed","ping_status":"closed","template":"","meta":{"_bbp_topic_count":0,"_bbp_reply_count":0,"_bbp_total_topic_count":0,"_bbp_total_reply_count":0,"_bbp_voice_count":0,"_bbp_anonymous_reply_count":0,"_bbp_topic_count_hidden":0,"_bbp_reply_count_hidden":0,"_bbp_forum_subforum_count":0,"inline_featured_image":false},"acf":[],"_links":{"self":[{"href":"https:\/\/www.dfh-ufa.org\/fr\/wp-json\/wp\/v2\/pages\/780"}],"collection":[{"href":"https:\/\/www.dfh-ufa.org\/fr\/wp-json\/wp\/v2\/pages"}],"about":[{"href":"https:\/\/www.dfh-ufa.org\/fr\/wp-json\/wp\/v2\/types\/page"}],"author":[{"embeddable":true,"href":"https:\/\/www.dfh-ufa.org\/fr\/wp-json\/wp\/v2\/users\/1"}],"replies":[{"embeddable":true,"href":"https:\/\/www.dfh-ufa.org\/fr\/wp-json\/wp\/v2\/comments?post=780"}],"version-history":[{"count":2,"href":"https:\/\/www.dfh-ufa.org\/fr\/wp-json\/wp\/v2\/pages\/780\/revisions"}],"predecessor-version":[{"id":5176,"href":"https:\/\/www.dfh-ufa.org\/fr\/wp-json\/wp\/v2\/pages\/780\/revisions\/5176"}],"up":[{"embeddable":true,"href":"https:\/\/www.dfh-ufa.org\/fr\/wp-json\/wp\/v2\/pages\/743"}],"wp:attachment":[{"href":"https:\/\/www.dfh-ufa.org\/fr\/wp-json\/wp\/v2\/media?parent=780"}],"curies":[{"name":"wp","href":"https:\/\/api.w.org\/{rel}","templated":true}]}}