{"id":788,"date":"2018-04-24T09:03:14","date_gmt":"2018-04-24T07:03:14","guid":{"rendered":"https:\/\/www.dfh-ufa.org\/fr\/lufa"},"modified":"2025-02-19T11:17:26","modified_gmt":"2025-02-19T10:17:26","slug":"lufa","status":"publish","type":"page","link":"https:\/\/www.dfh-ufa.org\/fr\/lufa","title":{"rendered":"L&rsquo;UFA"},"content":{"rendered":"<h4 class=\"entry__title\"><a href=\"https:\/\/www.dfh-ufa.org\/fr\/lufa\/lequipe-de-lufa\/direction\">Direction<\/a><\/h4>\n<h4 class=\"entry__title\"><a href=\"https:\/\/www.dfh-ufa.org\/fr\/lufa\/lequipe-de-lufa\/cursus-integres-et-formation-doctorale\">Cursus int\u00e9gr\u00e9s et formation doctorale<\/a><\/h4>\n<h4 class=\"entry__title\"><a href=\"https:\/\/www.dfh-ufa.org\/fr\/lufa\/lequipe-de-lufa\/relations-publiques-et-partenariales\">Relations publiques et partenariales<\/a><\/h4>\n<h4 class=\"entry__title\"><a href=\"https:\/\/www.dfh-ufa.org\/fr\/lufa\/lequipe-de-lufa\/instances-de-pilotage-et-projets-scientifiques\">Instances de pilotage et projets scientifiques<\/a><\/h4>\n<h4 class=\"entry__title\"><a href=\"https:\/\/www.dfh-ufa.org\/fr\/lufa\/lequipe-de-lufa\/systemes-d%e2%80%98information-et-medias-numeriques\">Syst\u00e8mes d\u2019information<\/a><\/h4>\n<h4 class=\"entry__title\"><a href=\"https:\/\/www.dfh-ufa.org\/fr\/lufa\/lequipe-de-lufa\/finances-personnel-service-interieur\">Finances, personnel, service int\u00e9rieur<\/a><\/h4>\n<div id=\"sconnect-is-installed\">2.15.1.0<\/div>\n","protected":false},"excerpt":{"rendered":"<p>Direction Cursus int\u00e9gr\u00e9s et formation doctorale Relations publiques et partenariales Instances de pilotage et projets scientifiques Syst\u00e8mes d\u2019information Finances, personnel, service int\u00e9rieur 2.15.1.0<\/p>\n","protected":false},"author":1,"featured_media":0,"parent":0,"menu_order":654,"comment_status":"closed","ping_status":"closed","template":"","meta":{"_bbp_topic_count":0,"_bbp_reply_count":0,"_bbp_total_topic_count":0,"_bbp_total_reply_count":0,"_bbp_voice_count":0,"_bbp_anonymous_reply_count":0,"_bbp_topic_count_hidden":0,"_bbp_reply_count_hidden":0,"_bbp_forum_subforum_count":0,"inline_featured_image":false},"acf":[],"_links":{"self":[{"href":"https:\/\/www.dfh-ufa.org\/fr\/wp-json\/wp\/v2\/pages\/788"}],"collection":[{"href":"https:\/\/www.dfh-ufa.org\/fr\/wp-json\/wp\/v2\/pages"}],"about":[{"href":"https:\/\/www.dfh-ufa.org\/fr\/wp-json\/wp\/v2\/types\/page"}],"author":[{"embeddable":true,"href":"https:\/\/www.dfh-ufa.org\/fr\/wp-json\/wp\/v2\/users\/1"}],"replies":[{"embeddable":true,"href":"https:\/\/www.dfh-ufa.org\/fr\/wp-json\/wp\/v2\/comments?post=788"}],"version-history":[{"count":8,"href":"https:\/\/www.dfh-ufa.org\/fr\/wp-json\/wp\/v2\/pages\/788\/revisions"}],"predecessor-version":[{"id":1963508,"href":"https:\/\/www.dfh-ufa.org\/fr\/wp-json\/wp\/v2\/pages\/788\/revisions\/1963508"}],"wp:attachment":[{"href":"https:\/\/www.dfh-ufa.org\/fr\/wp-json\/wp\/v2\/media?parent=788"}],"curies":[{"name":"wp","href":"https:\/\/api.w.org\/{rel}","templated":true}]}}