{"id":790,"date":"2018-04-24T09:03:14","date_gmt":"2018-04-24T07:03:14","guid":{"rendered":"https:\/\/www.dfh-ufa.org\/fr\/objectifs-et-missions"},"modified":"2026-04-02T10:08:01","modified_gmt":"2026-04-02T08:08:01","slug":"objectifs-et-missions","status":"publish","type":"page","link":"https:\/\/www.dfh-ufa.org\/fr\/lufa\/lufa-en-bref\/objectifs-et-missions","title":{"rendered":"Objectifs et missions"},"content":{"rendered":"<div id=\"pl-790\"  class=\"panel-layout\" ><div id=\"pg-790-0\"  class=\"panel-grid panel-no-style\" ><div id=\"pgc-790-0-0\"  class=\"panel-grid-cell\" ><div id=\"panel-790-0-0-0\" class=\"so-panel widget widget_sow-editor panel-first-child panel-last-child\" data-index=\"0\" ><div class=\"so-widget-sow-editor so-widget-sow-editor-base\">\n<div class=\"siteorigin-widget-tinymce textwidget\">\n\t<p>L'UFA vise \u00e0 am\u00e9liorer la coop\u00e9ration franco-allemande dans l'enseignement sup\u00e9rieur. Elle a pour mission de promouvoir les relations et les \u00e9changes entre \u00e9tablissements d'enseignement fran\u00e7ais et allemands, en apportant son soutien \u00e0 des projets binationaux dans le domaine de l'enseignement, tant au niveau des premiers que des seconds cycles, de la recherche et de la formation de futur\u00b7es chercheur\u00b7euses, en favorisant :<\/p>\n<\/div>\n<\/div><\/div><\/div><\/div><div id=\"pg-790-1\"  class=\"panel-grid panel-no-style\" ><div id=\"pgc-790-1-0\"  class=\"panel-grid-cell\" ><div id=\"panel-790-1-0-0\" class=\"so-panel widget widget_accordion panel-first-child\" data-index=\"1\" >        <div class=\"accordion\" data-collapse=\"1\">\n\n\t\t\t\t\t\t\t\t\t\t\t\t                    <div class=\"accordion__item\" id=\"69e35887ef0f2\">\n\n\t\t\t\t\t\t                            <header class=\"accordion__header\">\n                                <h2 class=\"accordion__title\">Le renforcement de la coop\u00e9ration dans les domaines de l'enseignement sup\u00e9rieur et de la recherche<\/h2>\n                            <\/header>\n\t\t\t\t\t\t\n\t\t\t\t\t\t                            <div class=\"accordion__content\">\n\t\t\t\t\t\t\t\t<div class=\"csc-textpic-text\">\n<div class=\"csc-textpic-text\">\n<p>L'UFA a un r\u00f4le d'expert dans les relations universitaires franco-allemandes. Elle est en particulier attentive \u00e0 :<\/p>\n<ul>\n<li>prendre en compte la diversit\u00e9 des disciplines et des types d'\u00e9tablissements,<\/li>\n<li>garantir une palette de cursus franco-allemands la plus large possible tout en veillant \u00e0 une r\u00e9partition g\u00e9ographique \u00e9quilibr\u00e9e de ces derniers.<\/li>\n<\/ul>\n<\/div>\n<\/div>\n                            <\/div>\n\t\t\t\t\t\t\n\t\t\t\t\t\t\n                    <\/div><!-- .accordion -->\n\n\t\t\t\t\n\t\t\t\t\t\t\t\n        <\/div><!-- .accordion -->\n\n\t\t<\/div><div id=\"panel-790-1-0-1\" class=\"so-panel widget widget_accordion\" data-index=\"2\" >        <div class=\"accordion\" data-collapse=\"1\">\n\n\t\t\t\t\t\t\t\t\t\t\t\t                    <div class=\"accordion__item\" id=\"69e35887ef132\">\n\n\t\t\t\t\t\t                            <header class=\"accordion__header\">\n                                <h2 class=\"accordion__title\">L'augmentation de la mobilit\u00e9 des \u00e9tudiant\u00b7es<\/h2>\n                            <\/header>\n\t\t\t\t\t\t\n\t\t\t\t\t\t                            <div class=\"accordion__content\">\n\t\t\t\t\t\t\t\t<p>L'un des objectifs de l'UFA est d'augmenter la mobilit\u00e9 des \u00e9tudiant\u00b7es et des enseignant\u00b7es entre la France et l'Allemagne.<br \/>\nFormer un nombre sans cesse croissant de dipl\u00f4m\u00e9\u00b7es provenant de diff\u00e9rentes disciplines, et disposant de connaissances scientifiques alli\u00e9es \u00e0 des comp\u00e9tences binationales est l'une des missions fondamentales de l'UFA.<\/p>\n                            <\/div>\n\t\t\t\t\t\t\n\t\t\t\t\t\t\n                    <\/div><!-- .accordion -->\n\n\t\t\t\t\n\t\t\t\t\t\t\t\n        <\/div><!-- .accordion -->\n\n\t\t<\/div><div id=\"panel-790-1-0-2\" class=\"so-panel widget widget_accordion\" data-index=\"3\" >        <div class=\"accordion\" data-collapse=\"1\">\n\n\t\t\t\t\t\t\t\t\t\t\t\t                    <div class=\"accordion__item\" id=\"69e35887ef159\">\n\n\t\t\t\t\t\t                            <header class=\"accordion__header\">\n                                <h2 class=\"accordion__title\">La cr\u00e9ation, le soutien et la mise en oeuvre de cursus int\u00e9gr\u00e9s franco-allemands<\/h2>\n                            <\/header>\n\t\t\t\t\t\t\n\t\t\t\t\t\t                            <div class=\"accordion__content\">\n\t\t\t\t\t\t\t\t<div class=\"csc-textpic-text\">\n<p>L\u2019Universit\u00e9 franco-allemande a pour missions fondamentales de susciter, coordonner et financer des programmes d\u2019\u00e9tudes entre des \u00e9tablissements d\u2019enseignement sup\u00e9rieur fran\u00e7ais et allemands partenaires. Pour \u00eatre pris en compte, ces programmes doivent remplir des crit\u00e8res pr\u00e9cis d\u00e9finis par l'UFA :<\/p>\n<div class=\"csc-textpic-text\">\n<ul>\n<li>Le cursus binational doit mener \u00e0 un double dipl\u00f4me.<\/li>\n<li>Les examens ainsi que la dur\u00e9e des \u00e9tudes doivent \u00eatre \u00e9quitablement r\u00e9partis entre les deux \u00e9tablissements.<\/li>\n<li>Le s\u00e9jour d\u2019\u00e9tudes dans l\u2019\u00e9tablissement partenaire \u00e9tranger doit \u00eatre d\u2019au moins trois semestres.<\/li>\n<li>De plus, l\u2019UFA attend de ses partenaires qu\u2019ils s\u2019entendent sur un programme de formation commun, qui soit valable dans les deux \u00e9tablissements.<\/li>\n<\/ul>\n<\/div>\n<p>&nbsp;<\/p>\n<p><a href=\"https:\/\/www.dfh-ufa.org\/fr\/programmes\/guide-des-etudes\/\">=&gt; Nos cursus int\u00e9gr\u00e9s<\/a><\/p>\n<\/div>\n                            <\/div>\n\t\t\t\t\t\t\n\t\t\t\t\t\t\n                    <\/div><!-- .accordion -->\n\n\t\t\t\t\n\t\t\t\t\t\t\t\n        <\/div><!-- .accordion -->\n\n\t\t<\/div><div id=\"panel-790-1-0-3\" class=\"so-panel widget widget_accordion\" data-index=\"4\" >        <div class=\"accordion\" data-collapse=\"1\">\n\n\t\t\t\t\t\t\t\t\t\t\t\t                    <div class=\"accordion__item\" id=\"69e35887ef19f\">\n\n\t\t\t\t\t\t                            <header class=\"accordion__header\">\n                                <h2 class=\"accordion__title\">Soutien aux doctorant\u00b7es et aux jeunes chercheur\u00b7euses<\/h2>\n                            <\/header>\n\t\t\t\t\t\t\n\t\t\t\t\t\t                            <div class=\"accordion__content\">\n\t\t\t\t\t\t\t\t<div class=\"csc-textpic-text\">\n<p>La strat\u00e9gie de soutien vise :<\/p>\n<ul>\n<li>d'une part au d\u00e9veloppement des formations doctorales structur\u00e9es conjointes<\/li>\n<li>et d'autre part \u00e0 la mise en r\u00e9seau de scientifiques, notamment parmi les jeunes chercheuses et chercheurs.<\/li>\n<\/ul>\n<p>&nbsp;<\/p>\n<p class=\"align-left\">En t\u00e9moignent les programmes suivants :<\/p>\n<ul>\n<li><a href=\"https:\/\/www.dfh-ufa.org\/fr\/programmes\/guide-des-programmes-de-soutien-a-la-recherche\/colleges-doctoraux-franco-allemands\/\">Coll\u00e8ges doctoraux franco-allemands (CDFA)<\/a><\/li>\n<li><a href=\"https:\/\/www.dfh-ufa.org\/fr\/vous-etes\/etudiant-doctorant-diplome\/doctorant\/cotutelle-de-these\/\">Cotutelles de th\u00e8se<\/a><\/li>\n<li><a href=\"https:\/\/www.dfh-ufa.org\/fr\/vous-etes\/doctorant\/manifestations-scientifiques-pour-jeunes-chercheurs?noredirect=fr_FR\">Manifestations scientifiques pour jeunes chercheurs<\/a><\/li>\n<\/ul>\n<p>&nbsp;<\/p>\n<p><a href=\"https:\/\/www.dfh-ufa.org\/fr\/programmes\/guide-des-programmes-de-soutien-a-la-recherche\/\">=&gt; Formation doctorale et recherche <\/a><span style=\"color: #ff0000\"><br \/>\n<\/span><\/p>\n<\/div>\n                            <\/div>\n\t\t\t\t\t\t\n\t\t\t\t\t\t\n                    <\/div><!-- .accordion -->\n\n\t\t\t\t\n\t\t\t\t\t\t\t\n        <\/div><!-- .accordion -->\n\n\t\t<\/div><div id=\"panel-790-1-0-4\" class=\"so-panel widget widget_accordion panel-last-child\" data-index=\"5\" >        <div class=\"accordion\" data-collapse=\"1\">\n\n\t\t\t\t\t\t\t\t\t\t\t\t                    <div class=\"accordion__item\" id=\"69e35887ef1ec\">\n\n\t\t\t\t\t\t                            <header class=\"accordion__header\">\n                                <h2 class=\"accordion__title\">Le renforcement de la comp\u00e9tence binationale des dipl\u00f4m\u00e9\u00b7es dans leurs sp\u00e9cialit\u00e9s<\/h2>\n                            <\/header>\n\t\t\t\t\t\t\n\t\t\t\t\t\t                            <div class=\"accordion__content\">\n\t\t\t\t\t\t\t\t<p>Parmi les objectifs de l'UFA figure la constitution d'un groupe constamment croissant de dipl\u00f4m\u00e9\u00b7es de l'enseignement sup\u00e9rieur issu\u00b7es de diff\u00e9rentes disciplines, et qui disposent \u00e9galement, en plus de leur qualification technique, de comp\u00e9tences interculturelles binationales.<\/p>\n                            <\/div>\n\t\t\t\t\t\t\n\t\t\t\t\t\t\n                    <\/div><!-- .accordion -->\n\n\t\t\t\t\n\t\t\t\t\t\t\t\n        <\/div><!-- .accordion -->\n\n\t\t<\/div><\/div><\/div><\/div>","protected":false},"excerpt":{"rendered":"<p>L&rsquo;UFA vise \u00e0 am\u00e9liorer la coop\u00e9ration franco-allemande dans l&rsquo;enseignement sup\u00e9rieur. Elle a pour mission de promouvoir les relations et les \u00e9changes entre \u00e9tablissements d&rsquo;enseignement fran\u00e7ais et allemands, en apportant son soutien \u00e0 des projets binationaux dans le domaine de l&rsquo;enseignement, tant au niveau des premiers que des seconds cycles, de la recherche et de la [&hellip;]<\/p>\n","protected":false},"author":1,"featured_media":0,"parent":789,"menu_order":0,"comment_status":"closed","ping_status":"closed","template":"","meta":{"_bbp_topic_count":0,"_bbp_reply_count":0,"_bbp_total_topic_count":0,"_bbp_total_reply_count":0,"_bbp_voice_count":0,"_bbp_anonymous_reply_count":0,"_bbp_topic_count_hidden":0,"_bbp_reply_count_hidden":0,"_bbp_forum_subforum_count":0,"inline_featured_image":false},"acf":[],"_links":{"self":[{"href":"https:\/\/www.dfh-ufa.org\/fr\/wp-json\/wp\/v2\/pages\/790"}],"collection":[{"href":"https:\/\/www.dfh-ufa.org\/fr\/wp-json\/wp\/v2\/pages"}],"about":[{"href":"https:\/\/www.dfh-ufa.org\/fr\/wp-json\/wp\/v2\/types\/page"}],"author":[{"embeddable":true,"href":"https:\/\/www.dfh-ufa.org\/fr\/wp-json\/wp\/v2\/users\/1"}],"replies":[{"embeddable":true,"href":"https:\/\/www.dfh-ufa.org\/fr\/wp-json\/wp\/v2\/comments?post=790"}],"version-history":[{"count":53,"href":"https:\/\/www.dfh-ufa.org\/fr\/wp-json\/wp\/v2\/pages\/790\/revisions"}],"predecessor-version":[{"id":1963806,"href":"https:\/\/www.dfh-ufa.org\/fr\/wp-json\/wp\/v2\/pages\/790\/revisions\/1963806"}],"up":[{"embeddable":true,"href":"https:\/\/www.dfh-ufa.org\/fr\/wp-json\/wp\/v2\/pages\/789"}],"wp:attachment":[{"href":"https:\/\/www.dfh-ufa.org\/fr\/wp-json\/wp\/v2\/media?parent=790"}],"curies":[{"name":"wp","href":"https:\/\/api.w.org\/{rel}","templated":true}]}}