{"id":792,"date":"2018-04-24T09:03:14","date_gmt":"2018-04-24T07:03:14","guid":{"rendered":"https:\/\/www.dfh-ufa.org\/fr\/organisation"},"modified":"2025-12-17T10:19:13","modified_gmt":"2025-12-17T09:19:13","slug":"organisation","status":"publish","type":"page","link":"https:\/\/www.dfh-ufa.org\/fr\/lufa\/lufa-en-bref\/organisation","title":{"rendered":"Organisation"},"content":{"rendered":"<div class=\"csc-default\">\n<div class=\"csc-textpic csc-textpic-left csc-textpic-below\">\n<div class=\"csc-textpic-text\">\n<div>\n<h2>Les organes et instances consultatives de l\u2019UFA<\/h2>\n<p>L\u2019UFA s\u2019appuie sur sept instances : la pr\u00e9sidence et son secr\u00e9tariat, le conseil d\u2019universit\u00e9, l\u2019assembl\u00e9e des \u00e9tablissements membres, la commission scientifique, les groupes d&rsquo;\u00e9valuation, les groupes disciplinaires ainsi que les repr\u00e9sentant\u00b7es des \u00e9tudiant\u00b7es. Chaque entit\u00e9 dispose d&rsquo;outils de d\u00e9cision et d&rsquo;\u00e9valuation qui lui permettent d&rsquo;\u00e9valuer, de renseigner, d&rsquo;expertiser, de valider ou de g\u00e9n\u00e9raliser les bonnes pratiques.<\/p>\n<p><img decoding=\"async\" loading=\"lazy\" class=\"alignnone wp-image-6285 size-large\" src=\"https:\/\/www.dfh-ufa.org\/app\/uploads\/2018\/06\/Schema_F_Organe_Gremien-1024x387.jpg\" alt=\"\" width=\"1024\" height=\"387\" srcset=\"https:\/\/www.dfh-ufa.org\/app\/uploads\/2018\/06\/Schema_F_Organe_Gremien-1024x387.jpg 1024w, https:\/\/www.dfh-ufa.org\/app\/uploads\/2018\/06\/Schema_F_Organe_Gremien-300x113.jpg 300w, https:\/\/www.dfh-ufa.org\/app\/uploads\/2018\/06\/Schema_F_Organe_Gremien-768x290.jpg 768w, https:\/\/www.dfh-ufa.org\/app\/uploads\/2018\/06\/Schema_F_Organe_Gremien.jpg 1517w\" sizes=\"(max-width: 1024px) 100vw, 1024px\" \/><\/p>\n<\/div>\n<\/div>\n<div class=\"csc-textpic-imagewrap\">\n<div class=\"row\">\n<div class=\"col-xs-12\">\n<h4>Contact :<\/h4>\n<div class=\"csc-default\">\n<div class=\"csc-textpic csc-textpic-left csc-textpic-below\">\n<div class=\"csc-textpic-imagewrap\">\n<div class=\"row\">\n<div class=\"col-xs-12\">\n<p><b><strong>Virginie Jouhaud-Neutard<\/strong><\/b><\/p>\n<p>Responsable du d\u00e9partement \u00ab Instances de pilotage et projets scientifiques \u00bb<\/p>\n<p><em>+49 681 9 38 12 \u2013 107<\/em><\/p>\n<p><em><a href=\"mailto:jouhaud-neutard@dfh-ufa.org\" target=\"_blank\" rel=\"noopener\">jouhaud-neutard(at)dfh-ufa.org<\/a><\/em><\/p>\n<\/div>\n<\/div>\n<\/div>\n<\/div>\n<\/div>\n<\/div>\n<\/div>\n<\/div>\n<\/div>\n<\/div>\n<p>&nbsp;<\/p>\n<div id=\"sconnect-is-installed\">2.15.1.0<\/div>\n<div id=\"sconnect-is-installed\">2.15.1.0<\/div>\n<div id=\"sconnect-is-installed\">2.15.1.0<\/div>\n","protected":false},"excerpt":{"rendered":"<p>Les organes et instances consultatives de l\u2019UFA L\u2019UFA s\u2019appuie sur sept instances : la pr\u00e9sidence et son secr\u00e9tariat, le conseil d\u2019universit\u00e9, l\u2019assembl\u00e9e des \u00e9tablissements membres, la commission scientifique, les groupes d&rsquo;\u00e9valuation, les groupes disciplinaires ainsi que les repr\u00e9sentant\u00b7es des \u00e9tudiant\u00b7es. Chaque entit\u00e9 dispose d&rsquo;outils de d\u00e9cision et d&rsquo;\u00e9valuation qui lui permettent d&rsquo;\u00e9valuer, de renseigner, d&rsquo;expertiser, [&hellip;]<\/p>\n","protected":false},"author":1,"featured_media":0,"parent":789,"menu_order":50,"comment_status":"closed","ping_status":"closed","template":"","meta":{"_bbp_topic_count":0,"_bbp_reply_count":0,"_bbp_total_topic_count":0,"_bbp_total_reply_count":0,"_bbp_voice_count":0,"_bbp_anonymous_reply_count":0,"_bbp_topic_count_hidden":0,"_bbp_reply_count_hidden":0,"_bbp_forum_subforum_count":0,"inline_featured_image":false},"acf":[],"_links":{"self":[{"href":"https:\/\/www.dfh-ufa.org\/fr\/wp-json\/wp\/v2\/pages\/792"}],"collection":[{"href":"https:\/\/www.dfh-ufa.org\/fr\/wp-json\/wp\/v2\/pages"}],"about":[{"href":"https:\/\/www.dfh-ufa.org\/fr\/wp-json\/wp\/v2\/types\/page"}],"author":[{"embeddable":true,"href":"https:\/\/www.dfh-ufa.org\/fr\/wp-json\/wp\/v2\/users\/1"}],"replies":[{"embeddable":true,"href":"https:\/\/www.dfh-ufa.org\/fr\/wp-json\/wp\/v2\/comments?post=792"}],"version-history":[{"count":25,"href":"https:\/\/www.dfh-ufa.org\/fr\/wp-json\/wp\/v2\/pages\/792\/revisions"}],"predecessor-version":[{"id":1962388,"href":"https:\/\/www.dfh-ufa.org\/fr\/wp-json\/wp\/v2\/pages\/792\/revisions\/1962388"}],"up":[{"embeddable":true,"href":"https:\/\/www.dfh-ufa.org\/fr\/wp-json\/wp\/v2\/pages\/789"}],"wp:attachment":[{"href":"https:\/\/www.dfh-ufa.org\/fr\/wp-json\/wp\/v2\/media?parent=792"}],"curies":[{"name":"wp","href":"https:\/\/api.w.org\/{rel}","templated":true}]}}