{"id":794,"date":"2018-04-24T09:03:14","date_gmt":"2018-04-24T07:03:14","guid":{"rendered":"https:\/\/www.dfh-ufa.org\/fr\/la-presidence"},"modified":"2025-12-17T09:18:30","modified_gmt":"2025-12-17T08:18:30","slug":"la-presidence","status":"publish","type":"page","link":"https:\/\/www.dfh-ufa.org\/fr\/lufa\/lequipe-de-lufa\/direction\/la-presidence","title":{"rendered":"La pr\u00e9sidence"},"content":{"rendered":"<div id=\"pl-794\"  class=\"panel-layout\" ><div id=\"pg-794-0\"  class=\"panel-grid panel-no-style\" ><div id=\"pgc-794-0-0\"  class=\"panel-grid-cell\" ><div id=\"panel-794-0-0-0\" class=\"so-panel widget widget_sow-editor panel-first-child panel-last-child\" data-index=\"0\" ><div class=\"so-widget-sow-editor so-widget-sow-editor-base\">\n<div class=\"siteorigin-widget-tinymce textwidget\">\n\t<div id=\"c39555\" class=\"csc-default\">\n<div class=\"csc-textpic csc-textpic-left csc-textpic-below\">\n<div class=\"csc-textpic-text\">\n<p>Le\u00b7la pr\u00e9sident\u00b7e et le\u00b7la vice-pr\u00e9sident\u00b7e, l\u2019un\u00b7e fran\u00e7ais\u00b7e, l\u2019autre allemand\u00b7e, sont \u00e9lu\u00b7es par l'<a href=\"https:\/\/www.dfh-ufa.org\/fr\/organes\/lassemblee-des-etablissements-membres\/\">assembl\u00e9e des \u00e9tablissements membres<\/a> sur proposition du <a href=\"https:\/\/www.dfh-ufa.org\/fr\/organes\/le-conseil-duniversite\/\">conseil d'universit\u00e9<\/a>. Le\u00b7la pr\u00e9sident\u00b7e, avec le concours du\u00b7de la vice-pr\u00e9sident\u00b7e, est responsable de la mise en \u0153uvre de la politique de l\u2019Universit\u00e9 franco-allemande dans le cadre des d\u00e9cisions du conseil d\u2019universit\u00e9. Il\u00b7elle la repr\u00e9sente \u00e0 l\u2019\u00e9gard des tiers.<\/p>\n<p>La pr\u00e9sidence dispose d\u2019un secr\u00e9tariat dirig\u00e9 par un\u00b7e secr\u00e9taire g\u00e9n\u00e9ral\u00b7e, au sein duquel une \u00e9quipe franco-allemande travaille \u00e0 Sarrebruck.<\/p>\n<p>&nbsp;<\/p>\n<\/div>\n<\/div>\n<\/div>\n<\/div>\n<\/div><\/div><\/div><\/div><div id=\"pg-794-1\"  class=\"panel-grid panel-no-style\" ><div id=\"pgc-794-1-0\"  class=\"panel-grid-cell\" ><div id=\"panel-794-1-0-0\" class=\"so-panel widget widget_accordion panel-first-child panel-last-child\" data-index=\"1\" >        <div class=\"accordion\" data-collapse=\"1\">\n\n\t\t\t\t\t\t\t\t\t\t\t\t                    <div class=\"accordion__item\" id=\"69e253a1b6eae\">\n\n\t\t\t\t\t\t                            <header class=\"accordion__header\">\n                                <h2 class=\"accordion__title\">Galerie de tou\u00b7tes les pr\u00e9sident\u00b7es de l\u2019UFA<\/h2>\n                            <\/header>\n\t\t\t\t\t\t\n\t\t\t\t\t\t                            <div class=\"accordion__content\">\n\t\t\t\t\t\t\t\t<p><strong>Eva Martha Eckkrammer<\/strong><\/p>\n<p>Depuis 01\/2024 Pr\u00e9sidente en fonction<\/p>\n<p>01\/2022 - 12\/2023 Vice-pr\u00e9sidente<\/p>\n<p><strong>\u00a0<\/strong><\/p>\n<p><strong>Philippe Gr\u00e9ciano<br \/>\n<\/strong><\/p>\n<p>Depuis 01\/2024 Vice-pr\u00e9sident en fonction<\/p>\n<p>01\/2022 - 12\/2023 Pr\u00e9sident<\/p>\n<p>01\/2020 - 12\/2021 Vice-pr\u00e9sident<\/p>\n<p>&nbsp;<\/p>\n<p><strong>Olivier Mentz<br \/>\n<\/strong><\/p>\n<p>01\/2020 - 12 \/2021 Pr\u00e9sident<\/p>\n<p>01\/2018 - 12\/2019 Vice-pr\u00e9sident<\/p>\n<p>&nbsp;<\/p>\n<p><strong>David Capitant<\/strong><\/p>\n<p>01\/2018 - 12\/2019 Pr\u00e9sident<\/p>\n<p>01\/2016 - 12\/2017 Vice-pr\u00e9sident<\/p>\n<p>&nbsp;<\/p>\n<p><strong>Patricia Oster-Stierle<\/strong><\/p>\n<p><span class=\"exampleContent\">01\/2015 - 12\/2017 Pr\u00e9sidente<\/span><\/p>\n<p>01\/2013 - 12\/2014 Vice-pr\u00e9sidente<\/p>\n<p>&nbsp;<\/p>\n<p><strong>Patrice Neau<\/strong><\/p>\n<p><span class=\"exampleContent\">01\/2015 - 12\/2015 Vice-pr\u00e9sident<\/span><\/p>\n<p>01\/2013 - 12\/2014 Pr\u00e9sident<\/p>\n<p>01\/2012 - 12\/2012 Vice-pr\u00e9sident<\/p>\n<p>&nbsp;<\/p>\n<p><strong>Otto Iancu<\/strong><\/p>\n<p><span class=\"exampleContent\">01\/2011 - 12\/2012 Pr\u00e9sident<\/span><\/p>\n<p>01\/2009 - 12\/2010 Vice-pr\u00e9sident<\/p>\n<p>&nbsp;<\/p>\n<p><strong>Pierre Monnet<\/strong><\/p>\n<p><span class=\"exampleContent\">01\/2011 - 12\/2011 Vice-pr\u00e9sident<\/span><\/p>\n<p>01\/2009 - 12\/2010 Pr\u00e9sident<\/p>\n<p>01\/2008 - 12\/2008 Vice-pr\u00e9sident<\/p>\n<p>&nbsp;<\/p>\n<p><strong>Dieter Leonhard<\/strong><\/p>\n<p><span class=\"exampleContent\">01\/2006 - 12\/2008 Pr\u00e9sident<\/span><\/p>\n<p>12\/2003 - 12\/2005 Vice-pr\u00e9sident<\/p>\n<p>&nbsp;<\/p>\n<p><strong>Albert Hamm<\/strong><\/p>\n<p><span class=\"exampleContent\">01\/2006 - 12\/2007 Vice-pr\u00e9sident<\/span><\/p>\n<p>12\/2003 - 12\/2005 Pr\u00e9sident<\/p>\n<p>&nbsp;<\/p>\n<p><strong>Christian Autexier (\u2020)<br \/>\n<\/strong><\/p>\n<p><span class=\"exampleContent\">10\/2001 - 12\/2003 Vice-pr\u00e9sident<\/span><\/p>\n<p>&nbsp;<\/p>\n<p><strong>Helene Harth<\/strong><\/p>\n<p><span class=\"exampleContent\">10\/2001 - 12\/2003 Pr\u00e9sidente<\/span><\/p>\n<p>09\/1999 - 09\/2001 Vice-pr\u00e9sidente fondatrice<\/p>\n<p>&nbsp;<\/p>\n<p><strong>Jean David (\u2020)<br \/>\n<\/strong><\/p>\n<p><span class=\"exampleContent\">09\/1999 - 09\/2001 Pr\u00e9sident fondateur<\/span><\/p>\n                            <\/div>\n\t\t\t\t\t\t\n\t\t\t\t\t\t\n                    <\/div><!-- .accordion -->\n\n\t\t\t\t\n\t\t\t\t\t\t\t\n        <\/div><!-- .accordion -->\n\n\t\t<\/div><\/div><\/div><div id=\"pg-794-2\"  class=\"panel-grid panel-no-style\" ><div id=\"pgc-794-2-0\"  class=\"panel-grid-cell\" ><div id=\"panel-794-2-0-0\" class=\"so-panel widget widget_accordion panel-first-child panel-last-child\" data-index=\"2\" >        <div class=\"accordion\" data-collapse=\"1\">\n\n\t\t\t\t\t\t\t\t\t\t\t\t                    <div class=\"accordion__item\" id=\"69e253a1b6f87\">\n\n\t\t\t\t\t\t                            <header class=\"accordion__header\">\n                                <h2 class=\"accordion__title\">Galerie de tou\u00b7tes les secr\u00e9taires g\u00e9n\u00e9raux\u00b7ales de l\u2019UFA<\/h2>\n                            <\/header>\n\t\t\t\t\t\t\n\t\t\t\t\t\t                            <div class=\"accordion__content\">\n\t\t\t\t\t\t\t\t<p><strong>Udo Thelen<br \/>\n<\/strong><\/p>\n<p><span class=\"exampleContent\">Depuis 04\/2024 Secr\u00e9taire g\u00e9n\u00e9ral<\/span><\/p>\n<p>&nbsp;<\/p>\n<p><strong>Carole Reimeringer<br \/>\n<\/strong><\/p>\n<p><span class=\"exampleContent\">01\/01\/2024 - 31\/03\/2024 Secr\u00e9taire g\u00e9n\u00e9rale par int\u00e9rim<br \/>\n<\/span><\/p>\n<p>&nbsp;<\/p>\n<p><strong>Marjorie Berthomier<\/strong><\/p>\n<p><span class=\"exampleContent\">2019 - 2023 Secr\u00e9taire g\u00e9n\u00e9rale<br \/>\n<\/span><\/p>\n<p>&nbsp;<\/p>\n<p><strong>Jochen Hellmann<\/strong><\/p>\n<p><span class=\"exampleContent\">2009 - 2019 Secr\u00e9taire g\u00e9n\u00e9ral<br \/>\n<\/span><\/p>\n<p>&nbsp;<\/p>\n<p><strong>Stephan Geifes<\/strong><\/p>\n<p><span class=\"exampleContent\">2004 - 2009 Secr\u00e9taire g\u00e9n\u00e9ral<\/span><\/p>\n<p>&nbsp;<\/p>\n<p><strong>Achim Haag<\/strong><\/p>\n<p><span class=\"exampleContent\">2003 - 2004 Secr\u00e9taire g\u00e9n\u00e9ral<\/span><\/p>\n<p>&nbsp;<\/p>\n<p><strong>Christine Klos<\/strong><\/p>\n<p><span class=\"exampleContent\">2000 - 2002 Secr\u00e9taire g\u00e9n\u00e9rale<\/span><\/p>\n                            <\/div>\n\t\t\t\t\t\t\n\t\t\t\t\t\t\n                    <\/div><!-- .accordion -->\n\n\t\t\t\t\n\t\t\t\t\t\t\t\n        <\/div><!-- .accordion -->\n\n\t\t<\/div><\/div><\/div><\/div>","protected":false},"excerpt":{"rendered":"<p>Le\u00b7la pr\u00e9sident\u00b7e et le\u00b7la vice-pr\u00e9sident\u00b7e, l\u2019un\u00b7e fran\u00e7ais\u00b7e, l\u2019autre allemand\u00b7e, sont \u00e9lu\u00b7es par l&rsquo;assembl\u00e9e des \u00e9tablissements membres sur proposition du conseil d&rsquo;universit\u00e9. Le\u00b7la pr\u00e9sident\u00b7e, avec le concours du\u00b7de la vice-pr\u00e9sident\u00b7e, est responsable de la mise en \u0153uvre de la politique de l\u2019Universit\u00e9 franco-allemande dans le cadre des d\u00e9cisions du conseil d\u2019universit\u00e9. Il\u00b7elle la repr\u00e9sente \u00e0 l\u2019\u00e9gard [&hellip;]<\/p>\n","protected":false},"author":1,"featured_media":0,"parent":803,"menu_order":3,"comment_status":"closed","ping_status":"closed","template":"","meta":{"_bbp_topic_count":0,"_bbp_reply_count":0,"_bbp_total_topic_count":0,"_bbp_total_reply_count":0,"_bbp_voice_count":0,"_bbp_anonymous_reply_count":0,"_bbp_topic_count_hidden":0,"_bbp_reply_count_hidden":0,"_bbp_forum_subforum_count":0,"inline_featured_image":false},"acf":[],"_links":{"self":[{"href":"https:\/\/www.dfh-ufa.org\/fr\/wp-json\/wp\/v2\/pages\/794"}],"collection":[{"href":"https:\/\/www.dfh-ufa.org\/fr\/wp-json\/wp\/v2\/pages"}],"about":[{"href":"https:\/\/www.dfh-ufa.org\/fr\/wp-json\/wp\/v2\/types\/page"}],"author":[{"embeddable":true,"href":"https:\/\/www.dfh-ufa.org\/fr\/wp-json\/wp\/v2\/users\/1"}],"replies":[{"embeddable":true,"href":"https:\/\/www.dfh-ufa.org\/fr\/wp-json\/wp\/v2\/comments?post=794"}],"version-history":[{"count":56,"href":"https:\/\/www.dfh-ufa.org\/fr\/wp-json\/wp\/v2\/pages\/794\/revisions"}],"predecessor-version":[{"id":1962370,"href":"https:\/\/www.dfh-ufa.org\/fr\/wp-json\/wp\/v2\/pages\/794\/revisions\/1962370"}],"up":[{"embeddable":true,"href":"https:\/\/www.dfh-ufa.org\/fr\/wp-json\/wp\/v2\/pages\/803"}],"wp:attachment":[{"href":"https:\/\/www.dfh-ufa.org\/fr\/wp-json\/wp\/v2\/media?parent=794"}],"curies":[{"name":"wp","href":"https:\/\/api.w.org\/{rel}","templated":true}]}}