{"id":795,"date":"2018-04-24T09:03:14","date_gmt":"2018-04-24T07:03:14","guid":{"rendered":"https:\/\/www.dfh-ufa.org\/fr\/le-conseil-duniversite"},"modified":"2026-02-04T16:49:13","modified_gmt":"2026-02-04T15:49:13","slug":"le-conseil-duniversite","status":"publish","type":"page","link":"https:\/\/www.dfh-ufa.org\/fr\/lufa\/lufa-en-bref\/organisation\/organes\/le-conseil-duniversite","title":{"rendered":"Le conseil d&rsquo;universit\u00e9"},"content":{"rendered":"<div id=\"pl-795\"  class=\"panel-layout\" ><div id=\"pg-795-0\"  class=\"panel-grid panel-no-style\" ><div id=\"pgc-795-0-0\"  class=\"panel-grid-cell\" ><div id=\"panel-795-0-0-0\" class=\"so-panel widget widget_sow-editor panel-first-child panel-last-child\" data-index=\"0\" ><div class=\"so-widget-sow-editor so-widget-sow-editor-base\">\n<div class=\"siteorigin-widget-tinymce textwidget\">\n\t<div class=\"csc-textpic csc-textpic-left csc-textpic-below\">\n<div class=\"csc-textpic-text\">\n<p>Le conseil d'universit\u00e9 d\u00e9termine les orientations de l'Universit\u00e9 franco-allemande :<\/p>\n<ul>\n<li>Il arr\u00eate les programmes de coop\u00e9ration et les \u00e9value ;<\/li>\n<li>Il d\u00e9cide des conditions d'adh\u00e9sion des \u00e9tablissements, approuve les conventions et les subventions correspondantes ;<\/li>\n<li>Il vote le budget et approuve les comptes. Il \u00e9labore les r\u00e8gles assurant la bonne gestion des cr\u00e9dits. Il d\u00e9signe, en accord avec chacun des deux gouvernements, deux commissaires aux comptes, l\u2019un\u00b7e fran\u00e7ais\u00b7e, l\u2019autre allemand\u00b7e, charg\u00e9\u00b7es, dans le cadre des r\u00e8gles propres \u00e0 l\u2019Universit\u00e9 franco-allemande, de contr\u00f4ler en commun chaque ann\u00e9e l\u2019utilisation des cr\u00e9dits et de lui en rendre compte. Il donne, apr\u00e8s examen du rapport des commissaires aux comptes et des observations \u00e9ventuelles du\u00b7de la pr\u00e9sident\u00b7e, quitus \u00e0 ce\u00b7tte dernier\u00b7\u00e8re de sa gestion pour l\u2019exercice en cours\u00a0;<\/li>\n<li>Il approuve le rapport d'activit\u00e9 annuel du\u00b7de la pr\u00e9sident\u00b7e.<\/li>\n<\/ul>\n<p>&nbsp;<\/p>\n<\/div>\n<\/div>\n<\/div>\n<\/div><\/div><\/div><\/div><div id=\"pg-795-1\"  class=\"panel-grid panel-no-style\" ><div id=\"pgc-795-1-0\"  class=\"panel-grid-cell panel-grid-cell-empty\" ><\/div><\/div><div id=\"pg-795-2\"  class=\"panel-grid panel-no-style\" ><div id=\"pgc-795-2-0\"  class=\"panel-grid-cell\" ><div id=\"panel-795-2-0-0\" class=\"so-panel widget widget_sow-editor panel-first-child panel-last-child\" data-index=\"1\" ><div class=\"so-widget-sow-editor so-widget-sow-editor-base\"><h2 class=\"widget-title\">Membres du conseil d'universit\u00e9 <\/h2>\n<div class=\"siteorigin-widget-tinymce textwidget\">\n\t<\/div>\n<\/div><\/div><\/div><\/div><div id=\"pg-795-3\"  class=\"panel-grid panel-no-style\" ><div id=\"pgc-795-3-0\"  class=\"panel-grid-cell\" ><div id=\"panel-795-3-0-0\" class=\"so-panel widget widget_accordion panel-first-child\" data-index=\"2\" >        <div class=\"accordion\" data-collapse=\"1\">\n\n\t\t\t\t\t\t\t\t\t\t\t\t                    <div class=\"accordion__item\" id=\"69e7ea680838d\">\n\n\t\t\t\t\t\t                            <header class=\"accordion__header\">\n                                <h2 class=\"accordion__title\">Pr\u00e9sidence de l'UFA<\/h2>\n                            <\/header>\n\t\t\t\t\t\t\n\t\t\t\t\t\t                            <div class=\"accordion__content\">\n\t\t\t\t\t\t\t\t<table class=\"contenttable contenttable-0 table\" style=\"width: 63.305%;height: 51px\">\n<tbody>\n<tr class=\"tr-even tr-0\">\n<th id=\"row39573-0\" class=\"td-0\" style=\"text-align: left;width: 51.9245%\" scope=\"row\">Philippe Gr\u00e9ciano<\/th>\n<td class=\"td-last td-1\" style=\"padding-left: 60px;width: 93.98%\" headers=\"row39573-0\">Pr\u00e9sident de l'UFA<\/td>\n<\/tr>\n<tr class=\"tr-odd tr-last\">\n<th id=\"row39573-1\" class=\"td-0\" style=\"text-align: left;width: 51.9245%\" scope=\"row\">Andrea von H\u00fclsen-Esch<\/th>\n<td class=\"td-last td-1\" style=\"padding-left: 60px;width: 93.98%\" headers=\"row39573-1\">Vice-pr\u00e9sidente de l'UFA<\/td>\n<\/tr>\n<\/tbody>\n<\/table>\n                            <\/div>\n\t\t\t\t\t\t\n\t\t\t\t\t\t\n                    <\/div><!-- .accordion -->\n\n\t\t\t\t\n\t\t\t\t\t\t\t\n        <\/div><!-- .accordion -->\n\n\t\t<\/div><div id=\"panel-795-3-0-1\" class=\"so-panel widget widget_accordion\" data-index=\"3\" >        <div class=\"accordion\" data-collapse=\"1\">\n\n\t\t\t\t\t\t\t\t\t\t\t\t                    <div class=\"accordion__item\" id=\"69e7ea68083d0\">\n\n\t\t\t\t\t\t                            <header class=\"accordion__header\">\n                                <h2 class=\"accordion__title\">Repr\u00e9sentant\u00b7es des administrations publiques<\/h2>\n                            <\/header>\n\t\t\t\t\t\t\n\t\t\t\t\t\t                            <div class=\"accordion__content\">\n\t\t\t\t\t\t\t\t<table class=\"contenttable contenttable-0 table\">\n<tbody>\n<tr>\n<th style=\"text-align: left;width: 259px\">Peter Greisler<\/th>\n<td style=\"padding-left: 60px;width: 562px\">Bundesministerium f\u00fcr Forschung, Technologie und Raumfahrt<\/td>\n<\/tr>\n<tr class=\"tr-odd tr-1\">\n<th id=\"row39575-1\" class=\"td-0\" style=\"text-align: left;width: 259px\" scope=\"row\">Donato Giorgi<\/th>\n<td class=\"td-last td-1\" style=\"padding-left: 60px;width: 562px\" headers=\"row39575-1\">Minist\u00e8re de l'Enseignement sup\u00e9rieur, de la Recherche et de l'Espace<\/td>\n<\/tr>\n<tr>\n<th style=\"text-align: left;width: 259px\">Audelin Chappuis<\/th>\n<td style=\"padding-left: 60px;width: 562px\">Minist\u00e8re de l'Europe et des Affaires \u00e9trang\u00e8res<\/td>\n<\/tr>\n<tr class=\"tr-odd tr-last\">\n<th id=\"row39575-3\" class=\"td-0\" style=\"text-align: left;width: 259px\" scope=\"row\">Susanne Reichrath<\/th>\n<td class=\"td-last td-1\" style=\"padding-left: 60px;width: 562px\" headers=\"row39575-3\">Kultusministerkonferenz, Ministerium der Finanzen und f\u00fcr Wissenschaft<\/td>\n<\/tr>\n<\/tbody>\n<\/table>\n                            <\/div>\n\t\t\t\t\t\t\n\t\t\t\t\t\t\n                    <\/div><!-- .accordion -->\n\n\t\t\t\t\n\t\t\t\t\t\t\t\n        <\/div><!-- .accordion -->\n\n\t\t<\/div><div id=\"panel-795-3-0-2\" class=\"so-panel widget widget_accordion\" data-index=\"4\" >        <div class=\"accordion\" data-collapse=\"1\">\n\n\t\t\t\t\t\t\t\t\t\t\t\t                    <div class=\"accordion__item\" id=\"69e7ea680841f\">\n\n\t\t\t\t\t\t                            <header class=\"accordion__header\">\n                                <h2 class=\"accordion__title\">Enseignant\u00b7es et enseignant\u00b7es-chercheur\u00b7euses<\/h2>\n                            <\/header>\n\t\t\t\t\t\t\n\t\t\t\t\t\t                            <div class=\"accordion__content\">\n\t\t\t\t\t\t\t\t<div id=\"c39577\" class=\"csc-default\">\n<div class=\"csc-header csc-header-n1\">\n<h5 class=\"csc-firstHeader\">4 sont d\u00e9sign\u00e9\u00b7es par l'assembl\u00e9e des \u00e9tablissements membres<\/h5>\n<\/div>\n<div class=\"table-responsive\"><\/div>\n<\/div>\n<div id=\"c39578\" class=\"csc-default\">\n<div class=\"csc-header csc-header-n2\">\n<table class=\"contenttable contenttable-0 table\" style=\"width: 61.8184%\">\n<tbody>\n<tr class=\"tr-odd tr-1\">\n<th id=\"row39575-1\" class=\"td-0\" style=\"text-align: left;width: 44.0207%\" scope=\"row\">Carola H\u00e4hnel-Mesnard<\/th>\n<td class=\"td-last td-1\" style=\"width: 143.976%\" headers=\"row39575-1\">Universit\u00e9 de Lille<\/td>\n<\/tr>\n<tr class=\"tr-even tr-2\">\n<th id=\"row39575-2\" class=\"td-0\" style=\"text-align: left;width: 44.0207%\" scope=\"row\">Roswitha B\u00f6hm<\/th>\n<td class=\"td-last td-1\" style=\"width: 143.976%\" headers=\"row39575-2\"><span class=\"general_recipient\">Technische Universit\u00e4t Dresden<\/span><\/td>\n<\/tr>\n<tr>\n<th style=\"text-align: left;width: 44.0207%\">Christina Stange-Fayos<\/th>\n<td style=\"width: 143.976%\">Universit\u00e9 Toulouse Jean Jaur\u00e8s<\/td>\n<\/tr>\n<tr class=\"tr-odd tr-last\">\n<th id=\"row39575-3\" class=\"td-0\" style=\"text-align: left;width: 44.0207%\" scope=\"row\">Isabella von Treskow<\/th>\n<td class=\"td-last td-1\" style=\"width: 143.976%\" headers=\"row39575-3\">Universit\u00e4t Regensburg<\/td>\n<\/tr>\n<\/tbody>\n<\/table>\n<h5><\/h5>\n<h5>2 sont d\u00e9sign\u00e9\u00b7es par la Hochschulrektorenkonferenz (HRK)<\/h5>\n<\/div>\n<div class=\"table-responsive\">\n<table class=\"contenttable contenttable-0 table\" style=\"height: 116px;width: 736px\">\n<tbody>\n<tr class=\"tr-even tr-0\" style=\"height: 24px\">\n<th id=\"row39578-0\" class=\"td-0\" style=\"text-align: left;height: 24px;width: 355.383px\" scope=\"row\">Ulrich Jautz<\/th>\n<td class=\"td-last td-1\" style=\"padding-left: 60px;height: 24px;width: 304.917px\" headers=\"row39578-0\">Hochschule Pforzheim<\/td>\n<\/tr>\n<tr class=\"tr-odd tr-last\" style=\"height: 24px\">\n<th id=\"row39578-1\" class=\"td-0\" style=\"text-align: left;height: 24px;width: 355.383px\" scope=\"row\">Eva In\u00e9s Obergfell<\/th>\n<td class=\"td-last td-1\" style=\"padding-left: 60px;height: 24px;width: 304.917px\" headers=\"row39578-1\">Universit\u00e4t Leipzig<\/td>\n<\/tr>\n<\/tbody>\n<\/table>\n<\/div>\n<\/div>\n<div id=\"c39579\" class=\"csc-default\">\n<div class=\"csc-header csc-header-n3\">\n<h5><\/h5>\n<h5>1 par France Universit\u00e9s (anciennement CPU)<\/h5>\n<\/div>\n<div class=\"table-responsive\">\n<table class=\"contenttable contenttable-0 table\">\n<tbody>\n<tr class=\"tr-even tr-0\">\n<th id=\"row39579-0\" class=\"td-0\" style=\"text-align: left;width: 351px\" scope=\"row\">Nathalie Dompnier<\/th>\n<td class=\"td-last td-1\" style=\"padding-left: 60px;width: 497px\" headers=\"row39579-0\">Universit\u00e9 Lumi\u00e8re Lyon 2<\/td>\n<\/tr>\n<\/tbody>\n<\/table>\n<\/div>\n<\/div>\n<div id=\"c39580\" class=\"csc-default\">\n<div class=\"csc-header csc-header-n4\">\n<h5><\/h5>\n<h5>1 par la Conf\u00e9rence des Directeurs des \u00c9coles Fran\u00e7aises d'Ing\u00e9nieurs (CDEFI)<\/h5>\n<\/div>\n<\/div>\n<table class=\"contenttable contenttable-0 table\" style=\"width: 924px\">\n<tbody>\n<tr class=\"tr-even tr-0\">\n<th id=\"row39579-0\" class=\"td-0\" style=\"width: 377.217px;text-align: left\" scope=\"row\">Stefan Seiler<\/th>\n<td class=\"td-last td-1\" style=\"width: 529.283px\" headers=\"row39579-0\">\u00a0 \u00a0 \u00a0 CESI<\/td>\n<\/tr>\n<\/tbody>\n<\/table>\n<p>&nbsp;<\/p>\n<div id=\"c39580\" class=\"csc-default\">\n<div class=\"table-responsive\"><\/div>\n<\/div>\n                            <\/div>\n\t\t\t\t\t\t\n\t\t\t\t\t\t\n                    <\/div><!-- .accordion -->\n\n\t\t\t\t\n\t\t\t\t\t\t\t\n        <\/div><!-- .accordion -->\n\n\t\t<\/div><div id=\"panel-795-3-0-3\" class=\"so-panel widget widget_accordion\" data-index=\"5\" >        <div class=\"accordion\" data-collapse=\"1\">\n\n\t\t\t\t\t\t\t\t\t\t\t\t                    <div class=\"accordion__item\" id=\"69e7ea68084dc\">\n\n\t\t\t\t\t\t                            <header class=\"accordion__header\">\n                                <h2 class=\"accordion__title\">Membres d\u00e9sign\u00e9\u00b7es en raison de leurs comp\u00e9tences<\/h2>\n                            <\/header>\n\t\t\t\t\t\t\n\t\t\t\t\t\t                            <div class=\"accordion__content\">\n\t\t\t\t\t\t\t\t<table class=\"contenttable contenttable-0 table\" style=\"width: 1019px\">\n<tbody>\n<tr>\n<th style=\"text-align: left;width: 326.4px\">Alain Beretz<\/th>\n<td style=\"padding-left: 30px;width: 646.1px\">d\u00e9sign\u00e9 par le minist\u00e8re de l'Enseignement sup\u00e9rieur, de la Recherche et de l'Espace<\/td>\n<\/tr>\n<tr class=\"tr-even tr-0\">\n<th id=\"row39582-0\" class=\"td-0\" style=\"text-align: left;width: 326.4px\" scope=\"row\"><em>prochainement nomm\u00e9\u00b7e<\/em><\/th>\n<td class=\"td-last td-1\" style=\"padding-left: 30px;width: 646.1px\" headers=\"row39582-0\">d\u00e9sign\u00e9 par le minist\u00e8re de l'Europe et des Affaires \u00e9trang\u00e8res<\/td>\n<\/tr>\n<tr class=\"tr-odd tr-1\">\n<th id=\"row39582-1\" class=\"td-0\" style=\"text-align: left;width: 326.4px\" scope=\"row\">Kathrin Kohs<\/th>\n<td class=\"td-last td-1\" style=\"padding-left: 30px;width: 646.1px\" headers=\"row39582-1\">Deutsche Forschungsgemeinschaft (DFG)<\/td>\n<\/tr>\n<tr class=\"tr-odd tr-last\">\n<th id=\"row39582-3\" class=\"td-0\" style=\"text-align: left;width: 326.4px\" scope=\"row\">Ursula Maria Egyptien Gad<\/th>\n<td class=\"td-last td-1\" style=\"padding-left: 30px;width: 646.1px\" headers=\"row39582-3\">Deutscher Akademischer Austauschdienst (DAAD)<\/td>\n<\/tr>\n<\/tbody>\n<\/table>\n                            <\/div>\n\t\t\t\t\t\t\n\t\t\t\t\t\t\n                    <\/div><!-- .accordion -->\n\n\t\t\t\t\n\t\t\t\t\t\t\t\t\t                    <div class=\"accordion__item\" id=\"69e7ea680850e\">\n\n\t\t\t\t\t\t\n\t\t\t\t\t\t\n\t\t\t\t\t\t\n                    <\/div><!-- .accordion -->\n\n\t\t\t\t\n\t\t\t\t\t\t\t\t\t                    <div class=\"accordion__item\" id=\"69e7ea680850f\">\n\n\t\t\t\t\t\t\n\t\t\t\t\t\t\n\t\t\t\t\t\t\n                    <\/div><!-- .accordion -->\n\n\t\t\t\t\n\t\t\t\t\t\t\t\n        <\/div><!-- .accordion -->\n\n\t\t<\/div><div id=\"panel-795-3-0-4\" class=\"so-panel widget widget_accordion\" data-index=\"6\" >        <div class=\"accordion\" data-collapse=\"1\">\n\n\t\t\t\t\t\t\t\t\t\t\t\t                    <div class=\"accordion__item\" id=\"69e7ea6808528\">\n\n\t\t\t\t\t\t                            <header class=\"accordion__header\">\n                                <h2 class=\"accordion__title\">Personnalit\u00e9s du monde \u00e9conomique, coopt\u00e9es par le conseil d'universit\u00e9<\/h2>\n                            <\/header>\n\t\t\t\t\t\t\n\t\t\t\t\t\t                            <div class=\"accordion__content\">\n\t\t\t\t\t\t\t\t<table class=\"contenttable contenttable-0 table\">\n<tbody>\n<tr>\n<th style=\"text-align: left;width: 303px\">Jean-Fran\u00e7ois Rieffel<\/th>\n<td style=\"padding-left: 60px;width: 667px\">Apec Paris<\/td>\n<\/tr>\n<tr class=\"tr-even tr-0\">\n<th id=\"row39584-0\" class=\"td-0\" style=\"text-align: left;width: 303px\" scope=\"row\">Carsten Schl\u00e4we<\/th>\n<td class=\"td-last td-1\" style=\"padding-left: 60px;width: 667px\" headers=\"row39584-0\">Forvis Mazars<\/td>\n<\/tr>\n<tr class=\"tr-odd tr-1\">\n<th id=\"row39584-1\" class=\"td-0\" style=\"text-align: left;width: 303px\" scope=\"row\">Beno\u00eet Dumollard<\/th>\n<td class=\"td-last td-1\" style=\"padding-left: 60px;width: 667px\" headers=\"row39584-1\">Avocat, Ellipse Avocats Lyon<\/td>\n<\/tr>\n<tr class=\"tr-even tr-2\">\n<th id=\"row39584-2\" class=\"td-0\" style=\"text-align: left;width: 303px\" scope=\"row\">Daniela Weber-Rey<\/th>\n<td class=\"td-last td-1\" style=\"padding-left: 60px;width: 667px\" headers=\"row39584-2\">Avocate, membre de plusieurs conseils, dont entre autre le groupe FNAC\/DARTY et MPI Brain Research<\/td>\n<\/tr>\n<\/tbody>\n<\/table>\n                            <\/div>\n\t\t\t\t\t\t\n\t\t\t\t\t\t\n                    <\/div><!-- .accordion -->\n\n\t\t\t\t\n\t\t\t\t\t\t\t\n        <\/div><!-- .accordion -->\n\n\t\t<\/div><div id=\"panel-795-3-0-5\" class=\"so-panel widget widget_accordion panel-last-child\" data-index=\"7\" >        <div class=\"accordion\" data-collapse=\"1\">\n\n\t\t\t\t\t\t\t\t\t\t\t\t                    <div class=\"accordion__item\" id=\"69e7ea6808572\">\n\n\t\t\t\t\t\t                            <header class=\"accordion__header\">\n                                <h2 class=\"accordion__title\">Invit\u00e9\u00b7es permanent\u00b7es<\/h2>\n                            <\/header>\n\t\t\t\t\t\t\n\t\t\t\t\t\t                            <div class=\"accordion__content\">\n\t\t\t\t\t\t\t\t<table class=\"contenttable contenttable-0 table\">\n<tbody>\n<tr class=\"tr-even tr-0\">\n<th id=\"row39586-0\" class=\"td-0\" style=\"text-align: left\" scope=\"row\">Stefan Delfs<\/th>\n<td class=\"td-last td-1\" style=\"padding-left: 90px\" headers=\"row39586-0\">Ausw\u00e4rtiges Amt<\/td>\n<\/tr>\n<\/tbody>\n<\/table>\n                            <\/div>\n\t\t\t\t\t\t\n\t\t\t\t\t\t\n                    <\/div><!-- .accordion -->\n\n\t\t\t\t\n\t\t\t\t\t\t\t\n        <\/div><!-- .accordion -->\n\n\t\t<\/div><\/div><\/div><div id=\"pg-795-4\"  class=\"panel-grid panel-no-style\" ><div id=\"pgc-795-4-0\"  class=\"panel-grid-cell panel-grid-cell-empty\" ><\/div><\/div><div id=\"pg-795-5\"  class=\"panel-grid panel-no-style\" ><div id=\"pgc-795-5-0\"  class=\"panel-grid-cell panel-grid-cell-empty\" ><\/div><\/div><\/div>","protected":false},"excerpt":{"rendered":"<p>Le conseil d&rsquo;universit\u00e9 d\u00e9termine les orientations de l&rsquo;Universit\u00e9 franco-allemande : Il arr\u00eate les programmes de coop\u00e9ration et les \u00e9value ; Il d\u00e9cide des conditions d&rsquo;adh\u00e9sion des \u00e9tablissements, approuve les conventions et les subventions correspondantes ; Il vote le budget et approuve les comptes. Il \u00e9labore les r\u00e8gles assurant la bonne gestion des cr\u00e9dits. Il d\u00e9signe, [&hellip;]<\/p>\n","protected":false},"author":1,"featured_media":0,"parent":793,"menu_order":674,"comment_status":"closed","ping_status":"closed","template":"","meta":{"_bbp_topic_count":0,"_bbp_reply_count":0,"_bbp_total_topic_count":0,"_bbp_total_reply_count":0,"_bbp_voice_count":0,"_bbp_anonymous_reply_count":0,"_bbp_topic_count_hidden":0,"_bbp_reply_count_hidden":0,"_bbp_forum_subforum_count":0,"inline_featured_image":false},"acf":[],"_links":{"self":[{"href":"https:\/\/www.dfh-ufa.org\/fr\/wp-json\/wp\/v2\/pages\/795"}],"collection":[{"href":"https:\/\/www.dfh-ufa.org\/fr\/wp-json\/wp\/v2\/pages"}],"about":[{"href":"https:\/\/www.dfh-ufa.org\/fr\/wp-json\/wp\/v2\/types\/page"}],"author":[{"embeddable":true,"href":"https:\/\/www.dfh-ufa.org\/fr\/wp-json\/wp\/v2\/users\/1"}],"replies":[{"embeddable":true,"href":"https:\/\/www.dfh-ufa.org\/fr\/wp-json\/wp\/v2\/comments?post=795"}],"version-history":[{"count":188,"href":"https:\/\/www.dfh-ufa.org\/fr\/wp-json\/wp\/v2\/pages\/795\/revisions"}],"predecessor-version":[{"id":1963102,"href":"https:\/\/www.dfh-ufa.org\/fr\/wp-json\/wp\/v2\/pages\/795\/revisions\/1963102"}],"up":[{"embeddable":true,"href":"https:\/\/www.dfh-ufa.org\/fr\/wp-json\/wp\/v2\/pages\/793"}],"wp:attachment":[{"href":"https:\/\/www.dfh-ufa.org\/fr\/wp-json\/wp\/v2\/media?parent=795"}],"curies":[{"name":"wp","href":"https:\/\/api.w.org\/{rel}","templated":true}]}}