{"id":796,"date":"2018-04-24T09:03:14","date_gmt":"2018-04-24T07:03:14","guid":{"rendered":"https:\/\/www.dfh-ufa.org\/fr\/lassemblee-des-etablissements-membres"},"modified":"2025-12-17T10:03:51","modified_gmt":"2025-12-17T09:03:51","slug":"lassemblee-des-etablissements-membres","status":"publish","type":"page","link":"https:\/\/www.dfh-ufa.org\/fr\/lufa\/lufa-en-bref\/organisation\/organes\/lassemblee-des-etablissements-membres","title":{"rendered":"L&rsquo;assembl\u00e9e des \u00e9tablissements membres"},"content":{"rendered":"<div id=\"pl-796\"  class=\"panel-layout\" ><div id=\"pg-796-0\"  class=\"panel-grid panel-no-style\" ><div id=\"pgc-796-0-0\"  class=\"panel-grid-cell\" ><div id=\"panel-796-0-0-0\" class=\"so-panel widget widget_text panel-first-child\" data-index=\"0\" >\t\t\t<div class=\"textwidget\"><p>L\u2019admission d&rsquo;un \u00e9tablissement en tant que membre \u00e0 part enti\u00e8re au sein du r\u00e9seau de l&rsquo;Universit\u00e9 franco-allemande conf\u00e8re \u00e0 celui-ci un droit de vote \u00e0 l\u2019assembl\u00e9e des \u00e9tablissements membres qui, tout comme le <a href=\"https:\/\/www.dfh-ufa.org\/fr\/lufa\/lufa-en-bref\/organisation\/organes\/le-conseil-duniversite\">conseil d&rsquo;universit\u00e9<\/a> et la <a href=\"https:\/\/www.dfh-ufa.org\/fr\/lufa\/lufa-en-bref\/organisation\/organes\/la-presidence\">pr\u00e9sidence<\/a>, est un organe de l&rsquo;UFA. Cette assembl\u00e9e comprend un\u00b7e repr\u00e9sentant\u00b7e de chacun des \u00e9tablissements membres. L\u2019assembl\u00e9e des \u00e9tablissements membres d\u00e9signe ses repr\u00e9sentant\u00b7es au sein du conseil d\u2019universit\u00e9 et \u00e9lit le\u00b7la pr\u00e9sident\u00b7e ainsi que le\u00b7la vice-pr\u00e9sident\u00b7e sur proposition du conseil d\u2019universit\u00e9 de l\u2019UFA. Le\u00b7la pr\u00e9sident\u00b7e de l\u2019UFA lui pr\u00e9sente son rapport d\u2019activit\u00e9 annuel.<\/p>\n<p>L&rsquo;assembl\u00e9e des \u00e9tablissements membres peut formuler aupr\u00e8s du conseil d&rsquo;universit\u00e9 des propositions relatives au domaine de l&rsquo;enseignement sup\u00e9rieur et de la recherche.<\/p>\n<div class=\"button \" style=\"\"><a class=\"button primary\" href=\"https:\/\/www.dfh-ufa.org\/fr\/lufa\/lufa-en-bref\/le-reseau\/\" target=\"_self\" rel=\"noopener\">Cliquez ici pour consulter les \u00e9tablissements membres et partenaires du r\u00e9seau de l&rsquo;UFA<\/a><\/div>\n<\/div>\n\t\t<\/div><div id=\"panel-796-0-0-1\" class=\"so-panel widget widget_sow-editor\" data-index=\"1\" ><div class=\"so-widget-sow-editor so-widget-sow-editor-base\">\n<div class=\"siteorigin-widget-tinymce textwidget\">\n\t<p>&nbsp;<\/p>\n<p><strong>Vous pouvez consulter le programme de l'assembl\u00e9e 2025 <a href=\"https:\/\/www.dfh-ufa.org\/fr\/actualites\/news\/programmbeauftragtentreffen-und-versammlung-der-mitgliedshochschulen-2025-2?noredirect=fr_FR\">ici<\/a>.<\/strong><\/p>\n<p>&nbsp;<\/p>\n<\/div>\n<\/div><\/div><div id=\"panel-796-0-0-2\" class=\"so-panel widget widget_accordion panel-last-child\" data-index=\"2\" >        <div class=\"accordion\" data-collapse=\"1\">\n\n\t\t\t\t\t\t\t\t\t\t\t\t                    <div class=\"accordion__item\" id=\"69e26cfa3d3c9\">\n\n\t\t\t\t\t\t                            <header class=\"accordion__header\">\n                                <h2 class=\"accordion__title\">Condition d'admission \u00e0 l'UFA<\/h2>\n                            <\/header>\n\t\t\t\t\t\t\n\t\t\t\t\t\t                            <div class=\"accordion__content\">\n\t\t\t\t\t\t\t\t<ol>\n<li><span lang=\"FR\">La demande d'adh\u00e9sion \u00e0 l'Universit\u00e9 franco-allemande (UFA) doit \u00eatre pr\u00e9sent\u00e9e par un \u00e9tablissement partenaire fran\u00e7ais ou allemand. Les \u00e9tablissements adh\u00e8rent \u00e0 l'UFA pour mettre en \u0153uvre des programmes de coop\u00e9ration <\/span>franco-allemands dans les domaines de l'enseignement, de\u00a0 la recherche ou de l'aide \u00e0 la formation des chercheuses et chercheurs. En posant leur candidature, les \u00e9tablissements s'engagent \u00e0 soutenir la r\u00e9alisation des objectifs que l'UFA s'est fix\u00e9s, ainsi que son d\u00e9veloppement.<\/li>\n<li><span lang=\"FR\"> Pour pouvoir adh\u00e9rer \u00e0 l'UFA, un \u00e9tablissement doit mettre en \u0153uvre au moins un programme d'\u00e9tudes franco-allemand ou un coll\u00e8ge doctoral franco-allemand soutenu par l'UFA. La d\u00e9cision d'attribution de soutien ainsi que la v\u00e9rification du respect durable de ces crit\u00e8res se basent sur les standards de qualit\u00e9 \u00e9nonc\u00e9s dans la charte d'\u00e9valuation, et rel\u00e8vent de la comp\u00e9tence de la commission scientifique et du conseil d'universit\u00e9.<\/span><\/li>\n<li><span lang=\"FR\">Le <\/span>conseil d'universit\u00e9 d\u00e9cide de l\u2019admission en tant qu'\u00e9tablissement membre. La demande d'adh\u00e9sion doit \u00eatre adress\u00e9e au\u00b7\u00e0 la pr\u00e9sident\u00b7e de l\u2019UFA.<\/li>\n<li><span lang=\"FR\">L'adh\u00e9sion est subordonn\u00e9e \u00e0 la mise en \u0153uvre d\u2019un programme. Si cette condition n'est plus remplie, p. ex. en cas d'\u00e9valuation n\u00e9gative, l'adh\u00e9sion cessera \u00e0 la prochaine \u00e9ch\u00e9ance possible.<\/span><\/li>\n<li><span lang=\"FR\"> Si le comportement d'un \u00e9tablissement membre est pr\u00e9judiciable au r\u00e9seau, le <\/span>conseil d'universit\u00e9 peut prononcer l'exclusion.<\/li>\n<li><span lang=\"FR\">Chaque \u00e9tablissement membre si\u00e8ge avec voix d\u00e9lib\u00e9rative \u00e0 l'assembl\u00e9e des \u00e9tablissements membres de l\u2019UFA.<\/span><\/li>\n<\/ol>\n                            <\/div>\n\t\t\t\t\t\t\n\t\t\t\t\t\t\n                    <\/div><!-- .accordion -->\n\n\t\t\t\t\n\t\t\t\t\t\t\t\n        <\/div><!-- .accordion -->\n\n\t\t<\/div><\/div><\/div><\/div>","protected":false},"excerpt":{"rendered":"<p>L\u2019admission d&rsquo;un \u00e9tablissement en tant que membre \u00e0 part enti\u00e8re au sein du r\u00e9seau de l&rsquo;Universit\u00e9 franco-allemande conf\u00e8re \u00e0 celui-ci un droit de vote \u00e0 l\u2019assembl\u00e9e des \u00e9tablissements membres qui, tout comme le conseil d&rsquo;universit\u00e9 et la pr\u00e9sidence, est un organe de l&rsquo;UFA. Cette assembl\u00e9e comprend un\u00b7e repr\u00e9sentant\u00b7e de chacun des \u00e9tablissements membres. L\u2019assembl\u00e9e des [&hellip;]<\/p>\n","protected":false},"author":1,"featured_media":0,"parent":793,"menu_order":684,"comment_status":"closed","ping_status":"closed","template":"","meta":{"_bbp_topic_count":0,"_bbp_reply_count":0,"_bbp_total_topic_count":0,"_bbp_total_reply_count":0,"_bbp_voice_count":0,"_bbp_anonymous_reply_count":0,"_bbp_topic_count_hidden":0,"_bbp_reply_count_hidden":0,"_bbp_forum_subforum_count":0,"inline_featured_image":false},"acf":[],"_links":{"self":[{"href":"https:\/\/www.dfh-ufa.org\/fr\/wp-json\/wp\/v2\/pages\/796"}],"collection":[{"href":"https:\/\/www.dfh-ufa.org\/fr\/wp-json\/wp\/v2\/pages"}],"about":[{"href":"https:\/\/www.dfh-ufa.org\/fr\/wp-json\/wp\/v2\/types\/page"}],"author":[{"embeddable":true,"href":"https:\/\/www.dfh-ufa.org\/fr\/wp-json\/wp\/v2\/users\/1"}],"replies":[{"embeddable":true,"href":"https:\/\/www.dfh-ufa.org\/fr\/wp-json\/wp\/v2\/comments?post=796"}],"version-history":[{"count":71,"href":"https:\/\/www.dfh-ufa.org\/fr\/wp-json\/wp\/v2\/pages\/796\/revisions"}],"predecessor-version":[{"id":1962378,"href":"https:\/\/www.dfh-ufa.org\/fr\/wp-json\/wp\/v2\/pages\/796\/revisions\/1962378"}],"up":[{"embeddable":true,"href":"https:\/\/www.dfh-ufa.org\/fr\/wp-json\/wp\/v2\/pages\/793"}],"wp:attachment":[{"href":"https:\/\/www.dfh-ufa.org\/fr\/wp-json\/wp\/v2\/media?parent=796"}],"curies":[{"name":"wp","href":"https:\/\/api.w.org\/{rel}","templated":true}]}}