{"id":797,"date":"2018-04-24T09:03:14","date_gmt":"2018-04-24T07:03:14","guid":{"rendered":"https:\/\/www.dfh-ufa.org\/fr\/les-instances-consultatives"},"modified":"2025-07-25T14:41:39","modified_gmt":"2025-07-25T12:41:39","slug":"les-instances-consultatives","status":"publish","type":"page","link":"https:\/\/www.dfh-ufa.org\/fr\/lufa\/lufa-en-bref\/organisation\/les-instances-consultatives","title":{"rendered":"Les instances consultatives"},"content":{"rendered":"<div class=\"csc-default\">\n<div class=\"csc-textpicHeader csc-textpicHeader-10\">\n<div class=\"csc-header csc-header-n1\"><\/div>\n<\/div>\n<div class=\"csc-textpic csc-textpic-left csc-textpic-below\">\n<div class=\"csc-textpic-text\">\n<p>La commission scientifique, les groupes d&rsquo;\u00e9valuation, les groupes disciplinaires et la repr\u00e9sentation \u00e9tudiante constituent les instances consultatives de l&rsquo;UFA.<\/p>\n<p><img decoding=\"async\" loading=\"lazy\" class=\"alignnone wp-image-6289 size-large\" src=\"https:\/\/www.dfh-ufa.org\/app\/uploads\/2018\/06\/Schema_F_Gremien-1024x387.jpg\" alt=\"\" width=\"1024\" height=\"387\" srcset=\"https:\/\/www.dfh-ufa.org\/app\/uploads\/2018\/06\/Schema_F_Gremien-1024x387.jpg 1024w, https:\/\/www.dfh-ufa.org\/app\/uploads\/2018\/06\/Schema_F_Gremien-300x113.jpg 300w, https:\/\/www.dfh-ufa.org\/app\/uploads\/2018\/06\/Schema_F_Gremien-768x290.jpg 768w, https:\/\/www.dfh-ufa.org\/app\/uploads\/2018\/06\/Schema_F_Gremien.jpg 1517w\" sizes=\"(max-width: 1024px) 100vw, 1024px\" \/><\/p>\n<\/div>\n<div class=\"csc-textpic-imagewrap\">\n<div class=\"row\">\n<div class=\"col-xs-12\">\n<h4>Contact :<\/h4>\n<div class=\"csc-default\">\n<div class=\"csc-textpic csc-textpic-left csc-textpic-below\">\n<div class=\"csc-textpic-imagewrap\">\n<div class=\"row\">\n<div class=\"col-xs-12\">\n<div class=\"csc-default\">\n<div class=\"csc-textpic csc-textpic-left csc-textpic-below\">\n<div class=\"csc-textpic-imagewrap\">\n<div class=\"row\">\n<div class=\"col-xs-12\">\n<div class=\"csc-default\">\n<div class=\"csc-textpic csc-textpic-left csc-textpic-below\">\n<div class=\"csc-textpic-imagewrap\">\n<div class=\"row\">\n<div class=\"col-xs-12\">\n<p><b><strong>Virginie Jouhaud-Neutard<\/strong><\/b><\/p>\n<p>Responsable du d\u00e9partement \u00ab Instances de pilotage et projets scientifiques \u00bb<\/p>\n<p><em>+49 681 9 38 12 \u2013 107<\/em><\/p>\n<p><em><a href=\"mailto:jouhaud-neutard@dfh-ufa.org\" target=\"_blank\" rel=\"noopener\">jouhaud-neutard(at)dfh-ufa.org<\/a><\/em><\/p>\n<\/div>\n<\/div>\n<\/div>\n<\/div>\n<\/div>\n<\/div>\n<\/div>\n<\/div>\n<\/div>\n<\/div>\n<\/div>\n<\/div>\n<\/div>\n<\/div>\n<\/div>\n<p>&nbsp;<\/p>\n<\/div>\n<\/div>\n<\/div>\n<\/div>\n<\/div>\n<div id=\"sconnect-is-installed\"><\/div>\n<div id=\"sconnect-is-installed\">2.15.1.0<\/div>\n","protected":false},"excerpt":{"rendered":"<p>La commission scientifique, les groupes d&rsquo;\u00e9valuation, les groupes disciplinaires et la repr\u00e9sentation \u00e9tudiante constituent les instances consultatives de l&rsquo;UFA. Contact : Virginie Jouhaud-Neutard Responsable du d\u00e9partement \u00ab Instances de pilotage et projets scientifiques \u00bb +49 681 9 38 12 \u2013 107 jouhaud-neutard(at)dfh-ufa.org &nbsp; 2.15.1.0<\/p>\n","protected":false},"author":1,"featured_media":0,"parent":792,"menu_order":657,"comment_status":"closed","ping_status":"closed","template":"","meta":{"_bbp_topic_count":0,"_bbp_reply_count":0,"_bbp_total_topic_count":0,"_bbp_total_reply_count":0,"_bbp_voice_count":0,"_bbp_anonymous_reply_count":0,"_bbp_topic_count_hidden":0,"_bbp_reply_count_hidden":0,"_bbp_forum_subforum_count":0,"inline_featured_image":false},"acf":[],"_links":{"self":[{"href":"https:\/\/www.dfh-ufa.org\/fr\/wp-json\/wp\/v2\/pages\/797"}],"collection":[{"href":"https:\/\/www.dfh-ufa.org\/fr\/wp-json\/wp\/v2\/pages"}],"about":[{"href":"https:\/\/www.dfh-ufa.org\/fr\/wp-json\/wp\/v2\/types\/page"}],"author":[{"embeddable":true,"href":"https:\/\/www.dfh-ufa.org\/fr\/wp-json\/wp\/v2\/users\/1"}],"replies":[{"embeddable":true,"href":"https:\/\/www.dfh-ufa.org\/fr\/wp-json\/wp\/v2\/comments?post=797"}],"version-history":[{"count":18,"href":"https:\/\/www.dfh-ufa.org\/fr\/wp-json\/wp\/v2\/pages\/797\/revisions"}],"predecessor-version":[{"id":1958801,"href":"https:\/\/www.dfh-ufa.org\/fr\/wp-json\/wp\/v2\/pages\/797\/revisions\/1958801"}],"up":[{"embeddable":true,"href":"https:\/\/www.dfh-ufa.org\/fr\/wp-json\/wp\/v2\/pages\/792"}],"wp:attachment":[{"href":"https:\/\/www.dfh-ufa.org\/fr\/wp-json\/wp\/v2\/media?parent=797"}],"curies":[{"name":"wp","href":"https:\/\/api.w.org\/{rel}","templated":true}]}}