{"id":798,"date":"2018-04-24T09:03:14","date_gmt":"2018-04-24T07:03:14","guid":{"rendered":"https:\/\/www.dfh-ufa.org\/fr\/la-commission-scientifique"},"modified":"2026-01-20T09:27:44","modified_gmt":"2026-01-20T08:27:44","slug":"la-commission-scientifique","status":"publish","type":"page","link":"https:\/\/www.dfh-ufa.org\/fr\/lufa\/lufa-en-bref\/organisation\/les-instances-consultatives\/la-commission-scientifique","title":{"rendered":"La commission scientifique"},"content":{"rendered":"<div id=\"pl-798\"  class=\"panel-layout\" ><div id=\"pg-798-0\"  class=\"panel-grid panel-no-style\" ><div id=\"pgc-798-0-0\"  class=\"panel-grid-cell\" ><div id=\"panel-798-0-0-0\" class=\"so-panel widget widget_sow-editor panel-first-child\" data-index=\"0\" ><div class=\"so-widget-sow-editor so-widget-sow-editor-base\">\n<div class=\"siteorigin-widget-tinymce textwidget\">\n\t<p><!-- wp:image --><\/p>\n<div class=\"csc-textpic-text\">\n<div id=\"c30349\" class=\"csc-default align-left\">\n<p>La commission scientifique est mise en place par le\u00a0<a href=\"https:\/\/www.dfh-ufa.org\/fr\/organes\/le-conseil-duniversite\/?noredirect=fr_FR\">conseil d'universit\u00e9<\/a>\u00a0de l'Universit\u00e9 franco-allemande, conform\u00e9ment aux dispositions de\u00a0l'accord de Weimar. <span lang=\"FR\">Elle est actuellement constitu\u00e9e de 20 enseignant\u00b7es-chercheur\u00b7euses d\u2019\u00e9tablissements fran\u00e7ais et allemands qui se r\u00e9unissent deux fois par an.<\/span><\/p>\n<p><span lang=\"FR\">Le r\u00f4le de la commission scientifique est d\u2019assister et de conseiller les organes de l\u2019UFA sur tous les points concernant les domaines de l\u2019enseignement sup\u00e9rieur et de la recherche. Elle supervise \u00e9galement le volet scientifique de la proc\u00e9dure d\u2019\u00e9valuation de l\u2019UFA.<\/span><\/p>\n<p>Les noms des membres de la commission scientifique de 2025-2028 sont list\u00e9s ci-dessous.<\/p>\n<\/div>\n<p>&nbsp;<\/p>\n<\/div>\n<p><!-- \/wp:image --><\/p>\n<p><!-- wp:heading --><\/p>\n<p><!-- \/wp:heading --><\/p>\n<p><!-- wp:table --><\/p>\n<p><!-- \/wp:table --><\/p>\n<\/div>\n<\/div><\/div><div id=\"panel-798-0-0-1\" class=\"so-panel widget widget_sow-editor panel-last-child\" data-index=\"1\" ><div class=\"so-widget-sow-editor so-widget-sow-editor-base\"><h2 class=\"widget-title\">  <\/h2>\n<div class=\"siteorigin-widget-tinymce textwidget\">\n\t<\/div>\n<\/div><\/div><\/div><\/div><div id=\"pg-798-1\"  class=\"panel-grid panel-no-style\" ><div id=\"pgc-798-1-0\"  class=\"panel-grid-cell panel-grid-cell-empty\" ><\/div><\/div><div id=\"pg-798-2\"  class=\"panel-grid panel-no-style\" ><div id=\"pgc-798-2-0\"  class=\"panel-grid-cell\" ><div id=\"panel-798-2-0-0\" class=\"so-panel widget widget_sow-editor panel-first-child\" data-index=\"2\" ><div class=\"so-widget-sow-editor so-widget-sow-editor-base\"><h2 class=\"widget-title\">  Membres 2025-2028<\/h2>\n<div class=\"siteorigin-widget-tinymce textwidget\">\n\t<\/div>\n<\/div><\/div><div id=\"panel-798-2-0-1\" class=\"so-panel widget widget_accordion\" data-index=\"3\" >        <div class=\"accordion\" data-collapse=\"1\">\n\n\t\t\t\t\t\t\t\t\t\t\t\t                    <div class=\"accordion__item\" id=\"69e7cf409a77d\">\n\n\t\t\t\t\t\t                            <header class=\"accordion__header\">\n                                <h2 class=\"accordion__title\">Membres d'\u00e9tablissements d'enseignement sup\u00e9rieur fran\u00e7ais<\/h2>\n                            <\/header>\n\t\t\t\t\t\t\n\t\t\t\t\t\t                            <div class=\"accordion__content\">\n\t\t\t\t\t\t\t\t<p>&nbsp;<\/p>\n<table class=\"contenttable contenttable-0 table\" style=\"width: 99.4966%\">\n<tbody>\n<tr>\n<th style=\"width: 3.58056%\">1.<\/p>\n<p>&nbsp;<\/p>\n<\/th>\n<td style=\"width: 33.3714%\"><strong>Heidi B\u00f6hnert<\/strong><\/p>\n<p>&nbsp;<\/p>\n<\/td>\n<td style=\"width: 30.7962%\" width=\"680\">CPE Lyon<\/p>\n<p>&nbsp;<\/p>\n<\/td>\n<td style=\"width: 31.5836%\" width=\"680\">Sciences, Sciences de l\u2019ing\u00e9nieur<\/p>\n<p>&nbsp;<\/p>\n<\/td>\n<\/tr>\n<tr class=\"tr-even tr-0\">\n<th id=\"row36637-0\" class=\"td-0\" style=\"width: 3.58056%\" scope=\"row\">2.<\/p>\n<p>&nbsp;<\/p>\n<\/th>\n<td class=\"td-1\" style=\"width: 33.3714%\" headers=\"row36637-0\"><strong>Laurent Guih\u00e9ry<\/strong><\/p>\n<p>&nbsp;<\/p>\n<\/td>\n<td style=\"width: 30.7962%\" width=\"680\">CY Cergy Paris Universit\u00e9<\/p>\n<p>&nbsp;<\/p>\n<\/td>\n<td style=\"width: 31.5836%\" width=\"680\">Sciences \u00e9conomiques et Droit<\/p>\n<p>&nbsp;<\/p>\n<\/td>\n<\/tr>\n<tr class=\"tr-odd tr-1\">\n<th id=\"row36637-1\" class=\"td-0\" style=\"width: 3.58056%\" scope=\"row\">3.<\/p>\n<p>&nbsp;<\/p>\n<\/th>\n<td class=\"td-1\" style=\"width: 33.3714%\" headers=\"row36637-1\"><strong>Stefan Hoerner<\/strong><\/p>\n<p>&nbsp;<\/p>\n<\/td>\n<td style=\"width: 30.7962%\" width=\"680\">U Grenoble Alpes<\/p>\n<p>&nbsp;<\/p>\n<\/td>\n<td style=\"width: 31.5836%\" width=\"680\">Sciences, Sciences de l\u2019ing\u00e9nieur<\/p>\n<p>&nbsp;<\/p>\n<\/td>\n<\/tr>\n<tr class=\"tr-even tr-2\">\n<th id=\"row36637-2\" class=\"td-0\" style=\"width: 3.58056%\" scope=\"row\">4.<\/p>\n<p>&nbsp;<\/p>\n<\/th>\n<td class=\"td-1\" style=\"width: 33.3714%\" headers=\"row36637-2\"><strong>Ioannis Michalis<\/strong><\/p>\n<p>&nbsp;<\/p>\n<\/td>\n<td style=\"width: 30.7962%\" width=\"680\">Le Mans Universit\u00e9<\/p>\n<p>&nbsp;<\/p>\n<\/td>\n<td style=\"width: 31.5836%\" width=\"680\">Sciences \u00e9conomiques et Droit<\/p>\n<p>&nbsp;<\/p>\n<\/td>\n<\/tr>\n<tr class=\"tr-even tr-4\">\n<th id=\"row36637-4\" class=\"td-0\" style=\"width: 3.58056%\" scope=\"row\">5.<\/p>\n<p>&nbsp;<\/p>\n<\/th>\n<td class=\"td-1\" style=\"width: 33.3714%\" headers=\"row36637-4\"><strong>Klaus Niederkr\u00fcger<\/strong><\/p>\n<p>&nbsp;<\/p>\n<\/td>\n<td style=\"width: 30.7962%\" width=\"680\">U Claude Bernard Lyon 1<\/p>\n<p>&nbsp;<\/p>\n<\/td>\n<td style=\"width: 31.5836%\" width=\"680\">Sciences, Sciences de l\u2019ing\u00e9nieur<\/p>\n<p>&nbsp;<\/p>\n<\/td>\n<\/tr>\n<tr class=\"tr-odd tr-5\">\n<th id=\"row36637-5\" class=\"td-0\" style=\"width: 3.58056%\" scope=\"row\">6.<\/p>\n<p>&nbsp;<\/p>\n<\/th>\n<td class=\"td-1\" style=\"width: 33.3714%\" headers=\"row36637-5\"><strong>Ulrich Pfeil<\/strong><\/p>\n<p>&nbsp;<\/p>\n<\/td>\n<td style=\"width: 30.7962%\" width=\"680\">U de Lorraine<\/p>\n<p>&nbsp;<\/p>\n<\/td>\n<td style=\"width: 31.5836%\" width=\"680\">Sciences humaines et sociales<\/p>\n<p>&nbsp;<\/p>\n<\/td>\n<\/tr>\n<tr class=\"tr-even tr-6\">\n<th id=\"row36637-6\" class=\"td-0\" style=\"width: 3.58056%\" scope=\"row\">7.<\/p>\n<p>&nbsp;<\/p>\n<\/th>\n<td class=\"td-1\" style=\"width: 33.3714%\" headers=\"row36637-6\"><strong>Marie-Charlotte Renoult<\/strong><\/p>\n<p>&nbsp;<\/p>\n<\/td>\n<td style=\"width: 30.7962%\" width=\"680\">INSA Rouen<\/p>\n<p>&nbsp;<\/p>\n<\/td>\n<td style=\"width: 31.5836%\" width=\"680\">Sciences, Sciences de l\u2019ing\u00e9nieur<\/p>\n<p>&nbsp;<\/p>\n<\/td>\n<\/tr>\n<tr class=\"tr-odd tr-7\">\n<th id=\"row36637-7\" class=\"td-0\" style=\"width: 3.58056%\" scope=\"row\">8.<\/p>\n<p>&nbsp;<\/p>\n<\/th>\n<td class=\"td-1\" style=\"width: 33.3714%\" headers=\"row36637-7\"><strong>Jochen Sohnle<\/strong><\/p>\n<p>&nbsp;<\/p>\n<\/td>\n<td style=\"width: 30.7962%\" width=\"680\">U de Lorraine<\/p>\n<p>&nbsp;<\/p>\n<\/td>\n<td style=\"width: 31.5836%\" width=\"680\">Sciences \u00e9conomiques et Droit<\/p>\n<p>&nbsp;<\/p>\n<\/td>\n<\/tr>\n<tr class=\"tr-even tr-8\">\n<th id=\"row36637-8\" class=\"td-0\" style=\"width: 3.58056%\" scope=\"row\">9.<\/p>\n<p>&nbsp;<\/p>\n<p>&nbsp;<\/p>\n<\/th>\n<td class=\"td-1\" style=\"width: 33.3714%\" headers=\"row36637-8\"><strong>H\u00e9l\u00e8ne Vinckel-Roisin<br \/>\n<\/strong><\/p>\n<p><em>Vice-Pr\u00e9sidente<\/em><\/p>\n<p>&nbsp;<\/p>\n<\/td>\n<td style=\"width: 30.7962%\" width=\"680\">U de Lorraine<\/p>\n<p>&nbsp;<\/p>\n<p>&nbsp;<\/p>\n<\/td>\n<td style=\"width: 31.5836%\" width=\"680\">Sciences humaines et sociales<\/p>\n<p>&nbsp;<\/p>\n<p>&nbsp;<\/p>\n<\/td>\n<\/tr>\n<tr class=\"tr-odd tr-last\">\n<th id=\"row36637-9\" class=\"td-0\" style=\"width: 3.58056%\" scope=\"row\">10.<\/p>\n<p>&nbsp;<\/p>\n<\/th>\n<td class=\"td-1\" style=\"width: 33.3714%\" headers=\"row36637-9\"><strong>Birte Wassenberg<\/strong><\/p>\n<p>&nbsp;<\/p>\n<\/td>\n<td style=\"width: 30.7962%\" width=\"680\">Sciences Po Strasbourg<\/p>\n<p>&nbsp;<\/p>\n<\/td>\n<td style=\"width: 31.5836%\" width=\"680\">Sciences humaines et sociales<\/p>\n<p>&nbsp;<\/p>\n<\/td>\n<\/tr>\n<\/tbody>\n<\/table>\n                            <\/div>\n\t\t\t\t\t\t\n\t\t\t\t\t\t\n                    <\/div><!-- .accordion -->\n\n\t\t\t\t\n\t\t\t\t\t\t\t\n        <\/div><!-- .accordion -->\n\n\t\t<\/div><div id=\"panel-798-2-0-2\" class=\"so-panel widget widget_accordion panel-last-child\" data-index=\"4\" >        <div class=\"accordion\" data-collapse=\"1\">\n\n\t\t\t\t\t\t\t\t\t\t\t\t                    <div class=\"accordion__item\" id=\"69e7cf409a8ab\">\n\n\t\t\t\t\t\t                            <header class=\"accordion__header\">\n                                <h2 class=\"accordion__title\">Membres d'\u00e9tablissements d'enseignement sup\u00e9rieur allemands<\/h2>\n                            <\/header>\n\t\t\t\t\t\t\n\t\t\t\t\t\t                            <div class=\"accordion__content\">\n\t\t\t\t\t\t\t\t<p>&nbsp;<\/p>\n<table class=\"contenttable contenttable-0 table\" style=\"width: 101.459%\">\n<tbody>\n<tr class=\"tr-odd tr-1\">\n<th id=\"row36635-1\" class=\"td-0\" style=\"width: 3.74332%\" scope=\"row\">1.<\/p>\n<p>&nbsp;<\/p>\n<\/th>\n<td class=\"td-1\" style=\"width: 29.824%\" headers=\"row36635-1\"><strong>Reinhard Brocks<br \/>\n<\/strong><\/p>\n<p>&nbsp;<\/p>\n<\/td>\n<td class=\"td-2\" style=\"width: 29.4006%\" headers=\"row36635-1\">htw saar<\/p>\n<p>&nbsp;<\/p>\n<\/td>\n<td style=\"width: 36.6524%\" width=\"680\">Sciences, Sciences de l\u2019ing\u00e9nieur<\/p>\n<p>&nbsp;<\/p>\n<\/td>\n<\/tr>\n<tr class=\"tr-even tr-2\">\n<th id=\"row36635-2\" class=\"td-0\" style=\"width: 3.74332%\" scope=\"row\">2.<\/p>\n<p>&nbsp;<\/p>\n<\/th>\n<td class=\"td-1\" style=\"width: 29.824%\" headers=\"row36635-2\"><strong>Philippe Cossalter <\/strong><\/p>\n<p>&nbsp;<\/p>\n<\/td>\n<td class=\"td-2\" style=\"width: 29.4006%\" headers=\"row36635-2\">U Saarland<\/p>\n<p>&nbsp;<\/p>\n<\/td>\n<td style=\"width: 36.6524%\" width=\"680\">Sciences \u00e9conomiques et Droit<\/p>\n<p>&nbsp;<\/p>\n<\/td>\n<\/tr>\n<tr class=\"tr-odd tr-3\">\n<th id=\"row36635-3\" class=\"td-0\" style=\"width: 3.74332%\" scope=\"row\">3.<\/p>\n<p>&nbsp;<\/p>\n<\/th>\n<td class=\"td-1\" style=\"width: 29.824%\" headers=\"row36635-3\"><strong>Tim Freytag<\/strong><\/p>\n<p>&nbsp;<\/p>\n<\/td>\n<td class=\"td-2\" style=\"width: 29.4006%\" headers=\"row36635-3\">U Freiburg<\/p>\n<p>&nbsp;<\/p>\n<\/td>\n<td style=\"width: 36.6524%\" width=\"680\">Sciences humaines et sociales<\/p>\n<p>&nbsp;<\/p>\n<\/td>\n<\/tr>\n<tr class=\"tr-even tr-4\">\n<th id=\"row36635-4\" class=\"td-0\" style=\"width: 3.74332%\" scope=\"row\">4.<\/p>\n<p>&nbsp;<\/p>\n<\/th>\n<td class=\"td-1\" style=\"width: 29.824%\" headers=\"row36635-4\"><strong>Marina Hertrampf <\/strong><\/p>\n<p>&nbsp;<\/p>\n<\/td>\n<td class=\"td-2\" style=\"width: 29.4006%\" headers=\"row36635-4\">U Passau<\/p>\n<p>&nbsp;<\/p>\n<\/td>\n<td style=\"width: 36.6524%\" width=\"680\">Sciences humaines et sociales<\/p>\n<p>&nbsp;<\/p>\n<\/td>\n<\/tr>\n<tr class=\"tr-odd tr-5\">\n<th id=\"row36635-5\" class=\"td-0\" style=\"width: 3.74332%\" scope=\"row\">5.<\/p>\n<p>&nbsp;<\/p>\n<\/th>\n<td class=\"td-1\" style=\"width: 29.824%\" headers=\"row36635-5\"><strong>Georg Jostkleigrewe<\/strong><\/p>\n<p>&nbsp;<\/p>\n<\/td>\n<td class=\"td-2\" style=\"width: 29.4006%\" headers=\"row36635-5\">MLU Halle-Wittenberg<\/p>\n<p>&nbsp;<\/p>\n<\/td>\n<td style=\"width: 36.6524%\" width=\"680\">Sciences humaines et sociales<\/p>\n<p>&nbsp;<\/p>\n<\/td>\n<\/tr>\n<tr class=\"tr-even tr-6\">\n<th id=\"row36635-6\" class=\"td-0\" style=\"width: 3.74332%\" scope=\"row\">6.<\/p>\n<p>&nbsp;<\/p>\n<\/th>\n<td class=\"td-1\" style=\"width: 29.824%\" headers=\"row36635-6\"><strong>Matthieu Le Tacon<\/strong><\/p>\n<p>&nbsp;<\/p>\n<\/td>\n<td class=\"td-2\" style=\"width: 29.4006%\" headers=\"row36635-6\">KIT Karlsruhe<\/p>\n<p>&nbsp;<\/p>\n<\/td>\n<td style=\"width: 36.6524%\" width=\"680\">Sciences, Sciences de l\u2019ing\u00e9nieur<\/p>\n<p>&nbsp;<\/p>\n<\/td>\n<\/tr>\n<tr class=\"tr-odd tr-7\">\n<th id=\"row36635-7\" class=\"td-0\" style=\"width: 3.74332%\" scope=\"row\">7.<\/p>\n<p>&nbsp;<\/p>\n<\/th>\n<td class=\"td-1\" style=\"width: 29.824%\" headers=\"row36635-7\"><strong>Antje Lobin<\/strong><\/p>\n<p>&nbsp;<\/p>\n<\/td>\n<td class=\"td-2\" style=\"width: 29.4006%\" headers=\"row36635-7\">JGU Mainz<\/p>\n<p>&nbsp;<\/p>\n<\/td>\n<td style=\"width: 36.6524%\" width=\"680\">Sciences humaines et sociales<\/p>\n<p>&nbsp;<\/p>\n<\/td>\n<\/tr>\n<tr>\n<th style=\"width: 3.74332%\">8.<\/p>\n<p>&nbsp;<\/p>\n<p>&nbsp;<\/p>\n<\/th>\n<td style=\"width: 29.824%\"><strong>Stefan Wolfgang Pickl<\/strong><\/p>\n<p><em>Pr\u00e9sident<\/em><\/p>\n<p>&nbsp;<\/p>\n<\/td>\n<td style=\"width: 29.4006%\">U Bundeswehr M\u00fcnchen<\/p>\n<p>&nbsp;<\/p>\n<p>&nbsp;<\/p>\n<\/td>\n<td style=\"width: 36.6524%\" width=\"680\">Sciences, Sciences de l\u2019ing\u00e9nieur<\/p>\n<p>&nbsp;<\/p>\n<p>&nbsp;<\/p>\n<\/td>\n<\/tr>\n<tr>\n<th style=\"width: 3.74332%\">9.<\/p>\n<p>&nbsp;<\/p>\n<\/th>\n<td style=\"width: 29.824%\"><strong>Bernhard Schipp<br \/>\n<\/strong><\/p>\n<p>&nbsp;<\/p>\n<\/td>\n<td style=\"width: 29.4006%\">TU Dresden<\/p>\n<p>&nbsp;<\/p>\n<\/td>\n<td style=\"width: 36.6524%\" width=\"680\">Sciences \u00e9conomiques et Droit<\/p>\n<p>&nbsp;<\/p>\n<\/td>\n<\/tr>\n<tr class=\"tr-even tr-8\">\n<th id=\"row36635-8\" class=\"td-0\" style=\"width: 3.74332%\" scope=\"row\">10.<\/p>\n<p>&nbsp;<\/p>\n<\/th>\n<td class=\"td-1\" style=\"width: 29.824%\" headers=\"row36635-8\"><strong>Gernot Sydow<\/strong><\/p>\n<p>&nbsp;<\/p>\n<\/td>\n<td class=\"td-2\" style=\"width: 29.4006%\" headers=\"row36635-8\">U M\u00fcnster<\/p>\n<p>&nbsp;<\/p>\n<\/td>\n<td style=\"width: 36.6524%\" width=\"680\">Sciences \u00e9conomiques et Droit<\/p>\n<p>&nbsp;<\/p>\n<\/td>\n<\/tr>\n<\/tbody>\n<\/table>\n                            <\/div>\n\t\t\t\t\t\t\n\t\t\t\t\t\t\n                    <\/div><!-- .accordion -->\n\n\t\t\t\t\n\t\t\t\t\t\t\t\n        <\/div><!-- .accordion -->\n\n\t\t<\/div><\/div><\/div><div id=\"pg-798-3\"  class=\"panel-grid panel-no-style\" ><div id=\"pgc-798-3-0\"  class=\"panel-grid-cell panel-grid-cell-empty\" ><\/div><\/div><div id=\"pg-798-4\"  class=\"panel-grid panel-no-style\" ><div id=\"pgc-798-4-0\"  class=\"panel-grid-cell\" ><div id=\"panel-798-4-0-0\" class=\"so-panel widget widget_sow-editor panel-first-child\" data-index=\"5\" ><div class=\"so-widget-sow-editor so-widget-sow-editor-base\"><h2 class=\"widget-title\">   <\/h2>\n<div class=\"siteorigin-widget-tinymce textwidget\">\n\t<\/div>\n<\/div><\/div><div id=\"panel-798-4-0-1\" class=\"so-panel widget widget_sow-editor\" data-index=\"6\" ><div class=\"so-widget-sow-editor so-widget-sow-editor-base\"><h2 class=\"widget-title\">   <\/h2>\n<div class=\"siteorigin-widget-tinymce textwidget\">\n\t<\/div>\n<\/div><\/div><div id=\"panel-798-4-0-2\" class=\"so-panel widget widget_sow-editor panel-last-child\" data-index=\"7\" ><div class=\"so-widget-sow-editor so-widget-sow-editor-base\"><h2 class=\"widget-title\">Dossier de Bienvenue<\/h2>\n<div class=\"siteorigin-widget-tinymce textwidget\">\n\t<p><a href=\"https:\/\/www.dfh-ufa.org\/app\/uploads\/2025\/02\/2025_CS_dossier-de-bienvenue.pdf\" target=\"_blank\" rel=\"noopener\">Dossier de Bienvenue pour la commission scientifique 2025<\/a><\/p>\n<\/div>\n<\/div><\/div><\/div><\/div><\/div>","protected":false},"excerpt":{"rendered":"<p>La commission scientifique est mise en place par le\u00a0conseil d&rsquo;universit\u00e9\u00a0de l&rsquo;Universit\u00e9 franco-allemande, conform\u00e9ment aux dispositions de\u00a0l&rsquo;accord de Weimar. Elle est actuellement constitu\u00e9e de 20 enseignant\u00b7es-chercheur\u00b7euses d\u2019\u00e9tablissements fran\u00e7ais et allemands qui se r\u00e9unissent deux fois par an. Le r\u00f4le de la commission scientifique est d\u2019assister et de conseiller les organes de l\u2019UFA sur tous les points [&hellip;]<\/p>\n","protected":false},"author":1,"featured_media":0,"parent":797,"menu_order":707,"comment_status":"closed","ping_status":"closed","template":"","meta":{"_bbp_topic_count":0,"_bbp_reply_count":0,"_bbp_total_topic_count":0,"_bbp_total_reply_count":0,"_bbp_voice_count":0,"_bbp_anonymous_reply_count":0,"_bbp_topic_count_hidden":0,"_bbp_reply_count_hidden":0,"_bbp_forum_subforum_count":0,"inline_featured_image":false},"acf":[],"_links":{"self":[{"href":"https:\/\/www.dfh-ufa.org\/fr\/wp-json\/wp\/v2\/pages\/798"}],"collection":[{"href":"https:\/\/www.dfh-ufa.org\/fr\/wp-json\/wp\/v2\/pages"}],"about":[{"href":"https:\/\/www.dfh-ufa.org\/fr\/wp-json\/wp\/v2\/types\/page"}],"author":[{"embeddable":true,"href":"https:\/\/www.dfh-ufa.org\/fr\/wp-json\/wp\/v2\/users\/1"}],"replies":[{"embeddable":true,"href":"https:\/\/www.dfh-ufa.org\/fr\/wp-json\/wp\/v2\/comments?post=798"}],"version-history":[{"count":118,"href":"https:\/\/www.dfh-ufa.org\/fr\/wp-json\/wp\/v2\/pages\/798\/revisions"}],"predecessor-version":[{"id":1962381,"href":"https:\/\/www.dfh-ufa.org\/fr\/wp-json\/wp\/v2\/pages\/798\/revisions\/1962381"}],"up":[{"embeddable":true,"href":"https:\/\/www.dfh-ufa.org\/fr\/wp-json\/wp\/v2\/pages\/797"}],"wp:attachment":[{"href":"https:\/\/www.dfh-ufa.org\/fr\/wp-json\/wp\/v2\/media?parent=798"}],"curies":[{"name":"wp","href":"https:\/\/api.w.org\/{rel}","templated":true}]}}