{"id":799,"date":"2018-04-24T09:03:14","date_gmt":"2018-04-24T07:03:14","guid":{"rendered":"https:\/\/www.dfh-ufa.org\/fr\/les-groupes-devaluation"},"modified":"2026-03-12T16:31:45","modified_gmt":"2026-03-12T15:31:45","slug":"les-groupes-devaluation","status":"publish","type":"page","link":"https:\/\/www.dfh-ufa.org\/fr\/lufa\/lufa-en-bref\/organisation\/les-instances-consultatives\/les-groupes-devaluation","title":{"rendered":"Les groupes d&rsquo;\u00e9valuation"},"content":{"rendered":"<div id=\"pl-799\"  class=\"panel-layout\" ><div id=\"pg-799-0\"  class=\"panel-grid panel-no-style\" ><div id=\"pgc-799-0-0\"  class=\"panel-grid-cell\" ><div id=\"panel-799-0-0-0\" class=\"so-panel widget widget_text panel-first-child\" data-index=\"0\" >\t\t\t<div class=\"textwidget\"><p>Pour proc\u00e9der \u00e0 l\u2019\u00e9valuation disciplinaire et scientifique des programmes d\u2019\u00e9tudes, la commission scientifique a institu\u00e9 trois groupes d\u2019\u00e9valuation disciplinaires, dirig\u00e9s par un\u00b7e pr\u00e9sident\u00b7e de groupe. Le\u00b7la pr\u00e9sident\u00b7e de l\u2019UFA et le\u00b7la pr\u00e9sident\u00b7e de la commission scientifique d\u00e9signent, apr\u00e8s concertation, le\u00b7la pr\u00e9sident\u00b7e et le\u00b7la vice-pr\u00e9sident\u00b7e de chaque groupe d\u2019\u00e9valuation. Leur fonction consiste \u00e0 diriger les travaux de leur groupe d\u2019\u00e9valuation respectif, \u00e0 en pr\u00e9senter les r\u00e9sultats \u00e0 la commission scientifique et \u00e0 garantir la qualit\u00e9 de la proc\u00e9dure.<\/p>\n<p><span lang=\"FR\">Les trois groupes d\u2019\u00e9valuation sont\u00a0:<\/span><\/p>\n<ul>\n<li><span lang=\"FR\">Sciences humaines et sociales<br \/>\n<\/span><\/li>\n<li><span lang=\"FR\">Sciences et Sciences <\/span><span lang=\"FR\">de l\u2019ing\u00e9nieur, I<\/span><span lang=\"FR\">nformatique et Architecture<\/span><\/li>\n<li><span lang=\"FR\">Sciences \u00e9conomiques et Droit<\/span><\/li>\n<\/ul>\n<p>&nbsp;<\/p>\n<\/div>\n\t\t<\/div><div id=\"panel-799-0-0-1\" class=\"so-panel widget widget_accordion panel-last-child\" data-index=\"1\" >        <div class=\"accordion\" data-collapse=\"1\">\n\n\t\t\t\t\t\t\t\t\t\t\t\t                    <div class=\"accordion__item\" id=\"69e8d12c15be0\">\n\n\t\t\t\t\t\t                            <header class=\"accordion__header\">\n                                <h2 class=\"accordion__title\">Les groupes d'\u00e9valuation selon les disciplines<\/h2>\n                            <\/header>\n\t\t\t\t\t\t\n\t\t\t\t\t\t                            <div class=\"accordion__content\">\n\t\t\t\t\t\t\t\t<p><strong>Sciences humaines et sociales :<\/strong><\/p>\n<table class=\"wp-block-table\" style=\"width: 63.0004%\">\n<thead>\n<tr class=\"tr-even\">\n<th style=\"width: 51.6078%\">Pr\u00e9sidente<\/th>\n<th style=\"width: 189.873%\">Vice-pr\u00e9sident<\/th>\n<\/tr>\n<\/thead>\n<tbody>\n<tr class=\"tr-odd tr-last\">\n<td style=\"width: 51.6078%\">Florence Baillet<\/td>\n<td class=\"td-last\" style=\"width: 189.873%\">Holger Jahnke<\/td>\n<\/tr>\n<\/tbody>\n<\/table>\n<p>&nbsp;<\/p>\n<p><strong>Sciences, Sciences de l\u2019ing\u00e9nieur, Informatique et Architecture :<\/strong><\/p>\n<table class=\"wp-block-table\" style=\"width: 63.5011%\">\n<thead>\n<tr class=\"tr-even\">\n<th style=\"width: 50.2595%\">Pr\u00e9sidente<\/th>\n<th style=\"width: 200.72%\">Vice-pr\u00e9sident<\/th>\n<\/tr>\n<\/thead>\n<tbody>\n<tr class=\"tr-odd tr-last\">\n<td style=\"width: 50.2595%\">Judith Peters<\/td>\n<td class=\"td-last\" style=\"width: 200.72%\">Harald Kosch<\/td>\n<\/tr>\n<\/tbody>\n<\/table>\n<p><strong>Sciences \u00e9conomiques et Droit :<\/strong><\/p>\n<table class=\"wp-block-table\" style=\"width: 63.6228%;height: 63px\">\n<thead>\n<tr class=\"tr-even\">\n<th style=\"width: 50%\">Pr\u00e9sident par int\u00e9rim<\/th>\n<th style=\"width: 167.647%\">Vice-pr\u00e9sident par int\u00e9rim<\/th>\n<\/tr>\n<\/thead>\n<tbody>\n<tr class=\"tr-odd tr-last\">\n<td style=\"width: 50%\">Thomas Liebetruth<\/td>\n<td class=\"td-last\" style=\"width: 167.647%\">Hans-J\u00f6rg Schlierer<\/td>\n<\/tr>\n<\/tbody>\n<\/table>\n                            <\/div>\n\t\t\t\t\t\t\n\t\t\t\t\t\t\n                    <\/div><!-- .accordion -->\n\n\t\t\t\t\n\t\t\t\t\t\t\t\n        <\/div><!-- .accordion -->\n\n\t\t<\/div><\/div><\/div><\/div>","protected":false},"excerpt":{"rendered":"<p>Pour proc\u00e9der \u00e0 l\u2019\u00e9valuation disciplinaire et scientifique des programmes d\u2019\u00e9tudes, la commission scientifique a institu\u00e9 trois groupes d\u2019\u00e9valuation disciplinaires, dirig\u00e9s par un\u00b7e pr\u00e9sident\u00b7e de groupe. Le\u00b7la pr\u00e9sident\u00b7e de l\u2019UFA et le\u00b7la pr\u00e9sident\u00b7e de la commission scientifique d\u00e9signent, apr\u00e8s concertation, le\u00b7la pr\u00e9sident\u00b7e et le\u00b7la vice-pr\u00e9sident\u00b7e de chaque groupe d\u2019\u00e9valuation. Leur fonction consiste \u00e0 diriger les travaux [&hellip;]<\/p>\n","protected":false},"author":1,"featured_media":0,"parent":797,"menu_order":726,"comment_status":"closed","ping_status":"closed","template":"","meta":{"_bbp_topic_count":0,"_bbp_reply_count":0,"_bbp_total_topic_count":0,"_bbp_total_reply_count":0,"_bbp_voice_count":0,"_bbp_anonymous_reply_count":0,"_bbp_topic_count_hidden":0,"_bbp_reply_count_hidden":0,"_bbp_forum_subforum_count":0,"inline_featured_image":false},"acf":[],"_links":{"self":[{"href":"https:\/\/www.dfh-ufa.org\/fr\/wp-json\/wp\/v2\/pages\/799"}],"collection":[{"href":"https:\/\/www.dfh-ufa.org\/fr\/wp-json\/wp\/v2\/pages"}],"about":[{"href":"https:\/\/www.dfh-ufa.org\/fr\/wp-json\/wp\/v2\/types\/page"}],"author":[{"embeddable":true,"href":"https:\/\/www.dfh-ufa.org\/fr\/wp-json\/wp\/v2\/users\/1"}],"replies":[{"embeddable":true,"href":"https:\/\/www.dfh-ufa.org\/fr\/wp-json\/wp\/v2\/comments?post=799"}],"version-history":[{"count":41,"href":"https:\/\/www.dfh-ufa.org\/fr\/wp-json\/wp\/v2\/pages\/799\/revisions"}],"predecessor-version":[{"id":1963710,"href":"https:\/\/www.dfh-ufa.org\/fr\/wp-json\/wp\/v2\/pages\/799\/revisions\/1963710"}],"up":[{"embeddable":true,"href":"https:\/\/www.dfh-ufa.org\/fr\/wp-json\/wp\/v2\/pages\/797"}],"wp:attachment":[{"href":"https:\/\/www.dfh-ufa.org\/fr\/wp-json\/wp\/v2\/media?parent=799"}],"curies":[{"name":"wp","href":"https:\/\/api.w.org\/{rel}","templated":true}]}}