{"id":800,"date":"2018-04-24T09:03:14","date_gmt":"2018-04-24T07:03:14","guid":{"rendered":"https:\/\/www.dfh-ufa.org\/fr\/les-groupes-disciplinaires"},"modified":"2025-12-17T10:17:27","modified_gmt":"2025-12-17T09:17:27","slug":"les-groupes-disciplinaires","status":"publish","type":"page","link":"https:\/\/www.dfh-ufa.org\/fr\/lufa\/lufa-en-bref\/organisation\/les-instances-consultatives\/les-groupes-disciplinaires","title":{"rendered":"Les groupes disciplinaires"},"content":{"rendered":"<div id=\"pl-800\"  class=\"panel-layout\" ><div id=\"pg-800-0\"  class=\"panel-grid panel-no-style\" ><div id=\"pgc-800-0-0\"  class=\"panel-grid-cell\" ><div id=\"panel-800-0-0-0\" class=\"so-panel widget widget_text panel-first-child\" data-index=\"0\" >\t\t\t<div class=\"textwidget\"><p>Les groupes disciplinaires ont pour r\u00f4le d\u2019analyser les \u00e9volutions sp\u00e9cifiques et les perspectives li\u00e9es \u00e0 leur discipline ainsi que les d\u00e9fis en r\u00e9sultant pour la coop\u00e9ration franco-allemande afin d\u2019\u00e9clairer les organes de l\u2019UFA sur ces aspects. Ils se r\u00e9unissent au minimum une fois par an \u00e0 l\u2019occasion de la rencontre des responsables de programmes et des expert\u00b7es.<\/p>\n<p>&nbsp;<\/p>\n<\/div>\n\t\t<\/div><div id=\"panel-800-0-0-1\" class=\"so-panel widget widget_accordion panel-last-child\" data-index=\"1\" >        <div class=\"accordion\" data-collapse=\"1\">\n\n\t\t\t\t\t\t\t\t\t\t\t\t                    <div class=\"accordion__item\" id=\"69e49eb82f6f6\">\n\n\t\t\t\t\t\t                            <header class=\"accordion__header\">\n                                <h2 class=\"accordion__title\">Sciences humaines et sociales<\/h2>\n                            <\/header>\n\t\t\t\t\t\t\n\t\t\t\t\t\t                            <div class=\"accordion__content\">\n\t\t\t\t\t\t\t\t<p><strong>Rapporteuses du groupe disciplinaire :<\/strong><\/p>\n<table class=\"wp-block-table\" style=\"width: 96.0406%;height: 82px\">\n<tbody>\n<tr class=\"tr-even\" style=\"height: 24px\">\n<td style=\"width: 50%;height: 24px\">F -<strong> Anemone Geiger-Jaillet<\/strong><\/p>\n<p>Universit\u00e9 de Strasbourg<\/p>\n<\/td>\n<\/tr>\n<tr class=\"tr-even tr-last\" style=\"height: 24px\">\n<td style=\"width: 50%;height: 24px\">D -<strong> D\u00e9sir\u00e9e Cremer<br \/>\n<\/strong><\/p>\n<p>Universit\u00e4t Bonn<\/p>\n<\/td>\n<\/tr>\n<\/tbody>\n<\/table>\n                            <\/div>\n\t\t\t\t\t\t\n\t\t\t\t\t\t\n                    <\/div><!-- .accordion -->\n\n\t\t\t\t\n\t\t\t\t\t\t\t\t\t                    <div class=\"accordion__item\" id=\"69e49eb82f725\">\n\n\t\t\t\t\t\t                            <header class=\"accordion__header\">\n                                <h2 class=\"accordion__title\">Math\u00e9matiques - Informatique, Sciences de l'ing\u00e9nieur, Sciences et Architecture<\/h2>\n                            <\/header>\n\t\t\t\t\t\t\n\t\t\t\t\t\t                            <div class=\"accordion__content\">\n\t\t\t\t\t\t\t\t<p><strong>Rapporteur\u00b7euses du groupe disciplinaire :<\/strong><\/p>\n<table class=\"wp-block-table\" style=\"width: 96.0406%;height: 82px\">\n<tbody>\n<tr class=\"tr-even\" style=\"height: 24px\">\n<td style=\"width: 50%;height: 24px\">F - <strong>Heidi B\u00f6hnert<\/strong><\/p>\n<p>CPE Lyon<\/p>\n<\/td>\n<\/tr>\n<tr class=\"tr-even tr-last\" style=\"height: 24px\">\n<td style=\"width: 50%;height: 24px\">D - <strong>Roland Ulber<\/strong><\/p>\n<p>RPTU Rheinland-Pf\u00e4lzische Technische Universit\u00e4t Kaiserslautern-Landau<\/p>\n<\/td>\n<\/tr>\n<\/tbody>\n<\/table>\n                            <\/div>\n\t\t\t\t\t\t\n\t\t\t\t\t\t\n                    <\/div><!-- .accordion -->\n\n\t\t\t\t\n\t\t\t\t\t\t\t\t\t                    <div class=\"accordion__item\" id=\"69e49eb82f74a\">\n\n\t\t\t\t\t\t                            <header class=\"accordion__header\">\n                                <h2 class=\"accordion__title\">Droit<\/h2>\n                            <\/header>\n\t\t\t\t\t\t\n\t\t\t\t\t\t                            <div class=\"accordion__content\">\n\t\t\t\t\t\t\t\t<p><strong>Rapporteurs du groupe disciplinaire :<\/strong><\/p>\n<table class=\"wp-block-table\" style=\"width: 96.0406%;height: 82px\">\n<tbody>\n<tr class=\"tr-even\" style=\"height: 24px\">\n<td style=\"width: 50%;height: 24px\">F - <strong>Julien Walther<br \/>\n<\/strong><\/p>\n<p>Universit\u00e9 de Lorraine<\/p>\n<\/td>\n<\/tr>\n<tr class=\"tr-even tr-last\" style=\"height: 24px\">\n<td style=\"width: 50%;height: 24px\">D -<strong> J\u00f6rg Gundel<br \/>\n<\/strong><\/p>\n<p>Universit\u00e4t Bayreuth<\/p>\n<\/td>\n<\/tr>\n<\/tbody>\n<\/table>\n                            <\/div>\n\t\t\t\t\t\t\n\t\t\t\t\t\t\n                    <\/div><!-- .accordion -->\n\n\t\t\t\t\n\t\t\t\t\t\t\t\t\t                    <div class=\"accordion__item\" id=\"69e49eb82f76d\">\n\n\t\t\t\t\t\t                            <header class=\"accordion__header\">\n                                <h2 class=\"accordion__title\">Formation des enseignants<\/h2>\n                            <\/header>\n\t\t\t\t\t\t\n\t\t\t\t\t\t                            <div class=\"accordion__content\">\n\t\t\t\t\t\t\t\t<p><strong>Rapporteuses du groupe disciplinaire :<\/strong><\/p>\n<table class=\"wp-block-table\" style=\"width: 96.0406%;height: 82px\">\n<tbody>\n<tr class=\"tr-even\" style=\"height: 24px\">\n<td style=\"width: 50%;height: 24px\">F -<strong> Judith Syga-Dubois<\/strong><\/p>\n<p>Universit\u00e9 de Haute-Alsace<\/p>\n<\/td>\n<\/tr>\n<tr class=\"tr-even tr-last\" style=\"height: 24px\">\n<td style=\"width: 50%;height: 24px\">D -<strong> Christiane Neveling<br \/>\n<\/strong><\/p>\n<p>Universit\u00e4t Leipzig<\/p>\n<\/td>\n<\/tr>\n<\/tbody>\n<\/table>\n                            <\/div>\n\t\t\t\t\t\t\n\t\t\t\t\t\t\n                    <\/div><!-- .accordion -->\n\n\t\t\t\t\n\t\t\t\t\t\t\t\t\t                    <div class=\"accordion__item\" id=\"69e49eb82f78c\">\n\n\t\t\t\t\t\t                            <header class=\"accordion__header\">\n                                <h2 class=\"accordion__title\">\u00c9conomie\/Gestion<\/h2>\n                            <\/header>\n\t\t\t\t\t\t\n\t\t\t\t\t\t                            <div class=\"accordion__content\">\n\t\t\t\t\t\t\t\t<p><strong>Rapporteur\u00b7euses du groupe disciplinaire :<\/strong><\/p>\n<table class=\"wp-block-table\" style=\"width: 96.0406%;height: 82px\">\n<tbody>\n<tr class=\"tr-even\" style=\"height: 24px\">\n<td style=\"width: 50%;height: 24px\">F -<strong>\u00a0V\u00e9ronique Caron<\/strong><\/p>\n<p>Universit\u00e9 de Haute-Alsace<\/p>\n<\/td>\n<\/tr>\n<tr class=\"tr-even tr-last\" style=\"height: 24px\">\n<td style=\"width: 50%;height: 24px\">D -<strong> Claus Vormann<\/strong><\/p>\n<p>Fachhochschule Dortmund<\/p>\n<\/td>\n<\/tr>\n<\/tbody>\n<\/table>\n                            <\/div>\n\t\t\t\t\t\t\n\t\t\t\t\t\t\n                    <\/div><!-- .accordion -->\n\n\t\t\t\t\n\t\t\t\t\t\t\t\n        <\/div><!-- .accordion -->\n\n\t\t<\/div><\/div><\/div><\/div>","protected":false},"excerpt":{"rendered":"<p>Les groupes disciplinaires ont pour r\u00f4le d\u2019analyser les \u00e9volutions sp\u00e9cifiques et les perspectives li\u00e9es \u00e0 leur discipline ainsi que les d\u00e9fis en r\u00e9sultant pour la coop\u00e9ration franco-allemande afin d\u2019\u00e9clairer les organes de l\u2019UFA sur ces aspects. Ils se r\u00e9unissent au minimum une fois par an \u00e0 l\u2019occasion de la rencontre des responsables de programmes et [&hellip;]<\/p>\n","protected":false},"author":1,"featured_media":0,"parent":797,"menu_order":737,"comment_status":"closed","ping_status":"closed","template":"","meta":{"_bbp_topic_count":0,"_bbp_reply_count":0,"_bbp_total_topic_count":0,"_bbp_total_reply_count":0,"_bbp_voice_count":0,"_bbp_anonymous_reply_count":0,"_bbp_topic_count_hidden":0,"_bbp_reply_count_hidden":0,"_bbp_forum_subforum_count":0,"inline_featured_image":false},"acf":[],"_links":{"self":[{"href":"https:\/\/www.dfh-ufa.org\/fr\/wp-json\/wp\/v2\/pages\/800"}],"collection":[{"href":"https:\/\/www.dfh-ufa.org\/fr\/wp-json\/wp\/v2\/pages"}],"about":[{"href":"https:\/\/www.dfh-ufa.org\/fr\/wp-json\/wp\/v2\/types\/page"}],"author":[{"embeddable":true,"href":"https:\/\/www.dfh-ufa.org\/fr\/wp-json\/wp\/v2\/users\/1"}],"replies":[{"embeddable":true,"href":"https:\/\/www.dfh-ufa.org\/fr\/wp-json\/wp\/v2\/comments?post=800"}],"version-history":[{"count":97,"href":"https:\/\/www.dfh-ufa.org\/fr\/wp-json\/wp\/v2\/pages\/800\/revisions"}],"predecessor-version":[{"id":1962387,"href":"https:\/\/www.dfh-ufa.org\/fr\/wp-json\/wp\/v2\/pages\/800\/revisions\/1962387"}],"up":[{"embeddable":true,"href":"https:\/\/www.dfh-ufa.org\/fr\/wp-json\/wp\/v2\/pages\/797"}],"wp:attachment":[{"href":"https:\/\/www.dfh-ufa.org\/fr\/wp-json\/wp\/v2\/media?parent=800"}],"curies":[{"name":"wp","href":"https:\/\/api.w.org\/{rel}","templated":true}]}}