{"id":802,"date":"2018-04-24T09:03:14","date_gmt":"2018-04-24T07:03:14","guid":{"rendered":"https:\/\/www.dfh-ufa.org\/fr\/lequipe-de-lufa"},"modified":"2025-02-18T15:22:09","modified_gmt":"2025-02-18T14:22:09","slug":"lequipe-de-lufa","status":"publish","type":"page","link":"https:\/\/www.dfh-ufa.org\/fr\/lufa\/lequipe-de-lufa","title":{"rendered":"L&rsquo;\u00e9quipe de l&rsquo;UFA"},"content":{"rendered":"<div id=\"pl-802\"  class=\"panel-layout\" ><div id=\"pg-802-0\"  class=\"panel-grid panel-no-style\" ><div id=\"pgc-802-0-0\"  class=\"panel-grid-cell\" ><div id=\"panel-802-0-0-0\" class=\"so-panel widget widget_sow-editor panel-first-child panel-last-child\" data-index=\"0\" ><div class=\"so-widget-sow-editor so-widget-sow-editor-base\">\n<div class=\"siteorigin-widget-tinymce textwidget\">\n\t<h4><\/h4>\n<p>Les activit\u00e9s et programmes d'\u00e9tudes de l'Universit\u00e9 franco-allemande sont mis en \u0153uvre avec le soutien d'un secr\u00e9tariat dont le si\u00e8ge est situ\u00e9 \u00e0 Sarrebruck.<br \/>\nN'h\u00e9sitez pas \u00e0 adresser vos questions aux collaborateurs et collaboratrices de l'UFA en charge du dossier concern\u00e9\u00a0!<\/p>\n<h4 class=\"entry__title\"><a href=\"https:\/\/www.dfh-ufa.org\/fr\/lufa\/lequipe-de-lufa\/direction\">Direction<\/a><\/h4>\n<h4 class=\"entry__title\"><a href=\"https:\/\/www.dfh-ufa.org\/fr\/lufa\/lequipe-de-lufa\/cursus-integres-et-formation-doctorale\">Cursus int\u00e9gr\u00e9s et formation doctorale<\/a><\/h4>\n<h4 class=\"entry__title\"><a href=\"https:\/\/www.dfh-ufa.org\/fr\/lufa\/lequipe-de-lufa\/relations-publiques-et-partenariales\">Relations publiques et partenariales<\/a><\/h4>\n<h4 class=\"entry__title\"><a href=\"https:\/\/www.dfh-ufa.org\/fr\/lufa\/lequipe-de-lufa\/instances-de-pilotage-et-projets-scientifiques\">Instances de pilotage et projets scientifiques<\/a><\/h4>\n<h4 class=\"entry__title\"><a href=\"https:\/\/www.dfh-ufa.org\/fr\/lufa\/lequipe-de-lufa\/systemes-d%e2%80%98information-et-medias-numeriques\">Syst\u00e8mes d\u2019information<\/a><\/h4>\n<h4 class=\"entry__title\"><a href=\"https:\/\/www.dfh-ufa.org\/fr\/lufa\/lequipe-de-lufa\/finances-personnel-service-interieur\">Finances, personnel, service int\u00e9rieur<\/a><\/h4>\n<\/div>\n<\/div><\/div><\/div><\/div><\/div>","protected":false},"excerpt":{"rendered":"<p>Les activit\u00e9s et programmes d&rsquo;\u00e9tudes de l&rsquo;Universit\u00e9 franco-allemande sont mis en \u0153uvre avec le soutien d&rsquo;un secr\u00e9tariat dont le si\u00e8ge est situ\u00e9 \u00e0 Sarrebruck. N&rsquo;h\u00e9sitez pas \u00e0 adresser vos questions aux collaborateurs et collaboratrices de l&rsquo;UFA en charge du dossier concern\u00e9\u00a0! Direction Cursus int\u00e9gr\u00e9s et formation doctorale Relations publiques et partenariales Instances de pilotage et [&hellip;]<\/p>\n","protected":false},"author":1,"featured_media":0,"parent":788,"menu_order":750,"comment_status":"closed","ping_status":"closed","template":"","meta":{"_bbp_topic_count":0,"_bbp_reply_count":0,"_bbp_total_topic_count":0,"_bbp_total_reply_count":0,"_bbp_voice_count":0,"_bbp_anonymous_reply_count":0,"_bbp_topic_count_hidden":0,"_bbp_reply_count_hidden":0,"_bbp_forum_subforum_count":0,"inline_featured_image":false},"acf":[],"_links":{"self":[{"href":"https:\/\/www.dfh-ufa.org\/fr\/wp-json\/wp\/v2\/pages\/802"}],"collection":[{"href":"https:\/\/www.dfh-ufa.org\/fr\/wp-json\/wp\/v2\/pages"}],"about":[{"href":"https:\/\/www.dfh-ufa.org\/fr\/wp-json\/wp\/v2\/types\/page"}],"author":[{"embeddable":true,"href":"https:\/\/www.dfh-ufa.org\/fr\/wp-json\/wp\/v2\/users\/1"}],"replies":[{"embeddable":true,"href":"https:\/\/www.dfh-ufa.org\/fr\/wp-json\/wp\/v2\/comments?post=802"}],"version-history":[{"count":19,"href":"https:\/\/www.dfh-ufa.org\/fr\/wp-json\/wp\/v2\/pages\/802\/revisions"}],"predecessor-version":[{"id":1959095,"href":"https:\/\/www.dfh-ufa.org\/fr\/wp-json\/wp\/v2\/pages\/802\/revisions\/1959095"}],"up":[{"embeddable":true,"href":"https:\/\/www.dfh-ufa.org\/fr\/wp-json\/wp\/v2\/pages\/788"}],"wp:attachment":[{"href":"https:\/\/www.dfh-ufa.org\/fr\/wp-json\/wp\/v2\/media?parent=802"}],"curies":[{"name":"wp","href":"https:\/\/api.w.org\/{rel}","templated":true}]}}