{"id":803,"date":"2018-04-24T09:03:14","date_gmt":"2018-04-24T07:03:14","guid":{"rendered":"https:\/\/www.dfh-ufa.org\/fr\/direction"},"modified":"2025-09-15T15:41:13","modified_gmt":"2025-09-15T13:41:13","slug":"direction","status":"publish","type":"page","link":"https:\/\/www.dfh-ufa.org\/fr\/lufa\/lequipe-de-lufa\/direction","title":{"rendered":"Direction"},"content":{"rendered":"<h2>Organigramme<\/h2>\n<div class=\"tmm tmm_direction tmm-floating-pic\"><div class=\"tmm_2_columns tmm_wrap tmm_plugin_f\"><span class=\"tmm_two_containers_tablet\"><\/span><div class=\"tmm_container tmm-equalizer\"><div class=\"tmm_member tmm_plugin_f\" style=\"border-top:#009cdd solid 5px;\"><div class=\" tmm_photo tmm_pic_direction_0\" style=\"background: url(https:\/\/www.dfh-ufa.org\/app\/uploads\/2025\/03\/team_greciano.jpg); margin-left: auto; margin-right:auto; background-size:cover !important;\"><\/div><div class=\"tmm_textblock\"><div class=\"tmm_names\"><span class=\"tmm_fname\">Prof. Dr. Philippe<\/span> <span class=\"tmm_lname\">Gr\u00e9ciano<\/span><\/div><div class=\"tmm_job\">Pr\u00e9sident<\/div><div class=\"tmm_desc\" style=\"text-align:\">T\u00e9l.:  +49 681 9 38 12 \u2013 101<\/div><div class=\"tmm_scblock\"><a class=\"tmm_sociallink\" href=\"tel:+49 681 9 38 12 \u2013 101\" title=\"T\u00e9l\u00e9phone\"><img alt=\"T\u00e9l\u00e9phone\" src=\"https:\/\/www.dfh-ufa.org\/app\/plugins\/team-members-pro\/inc\/img\/links\/phone.png\"\/><\/a><a class=\"tmm_sociallink\" href=\"mailto:greciano@dfh-ufa.org\" title=\"Courriel\"><img alt=\"Courriel\" src=\"https:\/\/www.dfh-ufa.org\/app\/plugins\/team-members-pro\/inc\/img\/links\/email.png\"\/><\/a><a target=\"_blank\" class=\"tmm_sociallink\" href=\"https:\/\/www.dfh-ufa.org\/fr\/lufa\/lequipe-de-lufa\/direction\/curriculum-vitae-president?noredirect=fr_FR\" title=\"Curriculum vitae\"><img alt=\"Curriculum vitae\" src=\"https:\/\/www.dfh-ufa.org\/app\/plugins\/team-members-pro\/inc\/img\/links\/website.png\"\/><\/a><\/div><\/div><\/div><div class=\"tmm_member tmm_plugin_f\" style=\"border-top:#009cdd solid 5px;\"><div class=\" tmm_photo tmm_pic_direction_1\" style=\"background: url(https:\/\/www.dfh-ufa.org\/app\/uploads\/2025\/03\/team_huelsen_esch.jpg); margin-left: auto; margin-right:auto; background-size:cover !important;\"><\/div><div class=\"tmm_textblock\"><div class=\"tmm_names\"><span class=\"tmm_fname\">Prof. Dr. Andrea<\/span> <span class=\"tmm_lname\">von H\u00fclsen-Esch<\/span><\/div><div class=\"tmm_job\">Vice-Pr\u00e9sidente<\/div><div class=\"tmm_desc\" style=\"text-align:\">T\u00e9l.:  +49 681 9 38 12 \u2013 102<\/div><div class=\"tmm_scblock\"><a class=\"tmm_sociallink\" href=\"tel:+49 681 9 38 12 \u2013 102\" title=\"T\u00e9l\u00e9phone\"><img alt=\"T\u00e9l\u00e9phone\" src=\"https:\/\/www.dfh-ufa.org\/app\/plugins\/team-members-pro\/inc\/img\/links\/phone.png\"\/><\/a><a class=\"tmm_sociallink\" href=\"mailto:huelsen-esch@dfh-ufa.org\" title=\"Courriel\"><img alt=\"Courriel\" src=\"https:\/\/www.dfh-ufa.org\/app\/plugins\/team-members-pro\/inc\/img\/links\/email.png\"\/><\/a><a target=\"_blank\" class=\"tmm_sociallink\" href=\"https:\/\/www.dfh-ufa.org\/fr\/lufa\/lequipe-de-lufa\/direction\/curriculum-vitae-vice-presidente\" title=\"Curriculum vitae\"><img alt=\"Curriculum vitae\" src=\"https:\/\/www.dfh-ufa.org\/app\/plugins\/team-members-pro\/inc\/img\/links\/website.png\"\/><\/a><\/div><\/div><\/div><span class=\"tmm_two_containers_tablet\"><\/span><\/div><span class=\"tmm_columns_containers_desktop\"><\/span><div class=\"tmm_container tmm-equalizer\"><div class=\"tmm_member tmm_plugin_f\" style=\"border-top:#009cdd solid 5px;\"><div class=\" tmm_photo tmm_pic_direction_2\" style=\"background: url(https:\/\/www.dfh-ufa.org\/app\/uploads\/2025\/03\/Team_2025_Udo_Thelen.png); margin-left: auto; margin-right:auto; background-size:cover !important;\"><\/div><div class=\"tmm_textblock\"><div class=\"tmm_names\"><span class=\"tmm_fname\">Dr. Udo<\/span> <span class=\"tmm_lname\">Thelen<\/span><\/div><div class=\"tmm_job\">Secr\u00e9taire g\u00e9n\u00e9ral<\/div><div class=\"tmm_desc\" style=\"text-align:\">T\u00e9l.:  +49 681 9 38 12 \u2013 103<\/div><div class=\"tmm_scblock\"><a class=\"tmm_sociallink\" href=\"tel:+49 681 9 38 12 \u2013 103\" title=\"T\u00e9l\u00e9phone\"><img alt=\"T\u00e9l\u00e9phone\" src=\"https:\/\/www.dfh-ufa.org\/app\/plugins\/team-members-pro\/inc\/img\/links\/phone.png\"\/><\/a><a class=\"tmm_sociallink\" href=\"mailto:thelen@dfh-ufa.org\" title=\"Courriel\"><img alt=\"Courriel\" src=\"https:\/\/www.dfh-ufa.org\/app\/plugins\/team-members-pro\/inc\/img\/links\/email.png\"\/><\/a><a target=\"_blank\" class=\"tmm_sociallink\" href=\"https:\/\/www.dfh-ufa.org\/fr\/lufa\/lequipe-de-lufa\/direction\/curriculum-vitae-secretaire-general?noredirect=fr_FR\" title=\"Curriculum vitae\"><img alt=\"Curriculum vitae\" src=\"https:\/\/www.dfh-ufa.org\/app\/plugins\/team-members-pro\/inc\/img\/links\/website.png\"\/><\/a><\/div><\/div><\/div><div class=\"tmm_member tmm_plugin_f\" style=\"border-top:#009cdd solid 5px;\"><div class=\" tmm_photo tmm_pic_direction_3\" style=\"background: url(https:\/\/www.dfh-ufa.org\/app\/uploads\/2025\/03\/team_virginie_jouhaud_neutard_2024-2-168x250-1.png); margin-left: auto; margin-right:auto; background-size:cover !important;\"><\/div><div class=\"tmm_textblock\"><div class=\"tmm_names\"><span class=\"tmm_fname\">Virginie<\/span> <span class=\"tmm_lname\">Jouhaud-Neutard<\/span><\/div><div class=\"tmm_job\">Secr\u00e9taire g\u00e9n\u00e9rale adjointe<\/div><div class=\"tmm_desc\" style=\"text-align:\">T\u00e9l.:  +49 681 9 38 12 \u2013 107<\/div><div class=\"tmm_scblock\"><a class=\"tmm_sociallink\" href=\"tel:+49 681 9 38 12 \u2013 107\" title=\"T\u00e9l\u00e9phone\"><img alt=\"T\u00e9l\u00e9phone\" src=\"https:\/\/www.dfh-ufa.org\/app\/plugins\/team-members-pro\/inc\/img\/links\/phone.png\"\/><\/a><a class=\"tmm_sociallink\" href=\"mailto:jouhaud-neutard@dfh-ufa.org\" title=\"Courriel\"><img alt=\"Courriel\" src=\"https:\/\/www.dfh-ufa.org\/app\/plugins\/team-members-pro\/inc\/img\/links\/email.png\"\/><\/a><a target=\"_blank\" class=\"tmm_sociallink\" href=\"https:\/\/www.dfh-ufa.org\/fr\/lufa\/lequipe-de-lufa\/direction\/curriculum-vitae-secretaire-generale-adjointe?noredirect=fr_FR\" title=\"Curriculum vitae\"><img alt=\"Curriculum vitae\" src=\"https:\/\/www.dfh-ufa.org\/app\/plugins\/team-members-pro\/inc\/img\/links\/website.png\"\/><\/a><\/div><\/div><\/div><div style=\"clear:both;\"><\/div><\/div><\/div><\/div>\n<h2>Assistance de la Direction<\/h2>\n<div class=\"tmm tmm_assistance-de-la-direction tmm-floating-pic\"><div class=\"tmm_3_columns tmm_wrap tmm_plugin_f\"><span class=\"tmm_two_containers_tablet\"><\/span><div class=\"tmm_container tmm-equalizer\"><div class=\"tmm_member tmm_plugin_f\" style=\"border-top:#009cdd solid 5px;\"><div class=\" tmm_photo tmm_pic_assistance-de-la-direction_0\" style=\"background: url(https:\/\/www.dfh-ufa.org\/app\/uploads\/2025\/03\/team_neumann_christine_2020.png); margin-left: auto; margin-right:auto; background-size:cover !important;\"><\/div><div class=\"tmm_textblock\"><div class=\"tmm_names\"><span class=\"tmm_fname\">Christine<\/span> <span class=\"tmm_lname\">Neumann<\/span><\/div><div class=\"tmm_job\">Assistante de la direction<\/div><div class=\"tmm_desc\" style=\"text-align:\">T\u00e9l.:  +49 681 9 38 12 \u2013 106<\/div><div class=\"tmm_scblock\"><a class=\"tmm_sociallink\" href=\"tel:+49 681 9 38 12 \u2013 106\" title=\"T\u00e9l\u00e9phone\"><img alt=\"T\u00e9l\u00e9phone\" src=\"https:\/\/www.dfh-ufa.org\/app\/plugins\/team-members-pro\/inc\/img\/links\/phone.png\"\/><\/a><a class=\"tmm_sociallink\" href=\"mailto:neumann@dfh-ufa.org\" title=\"Courriel\"><img alt=\"Courriel\" src=\"https:\/\/www.dfh-ufa.org\/app\/plugins\/team-members-pro\/inc\/img\/links\/email.png\"\/><\/a><\/div><\/div><\/div><div class=\"tmm_member tmm_plugin_f\" style=\"border-top:#009cdd solid 5px;\"><div class=\" tmm_photo tmm_pic_assistance-de-la-direction_1\" style=\"background: url(https:\/\/www.dfh-ufa.org\/app\/uploads\/2025\/03\/Team_2025_nais_henry-scaled-1.png); margin-left: auto; margin-right:auto; background-size:cover !important;\"><\/div><div class=\"tmm_textblock\"><div class=\"tmm_names\"><span class=\"tmm_fname\">Na\u00efs<\/span> <span class=\"tmm_lname\">Henry<\/span><\/div><div class=\"tmm_job\">Assistante de la direction<\/div><div class=\"tmm_desc\" style=\"text-align:\">T\u00e9l.:  +49 681 9 38 12 \u2013 120<\/div><div class=\"tmm_scblock\"><a class=\"tmm_sociallink\" href=\"tel:+49 681 9 38 12 \u2013 120\" title=\"T\u00e9l\u00e9phone\"><img alt=\"T\u00e9l\u00e9phone\" src=\"https:\/\/www.dfh-ufa.org\/app\/plugins\/team-members-pro\/inc\/img\/links\/phone.png\"\/><\/a><a class=\"tmm_sociallink\" href=\"mailto:henry@dfh-ufa.org\" title=\"Courriel\"><img alt=\"Courriel\" src=\"https:\/\/www.dfh-ufa.org\/app\/plugins\/team-members-pro\/inc\/img\/links\/email.png\"\/><\/a><\/div><\/div><\/div><div style=\"clear:both;\"><\/div><\/div><\/div><\/div>\n<p>&nbsp;<\/p>\n<h2><\/h2>\n<hr \/>\n<p>Pour toutes les questions ne concernant pas la direction de l&rsquo;UFA, merci de bien vouloir vous adresser au d\u00e9partement concern\u00e9:<\/p>\n<h5 class=\"entry__title\"><a href=\"https:\/\/www.dfh-ufa.org\/fr\/lufa\/lequipe-de-lufa\/cursus-integres-et-formation-doctorale\">Cursus int\u00e9gr\u00e9s et formation doctorale (poste: &#8211; 160)<\/a><\/h5>\n<h5 class=\"entry__title\"><a href=\"https:\/\/www.dfh-ufa.org\/fr\/lufa\/lequipe-de-lufa\/relations-publiques-et-partenariales\">Relations publiques et partenariales (poste: -146)<\/a><\/h5>\n<h5 class=\"entry__title\"><a href=\"https:\/\/www.dfh-ufa.org\/fr\/lufa\/lequipe-de-lufa\/instances-de-pilotage-et-projets-scientifiques\">Instances de pilotage et projets scientifiques (poste: -180)<\/a><\/h5>\n<h5 class=\"entry__title\"><a href=\"https:\/\/www.dfh-ufa.org\/fr\/lufa\/lequipe-de-lufa\/systemes-d%e2%80%98information-et-medias-numeriques\">Syst\u00e8mes d\u2019information (poste: -132)<\/a><\/h5>\n<h5 class=\"entry__title\"><a href=\"https:\/\/www.dfh-ufa.org\/fr\/lufa\/lequipe-de-lufa\/finances-personnel-service-interieur\">Finances, personnel, service int\u00e9rieur (poste: -191)<\/a><\/h5>\n<p>&nbsp;<\/p>\n<p><strong>Les \u00e9tudiants peuvent adresser directement leurs questions au d\u00e9partement 1 \u00abCursus int\u00e9gr\u00e9s et formation doctorale\u00bb (poste: -160).<\/strong><\/p>\n<div id=\"sconnect-is-installed\" style=\"display: none;\">2.15.1.0<\/div>\n<div id=\"sconnect-is-installed\" style=\"display: none;\">2.15.1.0<\/div>\n<div id=\"sconnect-is-installed\" style=\"display: none;\">2.15.1.0<\/div>\n","protected":false},"excerpt":{"rendered":"<p>Organigramme Assistance de la Direction &nbsp; Pour toutes les questions ne concernant pas la direction de l&rsquo;UFA, merci de bien vouloir vous adresser au d\u00e9partement concern\u00e9: Cursus int\u00e9gr\u00e9s et formation doctorale (poste: &#8211; 160) Relations publiques et partenariales (poste: -146) Instances de pilotage et projets scientifiques (poste: -180) Syst\u00e8mes d\u2019information (poste: -132) Finances, personnel, service [&hellip;]<\/p>\n","protected":false},"author":1,"featured_media":0,"parent":802,"menu_order":0,"comment_status":"closed","ping_status":"closed","template":"","meta":{"_bbp_topic_count":0,"_bbp_reply_count":0,"_bbp_total_topic_count":0,"_bbp_total_reply_count":0,"_bbp_voice_count":0,"_bbp_anonymous_reply_count":0,"_bbp_topic_count_hidden":0,"_bbp_reply_count_hidden":0,"_bbp_forum_subforum_count":0,"inline_featured_image":false},"acf":[],"_links":{"self":[{"href":"https:\/\/www.dfh-ufa.org\/fr\/wp-json\/wp\/v2\/pages\/803"}],"collection":[{"href":"https:\/\/www.dfh-ufa.org\/fr\/wp-json\/wp\/v2\/pages"}],"about":[{"href":"https:\/\/www.dfh-ufa.org\/fr\/wp-json\/wp\/v2\/types\/page"}],"author":[{"embeddable":true,"href":"https:\/\/www.dfh-ufa.org\/fr\/wp-json\/wp\/v2\/users\/1"}],"replies":[{"embeddable":true,"href":"https:\/\/www.dfh-ufa.org\/fr\/wp-json\/wp\/v2\/comments?post=803"}],"version-history":[{"count":136,"href":"https:\/\/www.dfh-ufa.org\/fr\/wp-json\/wp\/v2\/pages\/803\/revisions"}],"predecessor-version":[{"id":1961425,"href":"https:\/\/www.dfh-ufa.org\/fr\/wp-json\/wp\/v2\/pages\/803\/revisions\/1961425"}],"up":[{"embeddable":true,"href":"https:\/\/www.dfh-ufa.org\/fr\/wp-json\/wp\/v2\/pages\/802"}],"wp:attachment":[{"href":"https:\/\/www.dfh-ufa.org\/fr\/wp-json\/wp\/v2\/media?parent=803"}],"curies":[{"name":"wp","href":"https:\/\/api.w.org\/{rel}","templated":true}]}}