{"id":814,"date":"2018-04-24T09:03:15","date_gmt":"2018-04-24T07:03:15","guid":{"rendered":"https:\/\/www.dfh-ufa.org\/fr\/guide-des-etudes"},"modified":"2021-02-25T13:10:30","modified_gmt":"2021-02-25T12:10:30","slug":"guide-des-etudes","status":"publish","type":"page","link":"https:\/\/www.dfh-ufa.org\/fr\/vous-etes\/infos-pour-futurs-etudiants\/guide-des-etudes","title":{"rendered":"Guide des \u00e9tudes"},"content":{"rendered":"<form class=\"grid-x grid-margin-x grid-margin-y studie-filter\" method=\"get\" action=\"https:\/\/www.dfh-ufa.org\/fr\/programmes\/guide-des-etudes#studie-filter\" id=\"studie-filter\"><div class=\"cell small-12 medium-6 large-3\"><label for=\"subject-area-select\">Domaine de formation :<\/label><div class=\"select-wrapper\"><select name=\"subject-area-select\"><option value=\"\">Veuillez s\u00e9lectionner<\/option><option value=\"175354\">Architecture<\/option><option value=\"175416\">Droit<\/option><option value=\"175426\">\u2014 Droit europ\u00e9en \/ international<\/option><option value=\"175417\">\u2014 Droit franco-allemand <\/option><option value=\"175371\">\u00c9conomie \/ Gestion<\/option><option value=\"175423\">\u2014 Tourisme<\/option><option value=\"175407\">Formation des enseignants<\/option><option value=\"175436\">G\u00e9nie chimique et biotechnologique  <\/option><option value=\"175402\">G\u00e9nie civil<\/option><option value=\"175387\">G\u00e9nie \u00e9lectrique et \u00e9lectrotechnique \/ G\u00e9nie informatique<\/option><option value=\"175367\">G\u00e9nie m\u00e9canique et m\u00e9catronique \/ G\u00e9nie des mat\u00e9riaux \/ Sciences des mat\u00e9riaux <\/option><option value=\"175403\">Ing\u00e9nierie technico-commerciale<\/option><option value=\"175362\">Sciences \/ math\u00e9matiques \/ informatique<\/option><option value=\"175419\">\u2014 Biologie \/ Chimie<\/option><option value=\"175363\">\u2014 Informatique <\/option><option value=\"175373\">\u2014 Math\u00e9matiques \/ Physique <\/option><option value=\"175457\">\u2014 Sciences de la vigne<\/option><option value=\"175369\">\u2014 Sciences m\u00e9dicales et sciences de la sant\u00e9<\/option><option value=\"175358\">Sciences humaines et sociales<\/option><option value=\"175392\">\u2014 Administration publique \/ Management<\/option><option value=\"175376\">\u2014 Culture, Art & M\u00e9dia<\/option><option value=\"175382\">\u2014 \u00c9tudes interculturelles<\/option><option value=\"175359\">\u2014 Histoire<\/option><option value=\"175380\">\u2014 Journalisme<\/option><option value=\"175405\">\u2014 Lettres, Langues et Communication<\/option><option value=\"175421\">\u2014 Musicologie<\/option><option value=\"175508\">\u2014 Philosophie<\/option><option value=\"175438\">\u2014 Sciences du langage, linguistique<\/option><option value=\"175391\">\u2014 Sciences politiques et sciences sociales  <\/option><\/select><\/div><\/div><div class=\"cell small-12 medium-6 large-3\"><label for=\"type-select\">Type de cursus :<\/label><div class=\"select-wrapper\"><select name=\"studies-type-select\"><option value=\"\">Veuillez s\u00e9lectionner<\/option><option value=\"175399\">Bachelor<\/option><option value=\"175384\">Dipl\u00f4me<\/option><option value=\"175409\">grade de docteur<\/option><option value=\"175357\">Licence<\/option><option value=\"175435\">Ma\u00eetrise<\/option><option value=\"175353\">Master<\/option><option value=\"175465\">niveau L (autres)<\/option><option value=\"175366\">niveau MA (autres)<\/option><\/select><\/div><\/div><div class=\"cell small-12 medium-6 large-3\"><label for=\"location-home-select\">Lieu dans le pays d'origine<\/label><div class=\"select-wrapper\"><select name=\"location-home-select\"><option value=\"\">Veuillez s\u00e9lectionner<\/option><option value=\"175383\">Aix-en-Provence<\/option><option value=\"175440\">Angers<\/option><option value=\"175413\">Besan\u00e7on<\/option><option value=\"175424\">Bordeaux<\/option><option value=\"175404\">Cachan<\/option><option value=\"175470\">Caen<\/option><option value=\"175427\">Cergy-Pontoise<\/option><option value=\"175455\">Chamb\u00e9ry<\/option><option value=\"175395\">Clermont-Ferrand<\/option><option value=\"175377\">Colmar<\/option><option value=\"175410\">Compi\u00e8gne<\/option><option value=\"175401\">Dijon<\/option><option value=\"175385\">\u00c9vry<\/option><option value=\"175472\">Fontainebleau<\/option><option value=\"175364\">Grenoble<\/option><option value=\"175442\">La Rochelle<\/option><option value=\"175415\">Le Mans<\/option><option value=\"17\">Lille<\/option><option value=\"175451\">Lorient<\/option><option value=\"18\">Lyon<\/option><option value=\"19\">Marseille<\/option><option value=\"175368\">Metz<\/option><option value=\"175467\">Montpellier<\/option><option value=\"37\">Mulhouse<\/option><option value=\"175374\">Nancy<\/option><option value=\"175439\">Nanterre<\/option><option value=\"20\">Nantes<\/option><option value=\"175430\">Nice<\/option><option value=\"175433\">Orl\u00e9ans<\/option><option value=\"23\">Paris<\/option><option value=\"175429\">Reims<\/option><option value=\"33\">Rennes<\/option><option value=\"175437\">Rouen<\/option><option value=\"175460\">Saint-Denis (La R\u00e9union)<\/option><option value=\"35\">Strasbourg<\/option><option value=\"175447\">Toulouse<\/option><option value=\"175360\">Tours<\/option><\/select><\/div><\/div><div class=\"cell small-12 medium-6 large-3\"><label for=\"location-other-select\">Lieu dans le pays partenaire<\/label><div class=\"select-wrapper\"><select name=\"location-other-select\"><option value=\"\">Veuillez s\u00e9lectionner<\/option><option value=\"21\">Aachen<\/option><option value=\"32\">Augsburg<\/option><option value=\"175449\">Bayreuth<\/option><option value=\"24\">Berlin<\/option><option value=\"175411\">Bielefeld<\/option><option value=\"175356\">Bochum<\/option><option value=\"175454\">Bonn<\/option><option value=\"175408\">Braunschweig<\/option><option value=\"175444\">Darmstadt<\/option><option value=\"175398\">Dortmund<\/option><option value=\"175355\">Dresden<\/option><option value=\"175428\">D\u00fcsseldorf<\/option><option value=\"175462\">Eichst\u00e4tt<\/option><option value=\"175425\">Erlangen<\/option><option value=\"175420\">Essen<\/option><option value=\"175474\">Flensburg<\/option><option value=\"175400\">Frankfurt (Oder)<\/option><option value=\"175445\">Frankfurt am Main<\/option><option value=\"175397\">Freiberg<\/option><option value=\"34\">Freiburg<\/option><option value=\"38\">Furtwangen<\/option><option value=\"175468\">Geisenheim<\/option><option value=\"175370\">Hamburg<\/option><option value=\"175389\">Heidelberg<\/option><option value=\"175375\">Hildesheim<\/option><option value=\"175466\">Hohenheim<\/option><option value=\"175412\">Ilmenau<\/option><option value=\"175469\">Ingolstadt<\/option><option value=\"175365\">Kaiserslautern<\/option><option value=\"175361\">Karlsruhe<\/option><option value=\"175464\">Kassel<\/option><option value=\"175390\">Kehl<\/option><option value=\"175456\">Kiel<\/option><option value=\"175434\">K\u00f6ln<\/option><option value=\"175475\">Konstanz<\/option><option value=\"175452\">Landau<\/option><option value=\"175471\">Landshut<\/option><option value=\"175463\">Leipzig<\/option><option value=\"175406\">L\u00f6rrach<\/option><option value=\"175473\">L\u00fcneburg<\/option><option value=\"175394\">Mainz<\/option><option value=\"175396\">Mannheim<\/option><option value=\"175378\">M\u00f6nchengladbach<\/option><option value=\"175393\">M\u00fcnchen<\/option><option value=\"175459\">M\u00fcnster<\/option><option value=\"175458\">Neustadt an der Weinstr.<\/option><option value=\"175388\">Offenburg<\/option><option value=\"175414\">Paderborn<\/option><option value=\"175386\">Passau<\/option><option value=\"175443\">Potsdam<\/option><option value=\"41\">Regensburg<\/option><option value=\"175379\">Reutlingen<\/option><option value=\"175372\">Saarbr\u00fccken<\/option><option value=\"175432\">Siegen<\/option><option value=\"175446\">Speyer<\/option><option value=\"175418\">Stuttgart<\/option><option value=\"175448\">Trier<\/option><option value=\"175381\">T\u00fcbingen<\/option><option value=\"175431\">Weimar<\/option><option value=\"175441\">Wernigerode<\/option><option value=\"175422\">Wilhelmshaven<\/option><option value=\"175453\">Wuppertal<\/option><option value=\"175461\">W\u00fcrzburg<\/option><option value=\"175450\">Zwickau<\/option><\/select><\/div><\/div><\/form><a href=\"https:\/\/www.dfh-ufa.org\/fr\/wp-json\/wp\/v2\/pages\/814?reset=1#filter\" class=\"button white\" style=\"float: right;margin-right: 15px;\">supprimer le filtre<\/a><a href=\"https:\/\/www.dfh-ufa.org\/fr\/wp-json\/wp\/v2\/pages\/814?only_trinational_courses=1#filter\" class=\"button white\" style=\"float: right;margin-right: 15px;\">uniquement des cursus trinationaux<\/a>\n\r\n\r\n","protected":false},"excerpt":{"rendered":"","protected":false},"author":1,"featured_media":0,"parent":311775,"menu_order":0,"comment_status":"closed","ping_status":"closed","template":"","meta":{"_bbp_topic_count":0,"_bbp_reply_count":0,"_bbp_total_topic_count":0,"_bbp_total_reply_count":0,"_bbp_voice_count":0,"_bbp_anonymous_reply_count":0,"_bbp_topic_count_hidden":0,"_bbp_reply_count_hidden":0,"_bbp_forum_subforum_count":0,"inline_featured_image":false},"acf":[],"_links":{"self":[{"href":"https:\/\/www.dfh-ufa.org\/fr\/wp-json\/wp\/v2\/pages\/814"}],"collection":[{"href":"https:\/\/www.dfh-ufa.org\/fr\/wp-json\/wp\/v2\/pages"}],"about":[{"href":"https:\/\/www.dfh-ufa.org\/fr\/wp-json\/wp\/v2\/types\/page"}],"author":[{"embeddable":true,"href":"https:\/\/www.dfh-ufa.org\/fr\/wp-json\/wp\/v2\/users\/1"}],"replies":[{"embeddable":true,"href":"https:\/\/www.dfh-ufa.org\/fr\/wp-json\/wp\/v2\/comments?post=814"}],"version-history":[{"count":3,"href":"https:\/\/www.dfh-ufa.org\/fr\/wp-json\/wp\/v2\/pages\/814\/revisions"}],"predecessor-version":[{"id":577173,"href":"https:\/\/www.dfh-ufa.org\/fr\/wp-json\/wp\/v2\/pages\/814\/revisions\/577173"}],"up":[{"embeddable":true,"href":"https:\/\/www.dfh-ufa.org\/fr\/wp-json\/wp\/v2\/pages\/311775"}],"wp:attachment":[{"href":"https:\/\/www.dfh-ufa.org\/fr\/wp-json\/wp\/v2\/media?parent=814"}],"curies":[{"name":"wp","href":"https:\/\/api.w.org\/{rel}","templated":true}]}}