{"id":821,"date":"2018-04-24T09:03:15","date_gmt":"2018-04-24T07:03:15","guid":{"rendered":"https:\/\/www.dfh-ufa.org\/fr\/cours-de-langue-en-ligne"},"modified":"2026-01-21T12:08:01","modified_gmt":"2026-01-21T11:08:01","slug":"cours-de-langue-en-ligne","status":"publish","type":"page","link":"https:\/\/www.dfh-ufa.org\/fr\/cours-de-langue-en-ligne","title":{"rendered":"Cours de langue en ligne"},"content":{"rendered":"<h2>Cours de langue en ligne DUO pour les \u00e9tudiant*es de l\u2019UFA<\/h2>\r\n<!-- \/wp:heading -->\r\n\r\n<!-- wp:paragraph -->\r\n<p>En partenariat avec Deutsch-Uni Online, l\u2019UFA propose gratuitement \u00e0 tous\u00b7tes ses \u00e9tudiant\u00b7e\u00b7s allemand\u00b7es et fran\u00e7ais\u00b7es des cours de langue en ligne leur permettant de se perfectionner dans la langue du pays partenaire (niveau minimum requis : B1). Sous forme de modules \u00e0 travailler individuellement, les \u00e9tudiant\u00b7es peuvent acqu\u00e9rir le vocabulaire sp\u00e9cifique \u00e0 leur domaine de formation, se r\u00e9concilier avec la grammaire ou encore, gr\u00e2ce aux modules concernant la vie quotidienne ou universitaire, pr\u00e9parer activement leur s\u00e9jour dans le pays partenaire. Ils\u00b7elles b\u00e9n\u00e9ficient d\u2019un accompagnement personnalis\u00e9 gr\u00e2ce aux tuteurs et tutrices DUO et peuvent \u00e9changer avec les autres participant\u00b7es \u00e0 travers les forums.<\/p>\r\n<!-- \/wp:paragraph -->\r\n\r\n<!-- wp:paragraph -->\r\n<p>Pour en savoir plus, les responsables de programmes peuvent s\u2019adresser directement \u00e0 DUO (contact : Madame Kober : <a href=\"mailto:kober@gast.de\"><span id=\"OBJ_PREFIX_DWT319_ZmEmailObjectHandler\" class=\"Object\" role=\"link\"><span id=\"OBJ_PREFIX_DWT323_ZmEmailObjectHandler\" class=\"Object\" role=\"link\">kober(at)gast.de<\/span><\/span><\/a>) ou bien \u00e0 l\u2019UFA (contact : Nicole Schmidt : <a href=\"mailto:schmidt@dfh-ufa.org\">schmidt(at)dfh-ufa.org<\/a>).<\/p>\r\n<!-- \/wp:paragraph -->\r\n\r\n<!-- wp:paragraph -->\r\n<p>Les \u00e9tudiant\u00b7es doivent s\u2019adresser dans un premier temps \u00e0 leur responsable de programme puis s\u2019inscrire sur le site de DUO.<\/p>\r\n<!-- \/wp:paragraph -->","protected":false},"excerpt":{"rendered":"<p>Cours de langue en ligne DUO pour les \u00e9tudiant*es de l\u2019UFA En partenariat avec Deutsch-Uni Online, l\u2019UFA propose gratuitement \u00e0 tous\u00b7tes ses \u00e9tudiant\u00b7e\u00b7s allemand\u00b7es et fran\u00e7ais\u00b7es des cours de langue en ligne leur permettant de se perfectionner dans la langue du pays partenaire (niveau minimum requis : B1). Sous forme de modules \u00e0 travailler individuellement, [&hellip;]<\/p>\n","protected":false},"author":1,"featured_media":0,"parent":0,"menu_order":957,"comment_status":"closed","ping_status":"closed","template":"","meta":{"_bbp_topic_count":0,"_bbp_reply_count":0,"_bbp_total_topic_count":0,"_bbp_total_reply_count":0,"_bbp_voice_count":0,"_bbp_anonymous_reply_count":0,"_bbp_topic_count_hidden":0,"_bbp_reply_count_hidden":0,"_bbp_forum_subforum_count":0,"inline_featured_image":false},"acf":[],"_links":{"self":[{"href":"https:\/\/www.dfh-ufa.org\/fr\/wp-json\/wp\/v2\/pages\/821"}],"collection":[{"href":"https:\/\/www.dfh-ufa.org\/fr\/wp-json\/wp\/v2\/pages"}],"about":[{"href":"https:\/\/www.dfh-ufa.org\/fr\/wp-json\/wp\/v2\/types\/page"}],"author":[{"embeddable":true,"href":"https:\/\/www.dfh-ufa.org\/fr\/wp-json\/wp\/v2\/users\/1"}],"replies":[{"embeddable":true,"href":"https:\/\/www.dfh-ufa.org\/fr\/wp-json\/wp\/v2\/comments?post=821"}],"version-history":[{"count":23,"href":"https:\/\/www.dfh-ufa.org\/fr\/wp-json\/wp\/v2\/pages\/821\/revisions"}],"predecessor-version":[{"id":1962914,"href":"https:\/\/www.dfh-ufa.org\/fr\/wp-json\/wp\/v2\/pages\/821\/revisions\/1962914"}],"wp:attachment":[{"href":"https:\/\/www.dfh-ufa.org\/fr\/wp-json\/wp\/v2\/media?parent=821"}],"curies":[{"name":"wp","href":"https:\/\/api.w.org\/{rel}","templated":true}]}}