{"id":822,"date":"2018-04-24T09:03:15","date_gmt":"2018-04-24T07:03:15","guid":{"rendered":"https:\/\/www.dfh-ufa.org\/fr\/carte-d%e2%80%99etudiant-international"},"modified":"2026-01-21T12:06:28","modified_gmt":"2026-01-21T11:06:28","slug":"carte-d%e2%80%99etudiant-international","status":"publish","type":"page","link":"https:\/\/www.dfh-ufa.org\/fr\/vous-etes\/etudiant\/carte-d%e2%80%99etudiant-international","title":{"rendered":"Carte d\u2019\u00e9tudiant\u00b7e international\u00b7e"},"content":{"rendered":"<p><strong>Carte d\u2019\u00e9tudiant\u00b7e international\u00b7e gratuite pour les \u00e9tudiant\u00b7es de l\u2019UFA<\/strong><\/p>\n<p>En partenariat avec ISIC, International Student Identity Card, l\u2019UFA propose \u00e0 ses \u00e9tudiant\u00b7e\u00b7s d\u2019acqu\u00e9rir cette carte et de b\u00e9n\u00e9ficier de nombreuses r\u00e9ductions dans des domaines aussi divers que la culture, la mode, la musique, les voyages\u2026. et ce, dans 130 pays.<\/p>\n<p>Si cette offre vous int\u00e9resse, il vous suffit de compl\u00e9ter le formulaire en cliquant sur le lien suivant : <a href=\"https:\/\/de-online.aliveplatform.com?partnerId=748\" target=\"_blank\" rel=\"noopener noreferrer\">demander l&rsquo;ISIC<\/a>\u00a0 (les donn\u00e9es seront transmises \u00e0 ISIC).<\/p>\n<p>Apr\u00e8s v\u00e9rification de votre inscription aupr\u00e8s de l\u2019UFA, la carte sera disponible sur votre smartphone par l\u2019interm\u00e9diaire de l\u2019application ISIC App.<\/p>\n<p>Cette offre est strictement r\u00e9serv\u00e9e aux \u00e9tudiant\u00b7es de l\u2019UFA et nous vous remercions de bien vouloir ne pas transmettre le formulaire d\u2019inscription \u00e0 des \u00e9tudiant\u00b7es non inscrit\u00b7es aupr\u00e8s de l\u2019UFA.<\/p>\n<p>Pour tout compl\u00e9ment d\u2019information, Carole Reimeringer (0049 681 938 12 162 \/ reimeringer(at)dfh-ufa.org) et Nicole Schmidt (0049 681 938 12 116 \/ schmidt(at)dfh-ufa.org) se tiennent \u00e0 votre disposition.<\/p>\n","protected":false},"excerpt":{"rendered":"<p>Carte d\u2019\u00e9tudiant\u00b7e international\u00b7e gratuite pour les \u00e9tudiant\u00b7es de l\u2019UFA En partenariat avec ISIC, International Student Identity Card, l\u2019UFA propose \u00e0 ses \u00e9tudiant\u00b7e\u00b7s d\u2019acqu\u00e9rir cette carte et de b\u00e9n\u00e9ficier de nombreuses r\u00e9ductions dans des domaines aussi divers que la culture, la mode, la musique, les voyages\u2026. et ce, dans 130 pays. Si cette offre vous int\u00e9resse, [&hellip;]<\/p>\n","protected":false},"author":1,"featured_media":0,"parent":817,"menu_order":966,"comment_status":"closed","ping_status":"closed","template":"","meta":{"_bbp_topic_count":0,"_bbp_reply_count":0,"_bbp_total_topic_count":0,"_bbp_total_reply_count":0,"_bbp_voice_count":0,"_bbp_anonymous_reply_count":0,"_bbp_topic_count_hidden":0,"_bbp_reply_count_hidden":0,"_bbp_forum_subforum_count":0,"inline_featured_image":false},"acf":[],"_links":{"self":[{"href":"https:\/\/www.dfh-ufa.org\/fr\/wp-json\/wp\/v2\/pages\/822"}],"collection":[{"href":"https:\/\/www.dfh-ufa.org\/fr\/wp-json\/wp\/v2\/pages"}],"about":[{"href":"https:\/\/www.dfh-ufa.org\/fr\/wp-json\/wp\/v2\/types\/page"}],"author":[{"embeddable":true,"href":"https:\/\/www.dfh-ufa.org\/fr\/wp-json\/wp\/v2\/users\/1"}],"replies":[{"embeddable":true,"href":"https:\/\/www.dfh-ufa.org\/fr\/wp-json\/wp\/v2\/comments?post=822"}],"version-history":[{"count":13,"href":"https:\/\/www.dfh-ufa.org\/fr\/wp-json\/wp\/v2\/pages\/822\/revisions"}],"predecessor-version":[{"id":1962909,"href":"https:\/\/www.dfh-ufa.org\/fr\/wp-json\/wp\/v2\/pages\/822\/revisions\/1962909"}],"up":[{"embeddable":true,"href":"https:\/\/www.dfh-ufa.org\/fr\/wp-json\/wp\/v2\/pages\/817"}],"wp:attachment":[{"href":"https:\/\/www.dfh-ufa.org\/fr\/wp-json\/wp\/v2\/media?parent=822"}],"curies":[{"name":"wp","href":"https:\/\/api.w.org\/{rel}","templated":true}]}}