{"id":825,"date":"2018-04-24T09:03:15","date_gmt":"2018-04-24T07:03:15","guid":{"rendered":"https:\/\/www.dfh-ufa.org\/fr\/enquete-aupres-des-diplomes"},"modified":"2025-12-02T10:36:53","modified_gmt":"2025-12-02T09:36:53","slug":"enquete-aupres-des-diplomes","status":"publish","type":"page","link":"https:\/\/www.dfh-ufa.org\/fr\/vous-etes\/etudiant\/enquete-aupres-des-diplomes","title":{"rendered":"Enqu\u00eate aupr\u00e8s des dipl\u00f4m\u00e9\u00b7es"},"content":{"rendered":"<table border=\"0\">\r\n<tbody>\r\n<tr>\r\n<td style=\"width: 334px\">\r\n<h2 class=\"csc-firstHeader\"><img decoding=\"async\" loading=\"lazy\" class=\"aligncenter wp-image-6893 \" src=\"https:\/\/www.dfh-ufa.org\/app\/uploads\/2018\/07\/logo_Absolventenstudie-e1532612235802.png\" alt=\"\" width=\"180\" height=\"180\" srcset=\"https:\/\/www.dfh-ufa.org\/app\/uploads\/2018\/07\/logo_Absolventenstudie-e1532612235802.png 190w, https:\/\/www.dfh-ufa.org\/app\/uploads\/2018\/07\/logo_Absolventenstudie-e1532612235802-150x150.png 150w\" sizes=\"(max-width: 180px) 100vw, 180px\" \/><\/h2>\r\n<\/td>\r\n<td style=\"width: 1028px\">\r\n<h2>Enqu\u00eate : Les dipl\u00f4m\u00e9\u00b7es de l\u2019UFA<\/h2>\r\n\u00c0 l\u2019occasion de son 20\u00e8me anniversaire, l\u2019UFA a de nouveau men\u00e9 un sondage en 2019 aupr\u00e8s de ses doubles dipl\u00f4m\u00e9\u00b7es, afin de suivre de plus pr\u00e8s leur devenir professionnel. En effet, les exp\u00e9riences des ancien\u00b7nes de l\u2019UFA lors de leur insertion puis pendant leur parcours professionnel sont essentielles pour l\u2019institution binationale, afin de pouvoir garantir la qualit\u00e9 de ses cursus et, par cons\u00e9quent, de pr\u00e9parer les dipl\u00f4m\u00e9\u00b7es \u00e0 affronter le march\u00e9 de l\u2019emploi international.<\/td>\r\n<\/tr>\r\n<\/tbody>\r\n<\/table>\r\n\r\n<h2 class=\"wp-block-heading\">R\u00e9sultats de l&rsquo;enqu\u00eate aupr\u00e8s des dipl\u00f4m\u00e9\u00b7es &#8211; 2019<\/h2>\r\n\r\n\r\n\r\n<ul>\r\n<li class=\"download__list__item\"><a href=\"https:\/\/www.dfh-ufa.org\/app\/uploads\/2020\/01\/DFH_Alumni_Studie_180x297_F_01_20_web.pdf\">UFA Enqu\u00eate Dipl\u00f4m\u00e9s 2019<\/a><\/li>\r\n<\/ul>\r\n<h2>R\u00e9sultats de l&rsquo;enqu\u00eate aupr\u00e8s des dipl\u00f4m\u00e9\u00b7es &#8211; 2014<\/h2>\r\n\r\n\r\n\r\n<ul>\r\n<li class=\"download__list__item\"><a href=\"https:\/\/www.dfh-ufa.org\/app\/uploads\/2019\/01\/DFH_Alumni_Studie_Fr_web.pdf\" target=\"_blank\" rel=\"noopener\">UFA Enqu\u00eate Dipl\u00f4m\u00e9s 2014<\/a><\/li>\r\n<\/ul>\r\n\r\n\r\n\r\n<h2 class=\"wp-block-heading\">R\u00e9sultats de l&rsquo;enqu\u00eate aupr\u00e8s des dipl\u00f4m\u00e9\u00b7es &#8211; 2011<\/h2>\r\n\r\n\r\n\r\n<ul>\r\n<li class=\"download__list__item\"><a href=\"https:\/\/www.dfh-ufa.org\/app\/uploads\/2019\/01\/UFA_Enquete_Diplomes_2011.pdf\" target=\"_blank\" rel=\"noopener\">UFA Enqu\u00eate Dipl\u00f4m\u00e9s 2011<\/a><\/li>\r\n<\/ul>\r\n\r\n\r\n\r\n<h2 class=\"wp-block-heading\">R\u00e9sultats des sondages 2004 et 2005\/06<\/h2>\r\n\r\n\r\n\r\n<ul>\r\n<li class=\"download__list__item\"><a href=\"https:\/\/www.dfh-ufa.org\/app\/uploads\/2018\/06\/ufa__sondage_diplomes_2005-06__resultats.doc\" target=\"_blank\" rel=\"noopener\">\u00c9dition 2005\/06<\/a><\/li>\r\n<li class=\"download__list__item\"><a href=\"https:\/\/www.dfh-ufa.org\/app\/uploads\/2018\/06\/ufa__sondage_diplomes_2004__resultats.doc\" target=\"_blank\" rel=\"noopener\">\u00c9dition 2004<\/a><\/li>\r\n<\/ul>\r\n\r\n\r\n\r\n<h2 class=\"wp-block-heading\">Enqu\u00eate aupr\u00e8s des responsables du personnel sur la th\u00e9matique : double dipl\u00f4mes internationaux<\/h2>\r\n\r\n\r\n\r\n<ul>\r\n<li class=\"download__list__item\"><a href=\"https:\/\/www.dfh-ufa.org\/app\/uploads\/2018\/06\/umfrage_doppeldiplome_01.pdf\" target=\"_blank\" rel=\"noopener\">R\u00e9sultats du saondage \u00abInternationale Doppelabschl\u00fcsse\u00bb (juin 2004)<\/a><\/li>\r\n<li class=\"download__list__item\"><a href=\"https:\/\/www.dfh-ufa.org\/app\/uploads\/2018\/06\/Endbericht_DAAD_01.pdf\" target=\"_blank\" rel=\"noopener\">Rapport final avec toutes les donn\u00e9es essentielles (source : www.iwconsult.de)<\/a><\/li>\r\n<\/ul>\r\n","protected":false},"excerpt":{"rendered":"<p>Enqu\u00eate : Les dipl\u00f4m\u00e9\u00b7es de l\u2019UFA \u00c0 l\u2019occasion de son 20\u00e8me anniversaire, l\u2019UFA a de nouveau men\u00e9 un sondage en 2019 aupr\u00e8s de ses doubles dipl\u00f4m\u00e9\u00b7es, afin de suivre de plus pr\u00e8s leur devenir professionnel. En effet, les exp\u00e9riences des ancien\u00b7nes de l\u2019UFA lors de leur insertion puis pendant leur parcours professionnel sont essentielles pour [&hellip;]<\/p>\n","protected":false},"author":1,"featured_media":0,"parent":817,"menu_order":998,"comment_status":"closed","ping_status":"closed","template":"","meta":{"_bbp_topic_count":0,"_bbp_reply_count":0,"_bbp_total_topic_count":0,"_bbp_total_reply_count":0,"_bbp_voice_count":0,"_bbp_anonymous_reply_count":0,"_bbp_topic_count_hidden":0,"_bbp_reply_count_hidden":0,"_bbp_forum_subforum_count":0,"inline_featured_image":false},"acf":[],"_links":{"self":[{"href":"https:\/\/www.dfh-ufa.org\/fr\/wp-json\/wp\/v2\/pages\/825"}],"collection":[{"href":"https:\/\/www.dfh-ufa.org\/fr\/wp-json\/wp\/v2\/pages"}],"about":[{"href":"https:\/\/www.dfh-ufa.org\/fr\/wp-json\/wp\/v2\/types\/page"}],"author":[{"embeddable":true,"href":"https:\/\/www.dfh-ufa.org\/fr\/wp-json\/wp\/v2\/users\/1"}],"replies":[{"embeddable":true,"href":"https:\/\/www.dfh-ufa.org\/fr\/wp-json\/wp\/v2\/comments?post=825"}],"version-history":[{"count":8,"href":"https:\/\/www.dfh-ufa.org\/fr\/wp-json\/wp\/v2\/pages\/825\/revisions"}],"predecessor-version":[{"id":1962049,"href":"https:\/\/www.dfh-ufa.org\/fr\/wp-json\/wp\/v2\/pages\/825\/revisions\/1962049"}],"up":[{"embeddable":true,"href":"https:\/\/www.dfh-ufa.org\/fr\/wp-json\/wp\/v2\/pages\/817"}],"wp:attachment":[{"href":"https:\/\/www.dfh-ufa.org\/fr\/wp-json\/wp\/v2\/media?parent=825"}],"curies":[{"name":"wp","href":"https:\/\/api.w.org\/{rel}","templated":true}]}}