{"id":826,"date":"2018-04-24T09:03:15","date_gmt":"2018-04-24T07:03:15","guid":{"rendered":"https:\/\/www.dfh-ufa.org\/fr\/faq-etudiants"},"modified":"2025-12-02T10:37:44","modified_gmt":"2025-12-02T09:37:44","slug":"faq-etudiants","status":"publish","type":"page","link":"https:\/\/www.dfh-ufa.org\/fr\/vous-etes\/etudiant\/faq-etudiants","title":{"rendered":"FAQ \u00c9tudiant\u00b7es"},"content":{"rendered":"\r\n<ol>\r\n<li><a href=\"https:\/\/www.dfh-ufa.org\/fr\/faq-kategorie\/les-cursus-integres-de-lufa?noredirect=fr_FR\" rel=\"noopener\">Les cursus int\u00e9gr\u00e9s de l&rsquo;UFA<\/a><\/li>\r\n<li><a href=\"https:\/\/www.dfh-ufa.org\/fr\/faq-kategorie\/candidature-pour-un-cursus-integre?noredirect=fr_FR\" rel=\"noopener\">Candidature pour un cursus int\u00e9gr\u00e9<\/a><\/li>\r\n<li><a href=\"https:\/\/www.dfh-ufa.org\/fr\/faq-kategorie\/inscription-et-reinscription-a-lufa?noredirect=fr_FR\" rel=\"noopener\">Inscription et r\u00e9inscription \u00e0 l&rsquo;UFA<\/a><\/li>\r\n<li><a href=\"https:\/\/www.dfh-ufa.org\/fr\/faq-kategorie\/aide-a-la-mobilite?noredirect=fr_FR\" rel=\"noopener\">Aide \u00e0 la mobilit\u00e9<\/a><\/li>\r\n<li><a href=\"https:\/\/www.dfh-ufa.org\/fr\/faq-kategorie\/deroulement-des-etudes?noredirect=fr_FR\" rel=\"noopener\">D\u00e9roulement des \u00e9tudes<\/a><\/li>\r\n<li><a href=\"https:\/\/www.dfh-ufa.org\/fr\/faq-kategorie\/stagesnoredirectfr_fr\" rel=\"noopener\">Stages<\/a><\/li>\r\n<li><a href=\"https:\/\/www.dfh-ufa.org\/fr\/faq-kategorie\/abandon-des-etudes-et-remboursement-de-laide-a-la-mobilite?noredirect=fr_FR\" rel=\"noopener\">Abandon des \u00e9tudes et remboursement de l&rsquo;aide \u00e0 la mobilit\u00e9<\/a><\/li>\r\n<li><a href=\"https:\/\/www.dfh-ufa.org\/fr\/faq-kategorie\/rapports-etudiants-demandes-par-lufa?noredirect=fr_FR\" rel=\"noopener\">Rapports d&rsquo;\u00e9tudiants demand\u00e9s par l&rsquo;UFA<\/a><\/li>\r\n<li><a href=\"https:\/\/www.ffa-dff.org\/fr\/accueil\" rel=\"noopener\">Forum franco-allemand<\/a><\/li>\r\n<li><a href=\"https:\/\/www.dfh-ufa.org\/fr\/faq-kategorie\/contacts-utiles-a-lufa?noredirect=fr_FR\" rel=\"noopener\">Contacts utiles \u00e0 l&rsquo;UFA<\/a><\/li>\r\n<\/ol>\r\n\r\n\r\n\r\n<p>L&rsquo;utilisation du genre masculin a \u00e9t\u00e9 adopt\u00e9e dans ce document afin de faciliter la lecture et n&rsquo;a aucune intention discriminatoire.<\/p>\r\n","protected":false},"excerpt":{"rendered":"<p>Les cursus int\u00e9gr\u00e9s de l&rsquo;UFA Candidature pour un cursus int\u00e9gr\u00e9 Inscription et r\u00e9inscription \u00e0 l&rsquo;UFA Aide \u00e0 la mobilit\u00e9 D\u00e9roulement des \u00e9tudes Stages Abandon des \u00e9tudes et remboursement de l&rsquo;aide \u00e0 la mobilit\u00e9 Rapports d&rsquo;\u00e9tudiants demand\u00e9s par l&rsquo;UFA Forum franco-allemand Contacts utiles \u00e0 l&rsquo;UFA L&rsquo;utilisation du genre masculin a \u00e9t\u00e9 adopt\u00e9e dans ce document afin [&hellip;]<\/p>\n","protected":false},"author":1,"featured_media":0,"parent":817,"menu_order":1008,"comment_status":"closed","ping_status":"closed","template":"","meta":{"_bbp_topic_count":0,"_bbp_reply_count":0,"_bbp_total_topic_count":0,"_bbp_total_reply_count":0,"_bbp_voice_count":0,"_bbp_anonymous_reply_count":0,"_bbp_topic_count_hidden":0,"_bbp_reply_count_hidden":0,"_bbp_forum_subforum_count":0,"inline_featured_image":false},"acf":[],"_links":{"self":[{"href":"https:\/\/www.dfh-ufa.org\/fr\/wp-json\/wp\/v2\/pages\/826"}],"collection":[{"href":"https:\/\/www.dfh-ufa.org\/fr\/wp-json\/wp\/v2\/pages"}],"about":[{"href":"https:\/\/www.dfh-ufa.org\/fr\/wp-json\/wp\/v2\/types\/page"}],"author":[{"embeddable":true,"href":"https:\/\/www.dfh-ufa.org\/fr\/wp-json\/wp\/v2\/users\/1"}],"replies":[{"embeddable":true,"href":"https:\/\/www.dfh-ufa.org\/fr\/wp-json\/wp\/v2\/comments?post=826"}],"version-history":[{"count":35,"href":"https:\/\/www.dfh-ufa.org\/fr\/wp-json\/wp\/v2\/pages\/826\/revisions"}],"predecessor-version":[{"id":1962050,"href":"https:\/\/www.dfh-ufa.org\/fr\/wp-json\/wp\/v2\/pages\/826\/revisions\/1962050"}],"up":[{"embeddable":true,"href":"https:\/\/www.dfh-ufa.org\/fr\/wp-json\/wp\/v2\/pages\/817"}],"wp:attachment":[{"href":"https:\/\/www.dfh-ufa.org\/fr\/wp-json\/wp\/v2\/media?parent=826"}],"curies":[{"name":"wp","href":"https:\/\/api.w.org\/{rel}","templated":true}]}}