{"id":827,"date":"2018-04-24T09:03:15","date_gmt":"2018-04-24T07:03:15","guid":{"rendered":"https:\/\/www.dfh-ufa.org\/fr\/doctorant"},"modified":"2026-01-16T12:37:41","modified_gmt":"2026-01-16T11:37:41","slug":"doctorant","status":"publish","type":"page","link":"https:\/\/www.dfh-ufa.org\/fr\/vous-etes\/doctorant","title":{"rendered":"Formation doctorale"},"content":{"rendered":"<div id=\"pl-827\"  class=\"panel-layout\" ><div id=\"pg-827-0\"  class=\"panel-grid panel-no-style\" ><div id=\"pgc-827-0-0\"  class=\"panel-grid-cell panel-grid-cell-mobile-last\" ><div id=\"panel-827-0-0-0\" class=\"so-panel widget widget_sow-editor panel-first-child panel-last-child\" data-index=\"0\" ><div class=\"so-widget-sow-editor so-widget-sow-editor-base\">\n<div class=\"siteorigin-widget-tinymce textwidget\">\n\t<div id=\"c11573\" class=\"csc-default\">\n<div class=\"csc-header csc-header-n2\">\n<h3><a href=\"https:\/\/www.dfh-ufa.org\/fr\/vous-etes\/etudiant-doctorant-diplome\/doctorant\/colleges-doctoraux-franco-allemands\/\">Coll\u00e8ges doctoraux franco-allemands (CDFA)<\/a><\/h3>\n<\/div>\n<p>Cet appel \u00e0 projets donne la possibilit\u00e9 d'effectuer une th\u00e8se dans le cadre d'un programme de formation et de recherche commun d'un \u00e9tablissement d'enseignement sup\u00e9rieur fran\u00e7ais et allemand.<\/p>\n<\/div>\n<div id=\"c11570\" class=\"csc-default\">\n<div class=\"csc-header csc-header-n3\">\n<h3><\/h3>\n<h3><a href=\"https:\/\/www.dfh-ufa.org\/fr\/vous-etes\/etudiant-doctorant-diplome\/doctorant\/programmes-de-phd-track-franco-allemands\/\">Programme de PhD-Track franco-allemands<\/a><\/h3>\n<\/div>\n<p>Cet appel \u00e0 projets donne la possibilit\u00e9 d'effectuer les deux ann\u00e9es de master et les trois ann\u00e9es de formation doctorale dans le cadre d'un programme d'\u00e9tudes et de recherche int\u00e9gr\u00e9 sur cinq ans.<\/p>\n<\/div>\n<div id=\"c11575\" class=\"csc-default\">\n<div class=\"csc-header csc-header-n4\">\n<h3><\/h3>\n<h3><a href=\"https:\/\/www.dfh-ufa.org\/fr\/vous-etes\/doctorant\/cotutelle-de-these?noredirect=fr_FR\">Cotutelle de th\u00e8se franco-allemande<\/a><\/h3>\n<\/div>\n<p>Gr\u00e2ce au dispositif de cotutelle de th\u00e8se, des jeunes chercheur\u00b7uses peuvent obtenir un grade de docteur d\u00e9livr\u00e9 conjointement par deux universit\u00e9s (une fran\u00e7aise et une allemande). L'UFA soutient les doctorant\u00b7es et les \u00e9tablissements d'enseignement sup\u00e9rieur par le biais d'un instrument de soutien sp\u00e9cifique.<\/p>\n<p>&nbsp;<\/p>\n<\/div>\n<div id=\"c26406\" class=\"csc-default\">\n<div class=\"csc-textpicHeader csc-textpicHeader-2\">\n<h3 class=\"csc-header csc-header-n6\"><a href=\"https:\/\/www.dfh-ufa.org\/fr\/vous-etes\/doctorant\/manifestations-scientifiques-pour-jeunes-chercheurs\" target=\"_blank\" rel=\"noopener noreferrer\"><strong>Manifestations scientifiques pour jeunes chercheur\u00b7euses<\/strong> <strong>(Ateliers de recherche, \u00c9coles d'\u00e9t\u00e9)<\/strong><\/a><\/h3>\n<\/div>\n<div class=\"csc-textpic-text\">\n<p><span data-contrast=\"auto\">Avec\u00a0l\u2019appel\u00a0\u00e0 projets\u00a0pour les manifestations scientifiques pour jeunes\u00a0chercheur\u00b7euses, l\u2019UFA r\u00e9unit\u00a0le soutien des Ateliers de recherche ainsi que celui des \u00c9coles d\u2019\u00e9t\u00e9.<\/span><span data-ccp-props=\"{&quot;134233117&quot;:true,&quot;134233118&quot;:true,&quot;201341983&quot;:0,&quot;335559740&quot;:240}\">\u00a0<\/span><\/p>\n<p><span data-contrast=\"auto\">L\u2019objectif est d\u2019encourager la mise en r\u00e9seau des jeunes\u00a0chercheur\u00b7euses\u00a0et le d\u00e9veloppement du dialogue scientifique interculturel franco-allemand. Le d\u00e9lai pour d\u00e9poser une demande de soutien\u00a0pour\u00a02026\u00a0est\u00a0le\u00a015\u202fjuin.\u00a0<\/span><span data-ccp-props=\"{&quot;134233117&quot;:true,&quot;134233118&quot;:true,&quot;201341983&quot;:0,&quot;335559740&quot;:240}\">\u00a0<\/span><\/p>\n<p><span data-ccp-props=\"{}\">\u00a0<\/span><\/p>\n<\/div>\n<\/div>\n<p>&nbsp;<\/p>\n<div class=\"csc-header csc-header-n3\">\n<h3><a href=\"https:\/\/www.dfh-ufa.org\/fr\/vous-etes\/etablissements\/evaluation?noredirect=fr_FR\">Charte d\u2019\u00e9valuation<\/a><\/h3>\n<\/div>\n<p>Veuillez trouver <a href=\"https:\/\/www.dfh-ufa.org\/fr\/vous-etes\/etablissements\/evaluation?noredirect=fr_FR\">ici<\/a> la \"Charte d\u2019\u00e9valuation et d\u2019assurance-qualit\u00e9 des programmes d\u2019\u00e9tudes et programmes de soutien aux jeunes chercheur\u00b7euses\".<\/p>\n<div id=\"c23823\" class=\"csc-default\">\n<div class=\"csc-header csc-header-n9\">\n<h3><\/h3>\n<h3>Conseils<\/h3>\n<\/div>\n<p><span lang=\"FR\">Nous vous aiderons au pr\u00e9alable dans l\u2019organisation d\u2019un projet et vous informons des possibilit\u00e9s de soutien correspondantes.<\/span><\/p>\n<p><span lang=\"FR\">Nous conseillons les futur\u00b7es scientifiques concernant des questions relatives \u00e0 la Cotutelle de th\u00e8se ainsi qu\u2019aux possibilit\u00e9s de financement des s\u00e9jours scientifiques.<\/span><\/p>\n<p>Formation doctorale : <a>promotion-doctorat(at)dfh-ufa.org<\/a><\/p>\n<p>Manifestations scientifiques pour jeunes chercheur\u00b7euses : <span id=\"OBJ_PREFIX_DWT1726_ZmEmailObjectHandler\"><span id=\"OBJ_PREFIX_DWT1732_ZmEmailObjectHandler\"><a>manifestations_scientifiques(at)dfh-ufa.org<\/a><\/span><\/span><span id=\"OBJ_PREFIX_DWT1726_ZmEmailObjectHandler\"><span id=\"OBJ_PREFIX_DWT1732_ZmEmailObjectHandler\"><\/span><\/span><\/p>\n<\/div>\n<\/div>\n<\/div><\/div><\/div><div id=\"pgc-827-0-1\"  class=\"panel-grid-cell panel-grid-cell-empty\" ><\/div><\/div><\/div>","protected":false},"excerpt":{"rendered":"<p>Coll\u00e8ges doctoraux franco-allemands (CDFA) Cet appel \u00e0 projets donne la possibilit\u00e9 d&rsquo;effectuer une th\u00e8se dans le cadre d&rsquo;un programme de formation et de recherche commun d&rsquo;un \u00e9tablissement d&rsquo;enseignement sup\u00e9rieur fran\u00e7ais et allemand. Programme de PhD-Track franco-allemands Cet appel \u00e0 projets donne la possibilit\u00e9 d&rsquo;effectuer les deux ann\u00e9es de master et les trois ann\u00e9es de formation [&hellip;]<\/p>\n","protected":false},"author":1,"featured_media":0,"parent":811,"menu_order":859,"comment_status":"closed","ping_status":"closed","template":"","meta":{"_bbp_topic_count":0,"_bbp_reply_count":0,"_bbp_total_topic_count":0,"_bbp_total_reply_count":0,"_bbp_voice_count":0,"_bbp_anonymous_reply_count":0,"_bbp_topic_count_hidden":0,"_bbp_reply_count_hidden":0,"_bbp_forum_subforum_count":0,"inline_featured_image":false},"acf":[],"_links":{"self":[{"href":"https:\/\/www.dfh-ufa.org\/fr\/wp-json\/wp\/v2\/pages\/827"}],"collection":[{"href":"https:\/\/www.dfh-ufa.org\/fr\/wp-json\/wp\/v2\/pages"}],"about":[{"href":"https:\/\/www.dfh-ufa.org\/fr\/wp-json\/wp\/v2\/types\/page"}],"author":[{"embeddable":true,"href":"https:\/\/www.dfh-ufa.org\/fr\/wp-json\/wp\/v2\/users\/1"}],"replies":[{"embeddable":true,"href":"https:\/\/www.dfh-ufa.org\/fr\/wp-json\/wp\/v2\/comments?post=827"}],"version-history":[{"count":76,"href":"https:\/\/www.dfh-ufa.org\/fr\/wp-json\/wp\/v2\/pages\/827\/revisions"}],"predecessor-version":[{"id":1962813,"href":"https:\/\/www.dfh-ufa.org\/fr\/wp-json\/wp\/v2\/pages\/827\/revisions\/1962813"}],"up":[{"embeddable":true,"href":"https:\/\/www.dfh-ufa.org\/fr\/wp-json\/wp\/v2\/pages\/811"}],"wp:attachment":[{"href":"https:\/\/www.dfh-ufa.org\/fr\/wp-json\/wp\/v2\/media?parent=827"}],"curies":[{"name":"wp","href":"https:\/\/api.w.org\/{rel}","templated":true}]}}