{"id":828,"date":"2018-04-24T09:03:15","date_gmt":"2018-04-24T07:03:15","guid":{"rendered":"https:\/\/www.dfh-ufa.org\/fr\/cotutelle-de-these"},"modified":"2026-02-19T13:26:52","modified_gmt":"2026-02-19T12:26:52","slug":"cotutelle-de-these","status":"publish","type":"page","link":"https:\/\/www.dfh-ufa.org\/fr\/vous-etes\/doctorant\/cotutelle-de-these","title":{"rendered":"Cotutelle de th\u00e8se"},"content":{"rendered":"\r\n<h2 class=\"wp-block-heading\">Informations concernant l&rsquo;appel \u00e0 candidatures<\/h2>\r\n\r\n\r\n\r\n<p>Les doctorant\u00b7es qui entreprennent une th\u00e8se dans deux pays, disposent non seulement d&rsquo;excellentes comp\u00e9tences linguistiques, mais aussi de comp\u00e9tences interculturelles tr\u00e8s recherch\u00e9es sur le march\u00e9 du travail. Etudier dans un autre pays permet aux doctorant\u00b7es de confronter des syst\u00e9matiques scientifiques ainsi que des cultures universitaires diff\u00e9rentes. Gr\u00e2ce aux qualifications reconnues dans les deux pays et leur connaissance de deux paysages scientifiques diff\u00e9rents, les titulaires d&rsquo;une th\u00e8se en cotutelle augmentent leurs chances sur le march\u00e9 de l&#8217;emploi et dans le domaine scientifique.<\/p>\r\n\r\n\r\n\r\n<p>L&rsquo;UFA a d\u00e9velopp\u00e9 un instrument de soutien sp\u00e9cifique, afin de couvrir les frais suppl\u00e9mentaires qu\u2019impliquent les cotutelles de th\u00e8se, certes financi\u00e8rement plus co\u00fbteuses que les autres, mais aussi plus enrichissantes d\u2019un point de vue scientifique et interculturel. Le soutien de l\u2019UFA comprend \u00e0 la fois des aides \u00e0 la mobilit\u00e9 destin\u00e9es aux s\u00e9jours de recherche des doctorant\u00b7e\u00b7s dans le pays partenaire ainsi que la prise en charge des d\u00e9penses engag\u00e9es par les \u00e9tablissements dans le cadre de la soutenance binationale.<\/p>\r\n\r\n\r\n\r\n\r\n\r\n<h2 class=\"wp-block-heading\">D\u00e9p\u00f4t de candidature<\/h2>\r\n\r\n\r\n\r\n<p>Il s&rsquo;agit d&rsquo;un <a href=\"https:\/\/www.dfh-ufa.org\/app\/uploads\/2025\/03\/AAP_Cotutelle-de-these_2025.pdf\">appel \u00e0 candidatures<\/a> permanent. Vous pouvez \u00e9galement consulter les documents dans la partie <a href=\"https:\/\/www.dfh-ufa.org\/fr\/vous-etes\/etablissements\/appels-a-projets\/formation-doctorale\/\">Appels \u00e0 projets \/ \u00e0 candidatures.<\/a> Les demandes de soutien limit\u00e9es \u00e0 la soutenance de la th\u00e8se devront \u00eatre d\u00e9pos\u00e9es au plus tard 6 semaines avant la soutenance de th\u00e8se.<\/p>\r\n\r\n\r\n\r\n<h2 class=\"wp-block-heading\">Informations suppl\u00e9mentaires<\/h2>\r\n\r\n\r\n\r\n<p>Nous sommes \u00e0 votre disposition pour toute demande suppl\u00e9mentaire concernant la pr\u00e9paration et la mise en \u0153uvre d&rsquo;une cotutelle de th\u00e8se :<a href=\"mailto:promotion-doctorat(at)dfh-ufa.org\"> promotion-doctorat(at)dfh-ufa.org.<\/a> Les doctorant\u00b7es peuvent \u00e9galement contacter les repr\u00e9sentant\u00b7es des \u00e9tudiant\u00b7es de l&rsquo;UFA pour des demandes et suggestions concernant les programmes de l&rsquo;UFA. Deux interlocutrices pour la formation doctorale sont \u00e9galement associ\u00e9s \u00e0 l&rsquo;instance des repr\u00e9sentant\u00b7es des \u00e9tudiant\u00b7es afin de repr\u00e9senter les int\u00e9r\u00eats des doctorant\u00b7es de l&rsquo;UFA et de r\u00e9pondre aux questions ayant attrait \u00e0 la formation doctorale binationale. Vous pouvez contacter les repr\u00e9sentant\u00b7es des \u00e9tudiant\u00b7es et les interlocutrices pour la formation doctorale \u00e0 l&rsquo;adresse suivante : <a href=\"mailto:representants@dfh-ufa.org\">representants(at)dfh-ufa.org. <\/a>Pour avoir plus d&rsquo;informations, veuillez cliquer <a href=\"https:\/\/www.dfh-ufa.org\/fr\/lufa\/lufa-en-bref\/organisation\/les-instances-consultatives\/les-representants-des-etudiants\">ici<\/a>. Pour plus d&rsquo;informations sur <a href=\"https:\/\/www.dfh-ufa.org\/fr\/vous-etes\/entreprises\/prix-de-la-meilleure-these\/\">le prix de la meilleure th\u00e8se<\/a>.<\/p>\r\n<p>Pour les doctorant\u00b7es qui souhaitent faire une cotutelle de th\u00e8se et qui ont encore besoin d&rsquo;aide pour \u00e9tablir une convention de cotutelle entre les \u00e9tablissements allemands et fran\u00e7ais, nous proposons une liste des points importants <a href=\"https:\/\/www.dfh-ufa.org\/app\/uploads\/2021\/07\/FR_Cotutelle-de-the\u0300se_Checkliste.pdf\">(Check-liste)<\/a> qui sont n\u00e9cessaires pour une telle convention.<\/p>\r\n<div>En outre, l&rsquo;UFA propose une publication intitul\u00e9e <span lang=\"fr\"><a href=\"https:\/\/www.dfh-ufa.org\/app\/uploads\/2021\/03\/Enquete-UFA_dfi_Cotuelle_Version-fr.pdf\">\u00ab Les proc\u00e9dures binationales de doctorat sous l&rsquo;\u00e9gide de l&rsquo;UFA : les d\u00e9fis \u00e0 relever et les avantages d&rsquo;une cotutelle de th\u00e8se \u00bb<\/a><\/span><span lang=\"fr\">.<\/span><\/div>\r\n<div><span lang=\"fr\">L&rsquo;\u00e9tude scientifique sur laquelle repose cette publication a \u00e9t\u00e9 r\u00e9alis\u00e9e par l&rsquo;Institut franco-allemand (dfi) de Ludwigsburg, en coop\u00e9ration avec l&rsquo;UFA. Elle porte sur l&rsquo;int\u00e9gralit\u00e9 de la proc\u00e9dure de cotutelle de th\u00e8se, et fournit ainsi des informations d\u00e9taill\u00e9es ainsi qu&rsquo;un \u00e9clairage important sur la proc\u00e9dure de cotutelle de th\u00e8se sous l\u2019\u00e9gide de l\u2019UFA et sur les diff\u00e9rentes \u00e9tapes de son d\u00e9roulement.<\/span><\/div>\r\n\r\n\r\n\r\n\r\n\r\n<h2 class=\"wp-block-heading\">Informations concernant \u00ab\u00a0Th\u00e8se en ligne\u00a0\u00bb<\/h2>\r\n\r\n\r\n\r\n<p>Un aper\u00e7u des cotutelles de th\u00e8se termin\u00e9es avec succ\u00e8s qui ont b\u00e9n\u00e9fici\u00e9 du soutien de l\u2019UFA est disponible sur le site <a href=\"https:\/\/www.dfh-ufa.org\/fr\/vous-etes\/doctorant\/these-en-ligne?noredirect=fr_FR\">th\u00e8se en ligne<\/a>.<\/p>\r\n\r\n\r\n\r\n<h2 class=\"wp-block-heading\">FAQ Cotutelle de th\u00e8se<\/h2>\r\n\r\n\r\n\r\n<ul>\r\n<li class=\"download__list__item\"><a href=\"https:\/\/www.dfh-ufa.org\/app\/uploads\/2024\/04\/FAQ-CT-2022_F.pdf\">FAQ<\/a><\/li>\r\n<\/ul>\r\n\r\n\r\n\r\n<h2 class=\"wp-block-heading\">Appel \u00e0 candidatures, Formulaire de demande et Check-liste<\/h2>\r\n\r\n\r\n\r\n<ul>\r\n<li class=\"download__list__item\"><a href=\"https:\/\/www.dfh-ufa.org\/app\/uploads\/2026\/02\/AAP_Cotutelle-de-these_2026.pdf\" target=\"_blank\" rel=\"noopener\">Appel \u00e0 candidatures<\/a><\/li>\r\n<li class=\"download__list__item\"><a href=\"https:\/\/www.dfh-ufa.org\/app\/uploads\/2026\/02\/DFH-UFA_Cotutelle_formulaire_de_demande_de_soutien_Antrag_2026.docx\" target=\"_blank\" rel=\"noopener\">Formulaire de demande de soutien<\/a><\/li>\r\n<li class=\"download__list__item\"><a href=\"https:\/\/www.dfh-ufa.org\/app\/uploads\/2021\/07\/FR_Cotutelle-de-the%CC%80se_Checkliste.pdf\">Check-liste pour \u00e9tablir une convention cotutelle<\/a><\/li>\r\n<\/ul>\r\n\r\n\r\n\r\n<h2 class=\"wp-block-heading\">Justificatif<\/h2>\r\n\r\n\r\n\r\n<ul>\r\n<li class=\"download__list__item\"><a href=\"https:\/\/www.dfh-ufa.org\/fileadmin\/Dateien\/Forschung\/Cotutelle\/Cotutelle_justificatif_Verwendungsnachweis_2018.doc\">Justificatif<\/a><\/li>\r\n<\/ul>\r\n","protected":false},"excerpt":{"rendered":"<p>Informations concernant l&rsquo;appel \u00e0 candidatures Les doctorant\u00b7es qui entreprennent une th\u00e8se dans deux pays, disposent non seulement d&rsquo;excellentes comp\u00e9tences linguistiques, mais aussi de comp\u00e9tences interculturelles tr\u00e8s recherch\u00e9es sur le march\u00e9 du travail. Etudier dans un autre pays permet aux doctorant\u00b7es de confronter des syst\u00e9matiques scientifiques ainsi que des cultures universitaires diff\u00e9rentes. Gr\u00e2ce aux qualifications reconnues [&hellip;]<\/p>\n","protected":false},"author":1,"featured_media":0,"parent":827,"menu_order":0,"comment_status":"closed","ping_status":"closed","template":"","meta":{"_bbp_topic_count":0,"_bbp_reply_count":0,"_bbp_total_topic_count":0,"_bbp_total_reply_count":0,"_bbp_voice_count":0,"_bbp_anonymous_reply_count":0,"_bbp_topic_count_hidden":0,"_bbp_reply_count_hidden":0,"_bbp_forum_subforum_count":0,"inline_featured_image":false},"acf":[],"_links":{"self":[{"href":"https:\/\/www.dfh-ufa.org\/fr\/wp-json\/wp\/v2\/pages\/828"}],"collection":[{"href":"https:\/\/www.dfh-ufa.org\/fr\/wp-json\/wp\/v2\/pages"}],"about":[{"href":"https:\/\/www.dfh-ufa.org\/fr\/wp-json\/wp\/v2\/types\/page"}],"author":[{"embeddable":true,"href":"https:\/\/www.dfh-ufa.org\/fr\/wp-json\/wp\/v2\/users\/1"}],"replies":[{"embeddable":true,"href":"https:\/\/www.dfh-ufa.org\/fr\/wp-json\/wp\/v2\/comments?post=828"}],"version-history":[{"count":70,"href":"https:\/\/www.dfh-ufa.org\/fr\/wp-json\/wp\/v2\/pages\/828\/revisions"}],"predecessor-version":[{"id":1963484,"href":"https:\/\/www.dfh-ufa.org\/fr\/wp-json\/wp\/v2\/pages\/828\/revisions\/1963484"}],"up":[{"embeddable":true,"href":"https:\/\/www.dfh-ufa.org\/fr\/wp-json\/wp\/v2\/pages\/827"}],"wp:attachment":[{"href":"https:\/\/www.dfh-ufa.org\/fr\/wp-json\/wp\/v2\/media?parent=828"}],"curies":[{"name":"wp","href":"https:\/\/api.w.org\/{rel}","templated":true}]}}