{"id":829,"date":"2018-04-24T09:03:15","date_gmt":"2018-04-24T07:03:15","guid":{"rendered":"https:\/\/www.dfh-ufa.org\/fr\/enquete-cotutelle"},"modified":"2026-01-21T12:04:32","modified_gmt":"2026-01-21T11:04:32","slug":"enquete-cotutelle","status":"publish","type":"page","link":"https:\/\/www.dfh-ufa.org\/fr\/vous-etes\/doctorant\/enquete-cotutelle","title":{"rendered":"Enqu\u00eate Cotutelle"},"content":{"rendered":"<div id=\"pl-829\"  class=\"panel-layout\" ><div id=\"pg-829-0\"  class=\"panel-grid panel-no-style\" ><div id=\"pgc-829-0-0\"  class=\"panel-grid-cell\" ><div id=\"panel-829-0-0-0\" class=\"so-panel widget widget_text panel-first-child\" data-index=\"0\" >\t\t\t<div class=\"textwidget\"><div id=\"c39517\" class=\"csc-default\">\n<div class=\"csc-textpic-text\">\n<p>\u00c0 l&rsquo;instar des enqu\u00eates men\u00e9es aupr\u00e8s des dipl\u00f4m\u00e9\u00b7es des cursus soutenus par l\u2019UFA, l&rsquo;UFA a r\u00e9alis\u00e9 en 2017 un sondage parmi les docteur\u00b7es ayant effectu\u00e9 une cotutelle de th\u00e8se. Ce sondage avait pour objectif de recueillir l&rsquo;avis des anciens doctorant\u00b7es sur les avantages et les d\u00e9fis d&rsquo;une th\u00e8se pr\u00e9par\u00e9e en cotutelle, en tenant compte des \u00e9l\u00e9ments suivants :<\/p>\n<p>donn\u00e9es personnelles<br \/>\ninformations sur la th\u00e8se de doctorat (domaine de formation, cursus UFA, \u00e9tablissement d\u2019origine et \u00e9tablissement partenaire)<br \/>\ndevenir professionnel (soutien des directeur et directrices de th\u00e8se, recherche d\u2019emploi, impact de la cotutelle de th\u00e8se, emploi actuel, contexte franco-allemand ou international, secteur d&rsquo;activit\u00e9)<br \/>\nrecommandation d&rsquo;une cotutelle aux futur\u00b7es doctorant\u00b7es, plus-value sur le plan personnel<\/p>\n<p>L&rsquo;\u00e9chelle d&rsquo;appr\u00e9ciation allait de 5 (tout \u00e0 fait d\u2019accord) \u00e0 1 (pas du tout d&rsquo;accord). Sur pr\u00e8s de 300 ancien\u00b7nes doctorant\u00b7es contact\u00e9\u00b7es ayant effectu\u00e9 une cotutelle de th\u00e8se, 120 personnes ont particip\u00e9 au sondage (environ 40 %), dont 57,5 % de femmes et 42,5 % d&rsquo;hommes.<\/p>\n<p>Contact : <a href=\"mailto:hengsbach@dfh-ufa.org\"><span id=\"OBJ_PREFIX_DWT1432_ZmEmailObjectHandler\" class=\"Object\" role=\"link\"><span id=\"OBJ_PREFIX_DWT1442_ZmEmailObjectHandler\" class=\"Object\" role=\"link\">promotion-doctorat(at)dfh-ufa.org<\/span><\/span><\/a><\/p>\n<p>&nbsp;<\/p>\n<\/div>\n<\/div>\n<div class=\"csc-default\">\n<div class=\"divider\">\n<hr \/>\n<\/div>\n<\/div>\n<\/div>\n\t\t<\/div><div id=\"panel-829-0-0-1\" class=\"so-panel widget widget_media_image\" data-index=\"1\" ><figure style=\"width: 151px\" class=\"wp-caption alignnone\"><a href=\"https:\/\/www.dfh-ufa.org\/app\/uploads\/2020\/05\/DFH_Cotutelle_Studie_F_web-def-1.pdf\"><img width=\"151\" height=\"250\" src=\"https:\/\/www.dfh-ufa.org\/app\/uploads\/2020\/05\/Sondage-151x250.jpg\" class=\"image wp-image-192701  attachment-medium size-medium\" alt=\"\" decoding=\"async\" loading=\"lazy\" style=\"max-width: 100%; height: auto;\" srcset=\"https:\/\/www.dfh-ufa.org\/app\/uploads\/2020\/05\/Sondage-151x250.jpg 151w, https:\/\/www.dfh-ufa.org\/app\/uploads\/2020\/05\/Sondage.jpg 533w\" sizes=\"(max-width: 151px) 100vw, 151px\" \/><\/a><figcaption class=\"wp-caption-text\">Veuillez voir le sondage complet en cliquant sur l'image<\/figcaption><\/figure><\/div><div id=\"panel-829-0-0-2\" class=\"so-panel widget widget_text panel-last-child\" data-index=\"2\" >\t\t\t<div class=\"textwidget\"><div id=\"c39517\" class=\"csc-default\">\n<div class=\"csc-textpic-text\">\n<p>&nbsp;<\/p>\n<p><strong>Veuillez trouver ci-dessous quelques r\u00e9sultats du sondage :<\/strong><\/p>\n<\/div>\n<\/div>\n<div class=\"csc-default\">\n<div class=\"divider\">\n<hr \/>\n<\/div>\n<\/div>\n<\/div>\n\t\t<\/div><\/div><\/div><div id=\"pg-829-1\"  class=\"panel-grid panel-no-style\" ><div id=\"pgc-829-1-0\"  class=\"panel-grid-cell\" ><div id=\"panel-829-1-0-0\" class=\"so-panel widget widget_media_image panel-first-child\" data-index=\"3\" ><figure style=\"width: 250px\" class=\"wp-caption alignnone\"><a href=\"https:\/\/www.dfh-ufa.org\/app\/uploads\/2020\/05\/Nationalite.jpg\"><img width=\"250\" height=\"128\" src=\"https:\/\/www.dfh-ufa.org\/app\/uploads\/2020\/05\/Nationalite-250x128.jpg\" class=\"image wp-image-192677  attachment-medium size-medium\" alt=\"\" decoding=\"async\" loading=\"lazy\" style=\"max-width: 100%; height: auto;\" srcset=\"https:\/\/www.dfh-ufa.org\/app\/uploads\/2020\/05\/Nationalite-250x128.jpg 250w, https:\/\/www.dfh-ufa.org\/app\/uploads\/2020\/05\/Nationalite.jpg 387w\" sizes=\"(max-width: 250px) 100vw, 250px\" \/><\/a><figcaption class=\"wp-caption-text\">Plus de 90 % des participants au sondage sont de nationalit\u00e9 fran\u00e7aise, allemande ou franco-allemande.<\/figcaption><\/figure><\/div><div id=\"panel-829-1-0-1\" class=\"so-panel widget widget_media_image\" data-index=\"4\" ><figure style=\"width: 250px\" class=\"wp-caption alignnone\"><a href=\"https:\/\/www.dfh-ufa.org\/app\/uploads\/2020\/05\/Parcours-1.jpg\"><img width=\"250\" height=\"103\" src=\"https:\/\/www.dfh-ufa.org\/app\/uploads\/2020\/05\/Parcours-1-250x103.jpg\" class=\"image wp-image-192685  attachment-medium size-medium\" alt=\"\" decoding=\"async\" loading=\"lazy\" style=\"max-width: 100%; height: auto;\" srcset=\"https:\/\/www.dfh-ufa.org\/app\/uploads\/2020\/05\/Parcours-1-250x103.jpg 250w, https:\/\/www.dfh-ufa.org\/app\/uploads\/2020\/05\/Parcours-1.jpg 511w\" sizes=\"(max-width: 250px) 100vw, 250px\" \/><\/a><figcaption class=\"wp-caption-text\">Pr\u00e8s de 65 % des personnes interrog\u00e9es ont indiqu\u00e9 avoir obtenu une confirmation d\u2019embauche correspondant \u00e0 leur formation au cours des trois mois suivant leur soutenance.<\/figcaption><\/figure><\/div><div id=\"panel-829-1-0-2\" class=\"so-panel widget widget_media_image panel-last-child\" data-index=\"5\" ><figure style=\"width: 250px\" class=\"wp-caption alignnone\"><a href=\"https:\/\/www.dfh-ufa.org\/app\/uploads\/2020\/05\/Vocation.jpg\"><img width=\"250\" height=\"111\" src=\"https:\/\/www.dfh-ufa.org\/app\/uploads\/2020\/05\/Vocation-250x111.jpg\" class=\"image wp-image-192691  attachment-medium size-medium\" alt=\"\" decoding=\"async\" loading=\"lazy\" style=\"max-width: 100%; height: auto;\" srcset=\"https:\/\/www.dfh-ufa.org\/app\/uploads\/2020\/05\/Vocation-250x111.jpg 250w, https:\/\/www.dfh-ufa.org\/app\/uploads\/2020\/05\/Vocation.jpg 506w\" sizes=\"(max-width: 250px) 100vw, 250px\" \/><\/a><figcaption class=\"wp-caption-text\">Seuls 40 % des personnes interrog\u00e9es ont r\u00e9pondu que leur emploi actuel \u00e9tait en lien direct ou indirect avec le domaine franco-allemand. En revanche, pr\u00e8s de 70 % des docteurs ont indiqu\u00e9 travailler dans un contexte international.<\/figcaption><\/figure><\/div><\/div><div id=\"pgc-829-1-1\"  class=\"panel-grid-cell\" ><div id=\"panel-829-1-1-0\" class=\"so-panel widget widget_media_image panel-first-child\" data-index=\"6\" ><figure style=\"width: 250px\" class=\"wp-caption alignnone\"><a href=\"https:\/\/www.dfh-ufa.org\/app\/uploads\/2020\/05\/cursus-ufa.jpg\"><img width=\"250\" height=\"171\" src=\"https:\/\/www.dfh-ufa.org\/app\/uploads\/2020\/05\/cursus-ufa-250x171.jpg\" class=\"image wp-image-192679  attachment-medium size-medium\" alt=\"\" decoding=\"async\" loading=\"lazy\" style=\"max-width: 100%; height: auto;\" srcset=\"https:\/\/www.dfh-ufa.org\/app\/uploads\/2020\/05\/cursus-ufa-250x171.jpg 250w, https:\/\/www.dfh-ufa.org\/app\/uploads\/2020\/05\/cursus-ufa.jpg 297w\" sizes=\"(max-width: 250px) 100vw, 250px\" \/><\/a><figcaption class=\"wp-caption-text\">\u00c0 la question de savoir s\u2019ils ont suivi un cursus plac\u00e9 sous l\u2019\u00e9gide de l\u2019UFA avant de d\u00e9buter leur doctorat, pr\u00e8s de 20 % des participants au sondage ont r\u00e9pondu par l\u2019affirmative.<\/figcaption><\/figure><\/div><div id=\"panel-829-1-1-1\" class=\"so-panel widget widget_media_image panel-last-child\" data-index=\"7\" ><figure style=\"width: 250px\" class=\"wp-caption alignnone\"><a href=\"https:\/\/www.dfh-ufa.org\/app\/uploads\/2020\/05\/recommandation.jpg\"><img width=\"250\" height=\"211\" src=\"https:\/\/www.dfh-ufa.org\/app\/uploads\/2020\/05\/recommandation-250x211.jpg\" class=\"image wp-image-192693  attachment-medium size-medium\" alt=\"\" decoding=\"async\" loading=\"lazy\" style=\"max-width: 100%; height: auto;\" srcset=\"https:\/\/www.dfh-ufa.org\/app\/uploads\/2020\/05\/recommandation-250x211.jpg 250w, https:\/\/www.dfh-ufa.org\/app\/uploads\/2020\/05\/recommandation.jpg 391w\" sizes=\"(max-width: 250px) 100vw, 250px\" \/><\/a><figcaption class=\"wp-caption-text\">Par son sondage, l\u2019UFA souhaitait \u00e9galement savoir si les personnes interrog\u00e9es recommanderaient une cotutelle de th\u00e8se \u00e0 de futurs doctorants. Plus de 80 % des participants ont r\u00e9pondu \u00e0 cette question par l\u2019affirmative, tandis que 90 % voient une plus-value dans la cotutelle de th\u00e8se.\n<\/figcaption><\/figure><\/div><\/div><div id=\"pgc-829-1-2\"  class=\"panel-grid-cell\" ><div id=\"panel-829-1-2-0\" class=\"so-panel widget widget_media_image panel-first-child\" data-index=\"8\" ><figure style=\"width: 216px\" class=\"wp-caption alignnone\"><a href=\"https:\/\/www.dfh-ufa.org\/app\/uploads\/2020\/05\/Discipline.jpg\"><img width=\"216\" height=\"250\" src=\"https:\/\/www.dfh-ufa.org\/app\/uploads\/2020\/05\/Discipline-216x250.jpg\" class=\"image wp-image-192681  attachment-medium size-medium\" alt=\"\" decoding=\"async\" loading=\"lazy\" style=\"max-width: 100%; height: auto;\" srcset=\"https:\/\/www.dfh-ufa.org\/app\/uploads\/2020\/05\/Discipline-216x250.jpg 216w, https:\/\/www.dfh-ufa.org\/app\/uploads\/2020\/05\/Discipline.jpg 226w\" sizes=\"(max-width: 216px) 100vw, 216px\" \/><\/a><figcaption class=\"wp-caption-text\">En effet, 55 % des participants avaient effectu\u00e9 une th\u00e8se de doctorat en sciences humaines et sociales. Pr\u00e8s de 35 % d\u2019entre eux avaient un doctorat en sciences et sciences de l\u2019ing\u00e9nieur.<\/figcaption><\/figure><\/div><div id=\"panel-829-1-2-1\" class=\"so-panel widget widget_media_image panel-last-child\" data-index=\"9\" ><figure style=\"width: 250px\" class=\"wp-caption alignnone\"><a href=\"https:\/\/www.dfh-ufa.org\/app\/uploads\/2020\/05\/Secteur.jpg\"><img width=\"250\" height=\"116\" src=\"https:\/\/www.dfh-ufa.org\/app\/uploads\/2020\/05\/Secteur-250x116.jpg\" class=\"image wp-image-192687  attachment-medium size-medium\" alt=\"\" decoding=\"async\" loading=\"lazy\" style=\"max-width: 100%; height: auto;\" srcset=\"https:\/\/www.dfh-ufa.org\/app\/uploads\/2020\/05\/Secteur-250x116.jpg 250w, https:\/\/www.dfh-ufa.org\/app\/uploads\/2020\/05\/Secteur.jpg 511w\" sizes=\"(max-width: 250px) 100vw, 250px\" \/><\/a><figcaption class=\"wp-caption-text\">Interrog\u00e9s sur le secteur dans lequel ils exercent leur activit\u00e9 professionnelle, pr\u00e8s de 60 % des participants au sondage ont indiqu\u00e9 travailler dans la recherche (en tant que post-doc, par ex.).<\/figcaption><\/figure><\/div><\/div><\/div><div id=\"pg-829-2\"  class=\"panel-grid panel-no-style\" ><div id=\"pgc-829-2-0\"  class=\"panel-grid-cell\" ><div id=\"panel-829-2-0-0\" class=\"so-panel widget widget_text panel-first-child panel-last-child\" data-index=\"10\" >\t\t\t<div class=\"textwidget\"><div class=\"row content-row-main\">\n<section class=\"col-md-9\">\n<div class=\"main-content\">\n<div class=\"csc-default\">\n<div class=\"divider\">\n<hr \/>\n<\/div>\n<\/div>\n<div id=\"c45091\" class=\"csc-default\">\n<div class=\"csc-textpicHeader csc-textpicHeader-2\">\n<div class=\"csc-header csc-header-n12\">\n<h2>Commentaires des docteur\u00b7es ayant effectu\u00e9 une cotutelle de th\u00e8se soutenue par l&rsquo;UFA :<\/h2>\n<p>&nbsp;<\/p>\n<\/div>\n<\/div>\n<div class=\"csc-textpic-text\">\n<p><i>\u00ab\u00a0Zwei Betreuer geben unterschiedlichen Input\u2026\u00a0\u00bb<\/i><\/p>\n<p><i><span lang=\"fr\">\u00ab\u00a0Kennenlernen akademischer Kulturen, Netzwerke, Forschungsaustausch\u00a0\u00bb<\/span><\/i><\/p>\n<p><i><span lang=\"fr\">\u00ab\u00a0\u2026 den <strong>eigenen Horizont enorm erweitert <\/strong>und viele <strong>wichtige Kontakte erm\u00f6glicht, die sp\u00e4ter bei der Arbeitssuche hilfreich sind<\/strong>.\u00a0\u00bb<\/span><\/i><\/p>\n<p><i><span lang=\"fr\">\u00ab\u00a0Inscription dans un contexte franco-allemand renforc\u00e9, comp\u00e9tences linguistiques approfondies et offre d&rsquo;allocations de recherche \u00e9largie\u00a0\u00bb<\/span><\/i><\/p>\n<p><i><span lang=\"fr\">\u00ab\u00a0Par la cotutelle, on agrandit son r\u00e9seau et donc on <strong>augmente ses chances de trouver un emploi par la suite\u00a0\u00bb<\/strong><\/span><\/i><\/p>\n<p>Les difficult\u00e9s majeures rencontr\u00e9es sont g\u00e9n\u00e9ralement li\u00e9es aux d\u00e9marches administratives et \u00e0 la signature de la convention de cotutelle entre les instituts fran\u00e7ais et allemand.<\/p>\n<p><span lang=\"fr\">Un grand merci \u00e0 tous les docteurs ayant effectu\u00e9 une th\u00e8se en cotutelle et particip\u00e9 \u00e0 ce sondage ainsi qu&rsquo;aux collaborateurs de l&rsquo;UFA pour leur soutien.<\/span><\/p>\n<\/div>\n<\/div>\n<div id=\"c38575\" class=\"csc-default\">\n<div class=\"csc-textpicHeader csc-textpicHeader-2\"><\/div>\n<div class=\"csc-textpic-text\">\n<p><strong>Nous vous remercions de votre participation. Nous nous tenons \u00e0 votre disposition pour tout compl\u00e9ment d\u2019information. <\/strong><\/p>\n<p>Si l\u2019utilisation du genre masculin a \u00e9t\u00e9 adopt\u00e9e dans ce document afin d&rsquo;en faciliter la lecture, elle n&rsquo;a cependant aucune intention discriminatoire.<\/p>\n<\/div>\n<\/div>\n<\/div>\n<\/section>\n<\/div>\n<\/div>\n\t\t<\/div><\/div><\/div><\/div>","protected":false},"excerpt":{"rendered":"<p>\u00c0 l&rsquo;instar des enqu\u00eates men\u00e9es aupr\u00e8s des dipl\u00f4m\u00e9\u00b7es des cursus soutenus par l\u2019UFA, l&rsquo;UFA a r\u00e9alis\u00e9 en 2017 un sondage parmi les docteur\u00b7es ayant effectu\u00e9 une cotutelle de th\u00e8se. Ce sondage avait pour objectif de recueillir l&rsquo;avis des anciens doctorant\u00b7es sur les avantages et les d\u00e9fis d&rsquo;une th\u00e8se pr\u00e9par\u00e9e en cotutelle, en tenant compte des [&hellip;]<\/p>\n","protected":false},"author":1,"featured_media":0,"parent":827,"menu_order":1033,"comment_status":"closed","ping_status":"closed","template":"","meta":{"_bbp_topic_count":0,"_bbp_reply_count":0,"_bbp_total_topic_count":0,"_bbp_total_reply_count":0,"_bbp_voice_count":0,"_bbp_anonymous_reply_count":0,"_bbp_topic_count_hidden":0,"_bbp_reply_count_hidden":0,"_bbp_forum_subforum_count":0,"inline_featured_image":false},"acf":[],"_links":{"self":[{"href":"https:\/\/www.dfh-ufa.org\/fr\/wp-json\/wp\/v2\/pages\/829"}],"collection":[{"href":"https:\/\/www.dfh-ufa.org\/fr\/wp-json\/wp\/v2\/pages"}],"about":[{"href":"https:\/\/www.dfh-ufa.org\/fr\/wp-json\/wp\/v2\/types\/page"}],"author":[{"embeddable":true,"href":"https:\/\/www.dfh-ufa.org\/fr\/wp-json\/wp\/v2\/users\/1"}],"replies":[{"embeddable":true,"href":"https:\/\/www.dfh-ufa.org\/fr\/wp-json\/wp\/v2\/comments?post=829"}],"version-history":[{"count":39,"href":"https:\/\/www.dfh-ufa.org\/fr\/wp-json\/wp\/v2\/pages\/829\/revisions"}],"predecessor-version":[{"id":1962913,"href":"https:\/\/www.dfh-ufa.org\/fr\/wp-json\/wp\/v2\/pages\/829\/revisions\/1962913"}],"up":[{"embeddable":true,"href":"https:\/\/www.dfh-ufa.org\/fr\/wp-json\/wp\/v2\/pages\/827"}],"wp:attachment":[{"href":"https:\/\/www.dfh-ufa.org\/fr\/wp-json\/wp\/v2\/media?parent=829"}],"curies":[{"name":"wp","href":"https:\/\/api.w.org\/{rel}","templated":true}]}}