{"id":830,"date":"2018-04-24T09:03:15","date_gmt":"2018-04-24T07:03:15","guid":{"rendered":"https:\/\/www.dfh-ufa.org\/fr\/colleges-doctoraux-franco-allemands"},"modified":"2026-01-27T10:29:50","modified_gmt":"2026-01-27T09:29:50","slug":"colleges-doctoraux-franco-allemands","status":"publish","type":"page","link":"https:\/\/www.dfh-ufa.org\/fr\/vous-etes\/doctorant\/colleges-doctoraux-franco-allemands","title":{"rendered":"Coll\u00e8ges doctoraux franco-allemands"},"content":{"rendered":"\r\n<h2 class=\"wp-block-heading\">Informations concernant l&rsquo;appel \u00e0 projets<\/h2>\r\n\r\n\r\n\r\n<p>Cet appel \u00e0 projets vise \u00e0 mettre en place et \u00e0 d\u00e9velopper des formations doctorales structur\u00e9es franco-allemandes. Peuvent \u00eatre demandeurs :<\/p>\r\n<ul style=\"list-style-type: circle\">\r\n<li>du c\u00f4t\u00e9 fran\u00e7ais, une ou plusieurs \u00c9cole(s) doctorale(s),<\/li>\r\n<li>du c\u00f4t\u00e9 allemand, tout \u00e9tablissement porteur d&rsquo;une formation doctorale structur\u00e9e.<\/li>\r\n<\/ul>\r\n<p>&nbsp;<\/p>\r\n<p>L&rsquo;UFA se tient \u00e0 votre enti\u00e8re disposition pour tout renseignement pr\u00e9alable \u00e0 la cr\u00e9ation d&rsquo;une telle coop\u00e9ration. Dans le cadre d\u2019une nouvelle demande de soutien, les porteurs de projets qui le souhaitent pourront recourir \u00e0 un soutien financier au travers du programme rencontres pr\u00e9paratoires. Le montant du soutien pour une telle rencontre pr\u00e9paratoire peut atteindre 2 500 \u20ac.<\/p>\r\n\r\n\r\n\r\n\r\n\r\n<h2 class=\"wp-block-heading\">D\u00e9p\u00f4t de candidature<\/h2>\r\n\r\n\r\n\r\n<p>Veuillez vous r\u00e9f\u00e9rer au texte de l&rsquo;appel \u00e0 projets, de la manifestation d&rsquo;int\u00e9r\u00eat et au formulaire de demande de soutien. Vous pouvez \u00e9galement consulter les documents dans la rubrique <a href=\"https:\/\/www.dfh-ufa.org\/fr\/vous-etes\/etablissements\/appels-a-projets\/formation-doctorale\/?noredirect=fr_FR\">Appels \u00e0 projets<\/a>.<\/p>\r\n\r\n\r\n\r\n<h2 class=\"wp-block-heading\">D\u00e9lai<\/h2>\r\n\r\n\r\n\r\n<p>L&rsquo;UFA publie chaque ann\u00e9e son appel \u00e0 projets sur son site Internet. La prochaine date limite de d\u00e9p\u00f4t de demande de soutien est le 31\/10\/2025. Une manifestation d&rsquo;int\u00e9r\u00eat devait \u00eatre pr\u00e9alablement transmise pour le 30\/06\/2025 (via le <a href=\"https:\/\/www.dfh-ufa.org\/informationen-fuer\/hochschulen\/ausschreibungen\/promotion\/antragsankuendigung-manifestation-dinteret-cdfa\" target=\"_blank\" rel=\"noopener\">formulaire web<\/a> pr\u00e9vu \u00e0 cet effet). La publication du prochain appel \u00e0 projets est pr\u00e9vue d\u00e9but mai 2026.<\/p>\r\n\r\n\r\n\r\n<h2 class=\"wp-block-heading\">Possibilit\u00e9 de cumul des demandes de soutien<\/h2>\r\n\r\n\r\n\r\n<p>Les doctorant\u00b7es admis \u00e0 participer \u00e0 un Coll\u00e8ge doctoral franco-allemand peuvent effectuer leur cursus doctoral (la pr\u00e9paration et\/ou la soutenance de leur th\u00e8se) dans le cadre d\u2019une <a href=\"https:\/\/www.dfh-ufa.org\/fr\/vous-etes\/doctorant\/cotutelle-de-these\">cotutelle de th\u00e8se<\/a>. Pour cela, ils ou elles devront adresser une demande de soutien \u00e0 l\u2019UFA. Les deux soutiens sont cumulables. Les participant\u00b7es \u00e0 un Coll\u00e8ge doctoral franco-allemand ont \u00e9galement la possibilit\u00e9 d&rsquo;organiser une <a href=\"https:\/\/www.dfh-ufa.org\/fr\/vous-etes\/doctorant\/manifestations-scientifiques-pour-jeunes-chercheurs\">manifestation scientifique pour jeunes chercheuses et chercheurs<\/a> apr\u00e8s avoir au pr\u00e9alable effectu\u00e9 une demande de soutien adress\u00e9e \u00e0 l\u2019UFA, \u00e0 la condition que les participant\u00b7es \u00e0 ce projet ne viennent pas exclusivement du coll\u00e8ge doctoral.<\/p>\r\n\r\n\r\n\r\n<h2 class=\"wp-block-heading\">Important<\/h2>\r\n\r\n\r\n\r\n<ul style=\"list-style-type: circle\">\r\n<li>Si vous voulez \u2013 en tant que doctorant\u00b7e \u2013 vous inscrire dans un CDFA, veuillez vous adresser directement \u00e0 l&rsquo;Ecole doctorale ou \u00e0 l&rsquo;\u00e9tablissement concern\u00e9(e).<\/li>\r\n<li>La publication et le versement des bourses pour les doctorant\u00b7es incombent directement aux coll\u00e8ges ou Ecoles doctorales\/\u00e9tablissements en question. Vous ne pouvez donc pas d\u00e9poser votre candidature aupr\u00e8s de l&rsquo;UFA.<\/li>\r\n<\/ul>\r\n\r\n\r\n\r\n<h2 class=\"wp-block-heading\">Appel \u00e0 projets, manifestation d&rsquo;int\u00e9r\u00eat &amp; formulaire de demande de soutien<\/h2>\r\n\r\n\r\n\r\n<ul>\r\n<li class=\"download__list__item\"><a href=\"https:\/\/www.dfh-ufa.org\/app\/uploads\/2025\/04\/AAP_CDFA_2027-2030.pdf\" target=\"_blank\" rel=\"noopener\">Appel \u00e0 projets CDFA 2027-2030<\/a> (d\u00e9lai expir\u00e9)<\/li>\r\n<li><a href=\"https:\/\/www.dfh-ufa.org\/informationen-fuer\/hochschulen\/ausschreibungen\/promotion\/antragsankuendigung-manifestation-dinteret-cdfa\" target=\"_blank\" rel=\"noopener\">Manifestation d&rsquo;int\u00e9r\u00eat<\/a> (formulaire web, d\u00e9lai expir\u00e9) ; <em>Apr\u00e8s la transmission du formulaire web \u00e0 l\u2019UFA en cliquant sur \u00ab Envoyer \u00bb, un accus\u00e9 de r\u00e9ception sera envoy\u00e9 \u00e0 tou\u00b7tes les responsables de programme et interlocuteur\u00b7trices indiqu\u00e9\u00b7es dans la manifestation d\u2019int\u00e9r\u00eat.<\/em><\/li>\r\n<li class=\"download__list__item\"><a href=\"https:\/\/www.dfh-ufa.org\/app\/uploads\/2025\/04\/DFH-UFA_CDFA_Demande_de-soutien_DFDK_Antragsformular_2027-2030.docx\" target=\"_blank\" rel=\"noopener\">Formulaire de demande_de-soutien CDFA 2027-2030<\/a> (d\u00e9lai expir\u00e9)<\/li>\r\n<\/ul>\r\n<p>&nbsp;<\/p>\r\n<p>La publication du prochain appel \u00e0 projets est pr\u00e9vue d\u00e9but mai 2026.<\/p>\r\n\r\n\r\n\r\n\r\n\r\n<h2 class=\"wp-block-heading\">Appel de fonds<\/h2>\r\n\r\n\r\n\r\n<ul>\r\n<li class=\"download__list__item\"><a href=\"https:\/\/www.dfh-ufa.org\/app\/uploads\/2023\/11\/CDFA-DFDK_Doctorant-Doktorand_Inscription_Anmeldung-1.pdf\" target=\"_blank\" rel=\"noopener\">Inscription d&rsquo;un\u00b7e doctorant\u00b7e<\/a><\/li>\r\n<li class=\"download__list__item\"><a href=\"https:\/\/www.dfh-ufa.org\/app\/uploads\/2026\/01\/CDFA-DFDK_Appel_de_fonds-Mittelabruf_2026.pdf\" target=\"_blank\" rel=\"noopener\">Appel de fonds 2026<\/a><\/li>\r\n<\/ul>\r\n\r\n\r\n\r\n<h2 class=\"wp-block-heading\">Coll\u00e8ges doctoraux franco-allemands soutenus<\/h2>\r\n\r\n\r\n\r\n<ul>\r\n<li class=\"download__list__item\"><a href=\"https:\/\/www.dfh-ufa.org\/app\/uploads\/2026\/01\/Doktorandenkollegs-2026.pdf\">Coll\u00e8ges doctoraux 2026<\/a><\/li>\r\n<\/ul>\r\n<p>&nbsp;<\/p>\r\n<p>Vous trouverez \u00e9galement les coll\u00e8ges doctoraux soutenus par l\u2019UFA dans notre <a href=\"https:\/\/www.dfh-ufa.org\/fr\/programmes\/guide-des-programmes-de-soutien-a-la-recherche?noredirect=fr_FR\">guide des programmes de recherche<\/a>. Si vous \u00eates int\u00e9ress\u00e9\u00b7e par un coll\u00e8ge doctoral en particulier, n\u2019h\u00e9sitez pas \u00e0 vous adresser directement aux responsables de programme des \u00e9tablissements partenaires concern\u00e9s. Vous trouverez leurs coordonn\u00e9es dans le <a href=\"https:\/\/www.dfh-ufa.org\/fr\/programmes\/guide-des-programmes-de-soutien-a-la-recherche?noredirect=fr_FR\">guide des programmes de recherche<\/a>.<\/p>\r\n\r\n\r\n\r\n<h2 class=\"wp-block-heading\">Justificatif d&rsquo;allocation &amp; informations suppl\u00e9mentaires<\/h2>\r\n\r\n\r\n\r\n<ul>\r\n<li class=\"download__list__item\"><a href=\"https:\/\/www.dfh-ufa.org\/app\/uploads\/2026\/01\/Verwendungsnachweis_Justificatif_2025.docx\">Justificatif_2025 (d\u00e9lai 31\/03\/2026)<\/a><\/li>\r\n<li class=\"download__list__item\"><a href=\"https:\/\/www.dfh-ufa.org\/app\/uploads\/2026\/01\/Reglesfinancement_Finanzierungsrichtlinien_CDFA_2026.pdf\" target=\"_blank\" rel=\"noopener\">R\u00e8gles de financement<\/a><\/li>\r\n<\/ul>\r\n<p>&nbsp;<\/p>\r\n<p>Les doctorant\u00b7es peuvent contacter les repr\u00e9sentant\u00b7es des \u00e9tudiant\u00b7es de l&rsquo;UFA pour des demandes et suggestions concernant les programmes de l&rsquo;UFA. Deux interlocuteur\u00b7trices pour la formation doctorale sont \u00e9galement associ\u00e9s \u00e0 l&rsquo;instance des repr\u00e9sentant\u00b7es des \u00e9tudiant\u00b7es afin de repr\u00e9senter les int\u00e9r\u00eats des doctorant\u00b7es de l&rsquo;UFA et de r\u00e9pondre aux questions ayant attrait \u00e0 la formation doctorale binationale. Vous pouvez contacter les repr\u00e9sentant\u00b7es des \u00e9tudiant\u00b7es et les interlocuteur\u00b7trices pour la formation doctorale \u00e0 l&rsquo;adresse suivante : <a href=\"mailto:representants@dfh-ufa.org\">representants(at)dfh-ufa.org<\/a>. Pour avoir plus d&rsquo;informations, veuillez cliquer <a href=\"https:\/\/www.dfh-ufa.org\/fr\/lufa\/lufa-en-bref\/organisation\/les-instances-consultatives\/les-representants-des-etudiants\">ici<\/a>.<\/p>\r\n","protected":false},"excerpt":{"rendered":"<p>Informations concernant l&rsquo;appel \u00e0 projets Cet appel \u00e0 projets vise \u00e0 mettre en place et \u00e0 d\u00e9velopper des formations doctorales structur\u00e9es franco-allemandes. Peuvent \u00eatre demandeurs : du c\u00f4t\u00e9 fran\u00e7ais, une ou plusieurs \u00c9cole(s) doctorale(s), du c\u00f4t\u00e9 allemand, tout \u00e9tablissement porteur d&rsquo;une formation doctorale structur\u00e9e. &nbsp; L&rsquo;UFA se tient \u00e0 votre enti\u00e8re disposition pour tout renseignement [&hellip;]<\/p>\n","protected":false},"author":1,"featured_media":0,"parent":827,"menu_order":1044,"comment_status":"closed","ping_status":"closed","template":"","meta":{"_bbp_topic_count":0,"_bbp_reply_count":0,"_bbp_total_topic_count":0,"_bbp_total_reply_count":0,"_bbp_voice_count":0,"_bbp_anonymous_reply_count":0,"_bbp_topic_count_hidden":0,"_bbp_reply_count_hidden":0,"_bbp_forum_subforum_count":0,"inline_featured_image":false},"acf":[],"_links":{"self":[{"href":"https:\/\/www.dfh-ufa.org\/fr\/wp-json\/wp\/v2\/pages\/830"}],"collection":[{"href":"https:\/\/www.dfh-ufa.org\/fr\/wp-json\/wp\/v2\/pages"}],"about":[{"href":"https:\/\/www.dfh-ufa.org\/fr\/wp-json\/wp\/v2\/types\/page"}],"author":[{"embeddable":true,"href":"https:\/\/www.dfh-ufa.org\/fr\/wp-json\/wp\/v2\/users\/1"}],"replies":[{"embeddable":true,"href":"https:\/\/www.dfh-ufa.org\/fr\/wp-json\/wp\/v2\/comments?post=830"}],"version-history":[{"count":164,"href":"https:\/\/www.dfh-ufa.org\/fr\/wp-json\/wp\/v2\/pages\/830\/revisions"}],"predecessor-version":[{"id":1962973,"href":"https:\/\/www.dfh-ufa.org\/fr\/wp-json\/wp\/v2\/pages\/830\/revisions\/1962973"}],"up":[{"embeddable":true,"href":"https:\/\/www.dfh-ufa.org\/fr\/wp-json\/wp\/v2\/pages\/827"}],"wp:attachment":[{"href":"https:\/\/www.dfh-ufa.org\/fr\/wp-json\/wp\/v2\/media?parent=830"}],"curies":[{"name":"wp","href":"https:\/\/api.w.org\/{rel}","templated":true}]}}