{"id":831,"date":"2019-12-16T15:00:15","date_gmt":"2019-12-16T14:00:15","guid":{"rendered":"https:\/\/www.dfh-ufa.org\/fr\/manifestations-scientifiques-pour-jeunes-chercheurs"},"modified":"2026-04-01T11:48:06","modified_gmt":"2026-04-01T09:48:06","slug":"manifestations-scientifiques-pour-jeunes-chercheurs","status":"publish","type":"page","link":"https:\/\/www.dfh-ufa.org\/fr\/vous-etes\/doctorant\/manifestations-scientifiques-pour-jeunes-chercheurs","title":{"rendered":"Manifestations scientifiques"},"content":{"rendered":"<div class=\"csc-textpicHeader csc-textpicHeader-2\">\n<div class=\"csc-header csc-header-n1\">\n<h2><strong>Manifestations scientifiques pour jeunes chercheur\u00b7euses<\/strong><\/h2>\n<p>&nbsp;<\/p>\n<p>Listes des manifestations scientifiques ayant eu lieu depuis 2016\u00a0:<\/p>\n<table width=\"66%\">\n<tbody>\n<tr>\n<td width=\"16%\">\n<ul>\n<li><a href=\"https:\/\/www.dfh-ufa.org\/app\/uploads\/2019\/10\/liste-des-manifestations-2016.pdf\">2016<\/a><\/li>\n<\/ul>\n<\/td>\n<td width=\"16%\">\n<ul>\n<li><a href=\"https:\/\/www.dfh-ufa.org\/app\/uploads\/2019\/10\/liste-des-manifestations-2017.pdf\">2017<\/a><\/li>\n<\/ul>\n<\/td>\n<td width=\"16%\">\n<ul>\n<li><a href=\"https:\/\/www.dfh-ufa.org\/app\/uploads\/2019\/10\/liste-des-manifestations-2018.pdf\">2018<\/a><\/li>\n<\/ul>\n<\/td>\n<td width=\"16%\">\n<ul>\n<li><a href=\"https:\/\/www.dfh-ufa.org\/app\/uploads\/2020\/02\/liste-des-manifestations-2019.pdf\">2019<\/a><\/li>\n<\/ul>\n<\/td>\n<td width=\"16%\">\n<ul>\n<li><a href=\"https:\/\/www.dfh-ufa.org\/app\/uploads\/2021\/02\/liste-des-manifestations-2020.pdf\">2020<\/a><\/li>\n<\/ul>\n<\/td>\n<td width=\"88%\">\n<ul>\n<li><a href=\"https:\/\/www.dfh-ufa.org\/app\/uploads\/2022\/12\/ManifestationsScientifiques_wissenschaftlicheVeranstaltungen_2021-1.pdf\">2021<\/a><\/li>\n<\/ul>\n<\/td>\n<\/tr>\n<tr>\n<td width=\"16%\">\n<ul>\n<li><a href=\"https:\/\/www.dfh-ufa.org\/app\/uploads\/2024\/01\/DFH-gefoerderte_Wissenschaftliche_Veranstaltungen_2022.pdf\">2022<\/a><\/li>\n<\/ul>\n<\/td>\n<td width=\"16%\">\n<ul>\n<li><a href=\"https:\/\/www.dfh-ufa.org\/app\/uploads\/2024\/07\/WissenschaftlicheVeranstaltungen_ManifestationsScientifiques_2023.pdf\">2023<\/a><\/li>\n<\/ul>\n<\/td>\n<td width=\"16%\">\n<ul>\n<li><a href=\"https:\/\/www.dfh-ufa.org\/app\/uploads\/2025\/09\/Jahresbericht_2024_Anhang_Wissenschaftliche-Veranstaltungen.pdf\">2024<\/a><\/li>\n<\/ul>\n<\/td>\n<td width=\"16%\"><\/td>\n<td width=\"16%\"><\/td>\n<td width=\"88%\"><\/td>\n<\/tr>\n<\/tbody>\n<\/table>\n<p>&nbsp;<\/p>\n<p>&nbsp;<\/p>\n<p><strong>Bases de soutien\u00a0: <\/strong>dans le cadre de sa mission de mise en r\u00e9seau des chercheur\u00b7euses et de d\u00e9veloppement du dialogue scientifique franco-allemand, l\u2019Universit\u00e9 franco-allemande (UFA) soutient l\u2019organisation de manifestations franco-allemandes \u00e0 l\u2019attention des jeunes chercheur\u00b7euses (doctorant\u00b7es et\/ou post-docs).<\/p>\n<p><strong>Appels \u00e0 projets\u00a0: <\/strong><\/p>\n<p>\u00c0 ce titre, elle publie le 15\u00a0mars 2026 un appel \u00e0 projet blanc et deux appels \u00e0 projets cibl\u00e9s\u00a0: \u00ab\u00a0La s\u00e9curit\u00e9 et ses enjeux pour la soci\u00e9t\u00e9\u00a0\u00bbet \u00ab\u00a0 R\u00e9silience\u00a0: approches interdisciplinaires et recoupements th\u00e9matiques dans le cadre du dialogue franco-allemand\u00a0\u00bb. Les manifestations devront d\u00e9velopper, autour d\u2019une th\u00e9matique scientifique ou d\u2019une approche interdisciplinaire pertinente et innovante, un \u00e9change fructueux entre communaut\u00e9s scientifiques fran\u00e7aises et allemandes. Le format pourra comprendre l\u2019organisation d\u2019une manifestation ou d\u2019une s\u00e9rie de manifestations.<br \/>\nLes appels \u00e0 projets s\u2019adressent aux \u00e9tablissements d\u2019enseignement sup\u00e9rieur fran\u00e7ais et allemand et aux organismes de recherche, l\u2019implication d\u2019un pays tiers pouvant \u00eatre envisag\u00e9e et \u00e9tant encourag\u00e9e.<br \/>\nLes manifestations sont ouvertes \u00e0 toutes les disciplines. La dur\u00e9e des manifestations sera de 2\u00a0jours minimum et de 4\u00a0semaines maximum. Les manifestations devront se tenir au plus tard le 31 d\u00e9cembre 2026.<\/p>\n<p><strong>Modalit\u00e9s du soutien\u00a0:<\/strong><\/p>\n<p>Le montant de la subvention d\u00e9pend de la dur\u00e9e de la manifestation et du nombre de participant\u00b7es. Il s\u2019\u00e9l\u00e8ve \u00e0 une somme maximale de 5 000\u20ac.<\/p>\n<p>Le soutien est destin\u00e9 \u00e0 financer la r\u00e9alisation de la manifestation. \u00c0 ce titre, il couvre une partie ou la totalit\u00e9 des frais de d\u00e9placement et de s\u00e9jour ainsi que, dans des cas exceptionnels, les honoraires des intervenant\u00b7es de la manifestation. Peuvent \u00e9galement \u00eatre prises en charge les missions de vacation des \u00e9tudiant\u00b7es destin\u00e9es \u00e0 l\u2019organisation de la manifestation et les d\u00e9penses de communication sp\u00e9cifiques \u00e0 la manifestation flyers, cr\u00e9ation d\u2019un site web). Les frais de d\u00e9placement des participant\u00b7es peuvent leur \u00eatre rembours\u00e9s. Les frais de publication ne peuvent pas \u00eatre couverts avec les allocations de l\u2019UFA.<\/p>\n<p>Le formulaire de d\u00e9p\u00f4t du projet devra \u00eatre d\u00fbment compl\u00e9t\u00e9 en ligne.<\/p>\n<p>&nbsp;<\/p>\n<p><strong>Date limite de d\u00e9p\u00f4t des demandes de soutien\u00a0:<\/strong><\/p>\n<p>En 2026, les demandes de soutien doivent \u00eatre d\u00e9pos\u00e9es, dans le cadre d\u2019une seule campagne de soutien, jusqu\u2019au 15\/06\/2026. La dur\u00e9e de l\u2019\u00e9valuation est d\u2019environ quatre\u00a0mois.<\/p>\n<p>&nbsp;<\/p>\n<p><strong>Information concernant les formulaires\u00a0:<\/strong><\/p>\n<p>La demande de soutien devra r\u00e9pondre aux crit\u00e8res de <a href=\"https:\/\/www.dfh-ufa.org\/fr\/vous-etes\/etablissements\/appels-a-projets\/formation-doctorale\/manifestations-scientifiques\">l\u2019appel \u00e0 projets<\/a>. Vous pouvez t\u00e9l\u00e9charger les textes des appels \u00e0 projets dans la partie <a href=\"https:\/\/www.dfh-ufa.org\/fr\/vous-etes\/etablissements\/appels-a-projets\/formation-doctorale\/manifestations-scientifiques\">\u00ab\u00a0Appels \u00e0 projets \/ t\u00e9l\u00e9chargements\u00a0\u00bb<\/a><\/p>\n<p><a href=\"https:\/\/manifestations-scientifiques.dfh-ufa.org\/\">Le formulaire de d\u00e9p\u00f4t du projet devra \u00eatre d\u00fbment compl\u00e9t\u00e9 en ligne.<\/a><\/p>\n<p>Veuillez nous retourner le justificatif au plus tard quatre mois apr\u00e8s la manifestation. Vous trouvez le formulaire correspondant <a href=\"https:\/\/www.dfh-ufa.org\/app\/uploads\/2023\/05\/nachweis_justificatif_23-2.zip\">ici<\/a>.<\/p>\n<p>&nbsp;<\/p>\n<\/div>\n<\/div>\n","protected":false},"excerpt":{"rendered":"<p>Manifestations scientifiques pour jeunes chercheur\u00b7euses &nbsp; Listes des manifestations scientifiques ayant eu lieu depuis 2016\u00a0: 2016 2017 2018 2019 2020 2021 2022 2023 2024 &nbsp; &nbsp; Bases de soutien\u00a0: dans le cadre de sa mission de mise en r\u00e9seau des chercheur\u00b7euses et de d\u00e9veloppement du dialogue scientifique franco-allemand, l\u2019Universit\u00e9 franco-allemande (UFA) soutient l\u2019organisation de manifestations [&hellip;]<\/p>\n","protected":false},"author":1,"featured_media":0,"parent":827,"menu_order":49,"comment_status":"closed","ping_status":"closed","template":"","meta":{"_bbp_topic_count":0,"_bbp_reply_count":0,"_bbp_total_topic_count":0,"_bbp_total_reply_count":0,"_bbp_voice_count":0,"_bbp_anonymous_reply_count":0,"_bbp_topic_count_hidden":0,"_bbp_reply_count_hidden":0,"_bbp_forum_subforum_count":0,"inline_featured_image":false},"acf":[],"_links":{"self":[{"href":"https:\/\/www.dfh-ufa.org\/fr\/wp-json\/wp\/v2\/pages\/831"}],"collection":[{"href":"https:\/\/www.dfh-ufa.org\/fr\/wp-json\/wp\/v2\/pages"}],"about":[{"href":"https:\/\/www.dfh-ufa.org\/fr\/wp-json\/wp\/v2\/types\/page"}],"author":[{"embeddable":true,"href":"https:\/\/www.dfh-ufa.org\/fr\/wp-json\/wp\/v2\/users\/1"}],"replies":[{"embeddable":true,"href":"https:\/\/www.dfh-ufa.org\/fr\/wp-json\/wp\/v2\/comments?post=831"}],"version-history":[{"count":119,"href":"https:\/\/www.dfh-ufa.org\/fr\/wp-json\/wp\/v2\/pages\/831\/revisions"}],"predecessor-version":[{"id":1962807,"href":"https:\/\/www.dfh-ufa.org\/fr\/wp-json\/wp\/v2\/pages\/831\/revisions\/1962807"}],"up":[{"embeddable":true,"href":"https:\/\/www.dfh-ufa.org\/fr\/wp-json\/wp\/v2\/pages\/827"}],"wp:attachment":[{"href":"https:\/\/www.dfh-ufa.org\/fr\/wp-json\/wp\/v2\/media?parent=831"}],"curies":[{"name":"wp","href":"https:\/\/api.w.org\/{rel}","templated":true}]}}